{"id":2302,"date":"2023-03-01T19:47:50","date_gmt":"2023-03-01T18:47:50","guid":{"rendered":"https:\/\/e-ucebnice.ff.ucm.sk\/?page_id=2302"},"modified":"2023-03-01T20:20:01","modified_gmt":"2023-03-01T19:20:01","slug":"kapitoly-z-dejin-slovenska-5-1-3","status":"publish","type":"page","link":"https:\/\/e-ucebnice.ff.ucm.sk\/index.php\/kapitoly-z-dejin-slovenska-5-1-3\/","title":{"rendered":"Kapitoly z dej\u00edn Slovenska-5-1-3"},"content":{"rendered":"\t\t<div data-elementor-type=\"wp-page\" data-elementor-id=\"2302\" class=\"elementor elementor-2302\" data-elementor-post-type=\"page\">\n\t\t\t\t\t\t<section class=\"elementor-section elementor-top-section elementor-element elementor-element-1084eb0 elementor-section-height-min-height elementor-section-boxed elementor-section-height-default elementor-section-items-middle\" data-id=\"1084eb0\" data-element_type=\"section\" data-settings=\"{&quot;background_background&quot;:&quot;classic&quot;}\">\n\t\t\t\t\t\t\t<div class=\"elementor-background-overlay\"><\/div>\n\t\t\t\t\t\t\t<div class=\"elementor-container elementor-column-gap-default\">\n\t\t\t\t\t<div class=\"elementor-column elementor-col-100 elementor-top-column elementor-element elementor-element-0443812\" data-id=\"0443812\" data-element_type=\"column\">\n\t\t\t<div class=\"elementor-widget-wrap elementor-element-populated\">\n\t\t\t\t\t\t<div class=\"elementor-element elementor-element-6a5b956 elementor-widget elementor-widget-heading\" data-id=\"6a5b956\" data-element_type=\"widget\" data-widget_type=\"heading.default\">\n\t\t\t\t<div class=\"elementor-widget-container\">\n\t\t\t\t\t<h1 class=\"elementor-heading-title elementor-size-default\">Kapitoly z dej\u00edn Slovenska 1740 \u2013 1945<\/h1>\t\t\t\t<\/div>\n\t\t\t\t<\/div>\n\t\t\t\t\t<\/div>\n\t\t<\/div>\n\t\t\t\t\t<\/div>\n\t\t<\/section>\n\t\t\t\t<section class=\"elementor-section elementor-top-section elementor-element elementor-element-2858d6f elementor-section-boxed elementor-section-height-default elementor-section-height-default\" data-id=\"2858d6f\" data-element_type=\"section\">\n\t\t\t\t\t\t<div class=\"elementor-container elementor-column-gap-default\">\n\t\t\t\t\t<div class=\"elementor-column elementor-col-100 elementor-top-column elementor-element elementor-element-e63bd34\" data-id=\"e63bd34\" data-element_type=\"column\">\n\t\t\t<div class=\"elementor-widget-wrap elementor-element-populated\">\n\t\t\t\t\t\t<section class=\"elementor-section elementor-inner-section elementor-element elementor-element-0b79421 elementor-section-boxed elementor-section-height-default elementor-section-height-default\" data-id=\"0b79421\" data-element_type=\"section\">\n\t\t\t\t\t\t<div class=\"elementor-container elementor-column-gap-default\">\n\t\t\t\t\t<div class=\"elementor-column elementor-col-100 elementor-inner-column elementor-element elementor-element-bb0ded5\" data-id=\"bb0ded5\" data-element_type=\"column\">\n\t\t\t<div class=\"elementor-widget-wrap elementor-element-populated\">\n\t\t\t\t\t\t<div class=\"elementor-element elementor-element-759b076 elementor-widget elementor-widget-heading\" data-id=\"759b076\" data-element_type=\"widget\" data-widget_type=\"heading.default\">\n\t\t\t\t<div class=\"elementor-widget-container\">\n\t\t\t\t\t<h3 class=\"elementor-heading-title elementor-size-default\">\u017diadosti slovensk\u00e9ho n\u00e1roda (10. m\u00e1j 1848)<\/h3>\t\t\t\t<\/div>\n\t\t\t\t<\/div>\n\t\t\t\t<div class=\"elementor-element elementor-element-5aa9d5d elementor-widget elementor-widget-text-editor\" data-id=\"5aa9d5d\" data-element_type=\"widget\" data-widget_type=\"text-editor.default\">\n\t\t\t\t<div class=\"elementor-widget-container\">\n\t\t\t\t\t\t\t\t\t<p style=\"text-align: justify;\">Po nieko\u013ek\u00fdch ne\u00faspe\u0161n\u00fdch region\u00e1lnych vyst\u00fapeniach (<em>Liptovsk\u00e9 \u017eiadosti, Oravsk\u00e9 \u017eiadosti <\/em>\u010di<em> Nitrianske \u017eiadosti<\/em>) sa ved\u00face osobnosti slovensk\u00e9ho n\u00e1rodn\u00e9ho hnutia rozhodli vypracova\u0165 celoslovensk\u00e9 \u017eiadosti. In\u0161pir\u00e1ciu na\u0161li u\u00a0in\u00fdch slovansk\u00fdch n\u00e1rodov, ktor\u00e9 u\u017e mali podobn\u00e9 vyst\u00fapenia \u00faspe\u0161ne za sebou \u2013 Chorv\u00e1tov a\u00a0Srbov.<\/p><p style=\"text-align: justify;\"><em>\u017diadosti slovensk\u00e9ho n\u00e1roda<\/em> (zn\u00e1me aj ako <em>Mikul\u00e1\u0161ske \u017eiadosti<\/em>) predstavovali v 14 bodoch najucelenej\u0161\u00ed slovensk\u00fd politick\u00fd program v\u00a0obdob\u00ed naz\u00fdvanom \u201ejar n\u00e1rodov\u201c, ktor\u00fd mal by\u0165 predlo\u017een\u00fd uhorsk\u00e9mu snemu. Sformulovan\u00e9 a\u00a0prijat\u00e9 boli 10. m\u00e1ja 1848 na stretnut\u00ed, ktor\u00e9 zvolal \u0160tefan Marko Daxner a J\u00e1n Francisci u\u00a0Michala Miloslava Hod\u017eu v Liptovskom Mikul\u00e1\u0161i. Verejnosti mali by\u0165 pod\u013ea p\u00f4vodn\u00e9ho pl\u00e1nu predstaven\u00e9 na ve\u013ekom \u013eudovom zhroma\u017eden\u00ed, nakoniec v\u0161ak bolo zvolen\u00e9 o\u00a0nie\u010do men\u0161ie f\u00f3rum a\u00a0<em>\u017diadosti<\/em> boli vyhl\u00e1sen\u00e9 11. m\u00e1ja 1848 v\u00a0k\u00fape\u013eoch Ondr\u00e1\u0161ov\u00e1. Vypublikovan\u00e9 boli v\u00a0<em>Slovensk\u00fdch n\u00e1rodn\u00fdch novin\u00e1ch <\/em>a\u00a0vydal ich tie\u017e spolok <em>Tatr\u00edn<\/em>, \u010do bola vlastne jeho posledn\u00e1 aktivita pred ukon\u010den\u00edm \u010dinnosti <em>.<\/em><\/p><p style=\"text-align: justify;\">V <em>\u017diadostiach slovensk\u00e9ho n\u00e1roda<\/em> Slov\u00e1ci vyjadrili v\u00f4\u013eu \u017ei\u0165 n\u00e1rodn\u00fdm \u017eivotom a po\u017eadovali okrem in\u00e9ho zast\u00fapenie na krajinskom a\u00a0uhorskom sneme pre v\u0161etky n\u00e1rody a\u00a0mo\u017enos\u0165 pou\u017e\u00edva\u0165 v nich vlastn\u00fd n\u00e1rodn\u00fd jazyk, \u017eiadali vznik n\u00e1rodn\u00fdch snemov a\u00a0vyt\u00fd\u010denie etnick\u00fdch hran\u00edc,\u00a0mo\u017enos\u0165 pou\u017e\u00edva\u0165 slovensk\u00fd jazyk po\u010das rokovan\u00ed v\u00a0slovensk\u00fdch stoliciach a\u00a0obciach, povolenie pou\u017e\u00edva\u0165 slovensk\u00fa n\u00e1rodn\u00fa (\u010derveno-bielu) z\u00e1stavu a\u00a0vymenovanie Slov\u00e1kov za velite\u013eov slovensk\u00fdch n\u00e1rodn\u00fdch g\u00e1rd. Mysleli tie\u017e na podporu vzdel\u00e1vania v\u00a0materinskom jazyku v\u00a0\u0161kol\u00e1ch r\u00f4zneho typu a\u00a0stup\u0148a vzdel\u00e1vania. N\u00e1rodn\u00e9 po\u017eiadavky boli doplnen\u00e9 bodmi odkazuj\u00facimi na d\u00f4slednej\u0161ie dodr\u017eiavanie <em>marcov\u00fdch z\u00e1konov<\/em>, ktor\u00e9 sa malo prejavi\u0165 obmedzen\u00edm vplyvu aristokracie a\u00a0ur\u00fdchlen\u00edm emancip\u00e1cie ni\u017e\u0161\u00edch spolo\u010densk\u00fdch vrstiev ako aj\u00a0utl\u00e1\u010dan\u00fdch n\u00e1rodov. Jednou z\u00a0k\u013e\u00fa\u010dov\u00fdch pas\u00e1\u017ei dokumentu bola t\u00e1, v\u00a0ktorej odmietli ideu jednotn\u00e9ho uhorsk\u00e9ho n\u00e1roda a\u00a0n\u00e1rodn\u00fa nadradenos\u0165 a\u00a0vyhl\u00e1sili sa za samostatn\u00fd n\u00e1rod. N\u00e1rodn\u00e9 pr\u00e1va \u017eiadali aj pre ostatn\u00e9 n\u00e1rody monarchie a\u00a0vyjadrili z\u00e1ujem prebudova\u0165 monarchiu na federat\u00edvny \u0161t\u00e1t. <em>\u017diadosti<\/em> boli nap\u00edsan\u00e9 v\u00a0intenci\u00e1ch moderniz\u00e1cie monarchie, preto nie je prekvapuj\u00face, \u017ee sa v\u00a0nich objavili aj body, ktor\u00e9 poukazovali na zru\u0161enie z\u00e1kazu zhroma\u017e\u010fova\u0165 sa, slobodu tla\u010de, uz\u00e1konenie v\u0161eobecn\u00e9ho volebn\u00e9ho pr\u00e1va pre mu\u017eov \u010di definit\u00edvnu likvid\u00e1ciu feud\u00e1lnych poriadkov.<\/p><p style=\"text-align: justify;\">Aj t\u00e1to peti\u010dn\u00e1 akcia Slov\u00e1kov bola, e\u0161te sk\u00f4r, ako stihli pr\u00eds\u0165 jej z\u00e1stupcovia s\u00a0dokumentom k\u00a0panovn\u00edkovi, uhorskou vl\u00e1dou vyhl\u00e1sen\u00e1 za protiz\u00e1konn\u00fa a\u00a0panslavistick\u00fa. Uhorsk\u00e1 vl\u00e1da odmietala existenciu slovensk\u00e9ho n\u00e1roda a\u00a0po\u017eiadavky s\u00favisiace s\u00a0feud\u00e1lnymi privil\u00e9giami pova\u017eovali za vyrie\u0161en\u00e9 <em>marcov\u00fdmi z\u00e1konmi<\/em>. Vl\u00e1da sa situ\u00e1ciu rozhodla rie\u0161i\u0165 demon\u0161trovan\u00edm svojej sily. Na \u00fazem\u00ed Slovenska vyhl\u00e1sila stann\u00e9 pr\u00e1vo a na \u0160t\u00fara, Hurbana a\u00a0Hod\u017eu bol vydan\u00fd zatyka\u010d. \u010eal\u0161\u00ed \u010dlenovia n\u00e1rodn\u00e9ho hnutia boli uv\u00e4znen\u00ed. Celospolo\u010densky bola posilnen\u00e1 propaganda a boj proti slovensk\u00fdm n\u00e1rodn\u00fdm snah\u00e1m. \u010eal\u0161ia aktivita hnutia sa tak musela presun\u00fa\u0165 do ilegality.<\/p>\t\t\t\t\t\t\t\t<\/div>\n\t\t\t\t<\/div>\n\t\t\t\t\t<\/div>\n\t\t<\/div>\n\t\t\t\t\t<\/div>\n\t\t<\/section>\n\t\t\t\t\t<\/div>\n\t\t<\/div>\n\t\t\t\t\t<\/div>\n\t\t<\/section>\n\t\t\t\t<\/div>\n\t\t","protected":false},"excerpt":{"rendered":"<p>Kapitoly z dej\u00edn Slovenska 1740 \u2013 1945 \u017diadosti slovensk\u00e9ho n\u00e1roda (10. m\u00e1j 1848) Po nieko\u013ek\u00fdch ne\u00faspe\u0161n\u00fdch region\u00e1lnych vyst\u00fapeniach (Liptovsk\u00e9 \u017eiadosti, Oravsk\u00e9 \u017eiadosti \u010di Nitrianske \u017eiadosti) sa ved\u00face osobnosti slovensk\u00e9ho n\u00e1rodn\u00e9ho hnutia rozhodli vypracova\u0165 celoslovensk\u00e9 \u017eiadosti. In\u0161pir\u00e1ciu na\u0161li u\u00a0in\u00fdch slovansk\u00fdch n\u00e1rodov, ktor\u00e9 u\u017e mali podobn\u00e9 vyst\u00fapenia \u00faspe\u0161ne za sebou \u2013 Chorv\u00e1tov a\u00a0Srbov. \u017diadosti slovensk\u00e9ho n\u00e1roda (zn\u00e1me [&hellip;]<\/p>\n","protected":false},"author":3,"featured_media":0,"parent":0,"menu_order":0,"comment_status":"closed","ping_status":"closed","template":"","meta":{"footnotes":""},"class_list":["post-2302","page","type-page","status-publish","hentry"],"_links":{"self":[{"href":"https:\/\/e-ucebnice.ff.ucm.sk\/index.php\/wp-json\/wp\/v2\/pages\/2302","targetHints":{"allow":["GET"]}}],"collection":[{"href":"https:\/\/e-ucebnice.ff.ucm.sk\/index.php\/wp-json\/wp\/v2\/pages"}],"about":[{"href":"https:\/\/e-ucebnice.ff.ucm.sk\/index.php\/wp-json\/wp\/v2\/types\/page"}],"author":[{"embeddable":true,"href":"https:\/\/e-ucebnice.ff.ucm.sk\/index.php\/wp-json\/wp\/v2\/users\/3"}],"replies":[{"embeddable":true,"href":"https:\/\/e-ucebnice.ff.ucm.sk\/index.php\/wp-json\/wp\/v2\/comments?post=2302"}],"version-history":[{"count":4,"href":"https:\/\/e-ucebnice.ff.ucm.sk\/index.php\/wp-json\/wp\/v2\/pages\/2302\/revisions"}],"predecessor-version":[{"id":2341,"href":"https:\/\/e-ucebnice.ff.ucm.sk\/index.php\/wp-json\/wp\/v2\/pages\/2302\/revisions\/2341"}],"wp:attachment":[{"href":"https:\/\/e-ucebnice.ff.ucm.sk\/index.php\/wp-json\/wp\/v2\/media?parent=2302"}],"curies":[{"name":"wp","href":"https:\/\/api.w.org\/{rel}","templated":true}]}}