{"id":2304,"date":"2023-03-01T19:48:20","date_gmt":"2023-03-01T18:48:20","guid":{"rendered":"https:\/\/e-ucebnice.ff.ucm.sk\/?page_id=2304"},"modified":"2023-03-01T20:21:27","modified_gmt":"2023-03-01T19:21:27","slug":"kapitoly-z-dejin-slovenska-5-1-4","status":"publish","type":"page","link":"https:\/\/e-ucebnice.ff.ucm.sk\/index.php\/kapitoly-z-dejin-slovenska-5-1-4\/","title":{"rendered":"Kapitoly z dej\u00edn Slovenska-5-1-4"},"content":{"rendered":"\t\t<div data-elementor-type=\"wp-page\" data-elementor-id=\"2304\" class=\"elementor elementor-2304\" data-elementor-post-type=\"page\">\n\t\t\t\t\t\t<section class=\"elementor-section elementor-top-section elementor-element elementor-element-1084eb0 elementor-section-height-min-height elementor-section-boxed elementor-section-height-default elementor-section-items-middle\" data-id=\"1084eb0\" data-element_type=\"section\" data-settings=\"{&quot;background_background&quot;:&quot;classic&quot;}\">\n\t\t\t\t\t\t\t<div class=\"elementor-background-overlay\"><\/div>\n\t\t\t\t\t\t\t<div class=\"elementor-container elementor-column-gap-default\">\n\t\t\t\t\t<div class=\"elementor-column elementor-col-100 elementor-top-column elementor-element elementor-element-0443812\" data-id=\"0443812\" data-element_type=\"column\">\n\t\t\t<div class=\"elementor-widget-wrap elementor-element-populated\">\n\t\t\t\t\t\t<div class=\"elementor-element elementor-element-6a5b956 elementor-widget elementor-widget-heading\" data-id=\"6a5b956\" data-element_type=\"widget\" data-widget_type=\"heading.default\">\n\t\t\t\t<div class=\"elementor-widget-container\">\n\t\t\t\t\t<h1 class=\"elementor-heading-title elementor-size-default\">Kapitoly z dej\u00edn Slovenska 1740 \u2013 1945<\/h1>\t\t\t\t<\/div>\n\t\t\t\t<\/div>\n\t\t\t\t\t<\/div>\n\t\t<\/div>\n\t\t\t\t\t<\/div>\n\t\t<\/section>\n\t\t\t\t<section class=\"elementor-section elementor-top-section elementor-element elementor-element-2858d6f elementor-section-boxed elementor-section-height-default elementor-section-height-default\" data-id=\"2858d6f\" data-element_type=\"section\">\n\t\t\t\t\t\t<div class=\"elementor-container elementor-column-gap-default\">\n\t\t\t\t\t<div class=\"elementor-column elementor-col-100 elementor-top-column elementor-element elementor-element-e63bd34\" data-id=\"e63bd34\" data-element_type=\"column\">\n\t\t\t<div class=\"elementor-widget-wrap elementor-element-populated\">\n\t\t\t\t\t\t<section class=\"elementor-section elementor-inner-section elementor-element elementor-element-0b79421 elementor-section-boxed elementor-section-height-default elementor-section-height-default\" data-id=\"0b79421\" data-element_type=\"section\">\n\t\t\t\t\t\t<div class=\"elementor-container elementor-column-gap-default\">\n\t\t\t\t\t<div class=\"elementor-column elementor-col-100 elementor-inner-column elementor-element elementor-element-bb0ded5\" data-id=\"bb0ded5\" data-element_type=\"column\">\n\t\t\t<div class=\"elementor-widget-wrap elementor-element-populated\">\n\t\t\t\t\t\t<div class=\"elementor-element elementor-element-759b076 elementor-widget elementor-widget-heading\" data-id=\"759b076\" data-element_type=\"widget\" data-widget_type=\"heading.default\">\n\t\t\t\t<div class=\"elementor-widget-container\">\n\t\t\t\t\t<h3 class=\"elementor-heading-title elementor-size-default\">Marcov\u00fd prosbopis (19. marec 1849)<\/h3>\t\t\t\t<\/div>\n\t\t\t\t<\/div>\n\t\t\t\t<div class=\"elementor-element elementor-element-5aa9d5d elementor-widget elementor-widget-text-editor\" data-id=\"5aa9d5d\" data-element_type=\"widget\" data-widget_type=\"text-editor.default\">\n\t\t\t\t<div class=\"elementor-widget-container\">\n\t\t\t\t\t\t\t\t\t<p style=\"text-align: justify;\">Situ\u00e1cia v\u00a0monarchii sa pre men\u0161ie n\u00e1rody aj napriek ich revolu\u010dn\u00fdm vyst\u00fapeniam vo\u010di ma\u010fariz\u00e1cii a\u00a0celkovo nepriazniv\u00fdm podmienkam nevyv\u00edjala priaznivo. Nepomohla im ani skuto\u010dnos\u0165, \u017ee panovn\u00edk Franti\u0161ek Jozef I. vydal v marci 1848 oktrojovan\u00fa \u00fastavu re\u0161pektuj\u00facu nov\u00e9 slobody \u2013 rovnos\u0165 n\u00e1rodov a\u00a0\u013eud\u00ed pred z\u00e1konom, ob\u010dianske pr\u00e1va \u010di zru\u0161enie poddanstva. \u00dastava vyhl\u00e1sila spolo\u010dn\u00e9 rak\u00faske ob\u010dianstvo, coln\u00e9 a\u00a0obchodn\u00e9 \u00fazemie, pr\u00e1vny poriadok a\u00a0s\u00fadny syst\u00e9m. Predstavovala panovn\u00edkovu snahu vytvori\u0165 jednotn\u00fd \u0161t\u00e1t bez v\u00fdsadn\u00e9ho postavenia Uhorska. Jej v\u00fddobytky v\u0161ak zostali iba na papieri a\u00a0ofici\u00e1lne bola zru\u0161en\u00e1 <em>silvestrovsk\u00fdmi patentmi<\/em> koncom decembra 1851. Krajina bola uvrhnut\u00e1 do obdobia proviz\u00f3ria, po\u010das ktor\u00e9ho sa chopil pr\u00edle\u017eitosti a\u00a0moci Alexander Bach.<\/p><p style=\"text-align: justify;\">Vydanie \u00fastavy d\u00e1valo predstavite\u013eom slovensk\u00e9ho n\u00e1rodn\u00e9ho hnutia zoskupen\u00fdm okolo \u013dudov\u00edta \u0160t\u00fara a\u00a0Jozefa Miloslava Hurbana sign\u00e1l, \u017ee by po\u017eiadavky Slov\u00e1kov mohli by\u0165 kone\u010dne vypo\u010dut\u00e9. V\u00a0priebehu febru\u00e1ra a\u00a0marca 1849 preto zmobilizovali svoje sily a\u00a0pripravili \u010fal\u0161\u00ed dokument, v\u00a0ktorom ich sp\u00edsali.<\/p><p style=\"text-align: justify;\"><em>Marcov\u00fd prosbopis<\/em> pozost\u00e1val z\u00a0piatich bodov, v\u00a0ktor\u00fdch panovn\u00edka \u017eiadali o\u00a0uznanie Slov\u00e1kov za n\u00e1rod a\u00a0z\u00e1rove\u0148 o\u00a0priznanie jeho rovnopr\u00e1vnosti s\u00a0ostatn\u00fdmi n\u00e1rodmi monarchie. \u010ealej \u017eiadali, aby mali Slov\u00e1ci zriaden\u00e9 tak\u00e9 \u00farady a\u00a0in\u0161tit\u00facie, ktor\u00e9 by ich pevne spojili s\u00a0rak\u00faskymi krajinami (krajinsk\u00fd snem a\u00a0vlastn\u00e1 spr\u00e1va) a\u00a0vymanili by sa tak spod vplyvu Uhorska. Nasledovali po\u017eiadavky t\u00fdkaj\u00face sa nahradenia ma\u010far\u010diny v\u00a0\u00faradoch sloven\u010dinou (s\u00a0\u010d\u00edm s\u00faviselo aj odvolanie ma\u010farsk\u00fdch \u00faradn\u00edkov), zriadenia najvy\u0161\u0161ieho krajinsk\u00e9ho s\u00fadu, ktor\u00fd by bol podriaden\u00fd priamo \u00fastrednej vl\u00e1de, a\u00a0tie\u017e uskuto\u010dnenia kon\u0161titu\u010dn\u00e9ho a\u00a0n\u00e1rodn\u00e9ho Slovenska, ktor\u00e9mu by bol priznan\u00fd auton\u00f3mny \u00fatvar v\u00a0podobe slovensk\u00e9ho knie\u017eatstva. V\u00a0p\u00f4vodnom texte <em>Prosbopisu<\/em> \u017eiadali predstavitelia slovensk\u00e9ho n\u00e1rodn\u00e9ho hnutia zriadenie slovenskej korunnej krajiny \u2013 <em>Slovensk\u00e9ho ve\u013ekoknie\u017eatstva<\/em>, ale po vydan\u00ed oktrojovanej \u00fastavy t\u00fato po\u017eiadavku vy\u0161krtli. Z\u00a0uveden\u00e9ho vypl\u00fdva, \u017ee dokument bol nap\u00edsan\u00fd v\u00a0intenci\u00e1ch princ\u00edpov austroslavizmu, ktor\u00fd predstavuje koncepciu zbl\u00ed\u017eenia Slovanov v r\u00e1mci Rak\u00faskeho cis\u00e1rstva.<\/p><p style=\"text-align: justify;\">Program Slov\u00e1kov obsiahnut\u00fd v\u00a0<em>Marcovom prosbopise<\/em> bol presadzovan\u00fd popredn\u00fdmi slovensk\u00fdmi politikmi a slovensk\u00fdmi vl\u00e1dnymi d\u00f4vern\u00edkmi v\u00a0priebehu cel\u00e9ho roku 1849. Podporilo ho tie\u017e peti\u010dn\u00e9 hnutie organizovan\u00e9 na jese\u0148 toho roku. Vl\u00e1da v\u0161ak federaliz\u00e1ciu monarchie odkladala a\u00a0nakoniec ju na jese\u0148 1849 \u00faplne zavrhla.<\/p>\t\t\t\t\t\t\t\t<\/div>\n\t\t\t\t<\/div>\n\t\t\t\t\t<\/div>\n\t\t<\/div>\n\t\t\t\t\t<\/div>\n\t\t<\/section>\n\t\t\t\t\t<\/div>\n\t\t<\/div>\n\t\t\t\t\t<\/div>\n\t\t<\/section>\n\t\t\t\t<\/div>\n\t\t","protected":false},"excerpt":{"rendered":"<p>Kapitoly z dej\u00edn Slovenska 1740 \u2013 1945 Marcov\u00fd prosbopis (19. marec 1849) Situ\u00e1cia v\u00a0monarchii sa pre men\u0161ie n\u00e1rody aj napriek ich revolu\u010dn\u00fdm vyst\u00fapeniam vo\u010di ma\u010fariz\u00e1cii a\u00a0celkovo nepriazniv\u00fdm podmienkam nevyv\u00edjala priaznivo. Nepomohla im ani skuto\u010dnos\u0165, \u017ee panovn\u00edk Franti\u0161ek Jozef I. vydal v marci 1848 oktrojovan\u00fa \u00fastavu re\u0161pektuj\u00facu nov\u00e9 slobody \u2013 rovnos\u0165 n\u00e1rodov a\u00a0\u013eud\u00ed pred z\u00e1konom, ob\u010dianske [&hellip;]<\/p>\n","protected":false},"author":3,"featured_media":0,"parent":0,"menu_order":0,"comment_status":"closed","ping_status":"closed","template":"","meta":{"footnotes":""},"class_list":["post-2304","page","type-page","status-publish","hentry"],"_links":{"self":[{"href":"https:\/\/e-ucebnice.ff.ucm.sk\/index.php\/wp-json\/wp\/v2\/pages\/2304","targetHints":{"allow":["GET"]}}],"collection":[{"href":"https:\/\/e-ucebnice.ff.ucm.sk\/index.php\/wp-json\/wp\/v2\/pages"}],"about":[{"href":"https:\/\/e-ucebnice.ff.ucm.sk\/index.php\/wp-json\/wp\/v2\/types\/page"}],"author":[{"embeddable":true,"href":"https:\/\/e-ucebnice.ff.ucm.sk\/index.php\/wp-json\/wp\/v2\/users\/3"}],"replies":[{"embeddable":true,"href":"https:\/\/e-ucebnice.ff.ucm.sk\/index.php\/wp-json\/wp\/v2\/comments?post=2304"}],"version-history":[{"count":4,"href":"https:\/\/e-ucebnice.ff.ucm.sk\/index.php\/wp-json\/wp\/v2\/pages\/2304\/revisions"}],"predecessor-version":[{"id":2344,"href":"https:\/\/e-ucebnice.ff.ucm.sk\/index.php\/wp-json\/wp\/v2\/pages\/2304\/revisions\/2344"}],"wp:attachment":[{"href":"https:\/\/e-ucebnice.ff.ucm.sk\/index.php\/wp-json\/wp\/v2\/media?parent=2304"}],"curies":[{"name":"wp","href":"https:\/\/api.w.org\/{rel}","templated":true}]}}