{"id":2308,"date":"2023-03-01T19:49:14","date_gmt":"2023-03-01T18:49:14","guid":{"rendered":"https:\/\/e-ucebnice.ff.ucm.sk\/?page_id=2308"},"modified":"2023-05-05T13:58:27","modified_gmt":"2023-05-05T11:58:27","slug":"kapitoly-z-dejin-slovenska-5-1-6","status":"publish","type":"page","link":"https:\/\/e-ucebnice.ff.ucm.sk\/index.php\/kapitoly-z-dejin-slovenska-5-1-6\/","title":{"rendered":"Kapitoly z dej\u00edn Slovenska-5-1-6"},"content":{"rendered":"\t\t<div data-elementor-type=\"wp-page\" data-elementor-id=\"2308\" class=\"elementor elementor-2308\" data-elementor-post-type=\"page\">\n\t\t\t\t\t\t<section class=\"elementor-section elementor-top-section elementor-element elementor-element-1084eb0 elementor-section-height-min-height elementor-section-boxed elementor-section-height-default elementor-section-items-middle\" data-id=\"1084eb0\" data-element_type=\"section\" data-settings=\"{&quot;background_background&quot;:&quot;classic&quot;}\">\n\t\t\t\t\t\t\t<div class=\"elementor-background-overlay\"><\/div>\n\t\t\t\t\t\t\t<div class=\"elementor-container elementor-column-gap-default\">\n\t\t\t\t\t<div class=\"elementor-column elementor-col-100 elementor-top-column elementor-element elementor-element-0443812\" data-id=\"0443812\" data-element_type=\"column\">\n\t\t\t<div class=\"elementor-widget-wrap elementor-element-populated\">\n\t\t\t\t\t\t<div class=\"elementor-element elementor-element-6a5b956 elementor-widget elementor-widget-heading\" data-id=\"6a5b956\" data-element_type=\"widget\" data-widget_type=\"heading.default\">\n\t\t\t\t<div class=\"elementor-widget-container\">\n\t\t\t\t\t<h1 class=\"elementor-heading-title elementor-size-default\">Kapitoly z dej\u00edn Slovenska 1740 \u2013 1945<\/h1>\t\t\t\t<\/div>\n\t\t\t\t<\/div>\n\t\t\t\t\t<\/div>\n\t\t<\/div>\n\t\t\t\t\t<\/div>\n\t\t<\/section>\n\t\t\t\t<section class=\"elementor-section elementor-top-section elementor-element elementor-element-2858d6f elementor-section-boxed elementor-section-height-default elementor-section-height-default\" data-id=\"2858d6f\" data-element_type=\"section\">\n\t\t\t\t\t\t<div class=\"elementor-container elementor-column-gap-default\">\n\t\t\t\t\t<div class=\"elementor-column elementor-col-100 elementor-top-column elementor-element elementor-element-e63bd34\" data-id=\"e63bd34\" data-element_type=\"column\">\n\t\t\t<div class=\"elementor-widget-wrap elementor-element-populated\">\n\t\t\t\t\t\t<section class=\"elementor-section elementor-inner-section elementor-element elementor-element-0b79421 elementor-section-boxed elementor-section-height-default elementor-section-height-default\" data-id=\"0b79421\" data-element_type=\"section\">\n\t\t\t\t\t\t<div class=\"elementor-container elementor-column-gap-default\">\n\t\t\t\t\t<div class=\"elementor-column elementor-col-100 elementor-inner-column elementor-element elementor-element-bb0ded5\" data-id=\"bb0ded5\" data-element_type=\"column\">\n\t\t\t<div class=\"elementor-widget-wrap elementor-element-populated\">\n\t\t\t\t\t\t<div class=\"elementor-element elementor-element-759b076 elementor-widget elementor-widget-heading\" data-id=\"759b076\" data-element_type=\"widget\" data-widget_type=\"heading.default\">\n\t\t\t\t<div class=\"elementor-widget-container\">\n\t\t\t\t\t<h3 class=\"elementor-heading-title elementor-size-default\">Viedensk\u00e9 memorandum (12. december 1861)<\/h3>\t\t\t\t<\/div>\n\t\t\t\t<\/div>\n\t\t\t\t<div class=\"elementor-element elementor-element-5aa9d5d elementor-widget elementor-widget-text-editor\" data-id=\"5aa9d5d\" data-element_type=\"widget\" data-widget_type=\"text-editor.default\">\n\t\t\t\t<div class=\"elementor-widget-container\">\n\t\t\t\t\t\t\t\t\t<p style=\"text-align: justify;\"><em>Viedensk\u00e9 memorandum<\/em> predstavuje programov\u00fd dokument slovensk\u00e9ho n\u00e1rodn\u00e9ho hnutia, ktor\u00fd obsahovo dop\u013a\u0148a a&nbsp;konkretizuje <em>Memorandum n\u00e1roda slovensk\u00e9ho <\/em>z&nbsp;j\u00fana 1861. Bolo sformulovan\u00e9 v&nbsp;obdob\u00ed \u010fal\u0161ieho proviz\u00f3ria, ktor\u00e9 bolo vyhl\u00e1sen\u00e9 v&nbsp;d\u00f4sledku rozpustenia uhorsk\u00e9ho snemu 22. j\u00fana 1861. Slovensk\u00ed politici, \u010dlenovia St\u00e1leho n\u00e1rodn\u00e9ho v\u00fdboru, tak mali mo\u017enos\u0165 obr\u00e1ti\u0165 sa s&nbsp;po\u017eiadavkami priamo na panovn\u00edka. <em>Memorandum<\/em> mu predlo\u017eila osem\u010dlenn\u00e1 deleg\u00e1cia veden\u00e1 \u0160tefanom Moyzesom 12. decembra 1861.<\/p>\n<p style=\"text-align: justify;\"><em>Memorandum<\/em> pozost\u00e1valo z&nbsp;dvoch \u010dast\u00ed \u2013 prvou bol upraven\u00fd text <em>Memoranda n\u00e1roda slovensk\u00e9ho<\/em>, druhou <em>N\u00e1vrh na privilegi\u00e1lnu listinu za zriadenie Hornouhorsk\u00e9ho slovensk\u00e9ho Okolia<\/em>. Dokumenty pribli\u017eovali v\u00fdvin n\u00e1rodn\u00e9ho hnutia Slov\u00e1kov, v\u0161etky prosbopisn\u00e9 akcie adresovan\u00e9 panovn\u00edkovi a, samozrejme,&nbsp;predostrovalo staronov\u00e9 po\u017eiadavky \u2013 uznanie Slov\u00e1kov za n\u00e1rod, uznanie sloven\u010diny za rokovac\u00ed jazyk na uhorskom sneme, a&nbsp;u\u017e spom\u00ednan\u00e9 vymedzenie <em>Okolia<\/em> (di\u0161triktu) ako formy n\u00e1rodno-\u00fazemnej samospr\u00e1vy Slov\u00e1kov; i\u0161lo teda o&nbsp;priznanie auton\u00f3mie. S\u00fa\u010das\u0165ou <em>Memoranda<\/em> bola aj \u017eiados\u0165 o&nbsp;ochranu pred ma\u010fariz\u00e1ciou v&nbsp;\u0161kol\u00e1ch a&nbsp;\u00faradoch.<\/p>\n<p style=\"text-align: justify;\">Slovensk\u00e9 <em>Okolie<\/em> malo pozost\u00e1va\u0165 z piatich \u010disto slovensk\u00fdch \u017e\u00fap a&nbsp;dev\u00e4\u0165 \u017e\u00fap ob\u00fdvan\u00fdch Slov\u00e1kmi a&nbsp;Ma\u010farmi malo by\u0165 rozdelen\u00fdch pod\u013ea rozhodnutia na to ur\u010denej komisie. N\u00e1sledne malo by\u0165 \u00fazemie rozdelen\u00e9 na 16 okresov, na ktor\u00fdch \u010dele mal st\u00e1\u0165 n\u00e1\u010deln\u00edk vymenovan\u00fd panovn\u00edkom. Najvy\u0161\u0161\u00edm org\u00e1nom <em>Okolia<\/em> mal by\u0165 krajinsk\u00fd snem a&nbsp;centrom sa mala sta\u0165 Bansk\u00e1 Bystrica. Auton\u00f3mia Slov\u00e1kov sa mala prejavi\u0165 v&nbsp;\u0161kolstve, kult\u00fare, s\u00fadnictve, administrat\u00edve, jazyku i&nbsp;v&nbsp;niektor\u00fdch hospod\u00e1rskych a&nbsp;da\u0148ov\u00fdch ot\u00e1zkach.<\/p>\n<p style=\"text-align: justify;\">Panovn\u00edk odovzdal <em>Memorandum<\/em> uhorskej dvorskej kancel\u00e1rii a&nbsp;miestodr\u017eite\u013eskej rade, ktor\u00e9 sa n\u00edm mali zaobera\u0165 a&nbsp;rozhodn\u00fa\u0165 o&nbsp;\u0148om. Pod vplyvom ma\u010farskej opoz\u00edcie bol aj tento pokus Slov\u00e1kov za&nbsp;vybojovanie si n\u00e1rodn\u00fdch pr\u00e1v zamietnut\u00fd. Museli sa uspokoji\u0165 s&nbsp;pr\u00eds\u013eubom, \u017ee pri pr\u00edprave n\u00e1rodnostn\u00e9ho z\u00e1kona z&nbsp;neho bud\u00fa \u010derpa\u0165 podnety. Faktom v\u0161ak je, \u017ee k tomuto nikdy nedo\u0161lo. Namiesto toho sa Slov\u00e1ci do\u010dkali rak\u00fasko-uhorsk\u00e9ho vyrovnania (1867), ktor\u00e9 ich na nasleduj\u00face roky uvrhlo pod ma\u010farsk\u00fa nadvl\u00e1du, z&nbsp;ktorej sa im podarilo vymani\u0165 a\u017e po prvej svetovej vojne, ke\u010f vznikla prv\u00e1 \u010ceskoslovensk\u00e1 republika (28. okt\u00f3bra 1918).<\/p>\t\t\t\t\t\t\t\t<\/div>\n\t\t\t\t<\/div>\n\t\t\t\t\t<\/div>\n\t\t<\/div>\n\t\t\t\t\t<\/div>\n\t\t<\/section>\n\t\t\t\t\t<\/div>\n\t\t<\/div>\n\t\t\t\t\t<\/div>\n\t\t<\/section>\n\t\t\t\t<\/div>\n\t\t","protected":false},"excerpt":{"rendered":"<p>Kapitoly z dej\u00edn Slovenska 1740 \u2013 1945 Viedensk\u00e9 memorandum (12. december 1861) Viedensk\u00e9 memorandum predstavuje programov\u00fd dokument slovensk\u00e9ho n\u00e1rodn\u00e9ho hnutia, ktor\u00fd obsahovo dop\u013a\u0148a a&nbsp;konkretizuje Memorandum n\u00e1roda slovensk\u00e9ho z&nbsp;j\u00fana 1861. Bolo sformulovan\u00e9 v&nbsp;obdob\u00ed \u010fal\u0161ieho proviz\u00f3ria, ktor\u00e9 bolo vyhl\u00e1sen\u00e9 v&nbsp;d\u00f4sledku rozpustenia uhorsk\u00e9ho snemu 22. j\u00fana 1861. Slovensk\u00ed politici, \u010dlenovia St\u00e1leho n\u00e1rodn\u00e9ho v\u00fdboru, tak mali mo\u017enos\u0165 obr\u00e1ti\u0165 sa [&hellip;]<\/p>\n","protected":false},"author":3,"featured_media":0,"parent":0,"menu_order":0,"comment_status":"closed","ping_status":"closed","template":"","meta":{"footnotes":""},"class_list":["post-2308","page","type-page","status-publish","hentry"],"_links":{"self":[{"href":"https:\/\/e-ucebnice.ff.ucm.sk\/index.php\/wp-json\/wp\/v2\/pages\/2308","targetHints":{"allow":["GET"]}}],"collection":[{"href":"https:\/\/e-ucebnice.ff.ucm.sk\/index.php\/wp-json\/wp\/v2\/pages"}],"about":[{"href":"https:\/\/e-ucebnice.ff.ucm.sk\/index.php\/wp-json\/wp\/v2\/types\/page"}],"author":[{"embeddable":true,"href":"https:\/\/e-ucebnice.ff.ucm.sk\/index.php\/wp-json\/wp\/v2\/users\/3"}],"replies":[{"embeddable":true,"href":"https:\/\/e-ucebnice.ff.ucm.sk\/index.php\/wp-json\/wp\/v2\/comments?post=2308"}],"version-history":[{"count":7,"href":"https:\/\/e-ucebnice.ff.ucm.sk\/index.php\/wp-json\/wp\/v2\/pages\/2308\/revisions"}],"predecessor-version":[{"id":7261,"href":"https:\/\/e-ucebnice.ff.ucm.sk\/index.php\/wp-json\/wp\/v2\/pages\/2308\/revisions\/7261"}],"wp:attachment":[{"href":"https:\/\/e-ucebnice.ff.ucm.sk\/index.php\/wp-json\/wp\/v2\/media?parent=2308"}],"curies":[{"name":"wp","href":"https:\/\/api.w.org\/{rel}","templated":true}]}}