{"id":2314,"date":"2023-03-01T19:50:56","date_gmt":"2023-03-01T18:50:56","guid":{"rendered":"https:\/\/e-ucebnice.ff.ucm.sk\/?page_id=2314"},"modified":"2023-05-05T13:20:42","modified_gmt":"2023-05-05T11:20:42","slug":"kapitoly-z-dejin-slovenska-5-4","status":"publish","type":"page","link":"https:\/\/e-ucebnice.ff.ucm.sk\/index.php\/kapitoly-z-dejin-slovenska-5-4\/","title":{"rendered":"Kapitoly z dej\u00edn Slovenska-5-4"},"content":{"rendered":"\t\t<div data-elementor-type=\"wp-page\" data-elementor-id=\"2314\" class=\"elementor elementor-2314\" data-elementor-post-type=\"page\">\n\t\t\t\t\t\t<section class=\"elementor-section elementor-top-section elementor-element elementor-element-1084eb0 elementor-section-height-min-height elementor-section-boxed elementor-section-height-default elementor-section-items-middle\" data-id=\"1084eb0\" data-element_type=\"section\" data-settings=\"{&quot;background_background&quot;:&quot;classic&quot;}\">\n\t\t\t\t\t\t\t<div class=\"elementor-background-overlay\"><\/div>\n\t\t\t\t\t\t\t<div class=\"elementor-container elementor-column-gap-default\">\n\t\t\t\t\t<div class=\"elementor-column elementor-col-100 elementor-top-column elementor-element elementor-element-0443812\" data-id=\"0443812\" data-element_type=\"column\">\n\t\t\t<div class=\"elementor-widget-wrap elementor-element-populated\">\n\t\t\t\t\t\t<div class=\"elementor-element elementor-element-6a5b956 elementor-widget elementor-widget-heading\" data-id=\"6a5b956\" data-element_type=\"widget\" data-widget_type=\"heading.default\">\n\t\t\t\t<div class=\"elementor-widget-container\">\n\t\t\t\t\t<h1 class=\"elementor-heading-title elementor-size-default\">Kapitoly z dej\u00edn Slovenska 1740 \u2013 1945<\/h1>\t\t\t\t<\/div>\n\t\t\t\t<\/div>\n\t\t\t\t\t<\/div>\n\t\t<\/div>\n\t\t\t\t\t<\/div>\n\t\t<\/section>\n\t\t\t\t<section class=\"elementor-section elementor-top-section elementor-element elementor-element-2858d6f elementor-section-boxed elementor-section-height-default elementor-section-height-default\" data-id=\"2858d6f\" data-element_type=\"section\">\n\t\t\t\t\t\t<div class=\"elementor-container elementor-column-gap-default\">\n\t\t\t\t\t<div class=\"elementor-column elementor-col-100 elementor-top-column elementor-element elementor-element-e63bd34\" data-id=\"e63bd34\" data-element_type=\"column\">\n\t\t\t<div class=\"elementor-widget-wrap elementor-element-populated\">\n\t\t\t\t\t\t<section class=\"elementor-section elementor-inner-section elementor-element elementor-element-0b79421 elementor-section-boxed elementor-section-height-default elementor-section-height-default\" data-id=\"0b79421\" data-element_type=\"section\">\n\t\t\t\t\t\t<div class=\"elementor-container elementor-column-gap-default\">\n\t\t\t\t\t<div class=\"elementor-column elementor-col-100 elementor-inner-column elementor-element elementor-element-bb0ded5\" data-id=\"bb0ded5\" data-element_type=\"column\">\n\t\t\t<div class=\"elementor-widget-wrap elementor-element-populated\">\n\t\t\t\t\t\t<div class=\"elementor-element elementor-element-759b076 elementor-widget elementor-widget-heading\" data-id=\"759b076\" data-element_type=\"widget\" data-widget_type=\"heading.default\">\n\t\t\t\t<div class=\"elementor-widget-container\">\n\t\t\t\t\t<h3 class=\"elementor-heading-title elementor-size-default\">Dopl\u0148uj\u00faca literat\u00fara:<\/h3>\t\t\t\t<\/div>\n\t\t\t\t<\/div>\n\t\t\t\t<div class=\"elementor-element elementor-element-5aa9d5d elementor-widget elementor-widget-text-editor\" data-id=\"5aa9d5d\" data-element_type=\"widget\" data-widget_type=\"text-editor.default\">\n\t\t\t\t<div class=\"elementor-widget-container\">\n\t\t\t\t\t\t\t\t\t<ol>\n \t<li>\u010cAPLOVI\u010c, Du\u0161an a kol. <em>Dokumenty slovenskej n\u00e1rodnej identity a\u00a0\u0161t\u00e1tnosti I. <\/em>Bratislava: N\u00e1rodn\u00e9 liter\u00e1rne centrum, 1998, 513 s. \u2013 Pr\u00e1ca od kolekt\u00edvu autorov z\u00a0radov popredn\u00fdch slovensk\u00fdch historikov obsahuje pramene k\u00a0dejin\u00e1m Slovenska a\u00a0Slov\u00e1kov od polovice 6. storo\u010dia do roku 1918, ktor\u00e9 s\u00fa vhodn\u00e9 na analytick\u00fa pr\u00e1cu s\u00a0historick\u00fdmi prame\u0148mi. Na t\u00fato pr\u00e1cu nadviazali autori druh\u00fdm dielom <em>Dokumentov slovenskej n\u00e1rodnej identity a\u00a0\u0161t\u00e1tnosti II<\/em>, ktor\u00fd obsahuje pramene od roku 1918 do roku 1993.<\/li>\n<li>KONYA, Peter a\u00a0kol. <em>Dejiny Uhorska 1000 \u2013 1918. <\/em>Bratislava: Citadella, 2014, 786 s. \u2013\u00a0Odborn\u00e1 pr\u00e1ca od kolekt\u00edvu autorov z\u00a0radov popredn\u00fdch slovensk\u00fdch historikov prezentuje dejiny Uhorska v\u00a0rozmedz\u00ed viac ako tis\u00edcro\u010dia. Najm\u00e4 \u0161tvrt\u00e1 kapitola poskytuje celkov\u00fd historick\u00fd kontext k\u00a0vybran\u00fdm dokumentom prezentovan\u00fdm v\u00a0predkladanej u\u010debnici.<\/li><\/ol>\t\t\t\t\t\t\t\t<\/div>\n\t\t\t\t<\/div>\n\t\t\t\t\t<\/div>\n\t\t<\/div>\n\t\t\t\t\t<\/div>\n\t\t<\/section>\n\t\t\t\t\t<\/div>\n\t\t<\/div>\n\t\t\t\t\t<\/div>\n\t\t<\/section>\n\t\t\t\t<\/div>\n\t\t","protected":false},"excerpt":{"rendered":"<p>Kapitoly z dej\u00edn Slovenska 1740 \u2013 1945 Dopl\u0148uj\u00faca literat\u00fara: \u010cAPLOVI\u010c, Du\u0161an a kol. Dokumenty slovenskej n\u00e1rodnej identity a\u00a0\u0161t\u00e1tnosti I. Bratislava: N\u00e1rodn\u00e9 liter\u00e1rne centrum, 1998, 513 s. \u2013 Pr\u00e1ca od kolekt\u00edvu autorov z\u00a0radov popredn\u00fdch slovensk\u00fdch historikov obsahuje pramene k\u00a0dejin\u00e1m Slovenska a\u00a0Slov\u00e1kov od polovice 6. storo\u010dia do roku 1918, ktor\u00e9 s\u00fa vhodn\u00e9 na analytick\u00fa pr\u00e1cu s\u00a0historick\u00fdmi prame\u0148mi. [&hellip;]<\/p>\n","protected":false},"author":3,"featured_media":0,"parent":0,"menu_order":0,"comment_status":"closed","ping_status":"closed","template":"","meta":{"footnotes":""},"class_list":["post-2314","page","type-page","status-publish","hentry"],"_links":{"self":[{"href":"https:\/\/e-ucebnice.ff.ucm.sk\/index.php\/wp-json\/wp\/v2\/pages\/2314","targetHints":{"allow":["GET"]}}],"collection":[{"href":"https:\/\/e-ucebnice.ff.ucm.sk\/index.php\/wp-json\/wp\/v2\/pages"}],"about":[{"href":"https:\/\/e-ucebnice.ff.ucm.sk\/index.php\/wp-json\/wp\/v2\/types\/page"}],"author":[{"embeddable":true,"href":"https:\/\/e-ucebnice.ff.ucm.sk\/index.php\/wp-json\/wp\/v2\/users\/3"}],"replies":[{"embeddable":true,"href":"https:\/\/e-ucebnice.ff.ucm.sk\/index.php\/wp-json\/wp\/v2\/comments?post=2314"}],"version-history":[{"count":7,"href":"https:\/\/e-ucebnice.ff.ucm.sk\/index.php\/wp-json\/wp\/v2\/pages\/2314\/revisions"}],"predecessor-version":[{"id":7213,"href":"https:\/\/e-ucebnice.ff.ucm.sk\/index.php\/wp-json\/wp\/v2\/pages\/2314\/revisions\/7213"}],"wp:attachment":[{"href":"https:\/\/e-ucebnice.ff.ucm.sk\/index.php\/wp-json\/wp\/v2\/media?parent=2314"}],"curies":[{"name":"wp","href":"https:\/\/api.w.org\/{rel}","templated":true}]}}