{"id":2364,"date":"2023-03-02T07:27:32","date_gmt":"2023-03-02T06:27:32","guid":{"rendered":"https:\/\/e-ucebnice.ff.ucm.sk\/?page_id=2364"},"modified":"2023-03-02T09:37:23","modified_gmt":"2023-03-02T08:37:23","slug":"kapitoly-z-dejin-slovenska-6-3","status":"publish","type":"page","link":"https:\/\/e-ucebnice.ff.ucm.sk\/index.php\/kapitoly-z-dejin-slovenska-6-3\/","title":{"rendered":"Kapitoly z dej\u00edn Slovenska-6-3"},"content":{"rendered":"\t\t<div data-elementor-type=\"wp-page\" data-elementor-id=\"2364\" class=\"elementor elementor-2364\" data-elementor-post-type=\"page\">\n\t\t\t\t\t\t<section class=\"elementor-section elementor-top-section elementor-element elementor-element-943641b elementor-section-height-min-height elementor-section-boxed elementor-section-height-default elementor-section-items-middle\" data-id=\"943641b\" data-element_type=\"section\" data-settings=\"{&quot;background_background&quot;:&quot;classic&quot;}\">\n\t\t\t\t\t\t\t<div class=\"elementor-background-overlay\"><\/div>\n\t\t\t\t\t\t\t<div class=\"elementor-container elementor-column-gap-default\">\n\t\t\t\t\t<div class=\"elementor-column elementor-col-100 elementor-top-column elementor-element elementor-element-e795b95\" data-id=\"e795b95\" data-element_type=\"column\">\n\t\t\t<div class=\"elementor-widget-wrap elementor-element-populated\">\n\t\t\t\t\t\t<div class=\"elementor-element elementor-element-7671a34 elementor-widget elementor-widget-heading\" data-id=\"7671a34\" data-element_type=\"widget\" data-widget_type=\"heading.default\">\n\t\t\t\t<div class=\"elementor-widget-container\">\n\t\t\t\t\t<h1 class=\"elementor-heading-title elementor-size-default\">Kapitoly z dej\u00edn Slovenska 1740 \u2013 1945<\/h1>\t\t\t\t<\/div>\n\t\t\t\t<\/div>\n\t\t\t\t\t<\/div>\n\t\t<\/div>\n\t\t\t\t\t<\/div>\n\t\t<\/section>\n\t\t\t\t<section class=\"elementor-section elementor-top-section elementor-element elementor-element-2858d6f elementor-section-boxed elementor-section-height-default elementor-section-height-default\" data-id=\"2858d6f\" data-element_type=\"section\">\n\t\t\t\t\t\t<div class=\"elementor-container elementor-column-gap-default\">\n\t\t\t\t\t<div class=\"elementor-column elementor-col-100 elementor-top-column elementor-element elementor-element-e63bd34\" data-id=\"e63bd34\" data-element_type=\"column\">\n\t\t\t<div class=\"elementor-widget-wrap elementor-element-populated\">\n\t\t\t\t\t\t<section class=\"elementor-section elementor-inner-section elementor-element elementor-element-0b79421 elementor-section-boxed elementor-section-height-default elementor-section-height-default\" data-id=\"0b79421\" data-element_type=\"section\">\n\t\t\t\t\t\t<div class=\"elementor-container elementor-column-gap-default\">\n\t\t\t\t\t<div class=\"elementor-column elementor-col-100 elementor-inner-column elementor-element elementor-element-bb0ded5\" data-id=\"bb0ded5\" data-element_type=\"column\">\n\t\t\t<div class=\"elementor-widget-wrap elementor-element-populated\">\n\t\t\t\t\t\t<div class=\"elementor-element elementor-element-759b076 elementor-widget elementor-widget-heading\" data-id=\"759b076\" data-element_type=\"widget\" data-widget_type=\"heading.default\">\n\t\t\t\t<div class=\"elementor-widget-container\">\n\t\t\t\t\t<h3 class=\"elementor-heading-title elementor-size-default\">Slovensk\u00e9 spolky v Amerike<\/h3>\t\t\t\t<\/div>\n\t\t\t\t<\/div>\n\t\t\t\t<div class=\"elementor-element elementor-element-5aa9d5d elementor-widget elementor-widget-text-editor\" data-id=\"5aa9d5d\" data-element_type=\"widget\" data-widget_type=\"text-editor.default\">\n\t\t\t\t<div class=\"elementor-widget-container\">\n\t\t\t\t\t\t\t\t\t<p style=\"text-align: justify;\">Najm\u00e4 nepriazniv\u00e9 udalosti t\u00fdkaj\u00face sa pracovn\u00fdch \u00farazov, trag\u00e9di\u00ed \u010di nespravodlivo obvinen\u00fdch a\u00a0ods\u00faden\u00fdch prim\u00e4li Slov\u00e1kov v\u00a0Amerike k\u00a0tomu, aby sa za\u010dali zdru\u017eova\u0165 do organiz\u00e1ci\u00ed a\u00a0spolkov. Spo\u010diatku za\u010dali zaklada\u0165 men\u0161ie pom\u00e1haj\u00face spolky \u2013 \u00faplne prv\u00fdm bol <em>Per\u0161\u00ed Uherszko-Szlovenszki v\u00a0nyemoczi podporujuci Szpolek<\/em> v\u00a0New Yorku (1883). Za n\u00edm nasledovali u\u017e v\u00a0pomerne r\u00fdchlom slede \u010fal\u0161ie, napr\u00edklad <em>Cirkevn\u00fd, v\u00a0nemoci podporuj\u00faci spolok sv. \u0160tefana kr\u00e1\u013ea <\/em>v Hazeltone (1884), <em>Slovensk\u00fd r\u00edmsko katol\u00edcky podporuj\u00faci spolok sv. \u0160tefana <\/em>v\u00a0Clevelande (1885) \u010di <em>Spolok sv. Cyrila a\u00a0Metoda<\/em> v\u00a0Minneapolis (1888) a\u00a0i. Podobou spolkov sa ich zakladatelia in\u0161pirovali v\u00a0novej vlasti, doma toti\u017e tak\u00e9to spolky nepoznali, nepotrebovali, ani nevyh\u013ead\u00e1vali.<\/p><p style=\"text-align: justify;\">V roku 1888, ke\u010f pricestoval do Ameriky Peter V\u00ed\u0165azoslav Rovnianek, za\u010dal sa intenz\u00edvne zauj\u00edma\u0165 o\u00a0propagovanie a vybudovanie v\u00e4\u010d\u0161ieho spolku, ktor\u00fd by bol pre v\u0161etk\u00fdch Slov\u00e1kov bez oh\u013eadu na to, \u010di \u017eij\u00fa v\u00a0z\u00e1zem\u00ed alebo z\u00e1mor\u00ed. Hne\u010f v\u00a0nasleduj\u00facom roku sa z iniciat\u00edvy \u0160tefana Furdeka stretli predstavitelia viacer\u00fdch mal\u00fdch spolkov a\u00a0zorganizovali sa do <em>Prvej slovenskej katol\u00edckej jednoty<\/em>, ktorej \u00falohou bolo stara\u0165 sa o\u00a0duchovn\u00fd, n\u00e1rodn\u00fd i\u00a0soci\u00e1lny \u017eivot svojich \u010dlenov. Pre Slov\u00e1kov, ktor\u00ed kl\u00e1dli na prv\u00e9 miesto n\u00e1rodn\u00fa v\u00fdchovu pred vieru, vznikol <em>Slovensk\u00fd n\u00e1rodn\u00fd spolok<\/em>. Zauj\u00edmavos\u0165ou je, \u017ee Rovnianek sa anga\u017eoval aj pri vzniku spolku slovensk\u00fdch \u017eien v\u00a0Amerike. V\u010faka jeho iniciat\u00edve vznikla americk\u00e1 <em>\u017divena<\/em>, ktor\u00e1 ideologicky nadv\u00e4zovala na \u010dinnos\u0165 <em>\u017diveny<\/em> v\u00a0z\u00e1zem\u00ed. D\u00f4raz teda kl\u00e1dla na vzdel\u00e1vanie diev\u010dat a\u00a0\u017eien i\u00a0publika\u010dn\u00e9 aktivity.<\/p><p style=\"text-align: justify;\">V\u010faka \u010dinnosti, ktor\u00fa spolky realizovali, a\u00a0tla\u010di, ktor\u00fa vyd\u00e1vali (napr\u00edklad Amerik\u00e1nsko-slovensk\u00e9 noviny), sa za\u010dal z\u00a0americk\u00fdch Slov\u00e1kov formova\u0165 uvedomel\u00fd a\u00a0emancipovan\u00fd slovensk\u00fd n\u00e1rod. V\u00a0nasleduj\u00facich rokoch vzniklo e\u0161te nieko\u013eko \u010fal\u0161\u00edch organiz\u00e1ci\u00ed, ale \u017eiadna z\u00a0nich nesp\u013a\u0148ala p\u00f4vodn\u00fa my\u0161lienku \u2013 podporova\u0165 Slov\u00e1kov doma i\u00a0v\u00a0Amerike.<\/p>\t\t\t\t\t\t\t\t<\/div>\n\t\t\t\t<\/div>\n\t\t\t\t\t<\/div>\n\t\t<\/div>\n\t\t\t\t\t<\/div>\n\t\t<\/section>\n\t\t\t\t\t<\/div>\n\t\t<\/div>\n\t\t\t\t\t<\/div>\n\t\t<\/section>\n\t\t\t\t<\/div>\n\t\t","protected":false},"excerpt":{"rendered":"<p>Kapitoly z dej\u00edn Slovenska 1740 \u2013 1945 Slovensk\u00e9 spolky v Amerike Najm\u00e4 nepriazniv\u00e9 udalosti t\u00fdkaj\u00face sa pracovn\u00fdch \u00farazov, trag\u00e9di\u00ed \u010di nespravodlivo obvinen\u00fdch a\u00a0ods\u00faden\u00fdch prim\u00e4li Slov\u00e1kov v\u00a0Amerike k\u00a0tomu, aby sa za\u010dali zdru\u017eova\u0165 do organiz\u00e1ci\u00ed a\u00a0spolkov. Spo\u010diatku za\u010dali zaklada\u0165 men\u0161ie pom\u00e1haj\u00face spolky \u2013 \u00faplne prv\u00fdm bol Per\u0161\u00ed Uherszko-Szlovenszki v\u00a0nyemoczi podporujuci Szpolek v\u00a0New Yorku (1883). Za n\u00edm nasledovali [&hellip;]<\/p>\n","protected":false},"author":3,"featured_media":0,"parent":0,"menu_order":0,"comment_status":"closed","ping_status":"closed","template":"","meta":{"footnotes":""},"class_list":["post-2364","page","type-page","status-publish","hentry"],"_links":{"self":[{"href":"https:\/\/e-ucebnice.ff.ucm.sk\/index.php\/wp-json\/wp\/v2\/pages\/2364","targetHints":{"allow":["GET"]}}],"collection":[{"href":"https:\/\/e-ucebnice.ff.ucm.sk\/index.php\/wp-json\/wp\/v2\/pages"}],"about":[{"href":"https:\/\/e-ucebnice.ff.ucm.sk\/index.php\/wp-json\/wp\/v2\/types\/page"}],"author":[{"embeddable":true,"href":"https:\/\/e-ucebnice.ff.ucm.sk\/index.php\/wp-json\/wp\/v2\/users\/3"}],"replies":[{"embeddable":true,"href":"https:\/\/e-ucebnice.ff.ucm.sk\/index.php\/wp-json\/wp\/v2\/comments?post=2364"}],"version-history":[{"count":4,"href":"https:\/\/e-ucebnice.ff.ucm.sk\/index.php\/wp-json\/wp\/v2\/pages\/2364\/revisions"}],"predecessor-version":[{"id":2454,"href":"https:\/\/e-ucebnice.ff.ucm.sk\/index.php\/wp-json\/wp\/v2\/pages\/2364\/revisions\/2454"}],"wp:attachment":[{"href":"https:\/\/e-ucebnice.ff.ucm.sk\/index.php\/wp-json\/wp\/v2\/media?parent=2364"}],"curies":[{"name":"wp","href":"https:\/\/api.w.org\/{rel}","templated":true}]}}