{"id":2372,"date":"2023-03-02T07:30:00","date_gmt":"2023-03-02T06:30:00","guid":{"rendered":"https:\/\/e-ucebnice.ff.ucm.sk\/?page_id=2372"},"modified":"2023-03-02T09:10:47","modified_gmt":"2023-03-02T08:10:47","slug":"kapitoly-z-dejin-slovenska-6-2-1","status":"publish","type":"page","link":"https:\/\/e-ucebnice.ff.ucm.sk\/index.php\/kapitoly-z-dejin-slovenska-6-2-1\/","title":{"rendered":"Kapitoly z dej\u00edn Slovenska-6-2-1"},"content":{"rendered":"\t\t<div data-elementor-type=\"wp-page\" data-elementor-id=\"2372\" class=\"elementor elementor-2372\" data-elementor-post-type=\"page\">\n\t\t\t\t\t\t<section class=\"elementor-section elementor-top-section elementor-element elementor-element-1084eb0 elementor-section-height-min-height elementor-section-boxed elementor-section-height-default elementor-section-items-middle\" data-id=\"1084eb0\" data-element_type=\"section\" data-settings=\"{&quot;background_background&quot;:&quot;classic&quot;}\">\n\t\t\t\t\t\t\t<div class=\"elementor-background-overlay\"><\/div>\n\t\t\t\t\t\t\t<div class=\"elementor-container elementor-column-gap-default\">\n\t\t\t\t\t<div class=\"elementor-column elementor-col-100 elementor-top-column elementor-element elementor-element-0443812\" data-id=\"0443812\" data-element_type=\"column\">\n\t\t\t<div class=\"elementor-widget-wrap elementor-element-populated\">\n\t\t\t\t\t\t<div class=\"elementor-element elementor-element-6a5b956 elementor-widget elementor-widget-heading\" data-id=\"6a5b956\" data-element_type=\"widget\" data-widget_type=\"heading.default\">\n\t\t\t\t<div class=\"elementor-widget-container\">\n\t\t\t\t\t<h1 class=\"elementor-heading-title elementor-size-default\">Kapitoly z dej\u00edn Slovenska 1740 \u2013 1945<\/h1>\t\t\t\t<\/div>\n\t\t\t\t<\/div>\n\t\t\t\t\t<\/div>\n\t\t<\/div>\n\t\t\t\t\t<\/div>\n\t\t<\/section>\n\t\t\t\t<section class=\"elementor-section elementor-top-section elementor-element elementor-element-2858d6f elementor-section-boxed elementor-section-height-default elementor-section-height-default\" data-id=\"2858d6f\" data-element_type=\"section\">\n\t\t\t\t\t\t<div class=\"elementor-container elementor-column-gap-default\">\n\t\t\t\t\t<div class=\"elementor-column elementor-col-100 elementor-top-column elementor-element elementor-element-e63bd34\" data-id=\"e63bd34\" data-element_type=\"column\">\n\t\t\t<div class=\"elementor-widget-wrap elementor-element-populated\">\n\t\t\t\t\t\t<section class=\"elementor-section elementor-inner-section elementor-element elementor-element-0b79421 elementor-section-boxed elementor-section-height-default elementor-section-height-default\" data-id=\"0b79421\" data-element_type=\"section\">\n\t\t\t\t\t\t<div class=\"elementor-container elementor-column-gap-default\">\n\t\t\t\t\t<div class=\"elementor-column elementor-col-100 elementor-inner-column elementor-element elementor-element-bb0ded5\" data-id=\"bb0ded5\" data-element_type=\"column\">\n\t\t\t<div class=\"elementor-widget-wrap elementor-element-populated\">\n\t\t\t\t\t\t<div class=\"elementor-element elementor-element-759b076 elementor-widget elementor-widget-heading\" data-id=\"759b076\" data-element_type=\"widget\" data-widget_type=\"heading.default\">\n\t\t\t\t<div class=\"elementor-widget-container\">\n\t\t\t\t\t<h3 class=\"elementor-heading-title elementor-size-default\">Slovensk\u00e9 u\u010den\u00e9 tovari\u0161stvo (1792 \u2013 1796) <\/h3>\t\t\t\t<\/div>\n\t\t\t\t<\/div>\n\t\t\t\t<div class=\"elementor-element elementor-element-5aa9d5d elementor-widget elementor-widget-text-editor\" data-id=\"5aa9d5d\" data-element_type=\"widget\" data-widget_type=\"text-editor.default\">\n\t\t\t\t<div class=\"elementor-widget-container\">\n\t\t\t\t\t\t\t\t\t<p style=\"text-align: justify;\">V\u010faka osvietensk\u00fdm my\u0161lienkam, ktor\u00e9 sa \u0161\u00edrili v\u00a0monarchii a\u00a0osvietensk\u00fdm panovn\u00edkom, ktor\u00ed im nech\u00e1vali vo\u013en\u00fd priebeh, mal mo\u017enos\u0165 vznikn\u00fa\u0165 prv\u00fd spolok zdru\u017euj\u00faci slovensk\u00fdch osvietensk\u00fdch vzdelancov, ktor\u00ed sa sna\u017eili pozdvihn\u00fa\u0165 n\u00e1rodn\u00fd jazyk a\u00a0napom\u00f4c\u0165 tak\u00a0preb\u00fadzaniu n\u00e1rodn\u00e9ho povedomia \u0161irok\u00fdch vrstiev Slov\u00e1kov. V\u00a0roku 1792 tak vznik\u00e1 v\u00a0Trnave prv\u00fd celoslovensk\u00fd n\u00e1rodnokult\u00farny spolok zdru\u017euj\u00faci najm\u00e4 sympatizantov Bernol\u00e1kovej sloven\u010diny. K\u00a0ved\u00facim osobnostiam patril Anton Bernol\u00e1k, Juraj F\u00e1ndly \u010di V\u00e1clav Jel\u00ednek. Cie\u013eom spolku bolo vyd\u00e1va\u0165 knihy a\u00a0posil\u0148ova\u0165 tak poz\u00edciu nov\u00e9ho jazyka (bernol\u00e1kov\u010diny), prostredn\u00edctvom ktor\u00e9ho chceli jeho \u010dlenovia dosiahnu\u0165 zjednotenie slovensk\u00e9ho n\u00e1roda a\u00a0rozv\u00edja\u0165 n\u00e1rodn\u00fd \u017eivot.<\/p><p style=\"text-align: justify;\">Do spolku postupne vstupovali pr\u00edvr\u017eenci nov\u00e9ho jazyka, ktor\u00ed nielen odoberali knihy p\u00edsan\u00e9 v\u00a0novom jazyku, ale spolok aj finan\u010dne podporovali. Spolok sa postupne roz\u0161\u00edril aj do \u010fal\u0161\u00edch miest (Nitra, Ve\u013ek\u00e9 Rovn\u00e9, Bansk\u00e1 Bystrica, Solivar, Ro\u017e\u0148ava, J\u00e1ger, Spi\u0161sk\u00e1 Kapitula, Ostrihom, Viede\u0148), kde vznikali pobo\u010dn\u00e9 st\u00e1nky. Trnava mu v\u0161ak poskytovala z\u00e1zemie aj v\u010faka Jel\u00ednkovej tla\u010diarni, ktor\u00e1 tla\u010dila v\u0161etky knihy v\u00a0Bernol\u00e1kovej sloven\u010dine.<\/p><p style=\"text-align: justify;\">Aktivita trnavsk\u00e9ho st\u00e1nku po Bernol\u00e1kovom odchode v\u00a0roku 1796 upadla a\u00a0\u010diasto\u010dne sa obnovila a\u017e v\u00a0roku 1802, ke\u010f do Trnavy prich\u00e1dza profesor Juraj Palkovi\u010d, ktor\u00fd dokon\u010dil a\u00a0vydal Bernol\u00e1kov <em>Slow\u00e1r<\/em>. Rokom 1796 v\u0161ak spolok ofici\u00e1lne ukon\u010dil svoju \u010dinnos\u0165, hoci vydavate\u013esk\u00e1 \u010dinnos\u0165 v\u00a0pobo\u010dn\u00fdch st\u00e1nkoch v\u00a0ostatn\u00fdch (najm\u00e4 v\u00fdchodoslovensk\u00fdch) mest\u00e1ch pokra\u010dovala a\u017e do za\u010diatku 19. storo\u010dia. Spolok po\u010das svojho p\u00f4sobenia vydal 11 titulov, po\u010dn\u00fac F\u00e1ndlyho pr\u00e1cami, cez hospod\u00e1rske spisy, dejiny, divadeln\u00fa hru a k\u00e1zne a\u017e po polemiky.<\/p><p style=\"text-align: justify;\"><em>Slovensk\u00e9 u\u010den\u00e9 tovari\u0161stvo<\/em> bolo prv\u00fdm celoslovensk\u00fdm kult\u00farnym spolkom a\u00a0v\u00a090. rokoch 18. storo\u010dia predstavovalo najv\u00e4\u010d\u0161\u00ed kult\u00farny spolok v\u00a0Uhorsku. Na poli slovensk\u00e9ho n\u00e1rodn\u00e9ho obrodenia vykonal priekopn\u00edcku pr\u00e1cu. Bernol\u00e1kov\u010dina, spisovn\u00fd jazyk, ktor\u00fd roz\u0161iroval, zasiahla tri gener\u00e1cie. Hoci spolok pomerne r\u00fdchlo zanikol, ovplyvnil \u010di in\u0161piroval vznik \u010fal\u0161\u00edch spolkov a in\u0161tit\u00faci\u00ed, ktor\u00e9 na\u0148 svojou \u010dinnos\u0165ou nadv\u00e4zovali. Spome\u0148me napr\u00edklad <em>Spolok milovn\u00edkov re\u010di slovenskej, Katedru re\u010di a\u00a0literat\u00fary slovenskej, Liter\u00e1rnu spolo\u010dnos\u0165 bansk\u00e9ho okolia, Liter\u00e1rnu spolo\u010dnos\u0165 Malohontsk\u00fa <\/em>\u010di<em> Spolok milovn\u00edkov re\u010di a\u00a0literat\u00fary slovenskej.<\/em><\/p>\t\t\t\t\t\t\t\t<\/div>\n\t\t\t\t<\/div>\n\t\t\t\t\t<\/div>\n\t\t<\/div>\n\t\t\t\t\t<\/div>\n\t\t<\/section>\n\t\t\t\t\t<\/div>\n\t\t<\/div>\n\t\t\t\t\t<\/div>\n\t\t<\/section>\n\t\t\t\t<\/div>\n\t\t","protected":false},"excerpt":{"rendered":"<p>Kapitoly z dej\u00edn Slovenska 1740 \u2013 1945 Slovensk\u00e9 u\u010den\u00e9 tovari\u0161stvo (1792 \u2013 1796) V\u010faka osvietensk\u00fdm my\u0161lienkam, ktor\u00e9 sa \u0161\u00edrili v\u00a0monarchii a\u00a0osvietensk\u00fdm panovn\u00edkom, ktor\u00ed im nech\u00e1vali vo\u013en\u00fd priebeh, mal mo\u017enos\u0165 vznikn\u00fa\u0165 prv\u00fd spolok zdru\u017euj\u00faci slovensk\u00fdch osvietensk\u00fdch vzdelancov, ktor\u00ed sa sna\u017eili pozdvihn\u00fa\u0165 n\u00e1rodn\u00fd jazyk a\u00a0napom\u00f4c\u0165 tak\u00a0preb\u00fadzaniu n\u00e1rodn\u00e9ho povedomia \u0161irok\u00fdch vrstiev Slov\u00e1kov. V\u00a0roku 1792 tak vznik\u00e1 v\u00a0Trnave prv\u00fd [&hellip;]<\/p>\n","protected":false},"author":3,"featured_media":0,"parent":0,"menu_order":0,"comment_status":"closed","ping_status":"closed","template":"","meta":{"footnotes":""},"class_list":["post-2372","page","type-page","status-publish","hentry"],"_links":{"self":[{"href":"https:\/\/e-ucebnice.ff.ucm.sk\/index.php\/wp-json\/wp\/v2\/pages\/2372","targetHints":{"allow":["GET"]}}],"collection":[{"href":"https:\/\/e-ucebnice.ff.ucm.sk\/index.php\/wp-json\/wp\/v2\/pages"}],"about":[{"href":"https:\/\/e-ucebnice.ff.ucm.sk\/index.php\/wp-json\/wp\/v2\/types\/page"}],"author":[{"embeddable":true,"href":"https:\/\/e-ucebnice.ff.ucm.sk\/index.php\/wp-json\/wp\/v2\/users\/3"}],"replies":[{"embeddable":true,"href":"https:\/\/e-ucebnice.ff.ucm.sk\/index.php\/wp-json\/wp\/v2\/comments?post=2372"}],"version-history":[{"count":4,"href":"https:\/\/e-ucebnice.ff.ucm.sk\/index.php\/wp-json\/wp\/v2\/pages\/2372\/revisions"}],"predecessor-version":[{"id":2424,"href":"https:\/\/e-ucebnice.ff.ucm.sk\/index.php\/wp-json\/wp\/v2\/pages\/2372\/revisions\/2424"}],"wp:attachment":[{"href":"https:\/\/e-ucebnice.ff.ucm.sk\/index.php\/wp-json\/wp\/v2\/media?parent=2372"}],"curies":[{"name":"wp","href":"https:\/\/api.w.org\/{rel}","templated":true}]}}