{"id":2467,"date":"2023-03-02T09:48:44","date_gmt":"2023-03-02T08:48:44","guid":{"rendered":"https:\/\/e-ucebnice.ff.ucm.sk\/?page_id=2467"},"modified":"2023-03-02T10:05:30","modified_gmt":"2023-03-02T09:05:30","slug":"kapitoly-z-dejin-slovenska-7-1","status":"publish","type":"page","link":"https:\/\/e-ucebnice.ff.ucm.sk\/index.php\/kapitoly-z-dejin-slovenska-7-1\/","title":{"rendered":"Kapitoly z dej\u00edn Slovenska-7-1"},"content":{"rendered":"\t\t<div data-elementor-type=\"wp-page\" data-elementor-id=\"2467\" class=\"elementor elementor-2467\" data-elementor-post-type=\"page\">\n\t\t\t\t\t\t<section class=\"elementor-section elementor-top-section elementor-element elementor-element-1084eb0 elementor-section-height-min-height elementor-section-boxed elementor-section-height-default elementor-section-items-middle\" data-id=\"1084eb0\" data-element_type=\"section\" data-settings=\"{&quot;background_background&quot;:&quot;classic&quot;}\">\n\t\t\t\t\t\t\t<div class=\"elementor-background-overlay\"><\/div>\n\t\t\t\t\t\t\t<div class=\"elementor-container elementor-column-gap-default\">\n\t\t\t\t\t<div class=\"elementor-column elementor-col-100 elementor-top-column elementor-element elementor-element-0443812\" data-id=\"0443812\" data-element_type=\"column\">\n\t\t\t<div class=\"elementor-widget-wrap elementor-element-populated\">\n\t\t\t\t\t\t<div class=\"elementor-element elementor-element-6a5b956 elementor-widget elementor-widget-heading\" data-id=\"6a5b956\" data-element_type=\"widget\" data-widget_type=\"heading.default\">\n\t\t\t\t<div class=\"elementor-widget-container\">\n\t\t\t\t\t<h1 class=\"elementor-heading-title elementor-size-default\">Kapitoly z dej\u00edn Slovenska 1740 \u2013 1945<\/h1>\t\t\t\t<\/div>\n\t\t\t\t<\/div>\n\t\t\t\t\t<\/div>\n\t\t<\/div>\n\t\t\t\t\t<\/div>\n\t\t<\/section>\n\t\t\t\t<section class=\"elementor-section elementor-top-section elementor-element elementor-element-2858d6f elementor-section-boxed elementor-section-height-default elementor-section-height-default\" data-id=\"2858d6f\" data-element_type=\"section\">\n\t\t\t\t\t\t<div class=\"elementor-container elementor-column-gap-default\">\n\t\t\t\t\t<div class=\"elementor-column elementor-col-100 elementor-top-column elementor-element elementor-element-e63bd34\" data-id=\"e63bd34\" data-element_type=\"column\">\n\t\t\t<div class=\"elementor-widget-wrap elementor-element-populated\">\n\t\t\t\t\t\t<section class=\"elementor-section elementor-inner-section elementor-element elementor-element-0b79421 elementor-section-boxed elementor-section-height-default elementor-section-height-default\" data-id=\"0b79421\" data-element_type=\"section\">\n\t\t\t\t\t\t<div class=\"elementor-container elementor-column-gap-default\">\n\t\t\t\t\t<div class=\"elementor-column elementor-col-100 elementor-inner-column elementor-element elementor-element-bb0ded5\" data-id=\"bb0ded5\" data-element_type=\"column\">\n\t\t\t<div class=\"elementor-widget-wrap elementor-element-populated\">\n\t\t\t\t\t\t<div class=\"elementor-element elementor-element-759b076 elementor-widget elementor-widget-heading\" data-id=\"759b076\" data-element_type=\"widget\" data-widget_type=\"heading.default\">\n\t\t\t\t<div class=\"elementor-widget-container\">\n\t\t\t\t\t<h3 class=\"elementor-heading-title elementor-size-default\">Uhorsk\u00fd exodus<\/h3>\t\t\t\t<\/div>\n\t\t\t\t<\/div>\n\t\t\t\t<div class=\"elementor-element elementor-element-5aa9d5d elementor-widget elementor-widget-text-editor\" data-id=\"5aa9d5d\" data-element_type=\"widget\" data-widget_type=\"text-editor.default\">\n\t\t\t\t<div class=\"elementor-widget-container\">\n\t\t\t\t\t\t\t\t\t<p style=\"text-align: justify;\">Pohyby \u013eud\u00ed naprie\u010d celou zemegu\u013eou patria k\u00a0prirodzen\u00fdm procesom vo v\u00fdvoji \u013eudskej spolo\u010dnosti. Hoci d\u00f4vody a\u00a0smer, ktor\u00fdm sa pres\u00favali, s\u00fa pre jednotliv\u00e9 etapy v\u00fdvoja \u013eudstva \u0161pecifick\u00e9, predsa len je mo\u017en\u00e9 v\u00a0r\u00e1mci nich identifikova\u0165 ur\u010dit\u00e9 spolo\u010dn\u00e9 menovatele. K\u00a0azda najv\u00e4\u010d\u0161iemu vo\u013en\u00e9mu presunu \u013eud\u00ed doch\u00e1dza v\u00a0priebehu 19. storo\u010dia, konkr\u00e9tne od 30. rokov do za\u010diatku prvej svetovej vojny. Pr\u00e1ve do tejto migra\u010dnej vlny zasiahlo, na na\u0161e pomery vo ve\u013ekej miere, i\u00a0obyvate\u013estvo odch\u00e1dzaj\u00face z\u00a0\u00fazemia dne\u0161n\u00e9ho Slovenska. Slov\u00e1ci za\u010dali hromadne op\u00fa\u0161\u0165a\u0165 \u00fazemie Horn\u00e9ho Uhorska po revol\u00facii v\u00a0rokoch 1848\/1849. O\u00a0masovom vys\u0165ahovalectve z\u00a0tohto \u00fazemia mo\u017eno hovori\u0165 pribli\u017ene od 70. rokov, no najm\u00e4 v\u00a080. rokoch 19. storo\u010dia, pri\u010dom vys\u0165ahovaleck\u00e1 vlna do Spojen\u00fdch \u0161t\u00e1tov americk\u00fdch a Kanady vrcholila v\u00a0rokoch 1905 \u2013 1907. Za zmienku stoj\u00ed tie\u017e fakt, \u017ee prv\u00e9 zdokumentovan\u00e9 spr\u00e1vy o\u00a0odchode Slov\u00e1kov do Spojen\u00fdch \u0161t\u00e1tov americk\u00fdch a\u00a0Ju\u017enej Ameriky siahaj\u00fa do 18. storo\u010dia. Do prvej svetovej vojny tak opustilo \u00fazemie Slovenska pribli\u017ene 600\u00a0000 Slov\u00e1kov, \u010do \u010dinilo viac ako p\u00e4tinu obyvate\u013eov Slovenska. Spomedzi t\u00fdch, ktor\u00ed opustili Uhorsko, predstavovali a\u017e 60% od\u00eddencov nema\u010farsk\u00e9 n\u00e1rodnosti. Slov\u00e1ci sa zaradili medzi n\u00e1rody, ktor\u00e9 mali vzh\u013eadom na po\u010det obyvate\u013eov najv\u00e4\u010d\u0161\u00ed podiel vys\u0165ahovalcov.<\/p>\t\t\t\t\t\t\t\t<\/div>\n\t\t\t\t<\/div>\n\t\t\t\t\t<\/div>\n\t\t<\/div>\n\t\t\t\t\t<\/div>\n\t\t<\/section>\n\t\t\t\t\t<\/div>\n\t\t<\/div>\n\t\t\t\t\t<\/div>\n\t\t<\/section>\n\t\t\t\t<\/div>\n\t\t","protected":false},"excerpt":{"rendered":"<p>Kapitoly z dej\u00edn Slovenska 1740 \u2013 1945 Uhorsk\u00fd exodus Pohyby \u013eud\u00ed naprie\u010d celou zemegu\u013eou patria k\u00a0prirodzen\u00fdm procesom vo v\u00fdvoji \u013eudskej spolo\u010dnosti. Hoci d\u00f4vody a\u00a0smer, ktor\u00fdm sa pres\u00favali, s\u00fa pre jednotliv\u00e9 etapy v\u00fdvoja \u013eudstva \u0161pecifick\u00e9, predsa len je mo\u017en\u00e9 v\u00a0r\u00e1mci nich identifikova\u0165 ur\u010dit\u00e9 spolo\u010dn\u00e9 menovatele. K\u00a0azda najv\u00e4\u010d\u0161iemu vo\u013en\u00e9mu presunu \u013eud\u00ed doch\u00e1dza v\u00a0priebehu 19. storo\u010dia, konkr\u00e9tne od [&hellip;]<\/p>\n","protected":false},"author":3,"featured_media":0,"parent":0,"menu_order":0,"comment_status":"closed","ping_status":"closed","template":"","meta":{"footnotes":""},"class_list":["post-2467","page","type-page","status-publish","hentry"],"_links":{"self":[{"href":"https:\/\/e-ucebnice.ff.ucm.sk\/index.php\/wp-json\/wp\/v2\/pages\/2467","targetHints":{"allow":["GET"]}}],"collection":[{"href":"https:\/\/e-ucebnice.ff.ucm.sk\/index.php\/wp-json\/wp\/v2\/pages"}],"about":[{"href":"https:\/\/e-ucebnice.ff.ucm.sk\/index.php\/wp-json\/wp\/v2\/types\/page"}],"author":[{"embeddable":true,"href":"https:\/\/e-ucebnice.ff.ucm.sk\/index.php\/wp-json\/wp\/v2\/users\/3"}],"replies":[{"embeddable":true,"href":"https:\/\/e-ucebnice.ff.ucm.sk\/index.php\/wp-json\/wp\/v2\/comments?post=2467"}],"version-history":[{"count":4,"href":"https:\/\/e-ucebnice.ff.ucm.sk\/index.php\/wp-json\/wp\/v2\/pages\/2467\/revisions"}],"predecessor-version":[{"id":2497,"href":"https:\/\/e-ucebnice.ff.ucm.sk\/index.php\/wp-json\/wp\/v2\/pages\/2467\/revisions\/2497"}],"wp:attachment":[{"href":"https:\/\/e-ucebnice.ff.ucm.sk\/index.php\/wp-json\/wp\/v2\/media?parent=2467"}],"curies":[{"name":"wp","href":"https:\/\/api.w.org\/{rel}","templated":true}]}}