{"id":2473,"date":"2023-03-02T09:51:49","date_gmt":"2023-03-02T08:51:49","guid":{"rendered":"https:\/\/e-ucebnice.ff.ucm.sk\/?page_id=2473"},"modified":"2023-05-16T13:55:37","modified_gmt":"2023-05-16T11:55:37","slug":"kapitoly-z-dejin-slovenska-7-4","status":"publish","type":"page","link":"https:\/\/e-ucebnice.ff.ucm.sk\/index.php\/kapitoly-z-dejin-slovenska-7-4\/","title":{"rendered":"Kapitoly z dej\u00edn Slovenska-7-4"},"content":{"rendered":"\t\t<div data-elementor-type=\"wp-page\" data-elementor-id=\"2473\" class=\"elementor elementor-2473\" data-elementor-post-type=\"page\">\n\t\t\t\t\t\t<section class=\"elementor-section elementor-top-section elementor-element elementor-element-1084eb0 elementor-section-height-min-height elementor-section-boxed elementor-section-height-default elementor-section-items-middle\" data-id=\"1084eb0\" data-element_type=\"section\" data-settings=\"{&quot;background_background&quot;:&quot;classic&quot;}\">\n\t\t\t\t\t\t\t<div class=\"elementor-background-overlay\"><\/div>\n\t\t\t\t\t\t\t<div class=\"elementor-container elementor-column-gap-default\">\n\t\t\t\t\t<div class=\"elementor-column elementor-col-100 elementor-top-column elementor-element elementor-element-0443812\" data-id=\"0443812\" data-element_type=\"column\">\n\t\t\t<div class=\"elementor-widget-wrap elementor-element-populated\">\n\t\t\t\t\t\t<div class=\"elementor-element elementor-element-6a5b956 elementor-widget elementor-widget-heading\" data-id=\"6a5b956\" data-element_type=\"widget\" data-widget_type=\"heading.default\">\n\t\t\t\t<div class=\"elementor-widget-container\">\n\t\t\t\t\t<h1 class=\"elementor-heading-title elementor-size-default\">Kapitoly z dej\u00edn Slovenska 1740 \u2013 1945<\/h1>\t\t\t\t<\/div>\n\t\t\t\t<\/div>\n\t\t\t\t\t<\/div>\n\t\t<\/div>\n\t\t\t\t\t<\/div>\n\t\t<\/section>\n\t\t\t\t<section class=\"elementor-section elementor-top-section elementor-element elementor-element-2858d6f elementor-section-boxed elementor-section-height-default elementor-section-height-default\" data-id=\"2858d6f\" data-element_type=\"section\">\n\t\t\t\t\t\t<div class=\"elementor-container elementor-column-gap-default\">\n\t\t\t\t\t<div class=\"elementor-column elementor-col-100 elementor-top-column elementor-element elementor-element-e63bd34\" data-id=\"e63bd34\" data-element_type=\"column\">\n\t\t\t<div class=\"elementor-widget-wrap elementor-element-populated\">\n\t\t\t\t\t\t<section class=\"elementor-section elementor-inner-section elementor-element elementor-element-0b79421 elementor-section-boxed elementor-section-height-default elementor-section-height-default\" data-id=\"0b79421\" data-element_type=\"section\">\n\t\t\t\t\t\t<div class=\"elementor-container elementor-column-gap-default\">\n\t\t\t\t\t<div class=\"elementor-column elementor-col-100 elementor-inner-column elementor-element elementor-element-bb0ded5\" data-id=\"bb0ded5\" data-element_type=\"column\">\n\t\t\t<div class=\"elementor-widget-wrap elementor-element-populated\">\n\t\t\t\t\t\t<div class=\"elementor-element elementor-element-759b076 elementor-widget elementor-widget-heading\" data-id=\"759b076\" data-element_type=\"widget\" data-widget_type=\"heading.default\">\n\t\t\t\t<div class=\"elementor-widget-container\">\n\t\t\t\t\t<h3 class=\"elementor-heading-title elementor-size-default\">Dobov\u00e9 materi\u00e1ly a cit\u00e1ty<\/h3>\t\t\t\t<\/div>\n\t\t\t\t<\/div>\n\t\t\t\t<div class=\"elementor-element elementor-element-5aa9d5d elementor-widget elementor-widget-text-editor\" data-id=\"5aa9d5d\" data-element_type=\"widget\" data-widget_type=\"text-editor.default\">\n\t\t\t\t<div class=\"elementor-widget-container\">\n\t\t\t\t\t\t\t\t\t<p>\u010co sa o&nbsp;vys\u0165ahovalcoch a vys\u0165ahovalectve p\u00edsalo v&nbsp;slovenskej dobovej tla\u010di?<\/p>\n<p><strong>DENN\u00c9 ZPR\u00c1VY.<\/strong><\/p>\n<p><strong>VYS\u0164AHOVALCI.<\/strong><\/p>\n<p><em>\u201e(&#8230;) Mo\u017eno si predstavi\u0165 zarmucuj\u00facej\u0161ieho zjavu, ako je ten, \u017ee v&nbsp;\u013eudsk\u00fdch srdciach l\u00e1ska ku rodnej p\u00f4de u\u017e zcela zhasla? \u017de agentov s\u013eub a&nbsp;neist\u00fd v\u00fdh\u013ead na denn\u00fa mzdu rozvikla\u0165 m\u00f4\u017ee kl\u00e1tiv\u00e9ho \u010dloveka v&nbsp;najvn\u00fatornej\u0161\u00edch citoch a&nbsp;\u017ee za p\u00e1r kor\u00fan kedyko\u013evek hotov\u00fd je vzda\u0165 sa rodnej chatr\u010de?<\/em><\/p>\n<p><em>Tak \u010faleko sme do\u0161li, my Slov\u00e1ci. Na n\u00e1s hrom\u017eia, \u017ee sme nie dobr\u00ed vlastenci a&nbsp;od desa\u0165ro\u010d\u00ed vykon\u00e1vaj\u00fa n\u00e1m len tak\u00e9, \u010do n\u00e1s od milej domoviny odpudzuje. \u010co na nej mil\u00e9ho? \u017de \u0165a posmievaj\u00fa, na halene \u017ee sa ti smej\u00fa a&nbsp;na remeslo p\u013euj\u00fa a&nbsp;\u017ee nad zvukmi materinskej re\u010di tvojej \u00fa\u0161k\u013eabkov maj\u00fa len? Alebo \u017ee hajno hali\u010dsk\u00fdch \u017eidov pustia na teba, ako kopovov na zver?<\/em><\/p>\n<p><em>(&#8230;) Ale, i&nbsp;d\u013ea \u0161tatistick\u00e9ho v\u00fdkazu dosiahli sme u\u017e slu\u0161n\u00fd rekord. Za mesiac (pozn. november 1900) 6760, to je za rok 80 tis\u00edc.<\/em><\/p>\n<p><em>No a&nbsp;t\u00fdch, o&nbsp;ich\u017e \u00fateku \u017eiaden \u00farad ni\u010doho nevie, tie\u017e neslobodno zastiera\u0165.<\/em><\/p>\n<p><em>E\u0161te sa sn\u00e1\u010f pr\u00edli\u0161 priaznive dom\u00fd\u0161\u013eame, ke\u010f cen\u00edme, \u017ee po\u010det vys\u0165ahovalcov je trojn\u00e1sob v\u00e4\u010d\u0161\u00ed, ne\u017eli ho \u0161tatistika ud\u00e1va. A&nbsp;to znamen\u00e1 200-220 tis\u00edc du\u0161\u00ed ro\u010dnej straty.<\/em><\/p>\n<p><em>Z&nbsp;t\u00fdch 6760 vys\u0165ahovalcov bolo 1500 Slov\u00e1kov, za to\u013eko Rumunov, do 2000 sikulsk\u00fdch a&nbsp;dolnozemsk\u00fdch Ma\u010farov, potom Nemcov, Srbov at\u010f. Vys\u0165ahovalectvo je teda u&nbsp;n\u00e1s nie biedou len jednoho n\u00e1roda, ale biedou v\u0161eobecnou a&nbsp;\u0165a\u017eko dopad\u00e1 i&nbsp;na sam\u00e9 Ma\u010farstvo.<\/em><\/p>\n<p><em>T\u00e1to okolnos\u0165 sn\u00e1\u010f vzbud\u00ed i&nbsp;spiacu verejn\u00fa mienku ma\u010farsk\u00fa \u2013 jestli t\u00e1to e\u0161te d\u00e1 sa zbudi\u0165.\u201c<\/em><\/p>\n<p style=\"text-align: justify;\"><strong>Zdroj:<\/strong> Denn\u00e9 zpr\u00e1vy. Vys\u0165ahovalci. In: <em>Slovensk\u00fd denn\u00edk<\/em>, ro\u010d. 2, 11.1.1901, \u010d. 9, s. 1-2.<\/p>\t\t\t\t\t\t\t\t<\/div>\n\t\t\t\t<\/div>\n\t\t\t\t\t<\/div>\n\t\t<\/div>\n\t\t\t\t\t<\/div>\n\t\t<\/section>\n\t\t\t\t\t<\/div>\n\t\t<\/div>\n\t\t\t\t\t<\/div>\n\t\t<\/section>\n\t\t\t\t<\/div>\n\t\t","protected":false},"excerpt":{"rendered":"<p>Kapitoly z dej\u00edn Slovenska 1740 \u2013 1945 Dobov\u00e9 materi\u00e1ly a cit\u00e1ty \u010co sa o&nbsp;vys\u0165ahovalcoch a vys\u0165ahovalectve p\u00edsalo v&nbsp;slovenskej dobovej tla\u010di? DENN\u00c9 ZPR\u00c1VY. VYS\u0164AHOVALCI. \u201e(&#8230;) Mo\u017eno si predstavi\u0165 zarmucuj\u00facej\u0161ieho zjavu, ako je ten, \u017ee v&nbsp;\u013eudsk\u00fdch srdciach l\u00e1ska ku rodnej p\u00f4de u\u017e zcela zhasla? \u017de agentov s\u013eub a&nbsp;neist\u00fd v\u00fdh\u013ead na denn\u00fa mzdu rozvikla\u0165 m\u00f4\u017ee kl\u00e1tiv\u00e9ho \u010dloveka v&nbsp;najvn\u00fatornej\u0161\u00edch [&hellip;]<\/p>\n","protected":false},"author":3,"featured_media":0,"parent":0,"menu_order":0,"comment_status":"closed","ping_status":"closed","template":"","meta":{"footnotes":""},"class_list":["post-2473","page","type-page","status-publish","hentry"],"_links":{"self":[{"href":"https:\/\/e-ucebnice.ff.ucm.sk\/index.php\/wp-json\/wp\/v2\/pages\/2473","targetHints":{"allow":["GET"]}}],"collection":[{"href":"https:\/\/e-ucebnice.ff.ucm.sk\/index.php\/wp-json\/wp\/v2\/pages"}],"about":[{"href":"https:\/\/e-ucebnice.ff.ucm.sk\/index.php\/wp-json\/wp\/v2\/types\/page"}],"author":[{"embeddable":true,"href":"https:\/\/e-ucebnice.ff.ucm.sk\/index.php\/wp-json\/wp\/v2\/users\/3"}],"replies":[{"embeddable":true,"href":"https:\/\/e-ucebnice.ff.ucm.sk\/index.php\/wp-json\/wp\/v2\/comments?post=2473"}],"version-history":[{"count":13,"href":"https:\/\/e-ucebnice.ff.ucm.sk\/index.php\/wp-json\/wp\/v2\/pages\/2473\/revisions"}],"predecessor-version":[{"id":7942,"href":"https:\/\/e-ucebnice.ff.ucm.sk\/index.php\/wp-json\/wp\/v2\/pages\/2473\/revisions\/7942"}],"wp:attachment":[{"href":"https:\/\/e-ucebnice.ff.ucm.sk\/index.php\/wp-json\/wp\/v2\/media?parent=2473"}],"curies":[{"name":"wp","href":"https:\/\/api.w.org\/{rel}","templated":true}]}}