{"id":2477,"date":"2023-03-02T09:52:43","date_gmt":"2023-03-02T08:52:43","guid":{"rendered":"https:\/\/e-ucebnice.ff.ucm.sk\/?page_id=2477"},"modified":"2023-03-02T10:18:02","modified_gmt":"2023-03-02T09:18:02","slug":"kapitoly-z-dejin-slovenska-7-6","status":"publish","type":"page","link":"https:\/\/e-ucebnice.ff.ucm.sk\/index.php\/kapitoly-z-dejin-slovenska-7-6\/","title":{"rendered":"Kapitoly z dej\u00edn Slovenska-7-6"},"content":{"rendered":"\t\t<div data-elementor-type=\"wp-page\" data-elementor-id=\"2477\" class=\"elementor elementor-2477\" data-elementor-post-type=\"page\">\n\t\t\t\t\t\t<section class=\"elementor-section elementor-top-section elementor-element elementor-element-1084eb0 elementor-section-height-min-height elementor-section-boxed elementor-section-height-default elementor-section-items-middle\" data-id=\"1084eb0\" data-element_type=\"section\" data-settings=\"{&quot;background_background&quot;:&quot;classic&quot;}\">\n\t\t\t\t\t\t\t<div class=\"elementor-background-overlay\"><\/div>\n\t\t\t\t\t\t\t<div class=\"elementor-container elementor-column-gap-default\">\n\t\t\t\t\t<div class=\"elementor-column elementor-col-100 elementor-top-column elementor-element elementor-element-0443812\" data-id=\"0443812\" data-element_type=\"column\">\n\t\t\t<div class=\"elementor-widget-wrap elementor-element-populated\">\n\t\t\t\t\t\t<div class=\"elementor-element elementor-element-6a5b956 elementor-widget elementor-widget-heading\" data-id=\"6a5b956\" data-element_type=\"widget\" data-widget_type=\"heading.default\">\n\t\t\t\t<div class=\"elementor-widget-container\">\n\t\t\t\t\t<h1 class=\"elementor-heading-title elementor-size-default\">Kapitoly z dej\u00edn Slovenska 1740 \u2013 1945<\/h1>\t\t\t\t<\/div>\n\t\t\t\t<\/div>\n\t\t\t\t\t<\/div>\n\t\t<\/div>\n\t\t\t\t\t<\/div>\n\t\t<\/section>\n\t\t\t\t<section class=\"elementor-section elementor-top-section elementor-element elementor-element-2858d6f elementor-section-boxed elementor-section-height-default elementor-section-height-default\" data-id=\"2858d6f\" data-element_type=\"section\">\n\t\t\t\t\t\t<div class=\"elementor-container elementor-column-gap-default\">\n\t\t\t\t\t<div class=\"elementor-column elementor-col-100 elementor-top-column elementor-element elementor-element-e63bd34\" data-id=\"e63bd34\" data-element_type=\"column\">\n\t\t\t<div class=\"elementor-widget-wrap elementor-element-populated\">\n\t\t\t\t\t\t<section class=\"elementor-section elementor-inner-section elementor-element elementor-element-0b79421 elementor-section-boxed elementor-section-height-default elementor-section-height-default\" data-id=\"0b79421\" data-element_type=\"section\">\n\t\t\t\t\t\t<div class=\"elementor-container elementor-column-gap-default\">\n\t\t\t\t\t<div class=\"elementor-column elementor-col-100 elementor-inner-column elementor-element elementor-element-bb0ded5\" data-id=\"bb0ded5\" data-element_type=\"column\">\n\t\t\t<div class=\"elementor-widget-wrap elementor-element-populated\">\n\t\t\t\t\t\t<div class=\"elementor-element elementor-element-759b076 elementor-widget elementor-widget-heading\" data-id=\"759b076\" data-element_type=\"widget\" data-widget_type=\"heading.default\">\n\t\t\t\t<div class=\"elementor-widget-container\">\n\t\t\t\t\t<h3 class=\"elementor-heading-title elementor-size-default\">Dopl\u0148uj\u00faca literat\u00fara<\/h3>\t\t\t\t<\/div>\n\t\t\t\t<\/div>\n\t\t\t\t<div class=\"elementor-element elementor-element-5aa9d5d elementor-widget elementor-widget-text-editor\" data-id=\"5aa9d5d\" data-element_type=\"widget\" data-widget_type=\"text-editor.default\">\n\t\t\t\t<div class=\"elementor-widget-container\">\n\t\t\t\t\t\t\t\t\t<ol><li style=\"text-align: justify;\">BIELIK, Franti\u0161ek \u2013 R\u00c1KO\u0160, Elo. <em>Slovensk\u00e9 vys\u0165ahovalectvo. Dokumenty I do roku 1918<\/em>. Bratislava: SAV, 1969, 404 s. \u2013 Odborn\u00e1 pr\u00e1ca prin\u00e1\u0161a podrobn\u00fd aj \u0161tatistick\u00fd preh\u013ead o vys\u0165ahovalectve zo slovensk\u00e9ho \u00fazemia nielen v sledovanom obdob\u00ed. Text je vhodne doplnen\u00fd preh\u013eadn\u00fdmi tabu\u013ekami a\u00a0grafmi, \u010do poskytuje \u010ditate\u013eovi r\u00fdchle a\u00a0jednozna\u010dn\u00e9 inform\u00e1cie.<\/li><li style=\"text-align: justify;\">POLLACK, Martin. <em>Americk\u00fd cis\u00e1r. Masov\u00fd \u00fatek z\u00a0Hali\u010de. <\/em>\u017dilina: Absynt, 2016, 240 s. \u2013 Populariza\u010dn\u00e1 pr\u00e1ca mapuje proces vys\u0165ahovalectva od n\u00e1boru vys\u0165ahovalcov v\u00a0z\u00e1zem\u00ed cez popis cesty, pr\u00edchod do zahrani\u010dia a pobyt tam a\u017e po dopad vys\u0165ahovalectva na \u017eivot v z\u00e1zem\u00ed \u010di \u010fal\u0161ie n\u00e1strahy s\u00favisiace s vys\u0165ahovan\u00edm.<\/li><\/ol>\t\t\t\t\t\t\t\t<\/div>\n\t\t\t\t<\/div>\n\t\t\t\t\t<\/div>\n\t\t<\/div>\n\t\t\t\t\t<\/div>\n\t\t<\/section>\n\t\t\t\t\t<\/div>\n\t\t<\/div>\n\t\t\t\t\t<\/div>\n\t\t<\/section>\n\t\t\t\t<\/div>\n\t\t","protected":false},"excerpt":{"rendered":"<p>Kapitoly z dej\u00edn Slovenska 1740 \u2013 1945 Dopl\u0148uj\u00faca literat\u00fara BIELIK, Franti\u0161ek \u2013 R\u00c1KO\u0160, Elo. Slovensk\u00e9 vys\u0165ahovalectvo. Dokumenty I do roku 1918. Bratislava: SAV, 1969, 404 s. \u2013 Odborn\u00e1 pr\u00e1ca prin\u00e1\u0161a podrobn\u00fd aj \u0161tatistick\u00fd preh\u013ead o vys\u0165ahovalectve zo slovensk\u00e9ho \u00fazemia nielen v sledovanom obdob\u00ed. Text je vhodne doplnen\u00fd preh\u013eadn\u00fdmi tabu\u013ekami a\u00a0grafmi, \u010do poskytuje \u010ditate\u013eovi r\u00fdchle a\u00a0jednozna\u010dn\u00e9 [&hellip;]<\/p>\n","protected":false},"author":3,"featured_media":0,"parent":0,"menu_order":0,"comment_status":"closed","ping_status":"closed","template":"","meta":{"footnotes":""},"class_list":["post-2477","page","type-page","status-publish","hentry"],"_links":{"self":[{"href":"https:\/\/e-ucebnice.ff.ucm.sk\/index.php\/wp-json\/wp\/v2\/pages\/2477","targetHints":{"allow":["GET"]}}],"collection":[{"href":"https:\/\/e-ucebnice.ff.ucm.sk\/index.php\/wp-json\/wp\/v2\/pages"}],"about":[{"href":"https:\/\/e-ucebnice.ff.ucm.sk\/index.php\/wp-json\/wp\/v2\/types\/page"}],"author":[{"embeddable":true,"href":"https:\/\/e-ucebnice.ff.ucm.sk\/index.php\/wp-json\/wp\/v2\/users\/3"}],"replies":[{"embeddable":true,"href":"https:\/\/e-ucebnice.ff.ucm.sk\/index.php\/wp-json\/wp\/v2\/comments?post=2477"}],"version-history":[{"count":4,"href":"https:\/\/e-ucebnice.ff.ucm.sk\/index.php\/wp-json\/wp\/v2\/pages\/2477\/revisions"}],"predecessor-version":[{"id":2531,"href":"https:\/\/e-ucebnice.ff.ucm.sk\/index.php\/wp-json\/wp\/v2\/pages\/2477\/revisions\/2531"}],"wp:attachment":[{"href":"https:\/\/e-ucebnice.ff.ucm.sk\/index.php\/wp-json\/wp\/v2\/media?parent=2477"}],"curies":[{"name":"wp","href":"https:\/\/api.w.org\/{rel}","templated":true}]}}