{"id":2540,"date":"2023-03-02T10:22:36","date_gmt":"2023-03-02T09:22:36","guid":{"rendered":"https:\/\/e-ucebnice.ff.ucm.sk\/?page_id=2540"},"modified":"2023-03-02T10:34:06","modified_gmt":"2023-03-02T09:34:06","slug":"kapitoly-z-dejin-slovenska-8-5","status":"publish","type":"page","link":"https:\/\/e-ucebnice.ff.ucm.sk\/index.php\/kapitoly-z-dejin-slovenska-8-5\/","title":{"rendered":"Kapitoly z dej\u00edn Slovenska-8-5"},"content":{"rendered":"\t\t<div data-elementor-type=\"wp-page\" data-elementor-id=\"2540\" class=\"elementor elementor-2540\" data-elementor-post-type=\"page\">\n\t\t\t\t\t\t<section class=\"elementor-section elementor-top-section elementor-element elementor-element-1084eb0 elementor-section-height-min-height elementor-section-boxed elementor-section-height-default elementor-section-items-middle\" data-id=\"1084eb0\" data-element_type=\"section\" data-settings=\"{&quot;background_background&quot;:&quot;classic&quot;}\">\n\t\t\t\t\t\t\t<div class=\"elementor-background-overlay\"><\/div>\n\t\t\t\t\t\t\t<div class=\"elementor-container elementor-column-gap-default\">\n\t\t\t\t\t<div class=\"elementor-column elementor-col-100 elementor-top-column elementor-element elementor-element-0443812\" data-id=\"0443812\" data-element_type=\"column\">\n\t\t\t<div class=\"elementor-widget-wrap elementor-element-populated\">\n\t\t\t\t\t\t<div class=\"elementor-element elementor-element-6a5b956 elementor-widget elementor-widget-heading\" data-id=\"6a5b956\" data-element_type=\"widget\" data-widget_type=\"heading.default\">\n\t\t\t\t<div class=\"elementor-widget-container\">\n\t\t\t\t\t<h1 class=\"elementor-heading-title elementor-size-default\">Kapitoly z dej\u00edn Slovenska 1740 \u2013 1945<\/h1>\t\t\t\t<\/div>\n\t\t\t\t<\/div>\n\t\t\t\t\t<\/div>\n\t\t<\/div>\n\t\t\t\t\t<\/div>\n\t\t<\/section>\n\t\t\t\t<section class=\"elementor-section elementor-top-section elementor-element elementor-element-2858d6f elementor-section-boxed elementor-section-height-default elementor-section-height-default\" data-id=\"2858d6f\" data-element_type=\"section\">\n\t\t\t\t\t\t<div class=\"elementor-container elementor-column-gap-default\">\n\t\t\t\t\t<div class=\"elementor-column elementor-col-100 elementor-top-column elementor-element elementor-element-e63bd34\" data-id=\"e63bd34\" data-element_type=\"column\">\n\t\t\t<div class=\"elementor-widget-wrap elementor-element-populated\">\n\t\t\t\t\t\t<section class=\"elementor-section elementor-inner-section elementor-element elementor-element-0b79421 elementor-section-boxed elementor-section-height-default elementor-section-height-default\" data-id=\"0b79421\" data-element_type=\"section\">\n\t\t\t\t\t\t<div class=\"elementor-container elementor-column-gap-default\">\n\t\t\t\t\t<div class=\"elementor-column elementor-col-100 elementor-inner-column elementor-element elementor-element-bb0ded5\" data-id=\"bb0ded5\" data-element_type=\"column\">\n\t\t\t<div class=\"elementor-widget-wrap elementor-element-populated\">\n\t\t\t\t\t\t<div class=\"elementor-element elementor-element-759b076 elementor-widget elementor-widget-heading\" data-id=\"759b076\" data-element_type=\"widget\" data-widget_type=\"heading.default\">\n\t\t\t\t<div class=\"elementor-widget-container\">\n\t\t\t\t\t<h3 class=\"elementor-heading-title elementor-size-default\">Dopl\u0148uj\u00faca literat\u00fara<\/h3>\t\t\t\t<\/div>\n\t\t\t\t<\/div>\n\t\t\t\t<div class=\"elementor-element elementor-element-5aa9d5d elementor-widget elementor-widget-text-editor\" data-id=\"5aa9d5d\" data-element_type=\"widget\" data-widget_type=\"text-editor.default\">\n\t\t\t\t<div class=\"elementor-widget-container\">\n\t\t\t\t\t\t\t\t\t<ol><li style=\"text-align: justify;\">GRONSK\u00dd, J\u00e1n (ed.). <em>Komentovan\u00e9 dokumenty k\u00a0\u00fastavn\u00fdm d\u011bjin\u00e1m \u010ceskoslovenska I. 1914 \u2013 1945<\/em>. Praha: Nakladatelstv\u00ed Karolinum, 2005, 584 s. \u2013 Ed\u00edcia prame\u0148ov poskytuj\u00faca v\u00fdber najz\u00e1sadnej\u0161\u00edch dobov\u00fdch dokumentov k\u00a0formovaniu, vzniku, existencii, z\u00e1niku i\u00a0op\u00e4tovn\u00e9mu obnoveniu \u010ceskoslovenska. Pou\u017eit\u00e9 materi\u00e1ly s\u00fa navy\u0161e doplnen\u00e9 odborn\u00fdm koment\u00e1rom.<\/li><li style=\"text-align: justify;\">H\u00c1JKOV\u00c1, Dagmar \u2013 HOR\u00c1K, Pavel (eds.). <em>Republika \u010ceskoslovensk\u00e1 1918 \u2013 1939<\/em>. Praha: NLN, 1020 s. \u2013 Populariza\u010dn\u00e1 pr\u00e1ca popredn\u00fdch \u010desk\u00fdch a\u00a0slovensk\u00fdch histori\u010diek a\u00a0historikov venuj\u00faca sa medzivojnov\u00e9mu \u010ceskoslovensku. Pr\u00e1ve prv\u00e1 kapitola prezentuje ucelen\u00fd poh\u013ead na vznik republiky, pri\u010dom si v\u0161\u00edma politick\u00e9, vojensk\u00e9, n\u00e1rodnostn\u00e9, hospod\u00e1rske a\u00a0soci\u00e1lne aspekty.<\/li><li style=\"text-align: justify;\">RYCHL\u00cdK, Jan. <em>\u010ce\u0161i a\u00a0Slov\u00e1ci ve 20. stolet\u00ed. \u010cesko-slovensk\u00e9 vztahy 1914 \u2013 1945<\/em>. Bratislava: Academic Electronic Press; Praha: \u00fastav T. G. Masaryka, 1997, 360 s. \u2013 Vedeck\u00e1 publik\u00e1cia zachyt\u00e1va formovanie a\u00a0vznik spolo\u010dn\u00e9ho \u0161t\u00e1tu s\u00a0d\u00f4razom na \u010desk\u00e9 a\u00a0slovensk\u00e9 vz\u0165ahy, ako aj ich n\u00e1sledn\u00fd v\u00fdvoj do konca druhej svetovej vojny.<\/li><\/ol>\t\t\t\t\t\t\t\t<\/div>\n\t\t\t\t<\/div>\n\t\t\t\t\t<\/div>\n\t\t<\/div>\n\t\t\t\t\t<\/div>\n\t\t<\/section>\n\t\t\t\t\t<\/div>\n\t\t<\/div>\n\t\t\t\t\t<\/div>\n\t\t<\/section>\n\t\t\t\t<\/div>\n\t\t","protected":false},"excerpt":{"rendered":"<p>Kapitoly z dej\u00edn Slovenska 1740 \u2013 1945 Dopl\u0148uj\u00faca literat\u00fara GRONSK\u00dd, J\u00e1n (ed.). Komentovan\u00e9 dokumenty k\u00a0\u00fastavn\u00fdm d\u011bjin\u00e1m \u010ceskoslovenska I. 1914 \u2013 1945. Praha: Nakladatelstv\u00ed Karolinum, 2005, 584 s. \u2013 Ed\u00edcia prame\u0148ov poskytuj\u00faca v\u00fdber najz\u00e1sadnej\u0161\u00edch dobov\u00fdch dokumentov k\u00a0formovaniu, vzniku, existencii, z\u00e1niku i\u00a0op\u00e4tovn\u00e9mu obnoveniu \u010ceskoslovenska. Pou\u017eit\u00e9 materi\u00e1ly s\u00fa navy\u0161e doplnen\u00e9 odborn\u00fdm koment\u00e1rom. H\u00c1JKOV\u00c1, Dagmar \u2013 HOR\u00c1K, Pavel (eds.). [&hellip;]<\/p>\n","protected":false},"author":3,"featured_media":0,"parent":0,"menu_order":0,"comment_status":"closed","ping_status":"closed","template":"","meta":{"footnotes":""},"class_list":["post-2540","page","type-page","status-publish","hentry"],"_links":{"self":[{"href":"https:\/\/e-ucebnice.ff.ucm.sk\/index.php\/wp-json\/wp\/v2\/pages\/2540","targetHints":{"allow":["GET"]}}],"collection":[{"href":"https:\/\/e-ucebnice.ff.ucm.sk\/index.php\/wp-json\/wp\/v2\/pages"}],"about":[{"href":"https:\/\/e-ucebnice.ff.ucm.sk\/index.php\/wp-json\/wp\/v2\/types\/page"}],"author":[{"embeddable":true,"href":"https:\/\/e-ucebnice.ff.ucm.sk\/index.php\/wp-json\/wp\/v2\/users\/3"}],"replies":[{"embeddable":true,"href":"https:\/\/e-ucebnice.ff.ucm.sk\/index.php\/wp-json\/wp\/v2\/comments?post=2540"}],"version-history":[{"count":4,"href":"https:\/\/e-ucebnice.ff.ucm.sk\/index.php\/wp-json\/wp\/v2\/pages\/2540\/revisions"}],"predecessor-version":[{"id":2568,"href":"https:\/\/e-ucebnice.ff.ucm.sk\/index.php\/wp-json\/wp\/v2\/pages\/2540\/revisions\/2568"}],"wp:attachment":[{"href":"https:\/\/e-ucebnice.ff.ucm.sk\/index.php\/wp-json\/wp\/v2\/media?parent=2540"}],"curies":[{"name":"wp","href":"https:\/\/api.w.org\/{rel}","templated":true}]}}