{"id":2573,"date":"2023-03-02T10:39:09","date_gmt":"2023-03-02T09:39:09","guid":{"rendered":"https:\/\/e-ucebnice.ff.ucm.sk\/?page_id=2573"},"modified":"2023-05-05T14:26:12","modified_gmt":"2023-05-05T12:26:12","slug":"kapitoly-z-dejin-slovenska-9-3","status":"publish","type":"page","link":"https:\/\/e-ucebnice.ff.ucm.sk\/index.php\/kapitoly-z-dejin-slovenska-9-3\/","title":{"rendered":"Kapitoly z dej\u00edn Slovenska-9-3"},"content":{"rendered":"\t\t<div data-elementor-type=\"wp-page\" data-elementor-id=\"2573\" class=\"elementor elementor-2573\" data-elementor-post-type=\"page\">\n\t\t\t\t\t\t<section class=\"elementor-section elementor-top-section elementor-element elementor-element-1084eb0 elementor-section-height-min-height elementor-section-boxed elementor-section-height-default elementor-section-items-middle\" data-id=\"1084eb0\" data-element_type=\"section\" data-settings=\"{&quot;background_background&quot;:&quot;classic&quot;}\">\n\t\t\t\t\t\t\t<div class=\"elementor-background-overlay\"><\/div>\n\t\t\t\t\t\t\t<div class=\"elementor-container elementor-column-gap-default\">\n\t\t\t\t\t<div class=\"elementor-column elementor-col-100 elementor-top-column elementor-element elementor-element-0443812\" data-id=\"0443812\" data-element_type=\"column\">\n\t\t\t<div class=\"elementor-widget-wrap elementor-element-populated\">\n\t\t\t\t\t\t<div class=\"elementor-element elementor-element-6a5b956 elementor-widget elementor-widget-heading\" data-id=\"6a5b956\" data-element_type=\"widget\" data-widget_type=\"heading.default\">\n\t\t\t\t<div class=\"elementor-widget-container\">\n\t\t\t\t\t<h1 class=\"elementor-heading-title elementor-size-default\">Kapitoly z dej\u00edn Slovenska 1740 \u2013 1945<\/h1>\t\t\t\t<\/div>\n\t\t\t\t<\/div>\n\t\t\t\t\t<\/div>\n\t\t<\/div>\n\t\t\t\t\t<\/div>\n\t\t<\/section>\n\t\t\t\t<section class=\"elementor-section elementor-top-section elementor-element elementor-element-2858d6f elementor-section-boxed elementor-section-height-default elementor-section-height-default\" data-id=\"2858d6f\" data-element_type=\"section\">\n\t\t\t\t\t\t<div class=\"elementor-container elementor-column-gap-default\">\n\t\t\t\t\t<div class=\"elementor-column elementor-col-100 elementor-top-column elementor-element elementor-element-e63bd34\" data-id=\"e63bd34\" data-element_type=\"column\">\n\t\t\t<div class=\"elementor-widget-wrap elementor-element-populated\">\n\t\t\t\t\t\t<section class=\"elementor-section elementor-inner-section elementor-element elementor-element-0b79421 elementor-section-boxed elementor-section-height-default elementor-section-height-default\" data-id=\"0b79421\" data-element_type=\"section\">\n\t\t\t\t\t\t<div class=\"elementor-container elementor-column-gap-default\">\n\t\t\t\t\t<div class=\"elementor-column elementor-col-100 elementor-inner-column elementor-element elementor-element-bb0ded5\" data-id=\"bb0ded5\" data-element_type=\"column\">\n\t\t\t<div class=\"elementor-widget-wrap elementor-element-populated\">\n\t\t\t\t\t\t<div class=\"elementor-element elementor-element-759b076 elementor-widget elementor-widget-heading\" data-id=\"759b076\" data-element_type=\"widget\" data-widget_type=\"heading.default\">\n\t\t\t\t<div class=\"elementor-widget-container\">\n\t\t\t\t\t<h3 class=\"elementor-heading-title elementor-size-default\">Mn\u00edchovsk\u00e1 dohoda<\/h3>\t\t\t\t<\/div>\n\t\t\t\t<\/div>\n\t\t\t\t<div class=\"elementor-element elementor-element-5aa9d5d elementor-widget elementor-widget-text-editor\" data-id=\"5aa9d5d\" data-element_type=\"widget\" data-widget_type=\"text-editor.default\">\n\t\t\t\t<div class=\"elementor-widget-container\">\n\t\t\t\t\t\t\t\t\t<p style=\"text-align: justify;\">Svoj z\u00e1mer ovl\u00e1dnu\u0165 Rak\u00fasko a&nbsp;rozbi\u0165 \u010ceskoslovensko formuloval Adolf Hitler u\u017e 5. novembra 1937 na stretnut\u00ed s&nbsp;predstavite\u013emi ozbrojen\u00fdch s\u00edl a&nbsp;<em>Zahrani\u010dn\u00e9ho \u00faradu<\/em>. Vych\u00e1dzal z predpokladu, \u017ee Ve\u013ek\u00e1 Brit\u00e1nia, Franc\u00fazsko a&nbsp;ani Sovietsky zv\u00e4z nezasiahnu. Jeho kalkul podporila aj novembrov\u00e1 n\u00e1v\u0161teva lorda Edwarda Wooda (zn\u00e1mej\u0161\u00ed ako lord Halifax) v&nbsp;Berchtesgadene. Po\u010das stretnutia ubezpe\u010dil r\u00ed\u0161skeho kancel\u00e1ra, \u017ee Lond\u00fdn nebude br\u00e1ni\u0165 rev\u00edzii doteraj\u0161\u00edch pomerov v&nbsp;strednej a&nbsp;v\u00fdchodnej Eur\u00f3pe. Podmienka bola, aby eventu\u00e1lne zmeny prebehli mierovou cestou, evolu\u010dne a&nbsp;so s\u00fahlasom zainteresovan\u00fdch str\u00e1n. V\u00fdsledkom takejto neprezieravej politiky vo\u010di nacistom bola u\u017e spom\u00ednan\u00e1 anexia Rak\u00faska. Po <em>\u201e<\/em>an\u0161luse<em>\u201c<\/em> pri\u0161lo na rad \u010ceskoslovensko.<\/p>\n<p style=\"text-align: justify;\">V&nbsp;pr\u00edpade \u010ceskoslovenska pova\u017eoval Adolf Hitler pou\u017eitie vojenskej sily za nevyhnutn\u00e9. Usudzoval, \u017ee jeho protivn\u00edk sa bude br\u00e1ni\u0165. Tento predpoklad vych\u00e1dzal z&nbsp;intenz\u00edvneho budovania arm\u00e1dy a&nbsp;pohrani\u010dn\u00fdch opevnen\u00ed v&nbsp;republike, ako aj h\u013eadania spojencov proti pr\u00edpadnej nacistickej agresii. Pre realiz\u00e1ciu uveden\u00e9ho z\u00e1meru bolo treba vytvori\u0165 tak\u00e9 podmienky, aby pl\u00e1novan\u00fd konflikt prebehol r\u00fdchlo a&nbsp;izolovane. Prv\u00e9 boje sa zviedli na diplomatickom a&nbsp;propagandistickom poli s cie\u013eom zbavi\u0165 Prahu podpory zo zahrani\u010dia. Ako z\u00e1mienka pre realiz\u00e1ciu tzv. <em>Zelen\u00e9ho pl\u00e1nu<\/em> (<em>Fall Gr\u00fcn<\/em>) \u2013 inv\u00e1zie do \u010ceskoslovenska \u2013 posl\u00fa\u017eila nemeck\u00e1 men\u0161ina nach\u00e1dzaj\u00faca sa najm\u00e4 v&nbsp;pohrani\u010dnej oblasti Sudety. Pod\u013ea vtedy posledn\u00e9ho riadneho s\u010d\u00edtania \u013eudu z&nbsp;roku 1930 predstavovalo viac ako 3,2 mili\u00f3nov\u00e9 nemeck\u00e9 etnikum najpo\u010detnej\u0161iu minoritu v&nbsp;republike. Z&nbsp;uveden\u00e9ho po\u010dtu Slovensko ob\u00fdvalo takmer 150&nbsp;000 jej pr\u00edslu\u0161n\u00edkov. D\u0148a 30. apr\u00edla 1935 vznikla z&nbsp;p\u00f4vodnej <em>Sudetonemeckej vlasteneckej fronty<\/em> \u201enov\u00e1\u201c <em>Sudetonemeck\u00e1 strana<\/em> (SdP) pod veden\u00edm Konrada Henleina. Na Slovensku a&nbsp;Podkarpatskej Rusi p\u00f4sobila menej v\u00fdznamn\u00e1 <em>Karpatonemeck\u00e1 strana<\/em> (KdP) na \u010dele s&nbsp;Franzom Karmasinom. V&nbsp;celo\u0161t\u00e1tnych vo\u013eb\u00e1ch z&nbsp;19. m\u00e1ja 1935 dokonca SdP, ku ktorej sa do koal\u00edcie pripojila aj KdP,&nbsp;skon\u010dila na prvom mieste pred tradi\u010dne najsilnej\u0161ou <em>Republik\u00e1nskou stranou po\u013enohospod\u00e1rskeho a&nbsp;maloro\u013en\u00edckeho \u013eudu<\/em> (skr\u00e1tene: agr\u00e1rna strana, respekt\u00edve agr\u00e1rnici). Nacisti sa sna\u017eili vyu\u017ei\u0165 nemeck\u00fa men\u0161inu a&nbsp;jej politick\u00fa reprezent\u00e1ciu na destabiliz\u00e1ciu republiky z vn\u00fatra. V&nbsp;Sudet\u00e1ch postupom \u010dasu \u010doraz frekventovanej\u0161ie doch\u00e1dzalo k&nbsp;provok\u00e1ci\u00e1m a&nbsp;nesk\u00f4r v&nbsp;septembri 1938 aj k&nbsp;priamym \u00fatokom prohitlerovsk\u00fdch radik\u00e1lov na \u010deskoslovensk\u00e9 \u0161t\u00e1tne org\u00e1ny a&nbsp;majoritn\u00e9 obyvate\u013estvo. Nacistick\u00e1 propaganda sa sna\u017eila ka\u017ed\u00fa pot\u00fd\u010dku obratne vyu\u017ei\u0165. Do sveta vysielala l\u017eiv\u00e9 prehl\u00e1senia o&nbsp;\u00fatlaku a&nbsp;krivd\u00e1ch p\u00e1chan\u00fdch na Nemcoch. Pravdou bol opak. V&nbsp;republike po\u017e\u00edvali men\u0161iny viac pr\u00e1v a&nbsp;slob\u00f4d, ne\u017e tomu bolo v&nbsp;pr\u00edpade minor\u00edt napr\u00edklad v&nbsp;Nemecku, Taliansku, Ma\u010farsku \u010di Po\u013esku.<\/p>\n<p style=\"text-align: justify;\">V&nbsp;m\u00e1ji 1938 doch\u00e1dza k&nbsp;prv\u00e9mu ve\u013ek\u00e9mu britsko-franc\u00fazskemu n\u00e1tlaku na prezidenta Edvarda Bene\u0161a a vl\u00e1du, aby viedli kon\u0161trukt\u00edvny dial\u00f3g s&nbsp;nemeckou men\u0161inou a&nbsp;vyrie\u0161ili najp\u00e1l\u010divej\u0161ie n\u00e1rodnostn\u00e9 probl\u00e9my. Nacistick\u00e9 provok\u00e1cie a&nbsp;presuny vojsk k&nbsp;hraniciam viedli Prahu 21. m\u00e1ja 1938 k&nbsp;vyhl\u00e1seniu \u010diasto\u010dnej mobiliz\u00e1cie. Z\u00e1padn\u00e9 mocnosti sa za\u010dali ob\u00e1va\u0165, \u017ee by mohli by\u0165 zatiahnut\u00e9 do hroziaceho konfliktu. Situ\u00e1ciu bolo treba upokoji\u0165. Britsk\u00e1 vl\u00e1da preto v&nbsp;auguste 1938 vyslala do \u010ceskoslovenska lorda Waltera Runcimana. Jeho \u00falohou bolo sprostredkova\u0165 \u201emierov\u00e9\u201c rozhovory medzi zainteresovan\u00fdmi stranami v&nbsp;republike, zabr\u00e1ni\u0165 vojne a vyrie\u0161i\u0165 medzin\u00e1rodn\u00fa kr\u00edzu. Misia nakoniec nenaplnila o\u010dak\u00e1vania a&nbsp;skon\u010dila ne\u00faspechom. V&nbsp;z\u00e1vere\u010dnej spr\u00e1ve z&nbsp;21. septembra 1938 sa uv\u00e1dza, \u017ee spolu\u017eitie \u010cechoslov\u00e1kov a&nbsp;Nemcov nie je v&nbsp;jednom \u0161t\u00e1te mo\u017en\u00e9. Z\u00e1rove\u0148 odpor\u00fa\u010dala okam\u017eit\u00e9 odst\u00fapene pohrani\u010dn\u00fdch oblast\u00ed.<\/p>\n<p style=\"text-align: justify;\">&nbsp;Nacisti stup\u0148ovali tlak a&nbsp;Adolf Hitler sa 12. septembra 1938 dokonca otvorene vyhr\u00e1\u017eal vojenskou agresiou vo\u010di \u010ceskoslovensku. Situ\u00e1cia bola nato\u013eko v\u00e1\u017ena, \u017ee do\u0161lo k&nbsp;ozbrojen\u00e9mu povstaniu tzv. <em>henleinovcov<\/em> (SdP a&nbsp;jej pr\u00edvr\u017eenci). Po jeho potla\u010den\u00ed musela vl\u00e1da Milana Hod\u017eu 16. septembra 1938 zak\u00e1za\u0165 SdP i&nbsp;KdP. De\u0148 predt\u00fdm, 15. septembra 1938, sa britsk\u00fd ministersk\u00fd predseda Neville Chamberlain stretol s&nbsp;Adolfom Hitlerom v&nbsp;jeho horskom s\u00eddle v&nbsp;Berghofe v&nbsp;Obersalzbergu. V\u00fdsledkom rozhovoru bol britsk\u00fd s\u00fahlas na odst\u00fapenie Sudet a&nbsp;ich pripojenie k \u201er\u00ed\u0161i\u201c. V&nbsp;nasleduj\u00facich d\u0148och sa&nbsp;k&nbsp;stanovisku Lond\u00fdna pripojil aj Par\u00ed\u017e, pri\u010dom za\u010dali enormne zvy\u0161ova\u0165 tlak na Prahu. Ten vyvrcholil 21. septembra 1938 britsko-franc\u00fazskym ultim\u00e1tom. V&nbsp;\u0148om obe krajiny po\u017eadovali odst\u00fapenie \u00fazem\u00ed s&nbsp;nadpolovi\u010dnou v\u00e4\u010d\u0161inou nemeck\u00e9ho obyvate\u013estva pod\u013ea d\u00e1t z rak\u00faskeho s\u010d\u00edtania \u013eudu z&nbsp;roku 1910. Z\u00e1rove\u0148 franc\u00fazsky vyslanec odk\u00e1zal \u010deskoslovenskej vl\u00e1de, \u017ee pokia\u013e nebude s\u00fahlasi\u0165 s uveden\u00fdmi po\u017eiadavkami, tak Praha nem\u00f4\u017ee r\u00e1ta\u0165 s&nbsp;vojenskou pomocou z\u00e1padn\u00fdch mocnost\u00ed. Moskva s\u00edce v&nbsp;telegrame deklarovala ochotu pom\u00f4c\u0165 svojmu spojencovi, ale len pokia\u013e tak urob\u00ed aj Par\u00ed\u017e. Obr\u00e1ti\u0165 sa nedalo ani na <em>Mal\u00fa dohodu<\/em>, ktor\u00e1 bola v&nbsp;tomto obdob\u00ed u\u017e de facto nefunk\u010dn\u00fdm paktom. V&nbsp;d\u00f4sledku toho ostala republika osamoten\u00e1 a&nbsp;jej reprezentanti e\u0161te toho d\u0148a prijali ultim\u00e1tum.<\/p>\n<p style=\"text-align: justify;\">Spomenut\u00e9 udalosti vy\u00fastili k&nbsp;vn\u00fatropolitickej zmene. De\u0148 po prijat\u00ed ultim\u00e1ta podala vl\u00e1da Milana Hod\u017eu demisiu a prezident poveril&nbsp;riaden\u00edm \u0161t\u00e1tu \u00faradn\u00edcky kabinet na \u010dele s&nbsp;gener\u00e1lom Janem Syrov\u00fdm. Adolf Hitler sa v\u0161ak odmietal uspokoji\u0165 s&nbsp;dosiahnut\u00fdm. E\u0161te v&nbsp;ten ist\u00fd de\u0148 22. septembra 1938 sa stretol v&nbsp;Bad Godesbergu s&nbsp;Nevillom Chamberlainom. Nemeck\u00fd kancel\u00e1r ultimat\u00edvne po\u017eadoval okam\u017eit\u00e9 zabratie cel\u00e9ho pohrani\u010dia Wehrmachtom, ako aj vyrie\u0161enie \u00fazemn\u00fdch n\u00e1rokov Ma\u010farska a&nbsp;Po\u013eska. Zasko\u010den\u00fd britsk\u00fd ministersk\u00fd predseda zatia\u013e prednesen\u00e9 po\u017eiadavky odmietol. \u010ceskoslovensko si uvedomovalo, \u017ee prijatie podmienok z&nbsp;Bad Godesbergu by de facto smerovalo k&nbsp;jeho z\u00e1niku. Na odpor\u00fa\u010danie svojich z\u00e1padn\u00fdch spojencov vyhl\u00e1sila vl\u00e1da Jana Syrov\u00e9ho 23. septembra 1938 \u00fapln\u00fa mobiliz\u00e1ciu. Britsk\u00fd pokus sprostredkova\u0165 dohodu medzi sporn\u00fdmi stranami zlyhal. Z&nbsp;ob\u00e1v pred vypuknut\u00edm vojny v&nbsp;Eur\u00f3pe navrhli Lond\u00fdn i&nbsp;Par\u00ed\u017e zvolanie medzin\u00e1rodn\u00e9ho summitu.<\/p>\n<p style=\"text-align: justify;\">D\u0148a 29. septembra 1938 sa v&nbsp;Mn\u00edchove za\u010dala konferencia najvy\u0161\u0161\u00edch predstavite\u013eov vl\u00e1d \u0161tyroch mocnost\u00ed \u2013 Nemecka (Adolf Hitler), Talianska (Benito Mussolini), Ve\u013ekej Brit\u00e1nie (Neville Chamberlain) a&nbsp;Franc\u00fazska (\u00c9douard Daladier). Sovietsky zv\u00e4z nebol na jednania prizvan\u00fd. \u010ceskoslovensk\u00e1 deleg\u00e1cia nemohla do priebehu konferencie zasiahnu\u0165 a&nbsp;o\u010dak\u00e1vala rezult\u00e1t v&nbsp;mn\u00edchovskom hoteli Regina. Fin\u00e1lny dokument, znamenaj\u00faci odst\u00fapenie pohrani\u010dn\u00fdch oblast\u00ed v&nbsp;prospech Nemecka, bol signovan\u00fd kr\u00e1tko po odbit\u00ed polnoci 30. septembra 1938. Praha sa bez podpory spojencov nemohla efekt\u00edvne br\u00e1ni\u0165 a nemala in\u00e9 v\u00fdchodisko ako prija\u0165 dikt\u00e1t \u0161tyroch mocnost\u00ed. Lond\u00fdn a&nbsp;Par\u00ed\u017e takto obetovali \u010fal\u0161\u00ed \u0161t\u00e1t, pri\u010dom naivne d\u00f4verovali pr\u00eds\u013eubu nacistov, \u017ee i\u0161lo o&nbsp;ich posledn\u00fa \u00fazemn\u00fa po\u017eiadavku. Franc\u00fazsky bezpe\u010dnostn\u00fd syst\u00e9m sa definit\u00edvne rozpadol. Nemecko a&nbsp;Taliansko z\u00edskali mocensk\u00fd monopol v&nbsp;strednej a&nbsp;juhov\u00fdchodnej Eur\u00f3pe. V d\u00f4sledku <em>Mn\u00edchovej dohody<\/em> stratila republika cirka 20&nbsp;% svojho \u00fazemia (28 639 km<sup>2<\/sup>), na ktorom pod\u013ea \u00fadajov z&nbsp;posledn\u00e9ho riadneho s\u010d\u00edtania \u013eudu z&nbsp;roku 1930 s\u00eddlilo 24,7 % popul\u00e1cie (3 635 970 os\u00f4b). Popritom skon\u010dili v&nbsp;nemeckom z\u00e1bore nielen obrann\u00e9 opevnenia, ale takmer cel\u00e1 uho\u013en\u00e1 z\u00e1klad\u0148a \u010di ve\u013ek\u00e1 \u010das\u0165 vyspel\u00e9ho priemyslu, dopravnej infra\u0161trukt\u00fary, lesov a&nbsp;ornej p\u00f4dy. Adolf Hitler nebol s t\u00fdmto v\u00fdsledkom paradoxne spokojn\u00fd, ke\u010f\u017ee bol pripraven\u00fd na&nbsp;v\u00ed\u0165azn\u00fa vojnu a&nbsp;zisk cel\u00e9ho \u010ceskoslovenska.<\/p>\t\t\t\t\t\t\t\t<\/div>\n\t\t\t\t<\/div>\n\t\t\t\t\t<\/div>\n\t\t<\/div>\n\t\t\t\t\t<\/div>\n\t\t<\/section>\n\t\t\t\t\t<\/div>\n\t\t<\/div>\n\t\t\t\t\t<\/div>\n\t\t<\/section>\n\t\t\t\t<\/div>\n\t\t","protected":false},"excerpt":{"rendered":"<p>Kapitoly z dej\u00edn Slovenska 1740 \u2013 1945 Mn\u00edchovsk\u00e1 dohoda Svoj z\u00e1mer ovl\u00e1dnu\u0165 Rak\u00fasko a&nbsp;rozbi\u0165 \u010ceskoslovensko formuloval Adolf Hitler u\u017e 5. novembra 1937 na stretnut\u00ed s&nbsp;predstavite\u013emi ozbrojen\u00fdch s\u00edl a&nbsp;Zahrani\u010dn\u00e9ho \u00faradu. Vych\u00e1dzal z predpokladu, \u017ee Ve\u013ek\u00e1 Brit\u00e1nia, Franc\u00fazsko a&nbsp;ani Sovietsky zv\u00e4z nezasiahnu. Jeho kalkul podporila aj novembrov\u00e1 n\u00e1v\u0161teva lorda Edwarda Wooda (zn\u00e1mej\u0161\u00ed ako lord Halifax) v&nbsp;Berchtesgadene. Po\u010das [&hellip;]<\/p>\n","protected":false},"author":3,"featured_media":0,"parent":0,"menu_order":0,"comment_status":"closed","ping_status":"closed","template":"","meta":{"footnotes":""},"class_list":["post-2573","page","type-page","status-publish","hentry"],"_links":{"self":[{"href":"https:\/\/e-ucebnice.ff.ucm.sk\/index.php\/wp-json\/wp\/v2\/pages\/2573","targetHints":{"allow":["GET"]}}],"collection":[{"href":"https:\/\/e-ucebnice.ff.ucm.sk\/index.php\/wp-json\/wp\/v2\/pages"}],"about":[{"href":"https:\/\/e-ucebnice.ff.ucm.sk\/index.php\/wp-json\/wp\/v2\/types\/page"}],"author":[{"embeddable":true,"href":"https:\/\/e-ucebnice.ff.ucm.sk\/index.php\/wp-json\/wp\/v2\/users\/3"}],"replies":[{"embeddable":true,"href":"https:\/\/e-ucebnice.ff.ucm.sk\/index.php\/wp-json\/wp\/v2\/comments?post=2573"}],"version-history":[{"count":7,"href":"https:\/\/e-ucebnice.ff.ucm.sk\/index.php\/wp-json\/wp\/v2\/pages\/2573\/revisions"}],"predecessor-version":[{"id":7310,"href":"https:\/\/e-ucebnice.ff.ucm.sk\/index.php\/wp-json\/wp\/v2\/pages\/2573\/revisions\/7310"}],"wp:attachment":[{"href":"https:\/\/e-ucebnice.ff.ucm.sk\/index.php\/wp-json\/wp\/v2\/media?parent=2573"}],"curies":[{"name":"wp","href":"https:\/\/api.w.org\/{rel}","templated":true}]}}