{"id":2577,"date":"2023-03-02T10:39:57","date_gmt":"2023-03-02T09:39:57","guid":{"rendered":"https:\/\/e-ucebnice.ff.ucm.sk\/?page_id=2577"},"modified":"2023-03-02T10:54:25","modified_gmt":"2023-03-02T09:54:25","slug":"kapitoly-z-dejin-slovenska-9-5","status":"publish","type":"page","link":"https:\/\/e-ucebnice.ff.ucm.sk\/index.php\/kapitoly-z-dejin-slovenska-9-5\/","title":{"rendered":"Kapitoly z dej\u00edn Slovenska-9-5"},"content":{"rendered":"\t\t<div data-elementor-type=\"wp-page\" data-elementor-id=\"2577\" class=\"elementor elementor-2577\" data-elementor-post-type=\"page\">\n\t\t\t\t\t\t<section class=\"elementor-section elementor-top-section elementor-element elementor-element-1084eb0 elementor-section-height-min-height elementor-section-boxed elementor-section-height-default elementor-section-items-middle\" data-id=\"1084eb0\" data-element_type=\"section\" data-settings=\"{&quot;background_background&quot;:&quot;classic&quot;}\">\n\t\t\t\t\t\t\t<div class=\"elementor-background-overlay\"><\/div>\n\t\t\t\t\t\t\t<div class=\"elementor-container elementor-column-gap-default\">\n\t\t\t\t\t<div class=\"elementor-column elementor-col-100 elementor-top-column elementor-element elementor-element-0443812\" data-id=\"0443812\" data-element_type=\"column\">\n\t\t\t<div class=\"elementor-widget-wrap elementor-element-populated\">\n\t\t\t\t\t\t<div class=\"elementor-element elementor-element-6a5b956 elementor-widget elementor-widget-heading\" data-id=\"6a5b956\" data-element_type=\"widget\" data-widget_type=\"heading.default\">\n\t\t\t\t<div class=\"elementor-widget-container\">\n\t\t\t\t\t<h1 class=\"elementor-heading-title elementor-size-default\">Kapitoly z dej\u00edn Slovenska 1740 \u2013 1945<\/h1>\t\t\t\t<\/div>\n\t\t\t\t<\/div>\n\t\t\t\t\t<\/div>\n\t\t<\/div>\n\t\t\t\t\t<\/div>\n\t\t<\/section>\n\t\t\t\t<section class=\"elementor-section elementor-top-section elementor-element elementor-element-2858d6f elementor-section-boxed elementor-section-height-default elementor-section-height-default\" data-id=\"2858d6f\" data-element_type=\"section\">\n\t\t\t\t\t\t<div class=\"elementor-container elementor-column-gap-default\">\n\t\t\t\t\t<div class=\"elementor-column elementor-col-100 elementor-top-column elementor-element elementor-element-e63bd34\" data-id=\"e63bd34\" data-element_type=\"column\">\n\t\t\t<div class=\"elementor-widget-wrap elementor-element-populated\">\n\t\t\t\t\t\t<section class=\"elementor-section elementor-inner-section elementor-element elementor-element-0b79421 elementor-section-boxed elementor-section-height-default elementor-section-height-default\" data-id=\"0b79421\" data-element_type=\"section\">\n\t\t\t\t\t\t<div class=\"elementor-container elementor-column-gap-default\">\n\t\t\t\t\t<div class=\"elementor-column elementor-col-100 elementor-inner-column elementor-element elementor-element-bb0ded5\" data-id=\"bb0ded5\" data-element_type=\"column\">\n\t\t\t<div class=\"elementor-widget-wrap elementor-element-populated\">\n\t\t\t\t\t\t<div class=\"elementor-element elementor-element-759b076 elementor-widget elementor-widget-heading\" data-id=\"759b076\" data-element_type=\"widget\" data-widget_type=\"heading.default\">\n\t\t\t\t<div class=\"elementor-widget-container\">\n\t\t\t\t\t<h3 class=\"elementor-heading-title elementor-size-default\">Dobov\u00e9 materi\u00e1ly a cit\u00e1ty<\/h3>\t\t\t\t<\/div>\n\t\t\t\t<\/div>\n\t\t\t\t<div class=\"elementor-element elementor-element-5aa9d5d elementor-widget elementor-widget-text-editor\" data-id=\"5aa9d5d\" data-element_type=\"widget\" data-widget_type=\"text-editor.default\">\n\t\t\t\t<div class=\"elementor-widget-container\">\n\t\t\t\t\t\t\t\t\t<p style=\"text-align: justify;\">Ozn\u00e1menie v\u00fdsledkov jednan\u00ed v\u00a0Mn\u00edchove \u010deskoslovenskej deleg\u00e1cii pod\u013ea svedectva jej \u010dlena Huberta Masa\u0159\u00edka, 29. \u2013 30. september 1938:<\/p><p style=\"text-align: justify;\"><em>\u201e<\/em><em>Na\u0161e letadlo odlet\u011blo z Ruzyn\u011b ve t\u0159i hodiny<\/em> [29. septembra 1938]<em>, za hodinu dvacet jsme byli v Mnichov\u011b. P\u0159iv\u00edt\u00e1n\u00ed na leti\u0161ti m\u011blo r\u00e1z p\u0159ev\u00e1\u017en\u011b policejn\u00ed. Policejn\u00edm autem za doprovodu \u010dlen\u016f Gestapa jsme byli odvezeni do hotelu Regina, kde byla tak\u00e9 ubytov\u00e1na delegace anglick\u00e1. Pon\u011bvad\u017e konference byla ji\u017e v pln\u00e9m proudu, bylo n\u00e1m t\u011b\u017eko vstoupit ve styk s vedouc\u00edmi \u010dleny delegace francouzsk\u00e9 a anglick\u00e9; p\u0159ece v\u0161ak jsem vyvolal telefonem z konference nap\u0159ed Rochata, pak Gwatkina. Tento mi \u0159ekl, \u017ee ihned mus\u00ed se mnou mluvit v hotelu. Prvou sch\u016fzku s n\u00edm jsem m\u011bl v sedm hodin v na\u0161em hotelu. Gwatkin byl velmi rozechv\u011bn a velice skoup\u00fd na slovo. Z jeho rezervovan\u00fdch pozn\u00e1mek jsem rozum\u011bl, \u017ee n\u011bjak\u00fd pl\u00e1n, jeho\u017e obsah mi nemohl Gwatkin zat\u00edm prozradit, je ji\u017e z v\u011bt\u0161iny hotov a \u017ee tento pl\u00e1n je daleko hor\u0161\u00ed ne\u017e anglo-francouzsk\u00e9 n\u00e1vrhy. Vysv\u011btlil jsem mu na na\u0161\u00ed \u010derven\u00e9 map\u011b v\u0161echny na\u0161e skute\u010dn\u00e9 \u017eivotn\u00ed z\u00e1jmy, jevil porozum\u011bn\u00ed pro ot\u00e1zku kulo\u00e1ru, kde\u017eto o druh\u00e9 v\u011bci u\u017e se nestaral&#8230; Gwatkin opakoval, \u017ee nev\u00edm, jak je situace t\u011b\u017ek\u00e1 pro z\u00e1padn\u00ed velmoci, a \u017ee nech\u00e1pu, jak je t\u011b\u017eko jednat s\u00a0Hitlerem&#8230;<\/em><\/p><p style=\"text-align: justify;\"><em>V jednu hodinu t\u0159icet <\/em>[30. septembra 1938 po polnoci]<em> byli jsme zavol\u00e1n\u00ed do konferen\u010dn\u00edho pokoje, kde byli Neville Chamberlain, Daladier, Sir Horace Wilson, L\u00e9ger, Gwatkin, Mastn\u00fd a\u00a0j\u00e1. N\u00e1lada t\u00ed\u017eiv\u00e1, chv\u00edle rozsudku. Francouzi z\u0159ejm\u011b zar\u00e1\u017een\u00ed u\u00a0v\u011bdom\u00ed toho, co to znamen\u00e1 pro francouzskou presti\u017e. Chamberlain&#8230; dal vyslanci Mastn\u00e9mu p\u0159e\u010d\u00edsti nahlas text dohody&#8230; Zat\u00edm co vyslanec Mastn\u00fd mluvil s\u00a0Chamberlainem o\u00a0men\u0161\u00edch detailech, (Chamberlain neust\u00e1le z\u00edval bez rozpak\u016f), ptal jsem se Daladiera a\u00a0L\u00e9gera, zda o\u010dek\u00e1vaj\u00ed n\u011bjak\u00e9 vyj\u00e1d\u0159en\u00ed nebo odpov\u011b\u010f na\u0161\u00ed vl\u00e1dy na p\u0159edlo\u017eenou n\u00e1m dohodu. Daladier \u2013 z\u0159ejm\u011b v\u00a0rozpac\u00edch \u2013 neodpov\u00eddal, zato L\u00e9ger s\u00a0pozn\u00e1mkou&#8230; \u017ee \u017e\u00e1dn\u00e9 na\u0161e odpov\u011bdi ji\u017e neo\u010dek\u00e1vaj\u00ed, \u017ee to pova\u017euj\u00ed ov\u0161em za p\u0159ijato&#8230; Situace st\u00e1vala se ji\u017e skute\u010dn\u011b t\u00ed\u017eivou pro v\u0161echny p\u0159\u00edtomn\u00e9, n\u00e1m bylo dostate\u010dn\u011b brut\u00e1ln\u011b vysv\u011btleno a\u00a0to Francouzem, \u017ee je to rozsudek bez odvolan\u00ed a\u00a0bez mo\u017enosti oprav. Chamberlain d\u00e1val z\u0159eteln\u011b najevo svoji \u00fanavu; text byl p\u0159e\u010dten, byla n\u00e1m odevzdan\u00e1 druh\u00e1, lehce opraven\u00e1 mapa, my se rozlou\u010dili a\u00a0\u0161li. \u010ceskoslovensk\u00e1 republika v\u00a0hranic\u00edch z\u00a0roku 1918 p\u0159estala existovat&#8230;\u201c<\/em><\/p><p style=\"text-align: justify;\"><strong>Zdroj:<\/strong> \u0160AMBERGER, Zden\u011bk (ed.). <em>Mnichov 1938 v \u0159e\u010di archivn\u00edch dokument\u016f<\/em>. Praha: St\u00e1tn\u00ed \u00fast\u0159edn\u00ed archiv, s. 167-168.<\/p>\t\t\t\t\t\t\t\t<\/div>\n\t\t\t\t<\/div>\n\t\t\t\t\t<\/div>\n\t\t<\/div>\n\t\t\t\t\t<\/div>\n\t\t<\/section>\n\t\t\t\t\t<\/div>\n\t\t<\/div>\n\t\t\t\t\t<\/div>\n\t\t<\/section>\n\t\t\t\t<\/div>\n\t\t","protected":false},"excerpt":{"rendered":"<p>Kapitoly z dej\u00edn Slovenska 1740 \u2013 1945 Dobov\u00e9 materi\u00e1ly a cit\u00e1ty Ozn\u00e1menie v\u00fdsledkov jednan\u00ed v\u00a0Mn\u00edchove \u010deskoslovenskej deleg\u00e1cii pod\u013ea svedectva jej \u010dlena Huberta Masa\u0159\u00edka, 29. \u2013 30. september 1938: \u201eNa\u0161e letadlo odlet\u011blo z Ruzyn\u011b ve t\u0159i hodiny [29. septembra 1938], za hodinu dvacet jsme byli v Mnichov\u011b. P\u0159iv\u00edt\u00e1n\u00ed na leti\u0161ti m\u011blo r\u00e1z p\u0159ev\u00e1\u017en\u011b policejn\u00ed. Policejn\u00edm autem [&hellip;]<\/p>\n","protected":false},"author":3,"featured_media":0,"parent":0,"menu_order":0,"comment_status":"closed","ping_status":"closed","template":"","meta":{"footnotes":""},"class_list":["post-2577","page","type-page","status-publish","hentry"],"_links":{"self":[{"href":"https:\/\/e-ucebnice.ff.ucm.sk\/index.php\/wp-json\/wp\/v2\/pages\/2577","targetHints":{"allow":["GET"]}}],"collection":[{"href":"https:\/\/e-ucebnice.ff.ucm.sk\/index.php\/wp-json\/wp\/v2\/pages"}],"about":[{"href":"https:\/\/e-ucebnice.ff.ucm.sk\/index.php\/wp-json\/wp\/v2\/types\/page"}],"author":[{"embeddable":true,"href":"https:\/\/e-ucebnice.ff.ucm.sk\/index.php\/wp-json\/wp\/v2\/users\/3"}],"replies":[{"embeddable":true,"href":"https:\/\/e-ucebnice.ff.ucm.sk\/index.php\/wp-json\/wp\/v2\/comments?post=2577"}],"version-history":[{"count":4,"href":"https:\/\/e-ucebnice.ff.ucm.sk\/index.php\/wp-json\/wp\/v2\/pages\/2577\/revisions"}],"predecessor-version":[{"id":2608,"href":"https:\/\/e-ucebnice.ff.ucm.sk\/index.php\/wp-json\/wp\/v2\/pages\/2577\/revisions\/2608"}],"wp:attachment":[{"href":"https:\/\/e-ucebnice.ff.ucm.sk\/index.php\/wp-json\/wp\/v2\/media?parent=2577"}],"curies":[{"name":"wp","href":"https:\/\/api.w.org\/{rel}","templated":true}]}}