{"id":2581,"date":"2023-03-02T10:40:48","date_gmt":"2023-03-02T09:40:48","guid":{"rendered":"https:\/\/e-ucebnice.ff.ucm.sk\/?page_id=2581"},"modified":"2023-03-02T10:56:37","modified_gmt":"2023-03-02T09:56:37","slug":"kapitoly-z-dejin-slovenska-9-7","status":"publish","type":"page","link":"https:\/\/e-ucebnice.ff.ucm.sk\/index.php\/kapitoly-z-dejin-slovenska-9-7\/","title":{"rendered":"Kapitoly z dej\u00edn Slovenska-9-7"},"content":{"rendered":"\t\t<div data-elementor-type=\"wp-page\" data-elementor-id=\"2581\" class=\"elementor elementor-2581\" data-elementor-post-type=\"page\">\n\t\t\t\t\t\t<section class=\"elementor-section elementor-top-section elementor-element elementor-element-1084eb0 elementor-section-height-min-height elementor-section-boxed elementor-section-height-default elementor-section-items-middle\" data-id=\"1084eb0\" data-element_type=\"section\" data-settings=\"{&quot;background_background&quot;:&quot;classic&quot;}\">\n\t\t\t\t\t\t\t<div class=\"elementor-background-overlay\"><\/div>\n\t\t\t\t\t\t\t<div class=\"elementor-container elementor-column-gap-default\">\n\t\t\t\t\t<div class=\"elementor-column elementor-col-100 elementor-top-column elementor-element elementor-element-0443812\" data-id=\"0443812\" data-element_type=\"column\">\n\t\t\t<div class=\"elementor-widget-wrap elementor-element-populated\">\n\t\t\t\t\t\t<div class=\"elementor-element elementor-element-6a5b956 elementor-widget elementor-widget-heading\" data-id=\"6a5b956\" data-element_type=\"widget\" data-widget_type=\"heading.default\">\n\t\t\t\t<div class=\"elementor-widget-container\">\n\t\t\t\t\t<h1 class=\"elementor-heading-title elementor-size-default\">Kapitoly z dej\u00edn Slovenska 1740 \u2013 1945<\/h1>\t\t\t\t<\/div>\n\t\t\t\t<\/div>\n\t\t\t\t\t<\/div>\n\t\t<\/div>\n\t\t\t\t\t<\/div>\n\t\t<\/section>\n\t\t\t\t<section class=\"elementor-section elementor-top-section elementor-element elementor-element-2858d6f elementor-section-boxed elementor-section-height-default elementor-section-height-default\" data-id=\"2858d6f\" data-element_type=\"section\">\n\t\t\t\t\t\t<div class=\"elementor-container elementor-column-gap-default\">\n\t\t\t\t\t<div class=\"elementor-column elementor-col-100 elementor-top-column elementor-element elementor-element-e63bd34\" data-id=\"e63bd34\" data-element_type=\"column\">\n\t\t\t<div class=\"elementor-widget-wrap elementor-element-populated\">\n\t\t\t\t\t\t<section class=\"elementor-section elementor-inner-section elementor-element elementor-element-0b79421 elementor-section-boxed elementor-section-height-default elementor-section-height-default\" data-id=\"0b79421\" data-element_type=\"section\">\n\t\t\t\t\t\t<div class=\"elementor-container elementor-column-gap-default\">\n\t\t\t\t\t<div class=\"elementor-column elementor-col-100 elementor-inner-column elementor-element elementor-element-bb0ded5\" data-id=\"bb0ded5\" data-element_type=\"column\">\n\t\t\t<div class=\"elementor-widget-wrap elementor-element-populated\">\n\t\t\t\t\t\t<div class=\"elementor-element elementor-element-759b076 elementor-widget elementor-widget-heading\" data-id=\"759b076\" data-element_type=\"widget\" data-widget_type=\"heading.default\">\n\t\t\t\t<div class=\"elementor-widget-container\">\n\t\t\t\t\t<h3 class=\"elementor-heading-title elementor-size-default\">Dopl\u0148uj\u00faca literat\u00fara<\/h3>\t\t\t\t<\/div>\n\t\t\t\t<\/div>\n\t\t\t\t<div class=\"elementor-element elementor-element-5aa9d5d elementor-widget elementor-widget-text-editor\" data-id=\"5aa9d5d\" data-element_type=\"widget\" data-widget_type=\"text-editor.default\">\n\t\t\t\t<div class=\"elementor-widget-container\">\n\t\t\t\t\t\t\t\t\t<ol><li style=\"text-align: justify;\">FEREN\u010cUHOV\u00c1, Bohumila \u2013 ZEMKO, Milan (eds.). <em>Slovensko v 20. storo\u010d\u00ed. V medzivojnovom \u010ceskoslovensku 1918 \u2013 1945.<\/em> Bratislava: VEDA, 2012, 543 s. \u2013 Odborn\u00e9 dielo popredn\u00fdch slovensk\u00fdch histori\u010diek a\u00a0historikov. Obsahovo venovan\u00e9 politick\u00fdm, vojensk\u00fdm, hospod\u00e1rskym, soci\u00e1lnym, \u0161kolsk\u00fdm a\u00a0kult\u00farnym dejin\u00e1m Slovenska v\u00a0r\u00e1mci medzivojnovej republiky.<\/li><li style=\"text-align: justify;\">N\u00c1LEVKA, Vladim\u00edr. <em>Sv\u011btov\u00e1 politika ve 20. stolet\u00ed I<\/em>. Praha: Nakladatelstv\u00ed Ale\u0161 Sk\u0159ivan ml., 2000, 270 s. \u2013 Publik\u00e1cia vhodn\u00e1 najm\u00e4 pre vysoko\u0161kolsk\u00fdch \u0161tudentov historick\u00e9ho a\u00a0dejepisn\u00e9ho zamerania. Okrem in\u00e9ho obsahuje kapitoly zameran\u00e9 na nacistick\u00fa expanziu v\u00a0strednej Eur\u00f3pe.<\/li><li style=\"text-align: justify;\">N\u011aME\u010cEK, Jan. <em>Mnichovsk\u00e1 dohoda \u2013 cesta k\u00a0destrukci demokracie v\u00a0Evrop\u011b<\/em>. Praha: Karolinum, 2004, 389 s. \u2013 Zborn\u00edk kriticky zhodnocuje a\u00a0z\u00a0r\u00f4znych uhlov poh\u013eadu analyzuje mn\u00edchovsk\u00e9 udalosti. Obsahuje 27 preva\u017ene zahrani\u010dn\u00fdch vedeck\u00fdch pr\u00edspevkov.<\/li><\/ol>\t\t\t\t\t\t\t\t<\/div>\n\t\t\t\t<\/div>\n\t\t\t\t\t<\/div>\n\t\t<\/div>\n\t\t\t\t\t<\/div>\n\t\t<\/section>\n\t\t\t\t\t<\/div>\n\t\t<\/div>\n\t\t\t\t\t<\/div>\n\t\t<\/section>\n\t\t\t\t<\/div>\n\t\t","protected":false},"excerpt":{"rendered":"<p>Kapitoly z dej\u00edn Slovenska 1740 \u2013 1945 Dopl\u0148uj\u00faca literat\u00fara FEREN\u010cUHOV\u00c1, Bohumila \u2013 ZEMKO, Milan (eds.). Slovensko v 20. storo\u010d\u00ed. V medzivojnovom \u010ceskoslovensku 1918 \u2013 1945. Bratislava: VEDA, 2012, 543 s. \u2013 Odborn\u00e9 dielo popredn\u00fdch slovensk\u00fdch histori\u010diek a\u00a0historikov. Obsahovo venovan\u00e9 politick\u00fdm, vojensk\u00fdm, hospod\u00e1rskym, soci\u00e1lnym, \u0161kolsk\u00fdm a\u00a0kult\u00farnym dejin\u00e1m Slovenska v\u00a0r\u00e1mci medzivojnovej republiky. N\u00c1LEVKA, Vladim\u00edr. Sv\u011btov\u00e1 politika ve [&hellip;]<\/p>\n","protected":false},"author":3,"featured_media":0,"parent":0,"menu_order":0,"comment_status":"closed","ping_status":"closed","template":"","meta":{"footnotes":""},"class_list":["post-2581","page","type-page","status-publish","hentry"],"_links":{"self":[{"href":"https:\/\/e-ucebnice.ff.ucm.sk\/index.php\/wp-json\/wp\/v2\/pages\/2581","targetHints":{"allow":["GET"]}}],"collection":[{"href":"https:\/\/e-ucebnice.ff.ucm.sk\/index.php\/wp-json\/wp\/v2\/pages"}],"about":[{"href":"https:\/\/e-ucebnice.ff.ucm.sk\/index.php\/wp-json\/wp\/v2\/types\/page"}],"author":[{"embeddable":true,"href":"https:\/\/e-ucebnice.ff.ucm.sk\/index.php\/wp-json\/wp\/v2\/users\/3"}],"replies":[{"embeddable":true,"href":"https:\/\/e-ucebnice.ff.ucm.sk\/index.php\/wp-json\/wp\/v2\/comments?post=2581"}],"version-history":[{"count":4,"href":"https:\/\/e-ucebnice.ff.ucm.sk\/index.php\/wp-json\/wp\/v2\/pages\/2581\/revisions"}],"predecessor-version":[{"id":2614,"href":"https:\/\/e-ucebnice.ff.ucm.sk\/index.php\/wp-json\/wp\/v2\/pages\/2581\/revisions\/2614"}],"wp:attachment":[{"href":"https:\/\/e-ucebnice.ff.ucm.sk\/index.php\/wp-json\/wp\/v2\/media?parent=2581"}],"curies":[{"name":"wp","href":"https:\/\/api.w.org\/{rel}","templated":true}]}}