{"id":2619,"date":"2023-03-02T10:59:11","date_gmt":"2023-03-02T09:59:11","guid":{"rendered":"https:\/\/e-ucebnice.ff.ucm.sk\/?page_id=2619"},"modified":"2023-03-02T11:08:40","modified_gmt":"2023-03-02T10:08:40","slug":"kapitoly-z-dejin-slovenska-10-3","status":"publish","type":"page","link":"https:\/\/e-ucebnice.ff.ucm.sk\/index.php\/kapitoly-z-dejin-slovenska-10-3\/","title":{"rendered":"Kapitoly z dej\u00edn Slovenska-10-3"},"content":{"rendered":"\t\t<div data-elementor-type=\"wp-page\" data-elementor-id=\"2619\" class=\"elementor elementor-2619\" data-elementor-post-type=\"page\">\n\t\t\t\t\t\t<section class=\"elementor-section elementor-top-section elementor-element elementor-element-1084eb0 elementor-section-height-min-height elementor-section-boxed elementor-section-height-default elementor-section-items-middle\" data-id=\"1084eb0\" data-element_type=\"section\" data-settings=\"{&quot;background_background&quot;:&quot;classic&quot;}\">\n\t\t\t\t\t\t\t<div class=\"elementor-background-overlay\"><\/div>\n\t\t\t\t\t\t\t<div class=\"elementor-container elementor-column-gap-default\">\n\t\t\t\t\t<div class=\"elementor-column elementor-col-100 elementor-top-column elementor-element elementor-element-0443812\" data-id=\"0443812\" data-element_type=\"column\">\n\t\t\t<div class=\"elementor-widget-wrap elementor-element-populated\">\n\t\t\t\t\t\t<div class=\"elementor-element elementor-element-6a5b956 elementor-widget elementor-widget-heading\" data-id=\"6a5b956\" data-element_type=\"widget\" data-widget_type=\"heading.default\">\n\t\t\t\t<div class=\"elementor-widget-container\">\n\t\t\t\t\t<h1 class=\"elementor-heading-title elementor-size-default\">Kapitoly z dej\u00edn Slovenska 1740 \u2013 1945<\/h1>\t\t\t\t<\/div>\n\t\t\t\t<\/div>\n\t\t\t\t\t<\/div>\n\t\t<\/div>\n\t\t\t\t\t<\/div>\n\t\t<\/section>\n\t\t\t\t<section class=\"elementor-section elementor-top-section elementor-element elementor-element-2858d6f elementor-section-boxed elementor-section-height-default elementor-section-height-default\" data-id=\"2858d6f\" data-element_type=\"section\">\n\t\t\t\t\t\t<div class=\"elementor-container elementor-column-gap-default\">\n\t\t\t\t\t<div class=\"elementor-column elementor-col-100 elementor-top-column elementor-element elementor-element-e63bd34\" data-id=\"e63bd34\" data-element_type=\"column\">\n\t\t\t<div class=\"elementor-widget-wrap elementor-element-populated\">\n\t\t\t\t\t\t<section class=\"elementor-section elementor-inner-section elementor-element elementor-element-0b79421 elementor-section-boxed elementor-section-height-default elementor-section-height-default\" data-id=\"0b79421\" data-element_type=\"section\">\n\t\t\t\t\t\t<div class=\"elementor-container elementor-column-gap-default\">\n\t\t\t\t\t<div class=\"elementor-column elementor-col-100 elementor-inner-column elementor-element elementor-element-bb0ded5\" data-id=\"bb0ded5\" data-element_type=\"column\">\n\t\t\t<div class=\"elementor-widget-wrap elementor-element-populated\">\n\t\t\t\t\t\t<div class=\"elementor-element elementor-element-759b076 elementor-widget elementor-widget-heading\" data-id=\"759b076\" data-element_type=\"widget\" data-widget_type=\"heading.default\">\n\t\t\t\t<div class=\"elementor-widget-container\">\n\t\t\t\t\t<h3 class=\"elementor-heading-title elementor-size-default\">Dobov\u00e9 materi\u00e1ly a cit\u00e1ty:<\/h3>\t\t\t\t<\/div>\n\t\t\t\t<\/div>\n\t\t\t\t<div class=\"elementor-element elementor-element-5aa9d5d elementor-widget elementor-widget-text-editor\" data-id=\"5aa9d5d\" data-element_type=\"widget\" data-widget_type=\"text-editor.default\">\n\t\t\t\t<div class=\"elementor-widget-container\">\n\t\t\t\t\t\t\t\t\t<p style=\"text-align: justify;\">\u00daryvok z listu \u010deskej firmy Jaroslav Toma\u0161ek, so s\u00eddlom vo Zvolene, adresovan\u00e9ho <em>Obchodnej a\u00a0priemyselnej komore v\u00a0Banskej Bystrici<\/em>, o\u00a0obav\u00e1ch zo z\u00e1kazu \u010dinnosti pre \u010desk\u00fdch podnikate\u013eov, 7. december 1938:<\/p><p style=\"text-align: justify;\"><em>\u201eAko \u010dlen Va\u0161ej komory obraciam sa na V\u00e1s zo zdvorilou \u017eiados\u0165ou, aby ste podali, pokia\u013e V\u00e1m je to je mo\u017en\u00e9, vysvetlenie v\u00a0nasleduj\u00facej veci: Jedn\u00e1 sa mi o\u00a0to, \u010di ako \u010desk\u00fd podnikate\u013e m\u00f4\u017eem dnes i\u00a0v\u00a0bud\u00facnosti r\u00e1ta\u0165 i\u00a0na\u010falej, \u017ee m\u00f4\u017eem tu na Slovensku podnika\u0165 a\u00a0obchodne pracova\u0165&#8230; Je mi zn\u00e1ma vyhl\u00e1\u0161ka bratislavskej vl\u00e1dy o\u00a0zaru\u010denom vo\u013enom podnikan\u00ed. Na druhej strane stavia sa ot\u00e1zka \u010desk\u00e1 s ot\u00e1zkou \u017eidovskou do jedn\u00e9ho radu. S\u00fa prejavy verejn\u00fdch \u010dinite\u013eov, \u017ee na Slovensku sa nem\u00f4\u017ee \u010falej v hospod\u00e1rskom \u017eivote uplatni\u0165 \u017eivel neslovensk\u00fd, \u010falej, \u017ee sa energicky vyrie\u0161i ot\u00e1zka \u017eidovsk\u00e1 a \u010desk\u00e1. \u010cesk\u00e9 podnikanie je teda stavan\u00e9 na \u00farove\u0148 \u017eidovsk\u00e9mu a je preto ne\u017eiad\u00face?\u201c<\/em><\/p><p style=\"text-align: justify;\"><strong>Zdroj:<\/strong> Slovensk\u00fd n\u00e1rodn\u00fd arch\u00edv v\u00a0Bratislave, fond Ministerstvo hospod\u00e1rstva, inv. \u010d. 32, \u0161k. 386, \u010cesk\u00e1 ot\u00e1zka \u2013 hospod\u00e1rska politika, 7. dec. 1938.<\/p>\t\t\t\t\t\t\t\t<\/div>\n\t\t\t\t<\/div>\n\t\t\t\t\t<\/div>\n\t\t<\/div>\n\t\t\t\t\t<\/div>\n\t\t<\/section>\n\t\t\t\t\t<\/div>\n\t\t<\/div>\n\t\t\t\t\t<\/div>\n\t\t<\/section>\n\t\t\t\t<\/div>\n\t\t","protected":false},"excerpt":{"rendered":"<p>Kapitoly z dej\u00edn Slovenska 1740 \u2013 1945 Dobov\u00e9 materi\u00e1ly a cit\u00e1ty: \u00daryvok z listu \u010deskej firmy Jaroslav Toma\u0161ek, so s\u00eddlom vo Zvolene, adresovan\u00e9ho Obchodnej a\u00a0priemyselnej komore v\u00a0Banskej Bystrici, o\u00a0obav\u00e1ch zo z\u00e1kazu \u010dinnosti pre \u010desk\u00fdch podnikate\u013eov, 7. december 1938: \u201eAko \u010dlen Va\u0161ej komory obraciam sa na V\u00e1s zo zdvorilou \u017eiados\u0165ou, aby ste podali, pokia\u013e V\u00e1m je [&hellip;]<\/p>\n","protected":false},"author":3,"featured_media":0,"parent":0,"menu_order":0,"comment_status":"closed","ping_status":"closed","template":"","meta":{"footnotes":""},"class_list":["post-2619","page","type-page","status-publish","hentry"],"_links":{"self":[{"href":"https:\/\/e-ucebnice.ff.ucm.sk\/index.php\/wp-json\/wp\/v2\/pages\/2619","targetHints":{"allow":["GET"]}}],"collection":[{"href":"https:\/\/e-ucebnice.ff.ucm.sk\/index.php\/wp-json\/wp\/v2\/pages"}],"about":[{"href":"https:\/\/e-ucebnice.ff.ucm.sk\/index.php\/wp-json\/wp\/v2\/types\/page"}],"author":[{"embeddable":true,"href":"https:\/\/e-ucebnice.ff.ucm.sk\/index.php\/wp-json\/wp\/v2\/users\/3"}],"replies":[{"embeddable":true,"href":"https:\/\/e-ucebnice.ff.ucm.sk\/index.php\/wp-json\/wp\/v2\/comments?post=2619"}],"version-history":[{"count":4,"href":"https:\/\/e-ucebnice.ff.ucm.sk\/index.php\/wp-json\/wp\/v2\/pages\/2619\/revisions"}],"predecessor-version":[{"id":2642,"href":"https:\/\/e-ucebnice.ff.ucm.sk\/index.php\/wp-json\/wp\/v2\/pages\/2619\/revisions\/2642"}],"wp:attachment":[{"href":"https:\/\/e-ucebnice.ff.ucm.sk\/index.php\/wp-json\/wp\/v2\/media?parent=2619"}],"curies":[{"name":"wp","href":"https:\/\/api.w.org\/{rel}","templated":true}]}}