{"id":2623,"date":"2023-03-02T10:59:59","date_gmt":"2023-03-02T09:59:59","guid":{"rendered":"https:\/\/e-ucebnice.ff.ucm.sk\/?page_id=2623"},"modified":"2023-05-16T13:58:34","modified_gmt":"2023-05-16T11:58:34","slug":"kapitoly-z-dejin-slovenska-10-5","status":"publish","type":"page","link":"https:\/\/e-ucebnice.ff.ucm.sk\/index.php\/kapitoly-z-dejin-slovenska-10-5\/","title":{"rendered":"Kapitoly z dej\u00edn Slovenska-10-5"},"content":{"rendered":"\t\t<div data-elementor-type=\"wp-page\" data-elementor-id=\"2623\" class=\"elementor elementor-2623\" data-elementor-post-type=\"page\">\n\t\t\t\t\t\t<section class=\"elementor-section elementor-top-section elementor-element elementor-element-1084eb0 elementor-section-height-min-height elementor-section-boxed elementor-section-height-default elementor-section-items-middle\" data-id=\"1084eb0\" data-element_type=\"section\" data-settings=\"{&quot;background_background&quot;:&quot;classic&quot;}\">\n\t\t\t\t\t\t\t<div class=\"elementor-background-overlay\"><\/div>\n\t\t\t\t\t\t\t<div class=\"elementor-container elementor-column-gap-default\">\n\t\t\t\t\t<div class=\"elementor-column elementor-col-100 elementor-top-column elementor-element elementor-element-0443812\" data-id=\"0443812\" data-element_type=\"column\">\n\t\t\t<div class=\"elementor-widget-wrap elementor-element-populated\">\n\t\t\t\t\t\t<div class=\"elementor-element elementor-element-6a5b956 elementor-widget elementor-widget-heading\" data-id=\"6a5b956\" data-element_type=\"widget\" data-widget_type=\"heading.default\">\n\t\t\t\t<div class=\"elementor-widget-container\">\n\t\t\t\t\t<h1 class=\"elementor-heading-title elementor-size-default\">Kapitoly z dej\u00edn Slovenska 1740 \u2013 1945<\/h1>\t\t\t\t<\/div>\n\t\t\t\t<\/div>\n\t\t\t\t\t<\/div>\n\t\t<\/div>\n\t\t\t\t\t<\/div>\n\t\t<\/section>\n\t\t\t\t<section class=\"elementor-section elementor-top-section elementor-element elementor-element-2858d6f elementor-section-boxed elementor-section-height-default elementor-section-height-default\" data-id=\"2858d6f\" data-element_type=\"section\">\n\t\t\t\t\t\t<div class=\"elementor-container elementor-column-gap-default\">\n\t\t\t\t\t<div class=\"elementor-column elementor-col-100 elementor-top-column elementor-element elementor-element-e63bd34\" data-id=\"e63bd34\" data-element_type=\"column\">\n\t\t\t<div class=\"elementor-widget-wrap elementor-element-populated\">\n\t\t\t\t\t\t<section class=\"elementor-section elementor-inner-section elementor-element elementor-element-0b79421 elementor-section-boxed elementor-section-height-default elementor-section-height-default\" data-id=\"0b79421\" data-element_type=\"section\">\n\t\t\t\t\t\t<div class=\"elementor-container elementor-column-gap-default\">\n\t\t\t\t\t<div class=\"elementor-column elementor-col-100 elementor-inner-column elementor-element elementor-element-bb0ded5\" data-id=\"bb0ded5\" data-element_type=\"column\">\n\t\t\t<div class=\"elementor-widget-wrap elementor-element-populated\">\n\t\t\t\t\t\t<div class=\"elementor-element elementor-element-759b076 elementor-widget elementor-widget-heading\" data-id=\"759b076\" data-element_type=\"widget\" data-widget_type=\"heading.default\">\n\t\t\t\t<div class=\"elementor-widget-container\">\n\t\t\t\t\t<h3 class=\"elementor-heading-title elementor-size-default\">Dopl\u0148uj\u00faca literat\u00fara<\/h3>\t\t\t\t<\/div>\n\t\t\t\t<\/div>\n\t\t\t\t<div class=\"elementor-element elementor-element-5aa9d5d elementor-widget elementor-widget-text-editor\" data-id=\"5aa9d5d\" data-element_type=\"widget\" data-widget_type=\"text-editor.default\">\n\t\t\t\t<div class=\"elementor-widget-container\">\n\t\t\t\t\t\t\t\t\t<ol><li>BYSTRICK\u00dd, Valeri\u00e1n. <em>Od auton\u00f3mie k\u00a0vzniku Slovensk\u00e9ho \u0161t\u00e1tu<\/em>. Bratislava: Historick\u00fd \u00fastav SAV v Prodama s.r.o., 2008, 301 s. \u2013 Dielo obsahuj\u00face v\u00fdber autorov\u00fdch vedeck\u00fdch \u0161t\u00fadi\u00ed, ktor\u00e9 ve\u013emi podrobne zachyt\u00e1vaj\u00fa v\u00fdvoj na Slovensku i v republike od 6. okt\u00f3bra 1938 do 14. marca 1939.<\/li><li>MI\u010cKO, Peter. <em>Hospod\u00e1rska politika Slovensk\u00e9ho \u0161t\u00e1tu. Kapitoly z\u00a0hospod\u00e1rskych dej\u00edn Slovenska v\u00a0rokoch 1938 \u2013 1945<\/em>. Krakov: Spolok Slov\u00e1kov v\u00a0Po\u013esku, 2010, 304\u00a0s. \u2013 Vedeck\u00e1 monografia sa venuje obdobiu auton\u00f3mie a\u00a0Slovensk\u00e9ho \u0161t\u00e1tu. Autor pres\u00fava d\u00f4raz z\u00a0politick\u00fdch na hospod\u00e1rske dejiny.<\/li><li>KAMENEC, Ivan. <em>Trag\u00e9dia politika, k\u0148aza a\u00a0\u010dloveka<\/em>. Bratislava: Premedia, 2021, 196 s. \u2013 Monografia predstavuje kritick\u00fd a\u00a0fundovan\u00fd poh\u013ead zn\u00e1meho historika na \u017eivot a\u00a0politick\u00e9 aktivity kontroverznej osobnosti slovensk\u00fdch dej\u00edn \u2013 Jozefa Tisa.<\/li><\/ol>\t\t\t\t\t\t\t\t<\/div>\n\t\t\t\t<\/div>\n\t\t\t\t\t<\/div>\n\t\t<\/div>\n\t\t\t\t\t<\/div>\n\t\t<\/section>\n\t\t\t\t\t<\/div>\n\t\t<\/div>\n\t\t\t\t\t<\/div>\n\t\t<\/section>\n\t\t\t\t<\/div>\n\t\t","protected":false},"excerpt":{"rendered":"<p>Kapitoly z dej\u00edn Slovenska 1740 \u2013 1945 Dopl\u0148uj\u00faca literat\u00fara BYSTRICK\u00dd, Valeri\u00e1n. Od auton\u00f3mie k\u00a0vzniku Slovensk\u00e9ho \u0161t\u00e1tu. Bratislava: Historick\u00fd \u00fastav SAV v Prodama s.r.o., 2008, 301 s. \u2013 Dielo obsahuj\u00face v\u00fdber autorov\u00fdch vedeck\u00fdch \u0161t\u00fadi\u00ed, ktor\u00e9 ve\u013emi podrobne zachyt\u00e1vaj\u00fa v\u00fdvoj na Slovensku i v republike od 6. okt\u00f3bra 1938 do 14. marca 1939. MI\u010cKO, Peter. Hospod\u00e1rska politika [&hellip;]<\/p>\n","protected":false},"author":3,"featured_media":0,"parent":0,"menu_order":0,"comment_status":"closed","ping_status":"closed","template":"","meta":{"footnotes":""},"class_list":["post-2623","page","type-page","status-publish","hentry"],"_links":{"self":[{"href":"https:\/\/e-ucebnice.ff.ucm.sk\/index.php\/wp-json\/wp\/v2\/pages\/2623","targetHints":{"allow":["GET"]}}],"collection":[{"href":"https:\/\/e-ucebnice.ff.ucm.sk\/index.php\/wp-json\/wp\/v2\/pages"}],"about":[{"href":"https:\/\/e-ucebnice.ff.ucm.sk\/index.php\/wp-json\/wp\/v2\/types\/page"}],"author":[{"embeddable":true,"href":"https:\/\/e-ucebnice.ff.ucm.sk\/index.php\/wp-json\/wp\/v2\/users\/3"}],"replies":[{"embeddable":true,"href":"https:\/\/e-ucebnice.ff.ucm.sk\/index.php\/wp-json\/wp\/v2\/comments?post=2623"}],"version-history":[{"count":7,"href":"https:\/\/e-ucebnice.ff.ucm.sk\/index.php\/wp-json\/wp\/v2\/pages\/2623\/revisions"}],"predecessor-version":[{"id":7957,"href":"https:\/\/e-ucebnice.ff.ucm.sk\/index.php\/wp-json\/wp\/v2\/pages\/2623\/revisions\/7957"}],"wp:attachment":[{"href":"https:\/\/e-ucebnice.ff.ucm.sk\/index.php\/wp-json\/wp\/v2\/media?parent=2623"}],"curies":[{"name":"wp","href":"https:\/\/api.w.org\/{rel}","templated":true}]}}