{"id":2653,"date":"2023-03-02T11:16:28","date_gmt":"2023-03-02T10:16:28","guid":{"rendered":"https:\/\/e-ucebnice.ff.ucm.sk\/?page_id=2653"},"modified":"2023-03-02T11:27:21","modified_gmt":"2023-03-02T10:27:21","slug":"kapitoly-z-dejin-slovenska-11-3","status":"publish","type":"page","link":"https:\/\/e-ucebnice.ff.ucm.sk\/index.php\/kapitoly-z-dejin-slovenska-11-3\/","title":{"rendered":"Kapitoly z dej\u00edn Slovenska-11-3"},"content":{"rendered":"\t\t<div data-elementor-type=\"wp-page\" data-elementor-id=\"2653\" class=\"elementor elementor-2653\" data-elementor-post-type=\"page\">\n\t\t\t\t\t\t<section class=\"elementor-section elementor-top-section elementor-element elementor-element-1084eb0 elementor-section-height-min-height elementor-section-boxed elementor-section-height-default elementor-section-items-middle\" data-id=\"1084eb0\" data-element_type=\"section\" data-settings=\"{&quot;background_background&quot;:&quot;classic&quot;}\">\n\t\t\t\t\t\t\t<div class=\"elementor-background-overlay\"><\/div>\n\t\t\t\t\t\t\t<div class=\"elementor-container elementor-column-gap-default\">\n\t\t\t\t\t<div class=\"elementor-column elementor-col-100 elementor-top-column elementor-element elementor-element-0443812\" data-id=\"0443812\" data-element_type=\"column\">\n\t\t\t<div class=\"elementor-widget-wrap elementor-element-populated\">\n\t\t\t\t\t\t<div class=\"elementor-element elementor-element-6a5b956 elementor-widget elementor-widget-heading\" data-id=\"6a5b956\" data-element_type=\"widget\" data-widget_type=\"heading.default\">\n\t\t\t\t<div class=\"elementor-widget-container\">\n\t\t\t\t\t<h1 class=\"elementor-heading-title elementor-size-default\">Kapitoly z dej\u00edn Slovenska 1740 \u2013 1945<\/h1>\t\t\t\t<\/div>\n\t\t\t\t<\/div>\n\t\t\t\t\t<\/div>\n\t\t<\/div>\n\t\t\t\t\t<\/div>\n\t\t<\/section>\n\t\t\t\t<section class=\"elementor-section elementor-top-section elementor-element elementor-element-2858d6f elementor-section-boxed elementor-section-height-default elementor-section-height-default\" data-id=\"2858d6f\" data-element_type=\"section\">\n\t\t\t\t\t\t<div class=\"elementor-container elementor-column-gap-default\">\n\t\t\t\t\t<div class=\"elementor-column elementor-col-100 elementor-top-column elementor-element elementor-element-e63bd34\" data-id=\"e63bd34\" data-element_type=\"column\">\n\t\t\t<div class=\"elementor-widget-wrap elementor-element-populated\">\n\t\t\t\t\t\t<section class=\"elementor-section elementor-inner-section elementor-element elementor-element-0b79421 elementor-section-boxed elementor-section-height-default elementor-section-height-default\" data-id=\"0b79421\" data-element_type=\"section\">\n\t\t\t\t\t\t<div class=\"elementor-container elementor-column-gap-default\">\n\t\t\t\t\t<div class=\"elementor-column elementor-col-100 elementor-inner-column elementor-element elementor-element-bb0ded5\" data-id=\"bb0ded5\" data-element_type=\"column\">\n\t\t\t<div class=\"elementor-widget-wrap elementor-element-populated\">\n\t\t\t\t\t\t<div class=\"elementor-element elementor-element-759b076 elementor-widget elementor-widget-heading\" data-id=\"759b076\" data-element_type=\"widget\" data-widget_type=\"heading.default\">\n\t\t\t\t<div class=\"elementor-widget-container\">\n\t\t\t\t\t<h3 class=\"elementor-heading-title elementor-size-default\">Dobov\u00e9 materi\u00e1ly a cit\u00e1ty<\/h3>\t\t\t\t<\/div>\n\t\t\t\t<\/div>\n\t\t\t\t<div class=\"elementor-element elementor-element-5aa9d5d elementor-widget elementor-widget-text-editor\" data-id=\"5aa9d5d\" data-element_type=\"widget\" data-widget_type=\"text-editor.default\">\n\t\t\t\t<div class=\"elementor-widget-container\">\n\t\t\t\t\t\t\t\t\t<p style=\"text-align: justify;\">Spr\u00e1va \u010ceskej tla\u010dovej kancel\u00e1rie o\u00a0vyhladen\u00ed obce Lidice uverejnen\u00e1 v\u00a0dobovom periodiku <em>Moravsk\u00e1 orlice<\/em>, 12. j\u00fan 1942:<\/p><p style=\"text-align: justify;\"><em>\u201e<\/em><em>\u00da\u0159edn\u011b se oznamuje: Za p\u00e1tr\u00e1n\u00ed po vraz\u00edch SS-Obergruppenf<\/em><em>\u00fchrera Heydricha byly zji\u0161t\u011bny nezvratn\u00e9 poukazy, \u017ee obyvatelstvo obce Lidice u\u00a0Kladna poskytovalo podporu<\/em><em> a\u00a0pomoc okruhu pachatel\u016f, kte\u0159\u00ed p\u0159ich\u00e1zej\u00ed v\u00a0\u00favahu. P\u0159\u00edslu\u0161n\u00e9 d\u016fkazy byly zji\u0161t\u011bny bez pomoci m\u00edstn\u00edho obyvatelstva, t\u0159eba\u017ee na v\u011bc bylo dotazov\u00e1no. Stanovisko k\u00a0atent\u00e1tu, t\u00edmto projeven\u00e9, je zd\u016fraz\u0148ov\u00e1no je\u0161t\u011b dal\u0161\u00edmi \u010diny, \u0158\u00ed\u0161i nep\u0159\u00e1telsk\u00fdmi, jak\u00fdmi jsou na p\u0159\u00edklad: n\u00e1lezy protist\u00e1tn\u00edch tiskovin, skladi\u0161\u0165 zbran\u00ed a munice, illeg\u00e1ln\u00ed vys\u00edla\u010dky a neoby\u010dejn\u011b velk\u00e9ho mno\u017estv\u00ed zbo\u017e\u00ed, je\u017e podl\u00e9h\u00e1 \u0159\u00edzen\u00e9mu hospod\u00e1\u0159stv\u00ed, a okolnosti, \u017ee v\u00a0aktivn\u00edch slu\u017eb\u00e1ch nep\u0159\u00e1telsk\u00fdch v\u00a0zahrani\u010d\u00ed jsou obyvatel\u00e9 jmenovan\u00e9 obce <\/em>[uveden\u00e9 tvrdenia o vine a spolup\u00e1chate\u013estve obyvate\u013eov Lid\u00edc boli klamliv\u00e9, vyfabrikovan\u00e9 nacistami]<em>. Proto\u017ee se obyvatel\u00e9 t\u00e9to vesnice svou \u010dinnost\u00ed a podporou vrah\u016f SS-Obergruppenf<\/em><em>\u00fchrera Heydricha co nejhrub\u0161\u00edm zp\u016fsobem provinili proti vydan\u00fdm z\u00e1kon\u016fm, byli dosp\u011bl\u00ed mu\u017ei zast\u0159eleni, \u017eeny dopraveny do koncentra\u010dn\u00edho t\u00e1bora a d\u011bti d\u00e1ny na n\u00e1le\u017eit\u00e9 vychov\u00e1n\u00ed <\/em>[v\u00e4\u010d\u0161ina det\u00ed bola povra\u017eden\u00e1 v\u00a0koncentra\u010dnom t\u00e1bore]<em>. Budovy v\u00a0obci byly srovn\u00e1ny se zem\u00ed a jm\u00e9no obce bylo vymaz\u00e1no.<\/em><em>\u201c <\/em><em>\u00a0\u00a0\u00a0\u00a0 <\/em><\/p><p style=\"text-align: justify;\"><strong>Zdroj: <\/strong>Bez n\u00e1zvu. In <em>Moravsk\u00e1 orlice<\/em>, 1942, ro\u010d. LXXX, \u010d. 138, s. 1.<\/p><p style=\"text-align: justify;\"><strong>\u00a0<\/strong><\/p><p style=\"text-align: justify;\">Odkaz \u010dlena \u010deskoslovenskej (lond\u00fdnskej) vl\u00e1dnej deleg\u00e1cie Prokopa Drtinu zaslan\u00fd z\u00a0Banskej Bystrice prezidentovi Edvardovi Bene\u0161ovi, 19. okt\u00f3ber 1944:<\/p><p style=\"text-align: justify;\"><em>\u201eP\u00e1n prezident! Pokia\u013e ide o\u00a0n\u00e1rodn\u00fd probl\u00e9m \u010cechov a\u00a0Slov\u00e1kov, m\u00e1me zo v\u0161etk\u00fdch rozhovorov dojem, \u017ee terminol\u00f3gia \u00fastavy z\u00a0roku 1920 o\u00a0jednotnom n\u00e1rode \u010deskoslovenskom udr\u017eate\u013en\u00e1 nen\u00ed. Potvrdzuj\u00fa n\u00e1m to aj vl\u00e1dni \u010cechoslov\u00e1ci, ktor\u00ed sami c\u00edtia \u010deskoslovensky. Potvrdil mi to napr. Pavel Blaho. \u0160rob\u00e1r s\u00e1m u\u017eil v\u00a0preslove term\u00ednu slovensk\u00fd n\u00e1rod. Pokia\u013e sme mali o\u00a0tom v\u00a0Lond\u00fdne inform\u00e1cie opa\u010dn\u00e9, neboly spr\u00e1vne, resp. nezodpovedaly skuto\u010dnosti. Va\u0161e predpoklady, \u017ee budeme musie\u0165 v\u00a0tomto smere revidova\u0165 predstavy z\u00a0roku 1918, boly spr\u00e1vne. Slov\u00e1ci ber\u00fa svoju n\u00e1rodn\u00fa individu\u00e1lnos\u0165 ako nie\u010do samozrejm\u00e9ho a\u00a0nutn\u00e9 je s\u00a0t\u00fdm po\u010d\u00edta\u0165 a\u00a0pod\u013ea toho zariadi\u0165 svoj postoj. Ja sa tu presved\u010dujem na ka\u017edom kroku, \u017ee len tak mo\u017eno posilni\u0165 \u0161t\u00e1tnu jednotu \u010ds.\u201c <\/em><em>\u00a0\u00a0\u00a0 <\/em><\/p><p style=\"text-align: justify;\"><strong>Zdroj:<\/strong> GRONSK\u00dd, J\u00e1n (ed.). <em>Komentovan\u00e9 dokumenty k\u00a0\u00fastavn\u00fdm d\u011bjin\u00e1m \u010ceskoslovenska I. 1914 \u2013 1945<\/em>. Praha: Nakladatelstv\u00ed Karolinum, 2005, s. 579.<\/p>\t\t\t\t\t\t\t\t<\/div>\n\t\t\t\t<\/div>\n\t\t\t\t\t<\/div>\n\t\t<\/div>\n\t\t\t\t\t<\/div>\n\t\t<\/section>\n\t\t\t\t\t<\/div>\n\t\t<\/div>\n\t\t\t\t\t<\/div>\n\t\t<\/section>\n\t\t\t\t<\/div>\n\t\t","protected":false},"excerpt":{"rendered":"<p>Kapitoly z dej\u00edn Slovenska 1740 \u2013 1945 Dobov\u00e9 materi\u00e1ly a cit\u00e1ty Spr\u00e1va \u010ceskej tla\u010dovej kancel\u00e1rie o\u00a0vyhladen\u00ed obce Lidice uverejnen\u00e1 v\u00a0dobovom periodiku Moravsk\u00e1 orlice, 12. j\u00fan 1942: \u201e\u00da\u0159edn\u011b se oznamuje: Za p\u00e1tr\u00e1n\u00ed po vraz\u00edch SS-Obergruppenf\u00fchrera Heydricha byly zji\u0161t\u011bny nezvratn\u00e9 poukazy, \u017ee obyvatelstvo obce Lidice u\u00a0Kladna poskytovalo podporu a\u00a0pomoc okruhu pachatel\u016f, kte\u0159\u00ed p\u0159ich\u00e1zej\u00ed v\u00a0\u00favahu. P\u0159\u00edslu\u0161n\u00e9 d\u016fkazy byly [&hellip;]<\/p>\n","protected":false},"author":3,"featured_media":0,"parent":0,"menu_order":0,"comment_status":"closed","ping_status":"closed","template":"","meta":{"footnotes":""},"class_list":["post-2653","page","type-page","status-publish","hentry"],"_links":{"self":[{"href":"https:\/\/e-ucebnice.ff.ucm.sk\/index.php\/wp-json\/wp\/v2\/pages\/2653","targetHints":{"allow":["GET"]}}],"collection":[{"href":"https:\/\/e-ucebnice.ff.ucm.sk\/index.php\/wp-json\/wp\/v2\/pages"}],"about":[{"href":"https:\/\/e-ucebnice.ff.ucm.sk\/index.php\/wp-json\/wp\/v2\/types\/page"}],"author":[{"embeddable":true,"href":"https:\/\/e-ucebnice.ff.ucm.sk\/index.php\/wp-json\/wp\/v2\/users\/3"}],"replies":[{"embeddable":true,"href":"https:\/\/e-ucebnice.ff.ucm.sk\/index.php\/wp-json\/wp\/v2\/comments?post=2653"}],"version-history":[{"count":4,"href":"https:\/\/e-ucebnice.ff.ucm.sk\/index.php\/wp-json\/wp\/v2\/pages\/2653\/revisions"}],"predecessor-version":[{"id":2673,"href":"https:\/\/e-ucebnice.ff.ucm.sk\/index.php\/wp-json\/wp\/v2\/pages\/2653\/revisions\/2673"}],"wp:attachment":[{"href":"https:\/\/e-ucebnice.ff.ucm.sk\/index.php\/wp-json\/wp\/v2\/media?parent=2653"}],"curies":[{"name":"wp","href":"https:\/\/api.w.org\/{rel}","templated":true}]}}