{"id":2704,"date":"2023-03-02T18:45:13","date_gmt":"2023-03-02T17:45:13","guid":{"rendered":"https:\/\/e-ucebnice.ff.ucm.sk\/?page_id=2704"},"modified":"2023-03-02T19:15:25","modified_gmt":"2023-03-02T18:15:25","slug":"uvod-do-eduk-man-uvod","status":"publish","type":"page","link":"https:\/\/e-ucebnice.ff.ucm.sk\/index.php\/uvod-do-eduk-man-uvod\/","title":{"rendered":"\u00davod do eduk man-uvod"},"content":{"rendered":"\t\t<div data-elementor-type=\"wp-page\" data-elementor-id=\"2704\" class=\"elementor elementor-2704\" data-elementor-post-type=\"page\">\n\t\t\t\t\t\t<section class=\"elementor-section elementor-top-section elementor-element elementor-element-6f672ed elementor-section-height-min-height elementor-section-boxed elementor-section-height-default elementor-section-items-middle\" data-id=\"6f672ed\" data-element_type=\"section\" data-settings=\"{&quot;background_background&quot;:&quot;classic&quot;}\">\n\t\t\t\t\t\t\t<div class=\"elementor-background-overlay\"><\/div>\n\t\t\t\t\t\t\t<div class=\"elementor-container elementor-column-gap-default\">\n\t\t\t\t\t<div class=\"elementor-column elementor-col-100 elementor-top-column elementor-element elementor-element-bbeb470\" data-id=\"bbeb470\" data-element_type=\"column\">\n\t\t\t<div class=\"elementor-widget-wrap elementor-element-populated\">\n\t\t\t\t\t\t<div class=\"elementor-element elementor-element-d82f1ef elementor-widget elementor-widget-heading\" data-id=\"d82f1ef\" data-element_type=\"widget\" data-widget_type=\"heading.default\">\n\t\t\t\t<div class=\"elementor-widget-container\">\n\t\t\t\t\t<h1 class=\"elementor-heading-title elementor-size-default\">\u00daVOD DO EDUKA\u010cN\u00c9HO MANA\u017dMENTU <\/h1>\t\t\t\t<\/div>\n\t\t\t\t<\/div>\n\t\t\t\t\t<\/div>\n\t\t<\/div>\n\t\t\t\t\t<\/div>\n\t\t<\/section>\n\t\t\t\t<section class=\"elementor-section elementor-top-section elementor-element elementor-element-2858d6f elementor-section-boxed elementor-section-height-default elementor-section-height-default\" data-id=\"2858d6f\" data-element_type=\"section\">\n\t\t\t\t\t\t<div class=\"elementor-container elementor-column-gap-default\">\n\t\t\t\t\t<div class=\"elementor-column elementor-col-100 elementor-top-column elementor-element elementor-element-e63bd34\" data-id=\"e63bd34\" data-element_type=\"column\">\n\t\t\t<div class=\"elementor-widget-wrap elementor-element-populated\">\n\t\t\t\t\t\t<section class=\"elementor-section elementor-inner-section elementor-element elementor-element-0b79421 elementor-section-boxed elementor-section-height-default elementor-section-height-default\" data-id=\"0b79421\" data-element_type=\"section\">\n\t\t\t\t\t\t<div class=\"elementor-container elementor-column-gap-default\">\n\t\t\t\t\t<div class=\"elementor-column elementor-col-100 elementor-inner-column elementor-element elementor-element-bb0ded5\" data-id=\"bb0ded5\" data-element_type=\"column\">\n\t\t\t<div class=\"elementor-widget-wrap elementor-element-populated\">\n\t\t\t\t\t\t<div class=\"elementor-element elementor-element-759b076 elementor-widget elementor-widget-heading\" data-id=\"759b076\" data-element_type=\"widget\" data-widget_type=\"heading.default\">\n\t\t\t\t<div class=\"elementor-widget-container\">\n\t\t\t\t\t<h3 class=\"elementor-heading-title elementor-size-default\">\u00daVOD <\/h3>\t\t\t\t<\/div>\n\t\t\t\t<\/div>\n\t\t\t\t<div class=\"elementor-element elementor-element-5aa9d5d elementor-widget elementor-widget-text-editor\" data-id=\"5aa9d5d\" data-element_type=\"widget\" data-widget_type=\"text-editor.default\">\n\t\t\t\t<div class=\"elementor-widget-container\">\n\t\t\t\t\t\t\t\t\t<p style=\"text-align: justify;\">Jedn\u00fdm z d\u00f4le\u017eit\u00fdch predpokladov fungovania \u0161kolstva ako syst\u00e9mu \u0161k\u00f4l a\u00a0\u0161kolsk\u00fdch zariaden\u00ed na \u00fazem\u00ed \u0161t\u00e1tu je jeho kvalitn\u00fd mana\u017ement. Predkladan\u00e1 vysoko\u0161kolsk\u00e1 u\u010debnica\u00a0 sa venuje z\u00e1kladn\u00fdm t\u00e9mam eduka\u010dn\u00e9ho mana\u017ementu, ktor\u00fdch cie\u013eom je pribl\u00ed\u017ei\u0165 \u0161tudentom u\u010dite\u013estva a\u00a0\u010fal\u0161\u00edch foriem vzdel\u00e1vania (roz\u0161iruj\u00face \u0161t\u00fadium, dopl\u0148uj\u00face pedagogick\u00e9 \u0161t\u00fadium) z\u00e1kladn\u00e9 tematick\u00e9 okruhy t\u00fdkaj\u00face sa riadenia \u0161kolstva na makro\u00farovni \u0161t\u00e1tu a\u017e po mikro\u00farove\u0148 \u0161k\u00f4l a\u00a0\u0161kolsk\u00fdch zariaden\u00ed.<\/p><p style=\"text-align: justify;\">Ke\u010f\u017ee eduka\u010dn\u00fd mana\u017ement je pedagogickou discipl\u00ednou, ktor\u00e1 integruje poznatky z\u00a0viacer\u00fdch vedn\u00fdch odborov (najm\u00e4 pedagogika, mana\u017ement a pr\u00e1vo), amb\u00edciou tejto u\u010debnice je poskytn\u00fa\u0165 \u0161tudentovi z\u00e1kladn\u00fa orient\u00e1ciu v\u00a0problematike, ktor\u00fa je mo\u017en\u00e9 rozv\u00edja\u0165 \u0161t\u00fadiom \u010fal\u0161ej literat\u00fary. Netreba pri tom zab\u00fada\u0165, \u017ee organiz\u00e1cia a riadenie \u0161kolstva (jeho mana\u017ement) sa odv\u00edja od platnej legislat\u00edvy, ktorej znalos\u0165 tvor\u00ed integr\u00e1lnu s\u00fa\u010das\u0165 pr\u00edpravy na u\u010dite\u013esk\u00e9 povolanie.\u00a0<\/p><p style=\"text-align: justify;\">Vysoko\u0161kolsk\u00e1 u\u010debnica sa sklad\u00e1 z\u00a0desiatich tematick\u00fdch okruhov, ktor\u00e9 maj\u00fa stanoven\u00fa rovnak\u00fa \u0161trukt\u00faru: k\u013e\u00fa\u010dov\u00e9 slov\u00e1, vlastn\u00fd eduka\u010dn\u00fd text, ot\u00e1zky a\u00a0\u00falohy a\u00a0pou\u017eit\u00fa literat\u00faru.<\/p><p style=\"text-align: justify;\">Prv\u00e1 kapitola sa venuje z\u00e1kladnej terminol\u00f3gii eduka\u010dn\u00e9ho mana\u017ementu ako pedagogickej discipl\u00edny v\u00a0nadv\u00e4znosti na v\u0161eobecn\u00fa te\u00f3riu mana\u017ementu.<\/p><p style=\"text-align: justify;\">Druh\u00e1 kapitola analyzuje eduka\u010dn\u00fd mana\u017ement na Slovensku z\u00a0historickej perspekt\u00edvy po roku 1989 s\u00a0cie\u013eom pouk\u00e1za\u0165 na jednotliv\u00e9 zmeny v\u00a0oblasti \u0161t\u00e1tnej spr\u00e1vy na \u00faseku \u0161kolstva v\u00a0s\u00falade s\u00a0procesmi demokratiz\u00e1cie.<\/p><p style=\"text-align: justify;\">Tretia kapitola pribli\u017euje makroriadenie \u0161kolstva, p\u00f4sobnos\u0165 org\u00e1nov \u0161t\u00e1tnej spr\u00e1vy, \u00fazemnej samospr\u00e1vy a\u00a0ostatn\u00fdch subjektov v\u00a0procese zria\u010fovania \u0161k\u00f4l a\u00a0\u0161kolsk\u00fdch zariaden\u00ed vr\u00e1tane aktu\u00e1lnej s\u00fastavy \u0161k\u00f4l a\u00a0\u0161kolsk\u00fdch zariaden\u00ed na Slovensku.<\/p><p style=\"text-align: justify;\">\u0160tvrt\u00e1, piata a\u00a0\u0161iesta kapitola sa venuj\u00fa ot\u00e1zkam mikroriadenia \u0161koly, pri\u010dom d\u00f4raz sa kladie na funkciu riadite\u013ea \u0161koly a\u00a0jeho kompetencie, postavenie a\u00a0pr\u00e1vomoci org\u00e1nov \u0161kolskej samospr\u00e1vy a\u00a0poradn\u00fdch org\u00e1nov \u0161koly.<\/p><p style=\"text-align: justify;\">Siedma kapitola predstavuje pedagogick\u00fa a\u00a0\u010fal\u0161iu dokument\u00e1ciu \u0161koly, ktor\u00e1 sa odv\u00edja predov\u0161etk\u00fdm od \u0161t\u00e1tneho a\u00a0\u0161kolsk\u00e9ho vzdel\u00e1vacieho programu.<\/p><p style=\"text-align: justify;\">\u00d4sma kapitola sa zaober\u00e1 person\u00e1lnym mana\u017ementom v \u0161kolstve a profesijn\u00fdm rozvojom zamestnancov \u0161koly a\u00a0\u0161kolsk\u00e9ho zariadenia.<\/p><p style=\"text-align: justify;\">Deviata kapitola sa venuje syst\u00e9mu financovania region\u00e1lneho \u0161kolstva zo \u0161t\u00e1tneho rozpo\u010dtu a\u00a0ostatn\u00fdch zdrojov.<\/p><p style=\"text-align: justify;\">Posledn\u00e1, desiata kapitola sa venuje marketingov\u00fdm n\u00e1strojom v\u00a0oblasti vytv\u00e1rania imid\u017eu \u0161koly a\u00a0\u0161kolsk\u00e9ho zariadenia.<\/p><p style=\"text-align: justify;\">Na z\u00e1klade \u0161t\u00fadia poznatkov vo vy\u0161\u0161ie uveden\u00fdch kapitol\u00e1ch by mal \u0161tudent z\u00edska\u0165 schopnos\u0165 orientova\u0165 sa v\u00a0z\u00e1kladn\u00fdch t\u00e9mach eduka\u010dn\u00e9ho mana\u017ementu a\u00a0\u010falej rozv\u00edja\u0165 vedomosti a\u00a0kompetencie potrebn\u00e9 pre jeho vlastn\u00fa eduka\u010dn\u00fa prax.\u00a0<\/p>\t\t\t\t\t\t\t\t<\/div>\n\t\t\t\t<\/div>\n\t\t\t\t\t<\/div>\n\t\t<\/div>\n\t\t\t\t\t<\/div>\n\t\t<\/section>\n\t\t\t\t\t<\/div>\n\t\t<\/div>\n\t\t\t\t\t<\/div>\n\t\t<\/section>\n\t\t\t\t<\/div>\n\t\t","protected":false},"excerpt":{"rendered":"<p>\u00daVOD DO EDUKA\u010cN\u00c9HO MANA\u017dMENTU \u00daVOD Jedn\u00fdm z d\u00f4le\u017eit\u00fdch predpokladov fungovania \u0161kolstva ako syst\u00e9mu \u0161k\u00f4l a\u00a0\u0161kolsk\u00fdch zariaden\u00ed na \u00fazem\u00ed \u0161t\u00e1tu je jeho kvalitn\u00fd mana\u017ement. Predkladan\u00e1 vysoko\u0161kolsk\u00e1 u\u010debnica\u00a0 sa venuje z\u00e1kladn\u00fdm t\u00e9mam eduka\u010dn\u00e9ho mana\u017ementu, ktor\u00fdch cie\u013eom je pribl\u00ed\u017ei\u0165 \u0161tudentom u\u010dite\u013estva a\u00a0\u010fal\u0161\u00edch foriem vzdel\u00e1vania (roz\u0161iruj\u00face \u0161t\u00fadium, dopl\u0148uj\u00face pedagogick\u00e9 \u0161t\u00fadium) z\u00e1kladn\u00e9 tematick\u00e9 okruhy t\u00fdkaj\u00face sa riadenia \u0161kolstva na makro\u00farovni [&hellip;]<\/p>\n","protected":false},"author":3,"featured_media":0,"parent":0,"menu_order":0,"comment_status":"closed","ping_status":"closed","template":"","meta":{"footnotes":""},"class_list":["post-2704","page","type-page","status-publish","hentry"],"_links":{"self":[{"href":"https:\/\/e-ucebnice.ff.ucm.sk\/index.php\/wp-json\/wp\/v2\/pages\/2704","targetHints":{"allow":["GET"]}}],"collection":[{"href":"https:\/\/e-ucebnice.ff.ucm.sk\/index.php\/wp-json\/wp\/v2\/pages"}],"about":[{"href":"https:\/\/e-ucebnice.ff.ucm.sk\/index.php\/wp-json\/wp\/v2\/types\/page"}],"author":[{"embeddable":true,"href":"https:\/\/e-ucebnice.ff.ucm.sk\/index.php\/wp-json\/wp\/v2\/users\/3"}],"replies":[{"embeddable":true,"href":"https:\/\/e-ucebnice.ff.ucm.sk\/index.php\/wp-json\/wp\/v2\/comments?post=2704"}],"version-history":[{"count":7,"href":"https:\/\/e-ucebnice.ff.ucm.sk\/index.php\/wp-json\/wp\/v2\/pages\/2704\/revisions"}],"predecessor-version":[{"id":2751,"href":"https:\/\/e-ucebnice.ff.ucm.sk\/index.php\/wp-json\/wp\/v2\/pages\/2704\/revisions\/2751"}],"wp:attachment":[{"href":"https:\/\/e-ucebnice.ff.ucm.sk\/index.php\/wp-json\/wp\/v2\/media?parent=2704"}],"curies":[{"name":"wp","href":"https:\/\/api.w.org\/{rel}","templated":true}]}}