{"id":2710,"date":"2023-03-02T18:47:47","date_gmt":"2023-03-02T17:47:47","guid":{"rendered":"https:\/\/e-ucebnice.ff.ucm.sk\/?page_id=2710"},"modified":"2023-03-04T10:17:34","modified_gmt":"2023-03-04T09:17:34","slug":"uvod-do-eduk-man-3","status":"publish","type":"page","link":"https:\/\/e-ucebnice.ff.ucm.sk\/index.php\/uvod-do-eduk-man-3\/","title":{"rendered":"\u00davod do eduk man-3"},"content":{"rendered":"\t\t<div data-elementor-type=\"wp-page\" data-elementor-id=\"2710\" class=\"elementor elementor-2710\" data-elementor-post-type=\"page\">\n\t\t\t\t\t\t<section class=\"elementor-section elementor-top-section elementor-element elementor-element-6c81fa8 elementor-section-height-min-height elementor-section-boxed elementor-section-height-default elementor-section-items-middle\" data-id=\"6c81fa8\" data-element_type=\"section\" data-settings=\"{&quot;background_background&quot;:&quot;classic&quot;}\">\n\t\t\t\t\t\t\t<div class=\"elementor-background-overlay\"><\/div>\n\t\t\t\t\t\t\t<div class=\"elementor-container elementor-column-gap-default\">\n\t\t\t\t\t<div class=\"elementor-column elementor-col-100 elementor-top-column elementor-element elementor-element-8abcee7\" data-id=\"8abcee7\" data-element_type=\"column\">\n\t\t\t<div class=\"elementor-widget-wrap elementor-element-populated\">\n\t\t\t\t\t\t<div class=\"elementor-element elementor-element-5f0faa3 elementor-widget elementor-widget-heading\" data-id=\"5f0faa3\" data-element_type=\"widget\" data-widget_type=\"heading.default\">\n\t\t\t\t<div class=\"elementor-widget-container\">\n\t\t\t\t\t<h1 class=\"elementor-heading-title elementor-size-default\">\u00daVOD DO EDUKA\u010cN\u00c9HO MANA\u017dMENTU <\/h1>\t\t\t\t<\/div>\n\t\t\t\t<\/div>\n\t\t\t\t\t<\/div>\n\t\t<\/div>\n\t\t\t\t\t<\/div>\n\t\t<\/section>\n\t\t\t\t<section class=\"elementor-section elementor-top-section elementor-element elementor-element-e934022 elementor-section-boxed elementor-section-height-default elementor-section-height-default\" data-id=\"e934022\" data-element_type=\"section\">\n\t\t\t\t\t\t<div class=\"elementor-container elementor-column-gap-default\">\n\t\t\t\t\t<div class=\"elementor-column elementor-col-100 elementor-top-column elementor-element elementor-element-b3f4fcf\" data-id=\"b3f4fcf\" data-element_type=\"column\">\n\t\t\t<div class=\"elementor-widget-wrap elementor-element-populated\">\n\t\t\t\t\t\t<section class=\"elementor-section elementor-inner-section elementor-element elementor-element-9db284d elementor-section-boxed elementor-section-height-default elementor-section-height-default\" data-id=\"9db284d\" data-element_type=\"section\">\n\t\t\t\t\t\t<div class=\"elementor-container elementor-column-gap-default\">\n\t\t\t\t\t<div class=\"elementor-column elementor-col-100 elementor-inner-column elementor-element elementor-element-668bfa7\" data-id=\"668bfa7\" data-element_type=\"column\">\n\t\t\t<div class=\"elementor-widget-wrap elementor-element-populated\">\n\t\t\t\t\t\t<div class=\"elementor-element elementor-element-2006db2 elementor-widget elementor-widget-heading\" data-id=\"2006db2\" data-element_type=\"widget\" data-widget_type=\"heading.default\">\n\t\t\t\t<div class=\"elementor-widget-container\">\n\t\t\t\t\t<h3 class=\"elementor-heading-title elementor-size-default\">MAKRORIADENIE \u0160KOLSTVA<\/h3>\t\t\t\t<\/div>\n\t\t\t\t<\/div>\n\t\t\t\t<section class=\"elementor-section elementor-inner-section elementor-element elementor-element-fd8cb26 elementor-section-full_width elementor-section-height-default elementor-section-height-default\" data-id=\"fd8cb26\" data-element_type=\"section\">\n\t\t\t\t\t\t<div class=\"elementor-container elementor-column-gap-default\">\n\t\t\t\t\t<div class=\"elementor-column elementor-col-100 elementor-inner-column elementor-element elementor-element-4ce112b\" data-id=\"4ce112b\" data-element_type=\"column\">\n\t\t\t<div class=\"elementor-widget-wrap elementor-element-populated\">\n\t\t\t\t\t\t<div class=\"elementor-element elementor-element-868557b elementor-widget__width-auto elementor-widget elementor-widget-heading\" data-id=\"868557b\" data-element_type=\"widget\" data-widget_type=\"heading.default\">\n\t\t\t\t<div class=\"elementor-widget-container\">\n\t\t\t\t\t<h2 class=\"elementor-heading-title elementor-size-default\">K\u013e\u00fa\u010dov\u00e9 slov\u00e1<\/h2>\t\t\t\t<\/div>\n\t\t\t\t<\/div>\n\t\t\t\t\t<\/div>\n\t\t<\/div>\n\t\t\t\t\t<\/div>\n\t\t<\/section>\n\t\t\t\t<div class=\"elementor-element elementor-element-d76e919 elementor-widget elementor-widget-text-editor\" data-id=\"d76e919\" data-element_type=\"widget\" data-widget_type=\"text-editor.default\">\n\t\t\t\t<div class=\"elementor-widget-container\">\n\t\t\t\t\t\t\t\t\t<p style=\"text-align: justify;\">makroriadenie, mikroriadenie, obec, samospr\u00e1vny kraj, region\u00e1lny \u00farad \u0161kolskej spr\u00e1vy, Ministerstvo \u0161kolstva, vedy, v\u00fdskumu a \u0161portu SR, prenesen\u00fd v\u00fdkon \u0161t\u00e1tnej spr\u00e1vy, v\u00fdkon samospr\u00e1vy, \u0160t\u00e1tna \u0161kolsk\u00e1 in\u0161pekcia, Sie\u0165 \u0161k\u00f4l a \u0161kolsk\u00fdch zariaden\u00ed Slovenskej republiky, s\u00fastava \u0161k\u00f4l SR, zria\u010fovacia listina,<\/p>\t\t\t\t\t\t\t\t<\/div>\n\t\t\t\t<\/div>\n\t\t\t\t<div class=\"elementor-element elementor-element-730f4cd elementor-widget elementor-widget-text-editor\" data-id=\"730f4cd\" data-element_type=\"widget\" data-widget_type=\"text-editor.default\">\n\t\t\t\t<div class=\"elementor-widget-container\">\n\t\t\t\t\t\t\t\t\t<p style=\"text-align: justify;\">Makroriadenie \u0161kolstva m\u00f4\u017eeme definova\u0165 ako spr\u00e1vu a\u00a0riadenie \u0161kolstva org\u00e1nmi \u0161t\u00e1tnej spr\u00e1vy a\u00a0samospr\u00e1vy. Podie\u013ea sa na \u0148om N\u00e1rodn\u00e1 rada SR schva\u013eovan\u00edm z\u00e1konov a\u00a0kontrolou v\u00fdkonn\u00fdch org\u00e1nov; samospr\u00e1va prostredn\u00edctvom samospr\u00e1vnych krajov a\u00a0obc\u00ed; \u0161t\u00e1tna spr\u00e1va, ktor\u00fa vykon\u00e1va vl\u00e1da SR najm\u00e4 prostredn\u00edctvom rezortn\u00e9ho ministra \u0161kolstva; region\u00e1lny \u00farad \u0161kolskej spr\u00e1vy, ktor\u00fd vykon\u00e1va \u0161t\u00e1tnu spr\u00e1vu v\u00a0\u0161kolstve na region\u00e1lnej \u00farovni. Makroriadenie zabezpe\u010duje celospolo\u010densk\u00e9 z\u00e1ujmy a\u00a0kvalitn\u00fa \u010dinnos\u0165 \u0161kolskej s\u00fastavy. Zjednocuje a\u00a0zos\u00fala\u010fuje mikroriadenie na z\u00e1klade pr\u00e1vnych, ekonomick\u00fdch, organiza\u010dn\u00fdch a\u00a0pedagogick\u00fdch noriem (OBDR\u017d\u00c1LEK, HORV\u00c1THOV\u00c1 a kol., 2004, 170). \u00a0\u00a0<\/p>\t\t\t\t\t\t\t\t<\/div>\n\t\t\t\t<\/div>\n\t\t\t\t\t<\/div>\n\t\t<\/div>\n\t\t\t\t\t<\/div>\n\t\t<\/section>\n\t\t\t\t\t<\/div>\n\t\t<\/div>\n\t\t\t\t\t<\/div>\n\t\t<\/section>\n\t\t\t\t<\/div>\n\t\t","protected":false},"excerpt":{"rendered":"<p>\u00daVOD DO EDUKA\u010cN\u00c9HO MANA\u017dMENTU MAKRORIADENIE \u0160KOLSTVA K\u013e\u00fa\u010dov\u00e9 slov\u00e1 makroriadenie, mikroriadenie, obec, samospr\u00e1vny kraj, region\u00e1lny \u00farad \u0161kolskej spr\u00e1vy, Ministerstvo \u0161kolstva, vedy, v\u00fdskumu a \u0161portu SR, prenesen\u00fd v\u00fdkon \u0161t\u00e1tnej spr\u00e1vy, v\u00fdkon samospr\u00e1vy, \u0160t\u00e1tna \u0161kolsk\u00e1 in\u0161pekcia, Sie\u0165 \u0161k\u00f4l a \u0161kolsk\u00fdch zariaden\u00ed Slovenskej republiky, s\u00fastava \u0161k\u00f4l SR, zria\u010fovacia listina, Makroriadenie \u0161kolstva m\u00f4\u017eeme definova\u0165 ako spr\u00e1vu a\u00a0riadenie \u0161kolstva org\u00e1nmi \u0161t\u00e1tnej [&hellip;]<\/p>\n","protected":false},"author":3,"featured_media":0,"parent":0,"menu_order":0,"comment_status":"closed","ping_status":"closed","template":"","meta":{"footnotes":""},"class_list":["post-2710","page","type-page","status-publish","hentry"],"_links":{"self":[{"href":"https:\/\/e-ucebnice.ff.ucm.sk\/index.php\/wp-json\/wp\/v2\/pages\/2710","targetHints":{"allow":["GET"]}}],"collection":[{"href":"https:\/\/e-ucebnice.ff.ucm.sk\/index.php\/wp-json\/wp\/v2\/pages"}],"about":[{"href":"https:\/\/e-ucebnice.ff.ucm.sk\/index.php\/wp-json\/wp\/v2\/types\/page"}],"author":[{"embeddable":true,"href":"https:\/\/e-ucebnice.ff.ucm.sk\/index.php\/wp-json\/wp\/v2\/users\/3"}],"replies":[{"embeddable":true,"href":"https:\/\/e-ucebnice.ff.ucm.sk\/index.php\/wp-json\/wp\/v2\/comments?post=2710"}],"version-history":[{"count":4,"href":"https:\/\/e-ucebnice.ff.ucm.sk\/index.php\/wp-json\/wp\/v2\/pages\/2710\/revisions"}],"predecessor-version":[{"id":2926,"href":"https:\/\/e-ucebnice.ff.ucm.sk\/index.php\/wp-json\/wp\/v2\/pages\/2710\/revisions\/2926"}],"wp:attachment":[{"href":"https:\/\/e-ucebnice.ff.ucm.sk\/index.php\/wp-json\/wp\/v2\/media?parent=2710"}],"curies":[{"name":"wp","href":"https:\/\/api.w.org\/{rel}","templated":true}]}}