{"id":2712,"date":"2023-03-02T18:48:17","date_gmt":"2023-03-02T17:48:17","guid":{"rendered":"https:\/\/e-ucebnice.ff.ucm.sk\/?page_id=2712"},"modified":"2023-03-04T10:14:21","modified_gmt":"2023-03-04T09:14:21","slug":"uvod-do-eduk-man-4","status":"publish","type":"page","link":"https:\/\/e-ucebnice.ff.ucm.sk\/index.php\/uvod-do-eduk-man-4\/","title":{"rendered":"\u00davod do eduk man-4"},"content":{"rendered":"\t\t<div data-elementor-type=\"wp-page\" data-elementor-id=\"2712\" class=\"elementor elementor-2712\" data-elementor-post-type=\"page\">\n\t\t\t\t\t\t<section class=\"elementor-section elementor-top-section elementor-element elementor-element-04efecd elementor-section-height-min-height elementor-section-boxed elementor-section-height-default elementor-section-items-middle\" data-id=\"04efecd\" data-element_type=\"section\" data-settings=\"{&quot;background_background&quot;:&quot;classic&quot;}\">\n\t\t\t\t\t\t\t<div class=\"elementor-background-overlay\"><\/div>\n\t\t\t\t\t\t\t<div class=\"elementor-container elementor-column-gap-default\">\n\t\t\t\t\t<div class=\"elementor-column elementor-col-100 elementor-top-column elementor-element elementor-element-e288bb2\" data-id=\"e288bb2\" data-element_type=\"column\">\n\t\t\t<div class=\"elementor-widget-wrap elementor-element-populated\">\n\t\t\t\t\t\t<div class=\"elementor-element elementor-element-72e48ad elementor-widget elementor-widget-heading\" data-id=\"72e48ad\" data-element_type=\"widget\" data-widget_type=\"heading.default\">\n\t\t\t\t<div class=\"elementor-widget-container\">\n\t\t\t\t\t<h1 class=\"elementor-heading-title elementor-size-default\">\u00daVOD DO EDUKA\u010cN\u00c9HO MANA\u017dMENTU <\/h1>\t\t\t\t<\/div>\n\t\t\t\t<\/div>\n\t\t\t\t\t<\/div>\n\t\t<\/div>\n\t\t\t\t\t<\/div>\n\t\t<\/section>\n\t\t\t\t<section class=\"elementor-section elementor-top-section elementor-element elementor-element-b16f077 elementor-section-boxed elementor-section-height-default elementor-section-height-default\" data-id=\"b16f077\" data-element_type=\"section\">\n\t\t\t\t\t\t<div class=\"elementor-container elementor-column-gap-default\">\n\t\t\t\t\t<div class=\"elementor-column elementor-col-100 elementor-top-column elementor-element elementor-element-1933806\" data-id=\"1933806\" data-element_type=\"column\">\n\t\t\t<div class=\"elementor-widget-wrap elementor-element-populated\">\n\t\t\t\t\t\t<section class=\"elementor-section elementor-inner-section elementor-element elementor-element-c1d6134 elementor-section-boxed elementor-section-height-default elementor-section-height-default\" data-id=\"c1d6134\" data-element_type=\"section\">\n\t\t\t\t\t\t<div class=\"elementor-container elementor-column-gap-default\">\n\t\t\t\t\t<div class=\"elementor-column elementor-col-100 elementor-inner-column elementor-element elementor-element-f4e4919\" data-id=\"f4e4919\" data-element_type=\"column\">\n\t\t\t<div class=\"elementor-widget-wrap elementor-element-populated\">\n\t\t\t\t\t\t<div class=\"elementor-element elementor-element-c8254ba elementor-widget elementor-widget-heading\" data-id=\"c8254ba\" data-element_type=\"widget\" data-widget_type=\"heading.default\">\n\t\t\t\t<div class=\"elementor-widget-container\">\n\t\t\t\t\t<h3 class=\"elementor-heading-title elementor-size-default\">MIKRORIADENIE \u0160KOLY I. \u2013 VED\u00daCI ZAMESTNANCI<\/h3>\t\t\t\t<\/div>\n\t\t\t\t<\/div>\n\t\t\t\t<section class=\"elementor-section elementor-inner-section elementor-element elementor-element-aa57af5 elementor-section-full_width elementor-section-height-default elementor-section-height-default\" data-id=\"aa57af5\" data-element_type=\"section\">\n\t\t\t\t\t\t<div class=\"elementor-container elementor-column-gap-default\">\n\t\t\t\t\t<div class=\"elementor-column elementor-col-100 elementor-inner-column elementor-element elementor-element-bec2a64\" data-id=\"bec2a64\" data-element_type=\"column\">\n\t\t\t<div class=\"elementor-widget-wrap elementor-element-populated\">\n\t\t\t\t\t\t<div class=\"elementor-element elementor-element-e0ee6d3 elementor-widget__width-auto elementor-widget elementor-widget-heading\" data-id=\"e0ee6d3\" data-element_type=\"widget\" data-widget_type=\"heading.default\">\n\t\t\t\t<div class=\"elementor-widget-container\">\n\t\t\t\t\t<h2 class=\"elementor-heading-title elementor-size-default\">K\u013e\u00fa\u010dov\u00e9 slov\u00e1<\/h2>\t\t\t\t<\/div>\n\t\t\t\t<\/div>\n\t\t\t\t\t<\/div>\n\t\t<\/div>\n\t\t\t\t\t<\/div>\n\t\t<\/section>\n\t\t\t\t<div class=\"elementor-element elementor-element-3defd0d elementor-widget elementor-widget-text-editor\" data-id=\"3defd0d\" data-element_type=\"widget\" data-widget_type=\"text-editor.default\">\n\t\t\t\t<div class=\"elementor-widget-container\">\n\t\t\t\t\t\t\t\t\t<p style=\"text-align: justify;\">mikroriadenie, mana\u017ement \u0161koly, ciele v\u00fdchovy a\u00a0vzdel\u00e1vania, ved\u00faci pedagogick\u00ed zamestnanci, ved\u00faci odborn\u00ed zamestnanci, mana\u017e\u00e9r, rozhodovanie, riadite\u013e \u0161koly, kompetencie, modely riadenia \u0161k\u00f4l<\/p>\t\t\t\t\t\t\t\t<\/div>\n\t\t\t\t<\/div>\n\t\t\t\t<div class=\"elementor-element elementor-element-12aafcb elementor-widget elementor-widget-text-editor\" data-id=\"12aafcb\" data-element_type=\"widget\" data-widget_type=\"text-editor.default\">\n\t\t\t\t<div class=\"elementor-widget-container\">\n\t\t\t\t\t\t\t\t\t<p style=\"text-align: justify;\">Mikroriadenie \u0161koly charakterizujeme ako vn\u00fatorn\u00e9 riadenie \u0161koly orientovan\u00e9 na riadenie realiz\u00e1cie programov v\u00fdchovy a\u00a0vzdel\u00e1vania, na vytv\u00e1ranie dobrej kult\u00fary in\u0161tit\u00facie a\u00a0pozit\u00edvnej kl\u00edmy \u0161koly, person\u00e1lnych ekonomick\u00fdch a\u00a0materi\u00e1lnych podmienok \u010dinnosti \u0161koly. Predmetom je aj uplat\u0148ovanie kompetenci\u00ed riadite\u013ea \u0161koly, z\u00e1stupcov riadite\u013ea \u0161koly, u\u010dite\u013eov a\u00a0\u010fal\u0161\u00edch zamestnancov vo vn\u00fatornej organiza\u010dnej \u0161trukt\u00fare \u0161koly. Sleduje \u010dinnos\u0165 samospr\u00e1vneho org\u00e1nu \u0161koly, rady \u0161koly, jej vz\u0165ahy s\u00a0riadite\u013eom \u0161koly a\u00a0so soci\u00e1lnymi partnermi \u0161koly a\u00a0ich organiz\u00e1ciami. Do n\u00e1plne mikroriadenia \u0161koly patr\u00ed i\u00a0problematika pedagogickej rady, metodick\u00fdch org\u00e1nov, poradn\u00e9ho zboru, \u017eiackej samospr\u00e1vy a\u00a0rodi\u010dovsk\u00e9ho zdru\u017eenia (OBDR\u017d\u00c1LEK, HORV\u00c1THOV\u00c1 a kol., 2004, 186).\u00a0<\/p>\t\t\t\t\t\t\t\t<\/div>\n\t\t\t\t<\/div>\n\t\t\t\t\t<\/div>\n\t\t<\/div>\n\t\t\t\t\t<\/div>\n\t\t<\/section>\n\t\t\t\t\t<\/div>\n\t\t<\/div>\n\t\t\t\t\t<\/div>\n\t\t<\/section>\n\t\t\t\t<\/div>\n\t\t","protected":false},"excerpt":{"rendered":"<p>\u00daVOD DO EDUKA\u010cN\u00c9HO MANA\u017dMENTU MIKRORIADENIE \u0160KOLY I. \u2013 VED\u00daCI ZAMESTNANCI K\u013e\u00fa\u010dov\u00e9 slov\u00e1 mikroriadenie, mana\u017ement \u0161koly, ciele v\u00fdchovy a\u00a0vzdel\u00e1vania, ved\u00faci pedagogick\u00ed zamestnanci, ved\u00faci odborn\u00ed zamestnanci, mana\u017e\u00e9r, rozhodovanie, riadite\u013e \u0161koly, kompetencie, modely riadenia \u0161k\u00f4l Mikroriadenie \u0161koly charakterizujeme ako vn\u00fatorn\u00e9 riadenie \u0161koly orientovan\u00e9 na riadenie realiz\u00e1cie programov v\u00fdchovy a\u00a0vzdel\u00e1vania, na vytv\u00e1ranie dobrej kult\u00fary in\u0161tit\u00facie a\u00a0pozit\u00edvnej kl\u00edmy \u0161koly, person\u00e1lnych [&hellip;]<\/p>\n","protected":false},"author":3,"featured_media":0,"parent":0,"menu_order":0,"comment_status":"closed","ping_status":"closed","template":"","meta":{"footnotes":""},"class_list":["post-2712","page","type-page","status-publish","hentry"],"_links":{"self":[{"href":"https:\/\/e-ucebnice.ff.ucm.sk\/index.php\/wp-json\/wp\/v2\/pages\/2712","targetHints":{"allow":["GET"]}}],"collection":[{"href":"https:\/\/e-ucebnice.ff.ucm.sk\/index.php\/wp-json\/wp\/v2\/pages"}],"about":[{"href":"https:\/\/e-ucebnice.ff.ucm.sk\/index.php\/wp-json\/wp\/v2\/types\/page"}],"author":[{"embeddable":true,"href":"https:\/\/e-ucebnice.ff.ucm.sk\/index.php\/wp-json\/wp\/v2\/users\/3"}],"replies":[{"embeddable":true,"href":"https:\/\/e-ucebnice.ff.ucm.sk\/index.php\/wp-json\/wp\/v2\/comments?post=2712"}],"version-history":[{"count":4,"href":"https:\/\/e-ucebnice.ff.ucm.sk\/index.php\/wp-json\/wp\/v2\/pages\/2712\/revisions"}],"predecessor-version":[{"id":2923,"href":"https:\/\/e-ucebnice.ff.ucm.sk\/index.php\/wp-json\/wp\/v2\/pages\/2712\/revisions\/2923"}],"wp:attachment":[{"href":"https:\/\/e-ucebnice.ff.ucm.sk\/index.php\/wp-json\/wp\/v2\/media?parent=2712"}],"curies":[{"name":"wp","href":"https:\/\/api.w.org\/{rel}","templated":true}]}}