{"id":2718,"date":"2023-03-02T18:49:51","date_gmt":"2023-03-02T17:49:51","guid":{"rendered":"https:\/\/e-ucebnice.ff.ucm.sk\/?page_id=2718"},"modified":"2023-03-04T11:36:58","modified_gmt":"2023-03-04T10:36:58","slug":"uvod-do-eduk-man-7","status":"publish","type":"page","link":"https:\/\/e-ucebnice.ff.ucm.sk\/index.php\/uvod-do-eduk-man-7\/","title":{"rendered":"\u00davod do eduk man-7"},"content":{"rendered":"\t\t<div data-elementor-type=\"wp-page\" data-elementor-id=\"2718\" class=\"elementor elementor-2718\" data-elementor-post-type=\"page\">\n\t\t\t\t\t\t<section class=\"elementor-section elementor-top-section elementor-element elementor-element-26233ed elementor-section-height-min-height elementor-section-boxed elementor-section-height-default elementor-section-items-middle\" data-id=\"26233ed\" data-element_type=\"section\" data-settings=\"{&quot;background_background&quot;:&quot;classic&quot;}\">\n\t\t\t\t\t\t\t<div class=\"elementor-background-overlay\"><\/div>\n\t\t\t\t\t\t\t<div class=\"elementor-container elementor-column-gap-default\">\n\t\t\t\t\t<div class=\"elementor-column elementor-col-100 elementor-top-column elementor-element elementor-element-6f95f1e\" data-id=\"6f95f1e\" data-element_type=\"column\">\n\t\t\t<div class=\"elementor-widget-wrap elementor-element-populated\">\n\t\t\t\t\t\t<div class=\"elementor-element elementor-element-b9d2531 elementor-widget elementor-widget-heading\" data-id=\"b9d2531\" data-element_type=\"widget\" data-widget_type=\"heading.default\">\n\t\t\t\t<div class=\"elementor-widget-container\">\n\t\t\t\t\t<h1 class=\"elementor-heading-title elementor-size-default\">\u00daVOD DO EDUKA\u010cN\u00c9HO MANA\u017dMENTU <\/h1>\t\t\t\t<\/div>\n\t\t\t\t<\/div>\n\t\t\t\t\t<\/div>\n\t\t<\/div>\n\t\t\t\t\t<\/div>\n\t\t<\/section>\n\t\t\t\t<section class=\"elementor-section elementor-top-section elementor-element elementor-element-4330816 elementor-section-boxed elementor-section-height-default elementor-section-height-default\" data-id=\"4330816\" data-element_type=\"section\">\n\t\t\t\t\t\t<div class=\"elementor-container elementor-column-gap-default\">\n\t\t\t\t\t<div class=\"elementor-column elementor-col-100 elementor-top-column elementor-element elementor-element-212fd65\" data-id=\"212fd65\" data-element_type=\"column\">\n\t\t\t<div class=\"elementor-widget-wrap elementor-element-populated\">\n\t\t\t\t\t\t<section class=\"elementor-section elementor-inner-section elementor-element elementor-element-90d809e elementor-section-boxed elementor-section-height-default elementor-section-height-default\" data-id=\"90d809e\" data-element_type=\"section\">\n\t\t\t\t\t\t<div class=\"elementor-container elementor-column-gap-default\">\n\t\t\t\t\t<div class=\"elementor-column elementor-col-100 elementor-inner-column elementor-element elementor-element-3fe9372\" data-id=\"3fe9372\" data-element_type=\"column\">\n\t\t\t<div class=\"elementor-widget-wrap elementor-element-populated\">\n\t\t\t\t\t\t<div class=\"elementor-element elementor-element-b742905 elementor-widget elementor-widget-heading\" data-id=\"b742905\" data-element_type=\"widget\" data-widget_type=\"heading.default\">\n\t\t\t\t<div class=\"elementor-widget-container\">\n\t\t\t\t\t<h3 class=\"elementor-heading-title elementor-size-default\">PEDAGOGICK\u00c1 A \u010eA\u013d\u0160IA DOKUMENT\u00c1CIA \u0160KOLY<\/h3>\t\t\t\t<\/div>\n\t\t\t\t<\/div>\n\t\t\t\t<section class=\"elementor-section elementor-inner-section elementor-element elementor-element-6927d28 elementor-section-full_width elementor-section-height-default elementor-section-height-default\" data-id=\"6927d28\" data-element_type=\"section\">\n\t\t\t\t\t\t<div class=\"elementor-container elementor-column-gap-default\">\n\t\t\t\t\t<div class=\"elementor-column elementor-col-100 elementor-inner-column elementor-element elementor-element-d3ce0de\" data-id=\"d3ce0de\" data-element_type=\"column\">\n\t\t\t<div class=\"elementor-widget-wrap elementor-element-populated\">\n\t\t\t\t\t\t<div class=\"elementor-element elementor-element-d4ae39a elementor-widget__width-auto elementor-widget elementor-widget-heading\" data-id=\"d4ae39a\" data-element_type=\"widget\" data-widget_type=\"heading.default\">\n\t\t\t\t<div class=\"elementor-widget-container\">\n\t\t\t\t\t<h2 class=\"elementor-heading-title elementor-size-default\">K\u013e\u00fa\u010dov\u00e9 slov\u00e1<\/h2>\t\t\t\t<\/div>\n\t\t\t\t<\/div>\n\t\t\t\t\t<\/div>\n\t\t<\/div>\n\t\t\t\t\t<\/div>\n\t\t<\/section>\n\t\t\t\t<div class=\"elementor-element elementor-element-f530b12 elementor-widget elementor-widget-text-editor\" data-id=\"f530b12\" data-element_type=\"widget\" data-widget_type=\"text-editor.default\">\n\t\t\t\t<div class=\"elementor-widget-container\">\n\t\t\t\t\t\t\t\t\t<p>pedagogick\u00e1 dokument\u00e1cia, \u010fal\u0161ia dokument\u00e1cia, formy riadenia \u0161koly, \u0161t\u00e1tny vzdel\u00e1vac\u00ed program, \u0161kolsk\u00fd vzdel\u00e1vac\u00ed program, pedagogick\u00e1 dokument\u00e1cia z\u00e1kladnej \u0161koly, pedagogick\u00e1 dokument\u00e1cia strednej \u0161koly,<\/p>\t\t\t\t\t\t\t\t<\/div>\n\t\t\t\t<\/div>\n\t\t\t\t<div class=\"elementor-element elementor-element-34de516 elementor-widget elementor-widget-text-editor\" data-id=\"34de516\" data-element_type=\"widget\" data-widget_type=\"text-editor.default\">\n\t\t\t\t<div class=\"elementor-widget-container\">\n\t\t\t\t\t\t\t\t\t<p style=\"text-align: justify;\">V\u00fdchova a\u00a0vzdel\u00e1vanie v\u00a0podmienkach \u0161k\u00f4l a\u00a0\u0161kolsk\u00fdch zariaden\u00ed je riaden\u00fdm a\u00a0organizovan\u00fdm procesom, ktor\u00fd smeruje k\u00a0dosiahnutiu cie\u013eov v\u00fdchovy a\u00a0vzdel\u00e1vania. Organizovanos\u0165 procesu v\u00fdchovy a\u00a0vzdel\u00e1vania sa prejavuje t\u00fdm, \u017ee sa riadi normami, ktor\u00e9 s\u00fa v\u00fdsledkom\u00a0normotvorby nielen na \u00farovni org\u00e1nov \u0161t\u00e1tu (z\u00e1kony, vyhl\u00e1\u0161ky,&#8230;) a\u00a0\u00fazemnej samospr\u00e1vy (v\u0161eobecne z\u00e1v\u00e4zn\u00e9 nariadenia,&#8230;), ale aj na \u00farovni \u0161koly a\u00a0\u0161kolsk\u00e9ho zariadenia (\u0161kolsk\u00fd vzdel\u00e1vac\u00ed program, organiza\u010dn\u00fd poriadok,&#8230;) a\u017e na \u00farove\u0148 samospr\u00e1vnych a\u00a0poradn\u00fdch org\u00e1nov \u0161koly a\u00a0\u0161kolsk\u00e9ho zariadenia (\u0161tat\u00fat, rokovac\u00ed poriadok,&#8230;).<\/p><p style=\"text-align: justify;\">Pedagogick\u00fa dokument\u00e1ciu m\u00f4\u017eeme definova\u0165 ako s\u00fabor dokumentov, ktor\u00fdmi sa riadi v\u00fdchovno-vzdel\u00e1vac\u00ed proces a\u00a0pod\u013ea ktor\u00fdch \u0161kola a\u00a0\u0161kolsk\u00e9 zariadenie postupuje pri vyd\u00e1van\u00ed rozhodovac\u00edch aktov. \u010eal\u0161iu dokument\u00e1ciu m\u00f4\u017eeme definova\u0165 ako s\u00fabor dokumentov, ktor\u00fdmi sa zabezpe\u010duje organizovanie a\u00a0riadenie \u0161k\u00f4l a\u00a0\u0161kolsk\u00fdch zariaden\u00ed (\u00a7 11 z\u00e1kona \u010d. 245\/2008).<\/p><p style=\"text-align: justify;\">Pedagogick\u00e1 a\u00a0\u010fal\u0161ia dokument\u00e1cia \u0161koly \u00fazko s\u00favis\u00ed riadiacimi \u010dinnos\u0165ami \u0161koly a\u00a0\u0161kolsk\u00e9ho zariadenia, ktor\u00e9 m\u00f4\u017eeme rozdeli\u0165 na (DRAVECK\u00dd, 2011, 65-71):<\/p><ul style=\"text-align: justify;\"><li><strong>pedagogick\u00e9 riadenie<\/strong>, ktor\u00e9 m\u00e1 v\u00a0\u0161kole a\u00a0\u0161kolskom zariaden\u00ed prioritn\u00e9 postavenie, nako\u013eko \u00faspe\u0161nos\u0165 \u0161koly z\u00e1vis\u00ed od kvality v\u00fdchovno-vzdel\u00e1vacej \u010dinnosti (rozpracovan\u00fa koncepciu a riadenie v\u00fdchovno-vzdel\u00e1vacej \u010dinnosti obsahuje pr\u00e1ve pedagogick\u00e1 dokument\u00e1cia),<\/li><li><strong>odborno-metodick\u00e9 riadenie, <\/strong>ktor\u00e9ho cie\u013eom je zapojenie pedagogick\u00fdch a\u00a0nepedagogick\u00fdch zamestnancov \u0161koly do riadiacich procesov formou metodick\u00fdch zdru\u017een\u00ed, predmetov\u00fdch komisi\u00ed, por\u00e1d a\u00a0pod.,<\/li><li><strong>person\u00e1lne riadenie <\/strong>spo\u010d\u00edva vo v\u00fdbere a adaptovan\u00ed nov\u00fdch zamestnancov, v\u00a0riaden\u00ed ich pr\u00e1ce, v\u00a0nastaven\u00ed syst\u00e9mu \u010fal\u0161ieho vzdel\u00e1vania a\u00a0pod.,<\/li><li><strong>pr\u00e1vne riadenie <\/strong>zah\u0155\u0148a aplik\u00e1ciu v\u0161eobecne z\u00e1v\u00e4zn\u00fdch pr\u00e1vnych noriem na podmienky \u0161koly,<\/li><li><strong>ekonomick\u00e9 riadenie <\/strong>s\u00favis\u00ed s\u00a0pl\u00e1novan\u00edm finan\u010dn\u00fdch prostriedkov, tvorbou rozpo\u010dtu a\u00a0ostatn\u00fdmi ekonomick\u00fdmi \u010dinnos\u0165ami.<\/li><\/ul><p style=\"text-align: justify;\">Odborno-metodick\u00e9 riadenie, person\u00e1lne riadenie, pr\u00e1vne riadenie a\u00a0ekonomick\u00e9 riadenie s\u00fa s\u00fa\u010das\u0165ou \u010fal\u0161ej dokument\u00e1cie \u0161koly a\u00a0\u0161kolsk\u00e9ho zariadenia.<\/p>\t\t\t\t\t\t\t\t<\/div>\n\t\t\t\t<\/div>\n\t\t\t\t\t<\/div>\n\t\t<\/div>\n\t\t\t\t\t<\/div>\n\t\t<\/section>\n\t\t\t\t\t<\/div>\n\t\t<\/div>\n\t\t\t\t\t<\/div>\n\t\t<\/section>\n\t\t\t\t<\/div>\n\t\t","protected":false},"excerpt":{"rendered":"<p>\u00daVOD DO EDUKA\u010cN\u00c9HO MANA\u017dMENTU PEDAGOGICK\u00c1 A \u010eA\u013d\u0160IA DOKUMENT\u00c1CIA \u0160KOLY K\u013e\u00fa\u010dov\u00e9 slov\u00e1 pedagogick\u00e1 dokument\u00e1cia, \u010fal\u0161ia dokument\u00e1cia, formy riadenia \u0161koly, \u0161t\u00e1tny vzdel\u00e1vac\u00ed program, \u0161kolsk\u00fd vzdel\u00e1vac\u00ed program, pedagogick\u00e1 dokument\u00e1cia z\u00e1kladnej \u0161koly, pedagogick\u00e1 dokument\u00e1cia strednej \u0161koly, V\u00fdchova a\u00a0vzdel\u00e1vanie v\u00a0podmienkach \u0161k\u00f4l a\u00a0\u0161kolsk\u00fdch zariaden\u00ed je riaden\u00fdm a\u00a0organizovan\u00fdm procesom, ktor\u00fd smeruje k\u00a0dosiahnutiu cie\u013eov v\u00fdchovy a\u00a0vzdel\u00e1vania. Organizovanos\u0165 procesu v\u00fdchovy a\u00a0vzdel\u00e1vania sa prejavuje t\u00fdm, [&hellip;]<\/p>\n","protected":false},"author":3,"featured_media":0,"parent":0,"menu_order":0,"comment_status":"closed","ping_status":"closed","template":"","meta":{"footnotes":""},"class_list":["post-2718","page","type-page","status-publish","hentry"],"_links":{"self":[{"href":"https:\/\/e-ucebnice.ff.ucm.sk\/index.php\/wp-json\/wp\/v2\/pages\/2718","targetHints":{"allow":["GET"]}}],"collection":[{"href":"https:\/\/e-ucebnice.ff.ucm.sk\/index.php\/wp-json\/wp\/v2\/pages"}],"about":[{"href":"https:\/\/e-ucebnice.ff.ucm.sk\/index.php\/wp-json\/wp\/v2\/types\/page"}],"author":[{"embeddable":true,"href":"https:\/\/e-ucebnice.ff.ucm.sk\/index.php\/wp-json\/wp\/v2\/users\/3"}],"replies":[{"embeddable":true,"href":"https:\/\/e-ucebnice.ff.ucm.sk\/index.php\/wp-json\/wp\/v2\/comments?post=2718"}],"version-history":[{"count":4,"href":"https:\/\/e-ucebnice.ff.ucm.sk\/index.php\/wp-json\/wp\/v2\/pages\/2718\/revisions"}],"predecessor-version":[{"id":3076,"href":"https:\/\/e-ucebnice.ff.ucm.sk\/index.php\/wp-json\/wp\/v2\/pages\/2718\/revisions\/3076"}],"wp:attachment":[{"href":"https:\/\/e-ucebnice.ff.ucm.sk\/index.php\/wp-json\/wp\/v2\/media?parent=2718"}],"curies":[{"name":"wp","href":"https:\/\/api.w.org\/{rel}","templated":true}]}}