{"id":2720,"date":"2023-03-02T18:50:28","date_gmt":"2023-03-02T17:50:28","guid":{"rendered":"https:\/\/e-ucebnice.ff.ucm.sk\/?page_id=2720"},"modified":"2023-03-04T11:47:48","modified_gmt":"2023-03-04T10:47:48","slug":"uvod-do-eduk-man-8","status":"publish","type":"page","link":"https:\/\/e-ucebnice.ff.ucm.sk\/index.php\/uvod-do-eduk-man-8\/","title":{"rendered":"\u00davod do eduk man-8"},"content":{"rendered":"\t\t<div data-elementor-type=\"wp-page\" data-elementor-id=\"2720\" class=\"elementor elementor-2720\" data-elementor-post-type=\"page\">\n\t\t\t\t\t\t<section class=\"elementor-section elementor-top-section elementor-element elementor-element-db1649d elementor-section-height-min-height elementor-section-boxed elementor-section-height-default elementor-section-items-middle\" data-id=\"db1649d\" data-element_type=\"section\" data-settings=\"{&quot;background_background&quot;:&quot;classic&quot;}\">\n\t\t\t\t\t\t\t<div class=\"elementor-background-overlay\"><\/div>\n\t\t\t\t\t\t\t<div class=\"elementor-container elementor-column-gap-default\">\n\t\t\t\t\t<div class=\"elementor-column elementor-col-100 elementor-top-column elementor-element elementor-element-d607968\" data-id=\"d607968\" data-element_type=\"column\">\n\t\t\t<div class=\"elementor-widget-wrap elementor-element-populated\">\n\t\t\t\t\t\t<div class=\"elementor-element elementor-element-1126db6 elementor-widget elementor-widget-heading\" data-id=\"1126db6\" data-element_type=\"widget\" data-widget_type=\"heading.default\">\n\t\t\t\t<div class=\"elementor-widget-container\">\n\t\t\t\t\t<h1 class=\"elementor-heading-title elementor-size-default\">\u00daVOD DO EDUKA\u010cN\u00c9HO MANA\u017dMENTU <\/h1>\t\t\t\t<\/div>\n\t\t\t\t<\/div>\n\t\t\t\t\t<\/div>\n\t\t<\/div>\n\t\t\t\t\t<\/div>\n\t\t<\/section>\n\t\t\t\t<section class=\"elementor-section elementor-top-section elementor-element elementor-element-4398ef3 elementor-section-boxed elementor-section-height-default elementor-section-height-default\" data-id=\"4398ef3\" data-element_type=\"section\">\n\t\t\t\t\t\t<div class=\"elementor-container elementor-column-gap-default\">\n\t\t\t\t\t<div class=\"elementor-column elementor-col-100 elementor-top-column elementor-element elementor-element-49d4dd0\" data-id=\"49d4dd0\" data-element_type=\"column\">\n\t\t\t<div class=\"elementor-widget-wrap elementor-element-populated\">\n\t\t\t\t\t\t<section class=\"elementor-section elementor-inner-section elementor-element elementor-element-63ffc51 elementor-section-boxed elementor-section-height-default elementor-section-height-default\" data-id=\"63ffc51\" data-element_type=\"section\">\n\t\t\t\t\t\t<div class=\"elementor-container elementor-column-gap-default\">\n\t\t\t\t\t<div class=\"elementor-column elementor-col-100 elementor-inner-column elementor-element elementor-element-a1f12a9\" data-id=\"a1f12a9\" data-element_type=\"column\">\n\t\t\t<div class=\"elementor-widget-wrap elementor-element-populated\">\n\t\t\t\t\t\t<div class=\"elementor-element elementor-element-c7abf09 elementor-widget elementor-widget-heading\" data-id=\"c7abf09\" data-element_type=\"widget\" data-widget_type=\"heading.default\">\n\t\t\t\t<div class=\"elementor-widget-container\">\n\t\t\t\t\t<h3 class=\"elementor-heading-title elementor-size-default\">PERSON\u00c1LNY MANA\u017dMENT A PROFESIJN\u00dd ROZVOJ PEDAGOGICK\u00ddCH ZAMESTNANCOV<\/h3>\t\t\t\t<\/div>\n\t\t\t\t<\/div>\n\t\t\t\t<section class=\"elementor-section elementor-inner-section elementor-element elementor-element-66fbe14 elementor-section-full_width elementor-section-height-default elementor-section-height-default\" data-id=\"66fbe14\" data-element_type=\"section\">\n\t\t\t\t\t\t<div class=\"elementor-container elementor-column-gap-default\">\n\t\t\t\t\t<div class=\"elementor-column elementor-col-100 elementor-inner-column elementor-element elementor-element-e29e704\" data-id=\"e29e704\" data-element_type=\"column\">\n\t\t\t<div class=\"elementor-widget-wrap elementor-element-populated\">\n\t\t\t\t\t\t<div class=\"elementor-element elementor-element-21c0880 elementor-widget__width-auto elementor-widget elementor-widget-heading\" data-id=\"21c0880\" data-element_type=\"widget\" data-widget_type=\"heading.default\">\n\t\t\t\t<div class=\"elementor-widget-container\">\n\t\t\t\t\t<h2 class=\"elementor-heading-title elementor-size-default\">K\u013e\u00fa\u010dov\u00e9 slov\u00e1<\/h2>\t\t\t\t<\/div>\n\t\t\t\t<\/div>\n\t\t\t\t\t<\/div>\n\t\t<\/div>\n\t\t\t\t\t<\/div>\n\t\t<\/section>\n\t\t\t\t<div class=\"elementor-element elementor-element-6226585 elementor-widget elementor-widget-text-editor\" data-id=\"6226585\" data-element_type=\"widget\" data-widget_type=\"text-editor.default\">\n\t\t\t\t<div class=\"elementor-widget-container\">\n\t\t\t\t\t\t\t\t\t<p>person\u00e1lny mana\u017ement, riadenie \u013eudsk\u00fdch zdrojov, profesijn\u00fd rozvoj, strat\u00e9gia \u010fal\u0161ieho vzdel\u00e1vania, kvalifika\u010dn\u00e9 vzdel\u00e1vanie, funk\u010dn\u00e9 vzdel\u00e1vania, \u0161pecializa\u010dn\u00e9 vzdel\u00e1vanie, funk\u010dn\u00e9 vzdel\u00e1vanie, predatesta\u010dn\u00e9 vzdel\u00e1vanie, inova\u010dn\u00e9 vzdel\u00e1vanie, aktualiza\u010dn\u00e9 vzdel\u00e1vanie.<\/p>\t\t\t\t\t\t\t\t<\/div>\n\t\t\t\t<\/div>\n\t\t\t\t<div class=\"elementor-element elementor-element-49e1931 elementor-widget elementor-widget-text-editor\" data-id=\"49e1931\" data-element_type=\"widget\" data-widget_type=\"text-editor.default\">\n\t\t\t\t<div class=\"elementor-widget-container\">\n\t\t\t\t\t\t\t\t\t<p style=\"text-align: justify;\">K\u013e\u00fa\u010dov\u00fa \u00falohu pri zabezpe\u010dovan\u00ed eduka\u010dn\u00e9ho procesu v\u00a0podmienkach \u0161k\u00f4l a\u00a0\u0161kolsk\u00fdch zariaden\u00ed zohr\u00e1vaj\u00fa pedagogick\u00ed zamestnanci. Ich \u00falohou je riadi\u0165 eduka\u010dn\u00fd proces tak, aby boli dosahovan\u00e9 ciele a\u00a0v\u00fdstupy vzdel\u00e1vania v\u00a0s\u00falade so \u0161t\u00e1tnym vzdel\u00e1vac\u00edm programom a\u00a0vzdel\u00e1vac\u00edm programom \u0161koly a\u00a0\u0161kolsk\u00e9ho zariadenia. Pedagogick\u00ed zamestnanci s\u00fa t\u00fdmi, ktor\u00fdch \u00falohou je zvy\u0161ova\u0165 kvalitu eduk\u00e1cie najm\u00e4 prostredn\u00edctvom zav\u00e1dzania inov\u00e1ci\u00ed a\u00a0rozvojom svojich profesijn\u00fdch kompetenci\u00ed. Z\u00a0uveden\u00e9ho d\u00f4vodu sa pozornos\u0165 eduka\u010dn\u00e9ho mana\u017ementu orientuje osobitne aj na tzv. person\u00e1lny mana\u017ement, ktor\u00e9ho nosnou t\u00e9mou je riadenie \u013eudsk\u00fdch zdrojov. V\u00a0oblasti \u0161kolstva m\u00e1me na mysli predov\u0161etk\u00fdm v\u00fdber pedagogick\u00fdch zamestnancov, adapt\u00e1cia na pracovn\u00e9 prostredie, rozvoj profesijn\u00fdch kompetenci\u00ed prostredn\u00edctvom \u010fal\u0161\u00edch foriem vzdel\u00e1vania, osobnostn\u00fd a\u00a0odborn\u00fd rast a\u00a0pod.<\/p><p style=\"text-align: justify;\">Osobitn\u00fa pozornos\u0165 v\u00a0oblasti person\u00e1lneho mana\u017ementu v\u00a0oblasti \u0161kolstva si vy\u017eaduj\u00fa ved\u00faci pedagogick\u00ed zamestnanci, ktor\u00ed musia disponova\u0165 aj mana\u017e\u00e9rskymi kompetenciami v\u00a0s\u00favislosti s\u00a0plnen\u00edm z\u00e1konn\u00fdch povinnost\u00ed s\u00favisiacich s\u00a0riaden\u00edm \u0161koly a\u00a0\u0161kolsk\u00e9ho zariadenia.<\/p>\t\t\t\t\t\t\t\t<\/div>\n\t\t\t\t<\/div>\n\t\t\t\t\t<\/div>\n\t\t<\/div>\n\t\t\t\t\t<\/div>\n\t\t<\/section>\n\t\t\t\t\t<\/div>\n\t\t<\/div>\n\t\t\t\t\t<\/div>\n\t\t<\/section>\n\t\t\t\t<\/div>\n\t\t","protected":false},"excerpt":{"rendered":"<p>\u00daVOD DO EDUKA\u010cN\u00c9HO MANA\u017dMENTU PERSON\u00c1LNY MANA\u017dMENT A PROFESIJN\u00dd ROZVOJ PEDAGOGICK\u00ddCH ZAMESTNANCOV K\u013e\u00fa\u010dov\u00e9 slov\u00e1 person\u00e1lny mana\u017ement, riadenie \u013eudsk\u00fdch zdrojov, profesijn\u00fd rozvoj, strat\u00e9gia \u010fal\u0161ieho vzdel\u00e1vania, kvalifika\u010dn\u00e9 vzdel\u00e1vanie, funk\u010dn\u00e9 vzdel\u00e1vania, \u0161pecializa\u010dn\u00e9 vzdel\u00e1vanie, funk\u010dn\u00e9 vzdel\u00e1vanie, predatesta\u010dn\u00e9 vzdel\u00e1vanie, inova\u010dn\u00e9 vzdel\u00e1vanie, aktualiza\u010dn\u00e9 vzdel\u00e1vanie. K\u013e\u00fa\u010dov\u00fa \u00falohu pri zabezpe\u010dovan\u00ed eduka\u010dn\u00e9ho procesu v\u00a0podmienkach \u0161k\u00f4l a\u00a0\u0161kolsk\u00fdch zariaden\u00ed zohr\u00e1vaj\u00fa pedagogick\u00ed zamestnanci. Ich \u00falohou je riadi\u0165 eduka\u010dn\u00fd [&hellip;]<\/p>\n","protected":false},"author":3,"featured_media":0,"parent":0,"menu_order":0,"comment_status":"closed","ping_status":"closed","template":"","meta":{"footnotes":""},"class_list":["post-2720","page","type-page","status-publish","hentry"],"_links":{"self":[{"href":"https:\/\/e-ucebnice.ff.ucm.sk\/index.php\/wp-json\/wp\/v2\/pages\/2720","targetHints":{"allow":["GET"]}}],"collection":[{"href":"https:\/\/e-ucebnice.ff.ucm.sk\/index.php\/wp-json\/wp\/v2\/pages"}],"about":[{"href":"https:\/\/e-ucebnice.ff.ucm.sk\/index.php\/wp-json\/wp\/v2\/types\/page"}],"author":[{"embeddable":true,"href":"https:\/\/e-ucebnice.ff.ucm.sk\/index.php\/wp-json\/wp\/v2\/users\/3"}],"replies":[{"embeddable":true,"href":"https:\/\/e-ucebnice.ff.ucm.sk\/index.php\/wp-json\/wp\/v2\/comments?post=2720"}],"version-history":[{"count":7,"href":"https:\/\/e-ucebnice.ff.ucm.sk\/index.php\/wp-json\/wp\/v2\/pages\/2720\/revisions"}],"predecessor-version":[{"id":3097,"href":"https:\/\/e-ucebnice.ff.ucm.sk\/index.php\/wp-json\/wp\/v2\/pages\/2720\/revisions\/3097"}],"wp:attachment":[{"href":"https:\/\/e-ucebnice.ff.ucm.sk\/index.php\/wp-json\/wp\/v2\/media?parent=2720"}],"curies":[{"name":"wp","href":"https:\/\/api.w.org\/{rel}","templated":true}]}}