{"id":2722,"date":"2023-03-02T18:51:00","date_gmt":"2023-03-02T17:51:00","guid":{"rendered":"https:\/\/e-ucebnice.ff.ucm.sk\/?page_id=2722"},"modified":"2023-03-04T12:08:18","modified_gmt":"2023-03-04T11:08:18","slug":"uvod-do-eduk-man-9","status":"publish","type":"page","link":"https:\/\/e-ucebnice.ff.ucm.sk\/index.php\/uvod-do-eduk-man-9\/","title":{"rendered":"\u00davod do eduk man-9"},"content":{"rendered":"\t\t<div data-elementor-type=\"wp-page\" data-elementor-id=\"2722\" class=\"elementor elementor-2722\" data-elementor-post-type=\"page\">\n\t\t\t\t\t\t<section class=\"elementor-section elementor-top-section elementor-element elementor-element-67411b2 elementor-section-height-min-height elementor-section-boxed elementor-section-height-default elementor-section-items-middle\" data-id=\"67411b2\" data-element_type=\"section\" data-settings=\"{&quot;background_background&quot;:&quot;classic&quot;}\">\n\t\t\t\t\t\t\t<div class=\"elementor-background-overlay\"><\/div>\n\t\t\t\t\t\t\t<div class=\"elementor-container elementor-column-gap-default\">\n\t\t\t\t\t<div class=\"elementor-column elementor-col-100 elementor-top-column elementor-element elementor-element-483541c\" data-id=\"483541c\" data-element_type=\"column\">\n\t\t\t<div class=\"elementor-widget-wrap elementor-element-populated\">\n\t\t\t\t\t\t<div class=\"elementor-element elementor-element-b6457f4 elementor-widget elementor-widget-heading\" data-id=\"b6457f4\" data-element_type=\"widget\" data-widget_type=\"heading.default\">\n\t\t\t\t<div class=\"elementor-widget-container\">\n\t\t\t\t\t<h1 class=\"elementor-heading-title elementor-size-default\">\u00daVOD DO EDUKA\u010cN\u00c9HO MANA\u017dMENTU <\/h1>\t\t\t\t<\/div>\n\t\t\t\t<\/div>\n\t\t\t\t\t<\/div>\n\t\t<\/div>\n\t\t\t\t\t<\/div>\n\t\t<\/section>\n\t\t\t\t<section class=\"elementor-section elementor-top-section elementor-element elementor-element-098e169 elementor-section-boxed elementor-section-height-default elementor-section-height-default\" data-id=\"098e169\" data-element_type=\"section\">\n\t\t\t\t\t\t<div class=\"elementor-container elementor-column-gap-default\">\n\t\t\t\t\t<div class=\"elementor-column elementor-col-100 elementor-top-column elementor-element elementor-element-bad0529\" data-id=\"bad0529\" data-element_type=\"column\">\n\t\t\t<div class=\"elementor-widget-wrap elementor-element-populated\">\n\t\t\t\t\t\t<section class=\"elementor-section elementor-inner-section elementor-element elementor-element-e859ee5 elementor-section-boxed elementor-section-height-default elementor-section-height-default\" data-id=\"e859ee5\" data-element_type=\"section\">\n\t\t\t\t\t\t<div class=\"elementor-container elementor-column-gap-default\">\n\t\t\t\t\t<div class=\"elementor-column elementor-col-100 elementor-inner-column elementor-element elementor-element-e689ac1\" data-id=\"e689ac1\" data-element_type=\"column\">\n\t\t\t<div class=\"elementor-widget-wrap elementor-element-populated\">\n\t\t\t\t\t\t<div class=\"elementor-element elementor-element-dfc69fd elementor-widget elementor-widget-heading\" data-id=\"dfc69fd\" data-element_type=\"widget\" data-widget_type=\"heading.default\">\n\t\t\t\t<div class=\"elementor-widget-container\">\n\t\t\t\t\t<h3 class=\"elementor-heading-title elementor-size-default\">FINANCOVANIE \u0160KOLSTVA V PODMIENKACH SR<\/h3>\t\t\t\t<\/div>\n\t\t\t\t<\/div>\n\t\t\t\t<section class=\"elementor-section elementor-inner-section elementor-element elementor-element-ec0eede elementor-section-full_width elementor-section-height-default elementor-section-height-default\" data-id=\"ec0eede\" data-element_type=\"section\">\n\t\t\t\t\t\t<div class=\"elementor-container elementor-column-gap-default\">\n\t\t\t\t\t<div class=\"elementor-column elementor-col-100 elementor-inner-column elementor-element elementor-element-fe02250\" data-id=\"fe02250\" data-element_type=\"column\">\n\t\t\t<div class=\"elementor-widget-wrap elementor-element-populated\">\n\t\t\t\t\t\t<div class=\"elementor-element elementor-element-1655a58 elementor-widget__width-auto elementor-widget elementor-widget-heading\" data-id=\"1655a58\" data-element_type=\"widget\" data-widget_type=\"heading.default\">\n\t\t\t\t<div class=\"elementor-widget-container\">\n\t\t\t\t\t<h2 class=\"elementor-heading-title elementor-size-default\">K\u013e\u00fa\u010dov\u00e9 slov\u00e1<\/h2>\t\t\t\t<\/div>\n\t\t\t\t<\/div>\n\t\t\t\t\t<\/div>\n\t\t<\/div>\n\t\t\t\t\t<\/div>\n\t\t<\/section>\n\t\t\t\t<div class=\"elementor-element elementor-element-9cefd00 elementor-widget elementor-widget-text-editor\" data-id=\"9cefd00\" data-element_type=\"widget\" data-widget_type=\"text-editor.default\">\n\t\t\t\t<div class=\"elementor-widget-container\">\n\t\t\t\t\t\t\t\t\t<p>financovanie \u0161kolstva, region\u00e1lne \u0161kolstvo, vysok\u00e9 \u0161kolstvo, normat\u00edvne financovanie, mzdov\u00fd normat\u00edv, prev\u00e1dzkov\u00fd normat\u00edv, nenormat\u00edvne financovanie, \u0161t\u00e1tny rozpo\u010det, rozpo\u010det obc\u00ed, rozpo\u010det samospr\u00e1vnych krajov.<\/p>\t\t\t\t\t\t\t\t<\/div>\n\t\t\t\t<\/div>\n\t\t\t\t<div class=\"elementor-element elementor-element-bcc07d5 elementor-widget elementor-widget-text-editor\" data-id=\"bcc07d5\" data-element_type=\"widget\" data-widget_type=\"text-editor.default\">\n\t\t\t\t<div class=\"elementor-widget-container\">\n\t\t\t\t\t\t\t\t\t<p style=\"text-align: justify;\">D\u00f4le\u017eitou podmienkou realiz\u00e1cie eduka\u010dn\u00e9ho procesu v podmienkach \u0161k\u00f4l a \u0161kolsk\u00fdch zariaden\u00ed je zabezpe\u010denie financovania v\u0161etk\u00fdch procesov a \u010dinnosti, ktor\u00e9 s\u00favisia s eduka\u010dn\u00fdm procesom. Prostredn\u00edctvom financovania s\u00fa zabezpe\u010dovan\u00e9 pe\u0148a\u017en\u00e9 potreby \u0161kolstva, a to predov\u0161etk\u00fdm zo \u0161t\u00e1tneho rozpo\u010dtu, z rozpo\u010dtov obc\u00ed a samospr\u00e1vnych krajov a z \u010fal\u0161\u00edch zdrojov.<\/p><p style=\"text-align: justify;\">Sp\u00f4sob financovania \u0161kolstva v\u00a0na\u0161ich podmienkach sa dejinne vyv\u00edjal. V podmienkach \u010desko-slovensk\u00e9ho n\u00e1rodn\u00e9ho hospod\u00e1rstva sa finan\u010dn\u00e9 zdroje na \u0161kolstvo pl\u00e1novali centr\u00e1lne. Cel\u00e9 financovanie \u0161kolstva sa uskuto\u010d\u0148ovalo indexov\u00fdm sp\u00f4sobom na z\u00e1klade politick\u00fdch rozhodnut\u00ed o priorit\u00e1ch v z\u00e1vislosti od v\u00fd\u0161ky a mo\u017enost\u00ed \u0161t\u00e1tneho rozpo\u010dtu. Pri zostavovan\u00ed rozpo\u010dtu \u0161k\u00f4l a \u0161kolsk\u00fdch zariaden\u00ed sa vych\u00e1dzalo predov\u0161etk\u00fdm zo vz\u00e1jomn\u00fdch proporci\u00ed jednotliv\u00fdch polo\u017eiek skuto\u010dnosti predch\u00e1dzaj\u00faceho roka. Na tomto z\u00e1klade sa na v\u0161etk\u00fdch \u00farovniach indexovou met\u00f3dou rozde\u013eoval celkov\u00fd objem disponibiln\u00fdch finan\u010dn\u00fdch prostriedkov od \u0161t\u00e1tu na \u010fal\u0161\u00ed rok (OBDR\u017d\u00c1LEK, HORV\u00c1THOV\u00c1 a kol., 2004, 90).<\/p><p style=\"text-align: justify;\">\u0160kolsk\u00fd syst\u00e9m podmienkach Slovenskej republiky m\u00f4\u017eeme rozdeli\u0165 na dve ve\u013ek\u00e9 skupiny (PISO\u0147OV\u00c1 a\u00a0kol., 2021, 66):<\/p><ul><li style=\"text-align: justify;\"><strong>Region\u00e1lne \u0161kolstvo<\/strong>, ktor\u00e9 pozost\u00e1va z\u00a0verejn\u00fdch, s\u00fakromn\u00fdch a cirkevn\u00fdch matersk\u00fdch \u0161k\u00f4l, z\u00e1kladn\u00fdch \u0161k\u00f4l a stredn\u00fdch \u0161k\u00f4l.<\/li><li style=\"text-align: justify;\"><strong>Vysok\u00e9 \u0161kolstvo<\/strong>, ktor\u00e9 pozost\u00e1va z\u00a0verejn\u00fdch, \u0161t\u00e1tnych, s\u00fakromn\u00fdch vysok\u00fdch \u0161k\u00f4l.<\/li><\/ul>\t\t\t\t\t\t\t\t<\/div>\n\t\t\t\t<\/div>\n\t\t\t\t\t<\/div>\n\t\t<\/div>\n\t\t\t\t\t<\/div>\n\t\t<\/section>\n\t\t\t\t\t<\/div>\n\t\t<\/div>\n\t\t\t\t\t<\/div>\n\t\t<\/section>\n\t\t\t\t<\/div>\n\t\t","protected":false},"excerpt":{"rendered":"<p>\u00daVOD DO EDUKA\u010cN\u00c9HO MANA\u017dMENTU FINANCOVANIE \u0160KOLSTVA V PODMIENKACH SR K\u013e\u00fa\u010dov\u00e9 slov\u00e1 financovanie \u0161kolstva, region\u00e1lne \u0161kolstvo, vysok\u00e9 \u0161kolstvo, normat\u00edvne financovanie, mzdov\u00fd normat\u00edv, prev\u00e1dzkov\u00fd normat\u00edv, nenormat\u00edvne financovanie, \u0161t\u00e1tny rozpo\u010det, rozpo\u010det obc\u00ed, rozpo\u010det samospr\u00e1vnych krajov. D\u00f4le\u017eitou podmienkou realiz\u00e1cie eduka\u010dn\u00e9ho procesu v podmienkach \u0161k\u00f4l a \u0161kolsk\u00fdch zariaden\u00ed je zabezpe\u010denie financovania v\u0161etk\u00fdch procesov a \u010dinnosti, ktor\u00e9 s\u00favisia s eduka\u010dn\u00fdm procesom. [&hellip;]<\/p>\n","protected":false},"author":3,"featured_media":0,"parent":0,"menu_order":0,"comment_status":"closed","ping_status":"closed","template":"","meta":{"footnotes":""},"class_list":["post-2722","page","type-page","status-publish","hentry"],"_links":{"self":[{"href":"https:\/\/e-ucebnice.ff.ucm.sk\/index.php\/wp-json\/wp\/v2\/pages\/2722","targetHints":{"allow":["GET"]}}],"collection":[{"href":"https:\/\/e-ucebnice.ff.ucm.sk\/index.php\/wp-json\/wp\/v2\/pages"}],"about":[{"href":"https:\/\/e-ucebnice.ff.ucm.sk\/index.php\/wp-json\/wp\/v2\/types\/page"}],"author":[{"embeddable":true,"href":"https:\/\/e-ucebnice.ff.ucm.sk\/index.php\/wp-json\/wp\/v2\/users\/3"}],"replies":[{"embeddable":true,"href":"https:\/\/e-ucebnice.ff.ucm.sk\/index.php\/wp-json\/wp\/v2\/comments?post=2722"}],"version-history":[{"count":4,"href":"https:\/\/e-ucebnice.ff.ucm.sk\/index.php\/wp-json\/wp\/v2\/pages\/2722\/revisions"}],"predecessor-version":[{"id":3140,"href":"https:\/\/e-ucebnice.ff.ucm.sk\/index.php\/wp-json\/wp\/v2\/pages\/2722\/revisions\/3140"}],"wp:attachment":[{"href":"https:\/\/e-ucebnice.ff.ucm.sk\/index.php\/wp-json\/wp\/v2\/media?parent=2722"}],"curies":[{"name":"wp","href":"https:\/\/api.w.org\/{rel}","templated":true}]}}