{"id":2726,"date":"2023-03-02T18:52:12","date_gmt":"2023-03-02T17:52:12","guid":{"rendered":"https:\/\/e-ucebnice.ff.ucm.sk\/?page_id=2726"},"modified":"2023-03-04T12:56:46","modified_gmt":"2023-03-04T11:56:46","slug":"uvod-do-eduk-man-z","status":"publish","type":"page","link":"https:\/\/e-ucebnice.ff.ucm.sk\/index.php\/uvod-do-eduk-man-z\/","title":{"rendered":"\u00davod do eduk man-Z"},"content":{"rendered":"\t\t<div data-elementor-type=\"wp-page\" data-elementor-id=\"2726\" class=\"elementor elementor-2726\" data-elementor-post-type=\"page\">\n\t\t\t\t\t\t<section class=\"elementor-section elementor-top-section elementor-element elementor-element-cdcbfca elementor-section-height-min-height elementor-section-boxed elementor-section-height-default elementor-section-items-middle\" data-id=\"cdcbfca\" data-element_type=\"section\" data-settings=\"{&quot;background_background&quot;:&quot;classic&quot;}\">\n\t\t\t\t\t\t\t<div class=\"elementor-background-overlay\"><\/div>\n\t\t\t\t\t\t\t<div class=\"elementor-container elementor-column-gap-default\">\n\t\t\t\t\t<div class=\"elementor-column elementor-col-100 elementor-top-column elementor-element elementor-element-161b7a0\" data-id=\"161b7a0\" data-element_type=\"column\">\n\t\t\t<div class=\"elementor-widget-wrap elementor-element-populated\">\n\t\t\t\t\t\t<div class=\"elementor-element elementor-element-de9e7e5 elementor-widget elementor-widget-heading\" data-id=\"de9e7e5\" data-element_type=\"widget\" data-widget_type=\"heading.default\">\n\t\t\t\t<div class=\"elementor-widget-container\">\n\t\t\t\t\t<h1 class=\"elementor-heading-title elementor-size-default\">\u00daVOD DO EDUKA\u010cN\u00c9HO MANA\u017dMENTU <\/h1>\t\t\t\t<\/div>\n\t\t\t\t<\/div>\n\t\t\t\t\t<\/div>\n\t\t<\/div>\n\t\t\t\t\t<\/div>\n\t\t<\/section>\n\t\t\t\t<section class=\"elementor-section elementor-top-section elementor-element elementor-element-2858d6f elementor-section-boxed elementor-section-height-default elementor-section-height-default\" data-id=\"2858d6f\" data-element_type=\"section\">\n\t\t\t\t\t\t<div class=\"elementor-container elementor-column-gap-default\">\n\t\t\t\t\t<div class=\"elementor-column elementor-col-100 elementor-top-column elementor-element elementor-element-e63bd34\" data-id=\"e63bd34\" data-element_type=\"column\">\n\t\t\t<div class=\"elementor-widget-wrap elementor-element-populated\">\n\t\t\t\t\t\t<section class=\"elementor-section elementor-inner-section elementor-element elementor-element-0b79421 elementor-section-boxed elementor-section-height-default elementor-section-height-default\" data-id=\"0b79421\" data-element_type=\"section\">\n\t\t\t\t\t\t<div class=\"elementor-container elementor-column-gap-default\">\n\t\t\t\t\t<div class=\"elementor-column elementor-col-100 elementor-inner-column elementor-element elementor-element-bb0ded5\" data-id=\"bb0ded5\" data-element_type=\"column\">\n\t\t\t<div class=\"elementor-widget-wrap elementor-element-populated\">\n\t\t\t\t\t\t<div class=\"elementor-element elementor-element-759b076 elementor-widget elementor-widget-heading\" data-id=\"759b076\" data-element_type=\"widget\" data-widget_type=\"heading.default\">\n\t\t\t\t<div class=\"elementor-widget-container\">\n\t\t\t\t\t<h3 class=\"elementor-heading-title elementor-size-default\">Z\u00e1ver<\/h3>\t\t\t\t<\/div>\n\t\t\t\t<\/div>\n\t\t\t\t<div class=\"elementor-element elementor-element-5aa9d5d elementor-widget elementor-widget-text-editor\" data-id=\"5aa9d5d\" data-element_type=\"widget\" data-widget_type=\"text-editor.default\">\n\t\t\t\t<div class=\"elementor-widget-container\">\n\t\t\t\t\t\t\t\t\t<p style=\"text-align: justify;\">Eduka\u010dn\u00fd mana\u017ement ako pedagogick\u00e1 discipl\u00edna sa zaober\u00e1 teoretick\u00fdmi a praktick\u00fdmi ot\u00e1zkami riadenia eduka\u010dn\u00fdch procesov s\u00a0cie\u013eom nastavenia \u010do najoptim\u00e1lnej\u0161\u00edch podmienok k\u00a0dosahovaniu v\u00fdstupov a\u00a0cie\u013eov v\u00fdchovy a\u00a0vzdel\u00e1vania.<\/p><p style=\"text-align: justify;\">\u0160tudent u\u010dite\u013estva, pripravuj\u00faci sa na eduka\u010dn\u00fa prax, nevyhnutne potrebuje z\u00e1kladn\u00e9 poznatky o\u00a0syst\u00e9me \u0161kolstva, o\u00a0jeho riaden\u00ed a\u00a0o\u00a0mana\u017eovan\u00ed eduka\u010dn\u00fdch procesov od makromana\u017ementu a\u017e po mikromana\u017ement.<\/p><p style=\"text-align: justify;\">Tieto z\u00e1kladn\u00e9 poznatky sme sprostredkovali cez t\u00e9my, ktor\u00fdm sme sa venovali v\u00a0tejto vysoko\u0161kolskej u\u010debnici, a\u00a0to najm\u00e4: z\u00e1kladn\u00e1 terminol\u00f3gia eduka\u010dn\u00e9ho mana\u017ementu v\u00a0spojitosti so v\u0161eobecnou te\u00f3riou mana\u017ementu, dejiny eduka\u010dn\u00e9ho mana\u017ementu na Slovensku po roku 1989, makroriadenie \u0161kolstva, p\u00f4sobnos\u0165 org\u00e1nov \u0161t\u00e1tnej spr\u00e1vy, \u00fazemnej samospr\u00e1vy a ostatn\u00fdch subjektov v procese zria\u010fovania \u0161k\u00f4l a \u0161kolsk\u00fdch zariaden\u00ed vr\u00e1tane aktu\u00e1lnej s\u00fastavy \u0161k\u00f4l a \u0161kolsk\u00fdch zariaden\u00ed na Slovensku, mikroriadenie \u0161koly, funkcia riadite\u013ea \u0161koly a jeho kompetencie, postavenie a pr\u00e1vomoci org\u00e1nov \u0161kolskej samospr\u00e1vy a poradn\u00fdch org\u00e1nov \u0161koly, pedagogick\u00e1 a \u010fal\u0161ia dokument\u00e1ciu \u0161koly, person\u00e1lny mana\u017ement v\u00a0\u0161kolstve, profesijn\u00fdm rozvoj zamestnancov \u0161koly a \u0161kolsk\u00e9ho zariadenia, syst\u00e9m financovania region\u00e1lneho \u0161kolstva zo \u0161t\u00e1tneho rozpo\u010dtu a ostatn\u00fdch zdrojov a marketingov\u00fdm n\u00e1strojom v oblasti vytv\u00e1rania imid\u017eu \u0161koly a \u0161kolsk\u00e9ho zariadenia.<\/p><p style=\"text-align: justify;\">Osvojenie si poznatkov z\u00a0eduka\u010dn\u00e9ho mana\u017ementu prostredn\u00edctvom tejto u\u010debnice je vhodn\u00fdm v\u00fdchodiskom pre \u010fal\u0161ie \u0161t\u00fadium a\u00a0eduka\u010dn\u00fa prax.<\/p>\t\t\t\t\t\t\t\t<\/div>\n\t\t\t\t<\/div>\n\t\t\t\t\t<\/div>\n\t\t<\/div>\n\t\t\t\t\t<\/div>\n\t\t<\/section>\n\t\t\t\t\t<\/div>\n\t\t<\/div>\n\t\t\t\t\t<\/div>\n\t\t<\/section>\n\t\t\t\t<\/div>\n\t\t","protected":false},"excerpt":{"rendered":"<p>\u00daVOD DO EDUKA\u010cN\u00c9HO MANA\u017dMENTU Z\u00e1ver Eduka\u010dn\u00fd mana\u017ement ako pedagogick\u00e1 discipl\u00edna sa zaober\u00e1 teoretick\u00fdmi a praktick\u00fdmi ot\u00e1zkami riadenia eduka\u010dn\u00fdch procesov s\u00a0cie\u013eom nastavenia \u010do najoptim\u00e1lnej\u0161\u00edch podmienok k\u00a0dosahovaniu v\u00fdstupov a\u00a0cie\u013eov v\u00fdchovy a\u00a0vzdel\u00e1vania. \u0160tudent u\u010dite\u013estva, pripravuj\u00faci sa na eduka\u010dn\u00fa prax, nevyhnutne potrebuje z\u00e1kladn\u00e9 poznatky o\u00a0syst\u00e9me \u0161kolstva, o\u00a0jeho riaden\u00ed a\u00a0o\u00a0mana\u017eovan\u00ed eduka\u010dn\u00fdch procesov od makromana\u017ementu a\u017e po mikromana\u017ement. Tieto z\u00e1kladn\u00e9 poznatky [&hellip;]<\/p>\n","protected":false},"author":3,"featured_media":0,"parent":0,"menu_order":0,"comment_status":"closed","ping_status":"closed","template":"","meta":{"footnotes":""},"class_list":["post-2726","page","type-page","status-publish","hentry"],"_links":{"self":[{"href":"https:\/\/e-ucebnice.ff.ucm.sk\/index.php\/wp-json\/wp\/v2\/pages\/2726","targetHints":{"allow":["GET"]}}],"collection":[{"href":"https:\/\/e-ucebnice.ff.ucm.sk\/index.php\/wp-json\/wp\/v2\/pages"}],"about":[{"href":"https:\/\/e-ucebnice.ff.ucm.sk\/index.php\/wp-json\/wp\/v2\/types\/page"}],"author":[{"embeddable":true,"href":"https:\/\/e-ucebnice.ff.ucm.sk\/index.php\/wp-json\/wp\/v2\/users\/3"}],"replies":[{"embeddable":true,"href":"https:\/\/e-ucebnice.ff.ucm.sk\/index.php\/wp-json\/wp\/v2\/comments?post=2726"}],"version-history":[{"count":4,"href":"https:\/\/e-ucebnice.ff.ucm.sk\/index.php\/wp-json\/wp\/v2\/pages\/2726\/revisions"}],"predecessor-version":[{"id":3174,"href":"https:\/\/e-ucebnice.ff.ucm.sk\/index.php\/wp-json\/wp\/v2\/pages\/2726\/revisions\/3174"}],"wp:attachment":[{"href":"https:\/\/e-ucebnice.ff.ucm.sk\/index.php\/wp-json\/wp\/v2\/media?parent=2726"}],"curies":[{"name":"wp","href":"https:\/\/api.w.org\/{rel}","templated":true}]}}