{"id":2765,"date":"2023-03-02T19:28:43","date_gmt":"2023-03-02T18:28:43","guid":{"rendered":"https:\/\/e-ucebnice.ff.ucm.sk\/?page_id=2765"},"modified":"2023-03-02T20:27:06","modified_gmt":"2023-03-02T19:27:06","slug":"uvod-do-eduk-man-1-4","status":"publish","type":"page","link":"https:\/\/e-ucebnice.ff.ucm.sk\/index.php\/uvod-do-eduk-man-1-4\/","title":{"rendered":"\u00davod do eduk man-1-4"},"content":{"rendered":"\t\t<div data-elementor-type=\"wp-page\" data-elementor-id=\"2765\" class=\"elementor elementor-2765\" data-elementor-post-type=\"page\">\n\t\t\t\t\t\t<section class=\"elementor-section elementor-top-section elementor-element elementor-element-6f672ed elementor-section-height-min-height elementor-section-boxed elementor-section-height-default elementor-section-items-middle\" data-id=\"6f672ed\" data-element_type=\"section\" data-settings=\"{&quot;background_background&quot;:&quot;classic&quot;}\">\n\t\t\t\t\t\t\t<div class=\"elementor-background-overlay\"><\/div>\n\t\t\t\t\t\t\t<div class=\"elementor-container elementor-column-gap-default\">\n\t\t\t\t\t<div class=\"elementor-column elementor-col-100 elementor-top-column elementor-element elementor-element-bbeb470\" data-id=\"bbeb470\" data-element_type=\"column\">\n\t\t\t<div class=\"elementor-widget-wrap elementor-element-populated\">\n\t\t\t\t\t\t<div class=\"elementor-element elementor-element-d82f1ef elementor-widget elementor-widget-heading\" data-id=\"d82f1ef\" data-element_type=\"widget\" data-widget_type=\"heading.default\">\n\t\t\t\t<div class=\"elementor-widget-container\">\n\t\t\t\t\t<h1 class=\"elementor-heading-title elementor-size-default\">\u00daVOD DO EDUKA\u010cN\u00c9HO MANA\u017dMENTU <\/h1>\t\t\t\t<\/div>\n\t\t\t\t<\/div>\n\t\t\t\t\t<\/div>\n\t\t<\/div>\n\t\t\t\t\t<\/div>\n\t\t<\/section>\n\t\t\t\t<section class=\"elementor-section elementor-top-section elementor-element elementor-element-2858d6f elementor-section-boxed elementor-section-height-default elementor-section-height-default\" data-id=\"2858d6f\" data-element_type=\"section\">\n\t\t\t\t\t\t<div class=\"elementor-container elementor-column-gap-default\">\n\t\t\t\t\t<div class=\"elementor-column elementor-col-100 elementor-top-column elementor-element elementor-element-e63bd34\" data-id=\"e63bd34\" data-element_type=\"column\">\n\t\t\t<div class=\"elementor-widget-wrap elementor-element-populated\">\n\t\t\t\t\t\t<section class=\"elementor-section elementor-inner-section elementor-element elementor-element-0b79421 elementor-section-boxed elementor-section-height-default elementor-section-height-default\" data-id=\"0b79421\" data-element_type=\"section\">\n\t\t\t\t\t\t<div class=\"elementor-container elementor-column-gap-default\">\n\t\t\t\t\t<div class=\"elementor-column elementor-col-100 elementor-inner-column elementor-element elementor-element-bb0ded5\" data-id=\"bb0ded5\" data-element_type=\"column\">\n\t\t\t<div class=\"elementor-widget-wrap elementor-element-populated\">\n\t\t\t\t\t\t<div class=\"elementor-element elementor-element-759b076 elementor-widget elementor-widget-heading\" data-id=\"759b076\" data-element_type=\"widget\" data-widget_type=\"heading.default\">\n\t\t\t\t<div class=\"elementor-widget-container\">\n\t\t\t\t\t<h3 class=\"elementor-heading-title elementor-size-default\">Literat\u00fara<\/h3>\t\t\t\t<\/div>\n\t\t\t\t<\/div>\n\t\t\t\t<div class=\"elementor-element elementor-element-5aa9d5d elementor-widget elementor-widget-text-editor\" data-id=\"5aa9d5d\" data-element_type=\"widget\" data-widget_type=\"text-editor.default\">\n\t\t\t\t<div class=\"elementor-widget-container\">\n\t\t\t\t\t\t\t\t\t<p>MAJT\u00c1N, M. a\u00a0kol. 2016. <em>Mana\u017ement<\/em>. Bratislava: Sprint 2 s.r.o., ISBN 978-80-89710-27-0.<\/p><p>OBDR\u017d\u00c1LEK, Z., HORV\u00c1THOV\u00c1, K. a\u00a0kol. 2004. <em>Organiz\u00e1cia a\u00a0mana\u017ement \u0161kolstva<\/em>. Bratislava: SPN, ISBN 80-10-00022-1.<\/p><p>PISO\u0147OV\u00c1, M. a\u00a0kol. 2014. <em>\u0160kolsk\u00fd mana\u017ement pre \u0161tudijn\u00e9 odbory u\u010dite\u013estva a\u00a0pr\u00edpravu ved\u00facich pedagogick\u00fdch zamestnancov.<\/em> Bratislava: Univerzita Komensk\u00e9ho. ISBN 978-80-223-3621-5<\/p><p>PISO\u0147OV\u00c1, M. 2011. <em>Kompeten\u010dn\u00fd profil mana\u017e\u00e9ra v\u00fdchovno-vzdel\u00e1vacej in\u0161tit\u00facie<\/em>. Bratislava: Iura Edition, ISBN 978-80-8078-402-7.<\/p><p>PR\u016eCHA, J. 2015. <em>P\u0159ehled pedagogiky. \u00davod do studia oboru<\/em>. Praha: Port\u00e1l, ISBN 978-80-262-0872-3.<\/p><p>SEDL\u00c1K, M. 2012. <em>Z\u00e1klady mana\u017ementu<\/em>. Bratislava: Iura Edition, ISBN 978-80-8078-455-3.<\/p>\t\t\t\t\t\t\t\t<\/div>\n\t\t\t\t<\/div>\n\t\t\t\t\t<\/div>\n\t\t<\/div>\n\t\t\t\t\t<\/div>\n\t\t<\/section>\n\t\t\t\t\t<\/div>\n\t\t<\/div>\n\t\t\t\t\t<\/div>\n\t\t<\/section>\n\t\t\t\t<\/div>\n\t\t","protected":false},"excerpt":{"rendered":"<p>\u00daVOD DO EDUKA\u010cN\u00c9HO MANA\u017dMENTU Literat\u00fara MAJT\u00c1N, M. a\u00a0kol. 2016. Mana\u017ement. Bratislava: Sprint 2 s.r.o., ISBN 978-80-89710-27-0. OBDR\u017d\u00c1LEK, Z., HORV\u00c1THOV\u00c1, K. a\u00a0kol. 2004. Organiz\u00e1cia a\u00a0mana\u017ement \u0161kolstva. Bratislava: SPN, ISBN 80-10-00022-1. PISO\u0147OV\u00c1, M. a\u00a0kol. 2014. \u0160kolsk\u00fd mana\u017ement pre \u0161tudijn\u00e9 odbory u\u010dite\u013estva a\u00a0pr\u00edpravu ved\u00facich pedagogick\u00fdch zamestnancov. Bratislava: Univerzita Komensk\u00e9ho. ISBN 978-80-223-3621-5 PISO\u0147OV\u00c1, M. 2011. Kompeten\u010dn\u00fd profil mana\u017e\u00e9ra v\u00fdchovno-vzdel\u00e1vacej [&hellip;]<\/p>\n","protected":false},"author":3,"featured_media":0,"parent":0,"menu_order":0,"comment_status":"closed","ping_status":"closed","template":"","meta":{"footnotes":""},"class_list":["post-2765","page","type-page","status-publish","hentry"],"_links":{"self":[{"href":"https:\/\/e-ucebnice.ff.ucm.sk\/index.php\/wp-json\/wp\/v2\/pages\/2765","targetHints":{"allow":["GET"]}}],"collection":[{"href":"https:\/\/e-ucebnice.ff.ucm.sk\/index.php\/wp-json\/wp\/v2\/pages"}],"about":[{"href":"https:\/\/e-ucebnice.ff.ucm.sk\/index.php\/wp-json\/wp\/v2\/types\/page"}],"author":[{"embeddable":true,"href":"https:\/\/e-ucebnice.ff.ucm.sk\/index.php\/wp-json\/wp\/v2\/users\/3"}],"replies":[{"embeddable":true,"href":"https:\/\/e-ucebnice.ff.ucm.sk\/index.php\/wp-json\/wp\/v2\/comments?post=2765"}],"version-history":[{"count":4,"href":"https:\/\/e-ucebnice.ff.ucm.sk\/index.php\/wp-json\/wp\/v2\/pages\/2765\/revisions"}],"predecessor-version":[{"id":2813,"href":"https:\/\/e-ucebnice.ff.ucm.sk\/index.php\/wp-json\/wp\/v2\/pages\/2765\/revisions\/2813"}],"wp:attachment":[{"href":"https:\/\/e-ucebnice.ff.ucm.sk\/index.php\/wp-json\/wp\/v2\/media?parent=2765"}],"curies":[{"name":"wp","href":"https:\/\/api.w.org\/{rel}","templated":true}]}}