{"id":2767,"date":"2023-03-02T19:29:21","date_gmt":"2023-03-02T18:29:21","guid":{"rendered":"https:\/\/e-ucebnice.ff.ucm.sk\/?page_id=2767"},"modified":"2023-03-02T20:01:32","modified_gmt":"2023-03-02T19:01:32","slug":"uvod-do-eduk-man-1-2-1","status":"publish","type":"page","link":"https:\/\/e-ucebnice.ff.ucm.sk\/index.php\/uvod-do-eduk-man-1-2-1\/","title":{"rendered":"\u00davod do eduk man-1-2-1"},"content":{"rendered":"\t\t<div data-elementor-type=\"wp-page\" data-elementor-id=\"2767\" class=\"elementor elementor-2767\" data-elementor-post-type=\"page\">\n\t\t\t\t\t\t<section class=\"elementor-section elementor-top-section elementor-element elementor-element-6f672ed elementor-section-height-min-height elementor-section-boxed elementor-section-height-default elementor-section-items-middle\" data-id=\"6f672ed\" data-element_type=\"section\" data-settings=\"{&quot;background_background&quot;:&quot;classic&quot;}\">\n\t\t\t\t\t\t\t<div class=\"elementor-background-overlay\"><\/div>\n\t\t\t\t\t\t\t<div class=\"elementor-container elementor-column-gap-default\">\n\t\t\t\t\t<div class=\"elementor-column elementor-col-100 elementor-top-column elementor-element elementor-element-bbeb470\" data-id=\"bbeb470\" data-element_type=\"column\">\n\t\t\t<div class=\"elementor-widget-wrap elementor-element-populated\">\n\t\t\t\t\t\t<div class=\"elementor-element elementor-element-d82f1ef elementor-widget elementor-widget-heading\" data-id=\"d82f1ef\" data-element_type=\"widget\" data-widget_type=\"heading.default\">\n\t\t\t\t<div class=\"elementor-widget-container\">\n\t\t\t\t\t<h1 class=\"elementor-heading-title elementor-size-default\">\u00daVOD DO EDUKA\u010cN\u00c9HO MANA\u017dMENTU <\/h1>\t\t\t\t<\/div>\n\t\t\t\t<\/div>\n\t\t\t\t\t<\/div>\n\t\t<\/div>\n\t\t\t\t\t<\/div>\n\t\t<\/section>\n\t\t\t\t<section class=\"elementor-section elementor-top-section elementor-element elementor-element-2858d6f elementor-section-boxed elementor-section-height-default elementor-section-height-default\" data-id=\"2858d6f\" data-element_type=\"section\">\n\t\t\t\t\t\t<div class=\"elementor-container elementor-column-gap-default\">\n\t\t\t\t\t<div class=\"elementor-column elementor-col-100 elementor-top-column elementor-element elementor-element-e63bd34\" data-id=\"e63bd34\" data-element_type=\"column\">\n\t\t\t<div class=\"elementor-widget-wrap elementor-element-populated\">\n\t\t\t\t\t\t<section class=\"elementor-section elementor-inner-section elementor-element elementor-element-0b79421 elementor-section-boxed elementor-section-height-default elementor-section-height-default\" data-id=\"0b79421\" data-element_type=\"section\">\n\t\t\t\t\t\t<div class=\"elementor-container elementor-column-gap-default\">\n\t\t\t\t\t<div class=\"elementor-column elementor-col-100 elementor-inner-column elementor-element elementor-element-bb0ded5\" data-id=\"bb0ded5\" data-element_type=\"column\">\n\t\t\t<div class=\"elementor-widget-wrap elementor-element-populated\">\n\t\t\t\t\t\t<div class=\"elementor-element elementor-element-759b076 elementor-widget elementor-widget-heading\" data-id=\"759b076\" data-element_type=\"widget\" data-widget_type=\"heading.default\">\n\t\t\t\t<div class=\"elementor-widget-container\">\n\t\t\t\t\t<h3 class=\"elementor-heading-title elementor-size-default\">Tradi\u010dn\u00e1 (klasick\u00e1) te\u00f3ria mana\u017ementu<\/h3>\t\t\t\t<\/div>\n\t\t\t\t<\/div>\n\t\t\t\t<div class=\"elementor-element elementor-element-5aa9d5d elementor-widget elementor-widget-text-editor\" data-id=\"5aa9d5d\" data-element_type=\"widget\" data-widget_type=\"text-editor.default\">\n\t\t\t\t<div class=\"elementor-widget-container\">\n\t\t\t\t\t\t\t\t\t<p style=\"text-align: justify;\">V\u00a0r\u00e1mci tradi\u010dnej te\u00f3rie mana\u017ementu sa dejin\u00e1ch vyprofilovali tri z\u00e1kladn\u00e9 teoretick\u00e9 pr\u00edstupy (MAJT\u00c1N, 2016, 40-46):<\/p><ul style=\"text-align: justify;\"><li><strong>Vedeck\u00fd mana\u017ement<\/strong>, naz\u00fdvan\u00fd aj opera\u010dn\u00fd pr\u00edstup k\u00a0mana\u017ementu, ktor\u00fd sa sna\u017e\u00ed zvy\u0161ova\u0165 efektivitu prostredn\u00edctvom vedeck\u00fdch met\u00f3d na najni\u017e\u0161\u00edch \u00farovniach organiz\u00e1cie. Predstavite\u013emi tohto pr\u00edstupu s\u00fa: F. W. Taylor, H. Gannt, F. B. Gilbreth,L. M. Gilbrethov\u00e1, H. Emerson, H. Ford a \u010fal\u0161\u00ed. Pr\u00ednosom predstavite\u013eov tohto pr\u00edstupu bola snaha o zv\u00fd\u0161enie v\u00fdkonnosti pr\u00e1ce pou\u017eit\u00edm vedeck\u00fdch foriem normovania, pl\u00e1novania a\u00a0organizovania pr\u00e1ce. Kritika sa s\u00fastredila predov\u0161etk\u00fdm na pr\u00edli\u0161n\u00fd d\u00f4raz na \u0161pecializ\u00e1ciu, ktorej v\u00fdsledkom bola monot\u00f3nnos\u0165 pr\u00e1ce, n\u00edzka kvalita a\u00a0dehumaniz\u00e1cia.<\/li><li><strong>Administrat\u00edvny mana\u017ement<\/strong> kl\u00e1dol d\u00f4raz na \u00falohu mana\u017e\u00e9rov a\u00a0organiz\u00e1ciu procesu riadenia, pri\u010dom sa zameriava predov\u0161etk\u00fdm na procesy v\u00a0s\u00favislosti so subjektom a\u00a0objektom riadenia s\u00a0cie\u013eom vypracova\u0165 hlavn\u00e9 mana\u017e\u00e9rske funkcie. Najzn\u00e1mej\u0161\u00edm predstavite\u013eom bol Henri Fayol.<\/li><li><strong>Byrokratick\u00fd mana\u017ement<\/strong> zd\u00f4raz\u0148uje form\u00e1lnu str\u00e1nku organiz\u00e1cie, v\u00a0ktorej je jednozna\u010dne deklarovan\u00e1 hierarchia pr\u00e1vomoc\u00ed a\u00a0pravidiel. K\u013e\u00fa\u010dov\u00fdm predstavite\u013eom tohto smeru bol nemeck\u00fd sociol\u00f3g Max Weber, ktor\u00fd formuloval z\u00e1kladn\u00e9 princ\u00edpy byrokratickej organiz\u00e1cie: a) de\u013eba pr\u00e1ce zalo\u017een\u00e1 na pr\u00edsnej \u0161pecializ\u00e1cii a\u00a0vymedzen\u00ed \u00faloh; b) hierarchia pr\u00e1vomoc\u00ed (podriaden\u00fd je veden\u00fd a\u00a0kontrolovan\u00fd nadriaden\u00fdm); c) pevne stanoven\u00e9 form\u00e1lne pravidl\u00e1 a smernice; d) form\u00e1lny v\u00fdber pracovn\u00edkov na z\u00e1klade ich kvalifik\u00e1cie; e) objekt\u00edvnos\u0165, nestrannos\u0165, spravodlivos\u0165; f) kari\u00e9rna orient\u00e1cia mana\u017e\u00e9rov.<\/li><\/ul><p>\u00a0<\/p><p style=\"text-align: justify;\">Z uveden\u00fdch klasick\u00fdch te\u00f3ri\u00ed mana\u017ementu sa v oblasti \u0161kolstva stret\u00e1vame najm\u00e4 s\u00a0byrokratick\u00fdm mana\u017ementom, ktor\u00fd ako uv\u00e1dza M. PISO\u0147OV\u00c1 a\u00a0kol. (2014, 15) spo\u010d\u00edva najm\u00e4 v\u00a0administrat\u00edve, nako\u013eko ciele, procesy a \u0161trukt\u00fary s\u00fa dan\u00e9 pr\u00e1vnymi a\u00a0organiza\u010dn\u00fdmi predpismi (z\u00e1kony, nariadenia, intern\u00e9 predpisy, smernice, poriadky, usmernenia a\u00a0pod).<\/p>\t\t\t\t\t\t\t\t<\/div>\n\t\t\t\t<\/div>\n\t\t\t\t\t<\/div>\n\t\t<\/div>\n\t\t\t\t\t<\/div>\n\t\t<\/section>\n\t\t\t\t\t<\/div>\n\t\t<\/div>\n\t\t\t\t\t<\/div>\n\t\t<\/section>\n\t\t\t\t<\/div>\n\t\t","protected":false},"excerpt":{"rendered":"<p>\u00daVOD DO EDUKA\u010cN\u00c9HO MANA\u017dMENTU Tradi\u010dn\u00e1 (klasick\u00e1) te\u00f3ria mana\u017ementu V\u00a0r\u00e1mci tradi\u010dnej te\u00f3rie mana\u017ementu sa dejin\u00e1ch vyprofilovali tri z\u00e1kladn\u00e9 teoretick\u00e9 pr\u00edstupy (MAJT\u00c1N, 2016, 40-46): Vedeck\u00fd mana\u017ement, naz\u00fdvan\u00fd aj opera\u010dn\u00fd pr\u00edstup k\u00a0mana\u017ementu, ktor\u00fd sa sna\u017e\u00ed zvy\u0161ova\u0165 efektivitu prostredn\u00edctvom vedeck\u00fdch met\u00f3d na najni\u017e\u0161\u00edch \u00farovniach organiz\u00e1cie. Predstavite\u013emi tohto pr\u00edstupu s\u00fa: F. W. Taylor, H. Gannt, F. B. Gilbreth,L. M. Gilbrethov\u00e1, [&hellip;]<\/p>\n","protected":false},"author":3,"featured_media":0,"parent":0,"menu_order":0,"comment_status":"closed","ping_status":"closed","template":"","meta":{"footnotes":""},"class_list":["post-2767","page","type-page","status-publish","hentry"],"_links":{"self":[{"href":"https:\/\/e-ucebnice.ff.ucm.sk\/index.php\/wp-json\/wp\/v2\/pages\/2767","targetHints":{"allow":["GET"]}}],"collection":[{"href":"https:\/\/e-ucebnice.ff.ucm.sk\/index.php\/wp-json\/wp\/v2\/pages"}],"about":[{"href":"https:\/\/e-ucebnice.ff.ucm.sk\/index.php\/wp-json\/wp\/v2\/types\/page"}],"author":[{"embeddable":true,"href":"https:\/\/e-ucebnice.ff.ucm.sk\/index.php\/wp-json\/wp\/v2\/users\/3"}],"replies":[{"embeddable":true,"href":"https:\/\/e-ucebnice.ff.ucm.sk\/index.php\/wp-json\/wp\/v2\/comments?post=2767"}],"version-history":[{"count":4,"href":"https:\/\/e-ucebnice.ff.ucm.sk\/index.php\/wp-json\/wp\/v2\/pages\/2767\/revisions"}],"predecessor-version":[{"id":2792,"href":"https:\/\/e-ucebnice.ff.ucm.sk\/index.php\/wp-json\/wp\/v2\/pages\/2767\/revisions\/2792"}],"wp:attachment":[{"href":"https:\/\/e-ucebnice.ff.ucm.sk\/index.php\/wp-json\/wp\/v2\/media?parent=2767"}],"curies":[{"name":"wp","href":"https:\/\/api.w.org\/{rel}","templated":true}]}}