{"id":2822,"date":"2023-03-04T09:19:01","date_gmt":"2023-03-04T08:19:01","guid":{"rendered":"https:\/\/e-ucebnice.ff.ucm.sk\/?page_id=2822"},"modified":"2023-03-04T09:57:49","modified_gmt":"2023-03-04T08:57:49","slug":"uvod-do-eduk-man-2-5","status":"publish","type":"page","link":"https:\/\/e-ucebnice.ff.ucm.sk\/index.php\/uvod-do-eduk-man-2-5\/","title":{"rendered":"\u00davod do eduk man-2-5"},"content":{"rendered":"\t\t<div data-elementor-type=\"wp-page\" data-elementor-id=\"2822\" class=\"elementor elementor-2822\" data-elementor-post-type=\"page\">\n\t\t\t\t\t\t<section class=\"elementor-section elementor-top-section elementor-element elementor-element-6f672ed elementor-section-height-min-height elementor-section-boxed elementor-section-height-default elementor-section-items-middle\" data-id=\"6f672ed\" data-element_type=\"section\" data-settings=\"{&quot;background_background&quot;:&quot;classic&quot;}\">\n\t\t\t\t\t\t\t<div class=\"elementor-background-overlay\"><\/div>\n\t\t\t\t\t\t\t<div class=\"elementor-container elementor-column-gap-default\">\n\t\t\t\t\t<div class=\"elementor-column elementor-col-100 elementor-top-column elementor-element elementor-element-bbeb470\" data-id=\"bbeb470\" data-element_type=\"column\">\n\t\t\t<div class=\"elementor-widget-wrap elementor-element-populated\">\n\t\t\t\t\t\t<div class=\"elementor-element elementor-element-d82f1ef elementor-widget elementor-widget-heading\" data-id=\"d82f1ef\" data-element_type=\"widget\" data-widget_type=\"heading.default\">\n\t\t\t\t<div class=\"elementor-widget-container\">\n\t\t\t\t\t<h1 class=\"elementor-heading-title elementor-size-default\">\u00daVOD DO EDUKA\u010cN\u00c9HO MANA\u017dMENTU <\/h1>\t\t\t\t<\/div>\n\t\t\t\t<\/div>\n\t\t\t\t\t<\/div>\n\t\t<\/div>\n\t\t\t\t\t<\/div>\n\t\t<\/section>\n\t\t\t\t<section class=\"elementor-section elementor-top-section elementor-element elementor-element-2858d6f elementor-section-boxed elementor-section-height-default elementor-section-height-default\" data-id=\"2858d6f\" data-element_type=\"section\">\n\t\t\t\t\t\t<div class=\"elementor-container elementor-column-gap-default\">\n\t\t\t\t\t<div class=\"elementor-column elementor-col-100 elementor-top-column elementor-element elementor-element-e63bd34\" data-id=\"e63bd34\" data-element_type=\"column\">\n\t\t\t<div class=\"elementor-widget-wrap elementor-element-populated\">\n\t\t\t\t\t\t<section class=\"elementor-section elementor-inner-section elementor-element elementor-element-0b79421 elementor-section-boxed elementor-section-height-default elementor-section-height-default\" data-id=\"0b79421\" data-element_type=\"section\">\n\t\t\t\t\t\t<div class=\"elementor-container elementor-column-gap-default\">\n\t\t\t\t\t<div class=\"elementor-column elementor-col-100 elementor-inner-column elementor-element elementor-element-bb0ded5\" data-id=\"bb0ded5\" data-element_type=\"column\">\n\t\t\t<div class=\"elementor-widget-wrap elementor-element-populated\">\n\t\t\t\t\t\t<div class=\"elementor-element elementor-element-759b076 elementor-widget elementor-widget-heading\" data-id=\"759b076\" data-element_type=\"widget\" data-widget_type=\"heading.default\">\n\t\t\t\t<div class=\"elementor-widget-container\">\n\t\t\t\t\t<h3 class=\"elementor-heading-title elementor-size-default\">Literat\u00fara<\/h3>\t\t\t\t<\/div>\n\t\t\t\t<\/div>\n\t\t\t\t<div class=\"elementor-element elementor-element-5aa9d5d elementor-widget elementor-widget-text-editor\" data-id=\"5aa9d5d\" data-element_type=\"widget\" data-widget_type=\"text-editor.default\">\n\t\t\t\t<div class=\"elementor-widget-container\">\n\t\t\t\t\t\t\t\t\t<p>Projekt Kon\u0161tant\u00edn &#8211; N\u00e1rodn\u00fd program v\u00fdchovy a\u00a0vzdel\u00e1vania. (Dostupn\u00e9 na: <a href=\"http:\/\/www.skvelarodina.sk\/konstantin\/\">http:\/\/www.skvelarodina.sk\/konstantin\/<\/a>). Nav\u0161t\u00edven\u00e9 d\u0148a 28.12.2022.<\/p><p>KOSOV\u00c1, B., PORUBSK\u00dd, \u0160. 2011. Slovensk\u00e1 cesta transform\u00e1cie eduka\u010dn\u00e9ho syst\u00e9mu po roku 1989 na pr\u00edklade prim\u00e1rneho vzdel\u00e1vania a pr\u00edpravy jeho u\u010dite\u013eov. In: <em>Pedagogick\u00e1 orientace<\/em>, ro\u010d. 21, \u010d. 1, s. 35\u201350, ISSN 1211-4669.<\/p><p>MIL\u00c9NIUM \u2013 N\u00e1rodn\u00fd program v\u00fdchovy a vzdel\u00e1vania v SR na najbli\u017e\u0161\u00edch 15 a\u017e 20 rokov. Dostupn\u00e9 na: <a href=\"https:\/\/www.nrsr.sk\/dl\/browser\/document?documentid=163357\">https:\/\/www.nrsr.sk\/dl\/browser\/document?documentid=163357<\/a>.\u00a0 Nav\u0161t\u00edven\u00e9 d\u0148a 28.12.2022.<\/p><p>N\u00e1rodn\u00fd program v\u00fdchovy a vzdel\u00e1vania v\u00a0Slovenskej republike. Dostupn\u00e9 na: <a href=\"http:\/\/www.cpk.sk\/web\/dokumenty\/npvv.pdf\">http:\/\/www.cpk.sk\/web\/dokumenty\/npvv.pdf<\/a>. Nav\u0161t\u00edven\u00e9 d\u0148a 28.12.2022.<\/p><p>OBDR\u017d\u00c1LEK, Z., HORV\u00c1THOV\u00c1, K. a kol. 2004. <em>Organiz\u00e1cia a mana\u017ement \u0161kolstva<\/em>. Bratislava: SPN, ISBN 80-10-00022-1.<\/p><p>PISO\u0147OV\u00c1, M. a kol. 2014. <em>\u0160kolsk\u00fd mana\u017ement pre \u0161tudijn\u00e9 odbory u\u010dite\u013estva a pr\u00edpravu ved\u00facich pedagogick\u00fdch zamestnancov<\/em>. Bratislava: Univerzita Komensk\u00e9ho. ISBN 978-80-223-3621-5.<\/p><p>PORUBSK\u00dd, \u0160. 2012. <em>Normaliza\u010dn\u00e1 vzdel\u00e1vacia politika v \u010ceskoslovensku, historicky\u0301 determinant \u0161kolsk\u00fdch reforiem na Slovensku po roku 1989<\/em>. Dostupn\u00e9 na:\u00a0 <a href=\"https:\/\/capv.cz\/wp-content\/uploads\/2019\/08\/CAPV12_Por_Norma.pdf\">https:\/\/capv.cz\/wp-content\/uploads\/2019\/08\/CAPV12_Por_Norma.pdf<\/a>. Nav\u0161t\u00edven\u00e9 d\u0148a 28.12.2022.<\/p><p>PUPALA, B., KA\u0160\u010c\u00c1K, O., HUMAJOV\u00c1, Z. 2007. Rub a\u00a0l\u00edce kurikul\u00e1rnej transform\u00e1cie. In: KA\u0160\u010c\u00c1K, O., \u017dOLDO\u0160OV\u00c1, K. <em>N\u00e1mety na reformu po\u010diato\u010dn\u00e9ho vzdel\u00e1vania<\/em>. Bratislava: Renesans, ISBN 80-969777-6-5.<\/p><p>TUREK, I. a\u00a0kol. 1993. Duch \u0161koly. In: <em>PEDAGOGIKA, \u010dasopis pro v\u011bdy o vzd\u011bl\u00e1v\u00e1n\u00ed a\u00a0v\u00fdchov\u011b<\/em>, ro\u010d. XLIII, \u010d. 2, s. 121-132. ISSN 0031-3815.<\/p><p>Z\u00e1kon Slovenskej n\u00e1rodnej rady \u010d. 79 z 27. j\u00fana 1978 o \u0161t\u00e1tnej spr\u00e1ve v\u00a0\u0161kolstve.<\/p><p>Z\u00e1kon \u010d. 29 z 22. marca 1984 o s\u00fastave z\u00e1kladn\u00fdch a stredn\u00fdch \u0161k\u00f4l (\u0161kolsk\u00fd z\u00e1kon).<\/p><p>Z\u00e1kon Slovenskej n\u00e1rodnej rady \u010d. 347 z 28. augusta 1990 o organiz\u00e1cii ministerstiev a ostatn\u00fdch \u00fastredn\u00fdch org\u00e1nov \u0161t\u00e1tnej spr\u00e1vy Slovenskej republiky.<\/p><p>Z\u00e1kon Slovenskej n\u00e1rodnej rady \u010d. 542 z 26. novembra 1990 o \u0161t\u00e1tnej spr\u00e1ve v \u0161kolstve a \u0161kolskej samospr\u00e1ve.<\/p><p>Z\u00e1kon N\u00e1rodnej rady Slovenskej republiky \u010d. 596 z 5. novembra 2003 o \u0161t\u00e1tnej spr\u00e1ve v \u0161kolstve a \u0161kolskej samospr\u00e1ve a o zmene a doplnen\u00ed niektor\u00fdch z\u00e1konov.<\/p><p>Z\u00e1kon N\u00e1rodnej rady Slovenskej republiky \u010d. 222 zo 4. j\u00fala 1996 o organiz\u00e1cii miestnej \u0161t\u00e1tnej spr\u00e1vy a o zmene a doplnen\u00ed niektor\u00fdch z\u00e1konov.<\/p><p>Z\u00e1kon \u010d. 575 z 12. decembra 2001 o organiz\u00e1cii \u010dinnosti vl\u00e1dy a organiz\u00e1cii \u00fastrednej \u0161t\u00e1tnej spr\u00e1vy.<\/p><p>Z\u00e1kon \u010d. 345 z 18. okt\u00f3bra 2012 o niektor\u00fdch opatreniach v miestnej \u0161t\u00e1tnej spr\u00e1ve a o zmene a doplnen\u00ed niektor\u00fdch z\u00e1konov.<\/p><p>Z\u00e1kon \u010d. 180 z 19. j\u00fana 2013 o organiz\u00e1cii miestnej \u0161t\u00e1tnej spr\u00e1vy a o zmene a doplnen\u00ed niektor\u00fdch z\u00e1konov.<\/p>\t\t\t\t\t\t\t\t<\/div>\n\t\t\t\t<\/div>\n\t\t\t\t\t<\/div>\n\t\t<\/div>\n\t\t\t\t\t<\/div>\n\t\t<\/section>\n\t\t\t\t\t<\/div>\n\t\t<\/div>\n\t\t\t\t\t<\/div>\n\t\t<\/section>\n\t\t\t\t<\/div>\n\t\t","protected":false},"excerpt":{"rendered":"<p>\u00daVOD DO EDUKA\u010cN\u00c9HO MANA\u017dMENTU Literat\u00fara Projekt Kon\u0161tant\u00edn &#8211; N\u00e1rodn\u00fd program v\u00fdchovy a\u00a0vzdel\u00e1vania. (Dostupn\u00e9 na: http:\/\/www.skvelarodina.sk\/konstantin\/). Nav\u0161t\u00edven\u00e9 d\u0148a 28.12.2022. KOSOV\u00c1, B., PORUBSK\u00dd, \u0160. 2011. Slovensk\u00e1 cesta transform\u00e1cie eduka\u010dn\u00e9ho syst\u00e9mu po roku 1989 na pr\u00edklade prim\u00e1rneho vzdel\u00e1vania a pr\u00edpravy jeho u\u010dite\u013eov. In: Pedagogick\u00e1 orientace, ro\u010d. 21, \u010d. 1, s. 35\u201350, ISSN 1211-4669. MIL\u00c9NIUM \u2013 N\u00e1rodn\u00fd program v\u00fdchovy [&hellip;]<\/p>\n","protected":false},"author":3,"featured_media":0,"parent":0,"menu_order":0,"comment_status":"closed","ping_status":"closed","template":"","meta":{"footnotes":""},"class_list":["post-2822","page","type-page","status-publish","hentry"],"_links":{"self":[{"href":"https:\/\/e-ucebnice.ff.ucm.sk\/index.php\/wp-json\/wp\/v2\/pages\/2822","targetHints":{"allow":["GET"]}}],"collection":[{"href":"https:\/\/e-ucebnice.ff.ucm.sk\/index.php\/wp-json\/wp\/v2\/pages"}],"about":[{"href":"https:\/\/e-ucebnice.ff.ucm.sk\/index.php\/wp-json\/wp\/v2\/types\/page"}],"author":[{"embeddable":true,"href":"https:\/\/e-ucebnice.ff.ucm.sk\/index.php\/wp-json\/wp\/v2\/users\/3"}],"replies":[{"embeddable":true,"href":"https:\/\/e-ucebnice.ff.ucm.sk\/index.php\/wp-json\/wp\/v2\/comments?post=2822"}],"version-history":[{"count":4,"href":"https:\/\/e-ucebnice.ff.ucm.sk\/index.php\/wp-json\/wp\/v2\/pages\/2822\/revisions"}],"predecessor-version":[{"id":2892,"href":"https:\/\/e-ucebnice.ff.ucm.sk\/index.php\/wp-json\/wp\/v2\/pages\/2822\/revisions\/2892"}],"wp:attachment":[{"href":"https:\/\/e-ucebnice.ff.ucm.sk\/index.php\/wp-json\/wp\/v2\/media?parent=2822"}],"curies":[{"name":"wp","href":"https:\/\/api.w.org\/{rel}","templated":true}]}}