{"id":2829,"date":"2023-03-04T09:25:08","date_gmt":"2023-03-04T08:25:08","guid":{"rendered":"https:\/\/e-ucebnice.ff.ucm.sk\/?page_id=2829"},"modified":"2023-03-04T09:43:32","modified_gmt":"2023-03-04T08:43:32","slug":"uvod-do-eduk-man-2-2-1","status":"publish","type":"page","link":"https:\/\/e-ucebnice.ff.ucm.sk\/index.php\/uvod-do-eduk-man-2-2-1\/","title":{"rendered":"\u00davod do eduk man-2-2-1"},"content":{"rendered":"\t\t<div data-elementor-type=\"wp-page\" data-elementor-id=\"2829\" class=\"elementor elementor-2829\" data-elementor-post-type=\"page\">\n\t\t\t\t\t\t<section class=\"elementor-section elementor-top-section elementor-element elementor-element-6f672ed elementor-section-height-min-height elementor-section-boxed elementor-section-height-default elementor-section-items-middle\" data-id=\"6f672ed\" data-element_type=\"section\" data-settings=\"{&quot;background_background&quot;:&quot;classic&quot;}\">\n\t\t\t\t\t\t\t<div class=\"elementor-background-overlay\"><\/div>\n\t\t\t\t\t\t\t<div class=\"elementor-container elementor-column-gap-default\">\n\t\t\t\t\t<div class=\"elementor-column elementor-col-100 elementor-top-column elementor-element elementor-element-bbeb470\" data-id=\"bbeb470\" data-element_type=\"column\">\n\t\t\t<div class=\"elementor-widget-wrap elementor-element-populated\">\n\t\t\t\t\t\t<div class=\"elementor-element elementor-element-d82f1ef elementor-widget elementor-widget-heading\" data-id=\"d82f1ef\" data-element_type=\"widget\" data-widget_type=\"heading.default\">\n\t\t\t\t<div class=\"elementor-widget-container\">\n\t\t\t\t\t<h1 class=\"elementor-heading-title elementor-size-default\">\u00daVOD DO EDUKA\u010cN\u00c9HO MANA\u017dMENTU <\/h1>\t\t\t\t<\/div>\n\t\t\t\t<\/div>\n\t\t\t\t\t<\/div>\n\t\t<\/div>\n\t\t\t\t\t<\/div>\n\t\t<\/section>\n\t\t\t\t<section class=\"elementor-section elementor-top-section elementor-element elementor-element-2858d6f elementor-section-boxed elementor-section-height-default elementor-section-height-default\" data-id=\"2858d6f\" data-element_type=\"section\">\n\t\t\t\t\t\t<div class=\"elementor-container elementor-column-gap-default\">\n\t\t\t\t\t<div class=\"elementor-column elementor-col-100 elementor-top-column elementor-element elementor-element-e63bd34\" data-id=\"e63bd34\" data-element_type=\"column\">\n\t\t\t<div class=\"elementor-widget-wrap elementor-element-populated\">\n\t\t\t\t\t\t<section class=\"elementor-section elementor-inner-section elementor-element elementor-element-0b79421 elementor-section-boxed elementor-section-height-default elementor-section-height-default\" data-id=\"0b79421\" data-element_type=\"section\">\n\t\t\t\t\t\t<div class=\"elementor-container elementor-column-gap-default\">\n\t\t\t\t\t<div class=\"elementor-column elementor-col-100 elementor-inner-column elementor-element elementor-element-bb0ded5\" data-id=\"bb0ded5\" data-element_type=\"column\">\n\t\t\t<div class=\"elementor-widget-wrap elementor-element-populated\">\n\t\t\t\t\t\t<div class=\"elementor-element elementor-element-759b076 elementor-widget elementor-widget-heading\" data-id=\"759b076\" data-element_type=\"widget\" data-widget_type=\"heading.default\">\n\t\t\t\t<div class=\"elementor-widget-container\">\n\t\t\t\t\t<h3 class=\"elementor-heading-title elementor-size-default\">\u0160t\u00e1tna spr\u00e1va v \u0161kolstve pod\u013ea z\u00e1kona z roku 1978<\/h3>\t\t\t\t<\/div>\n\t\t\t\t<\/div>\n\t\t\t\t<div class=\"elementor-element elementor-element-5aa9d5d elementor-widget elementor-widget-text-editor\" data-id=\"5aa9d5d\" data-element_type=\"widget\" data-widget_type=\"text-editor.default\">\n\t\t\t\t<div class=\"elementor-widget-container\">\n\t\t\t\t\t\t\t\t\t<p style=\"text-align: justify;\">Pod\u013ea z\u00e1kona Slovenskej n\u00e1rodnej rady <em>\u010d. 79 z 27. j\u00fana 1978 o \u0161t\u00e1tnej spr\u00e1ve v\u00a0\u0161kolstve<\/em>, ktor\u00fdm sa riadilo \u0161kolstvo pred rokom 1989 boli org\u00e1nmi \u0161t\u00e1tnej spr\u00e1vy v\u00a0\u0161kolstve (\u00a7 2):<\/p><ul style=\"text-align: justify;\"><li><strong>N\u00e1rodn\u00e9 v\u00fdbory<\/strong>, ktor\u00e9 predov\u0161etk\u00fdm pri spr\u00e1ve \u0161k\u00f4l a \u0161kolsk\u00fdch zariaden\u00ed \u0161koly a \u0161kolsk\u00e9 zariadenia zria\u010fuj\u00fa a zru\u0161uj\u00fa, hospod\u00e1rsky ich zabezpe\u010duj\u00fa vo svojich pl\u00e1noch a rozpo\u010dtoch, odborne ich ved\u00fa, vykon\u00e1vaj\u00fa v nich in\u0161pekciu v\u00fdchovy a\u00a0vzdel\u00e1vania (\u00a7 3 ods. 2 z\u00e1kona \u010d. 79\/1978).<\/li><\/ul><p style=\"text-align: justify;\">\u00a0<\/p><ul style=\"text-align: justify;\"><li><strong>Ministerstvo \u0161kolstva Slovenskej socialistickej republiky<\/strong> ako \u00fastredn\u00fd org\u00e1n \u0161t\u00e1tnej spr\u00e1vy Slovenskej socialistickej republiky riadi v\u00fdkon \u0161t\u00e1tnej spr\u00e1vy na \u00faseku \u0161kolstva (napr. vyd\u00e1va v\u0161eobecne z\u00e1v\u00e4zn\u00e9 pr\u00e1vne predpisy o zria\u010fovan\u00ed, zru\u0161ovan\u00ed a o organiz\u00e1cii \u0161k\u00f4l a \u0161kolsk\u00fdch zariaden\u00ed na zabezpe\u010denie jednotn\u00e9ho v\u00fdkonu \u0161t\u00e1tnej spr\u00e1vy n\u00e1rodn\u00fdmi v\u00fdbormi na \u00faseku \u0161kolstva a na zabezpe\u010denie v\u00fdchovnej a vzdel\u00e1vacej \u010dinnosti \u0161k\u00f4l a \u0161kolsk\u00fdch zariaden\u00ed; ustanovuje a upravuje sie\u0165 stredn\u00fdch \u0161k\u00f4l, \u0161k\u00f4l pre ml\u00e1de\u017e vy\u017eaduj\u00facu osobitn\u00fa starostlivos\u0165, zariaden\u00ed na v\u00fdkon \u00fastavnej v\u00fdchovy a ochrannej v\u00fdchovy a sie\u0165 \u0161kolsk\u00fdch hospod\u00e1rstiev; ustanovuje druhy a n\u00e1le\u017eitosti vysved\u010den\u00ed a ostatn\u00fdch \u0161kolsk\u00fdch tla\u010d\u00edv; ustanovuje z\u00e1sady pre ideov\u00e9 a pedagogick\u00e9 riadenie \u0161k\u00f4l a\u00a0pod.) (\u00a7 14 z\u00e1kona \u010d. 79\/1978).<\/li><\/ul><p style=\"text-align: justify;\">\u00a0<\/p><ul style=\"text-align: justify;\"><li><strong>In\u00e9 \u00fastredn\u00e9 org\u00e1ny \u0161t\u00e1tnej spr\u00e1vy, ak tak ustanovuje osobitn\u00fd z\u00e1kon.<\/strong><\/li><\/ul><p style=\"text-align: justify;\">N\u00e1rodn\u00e9 v\u00fdbory sa v\u00a0zmysle dikcie tohto z\u00e1kona rozde\u013eovali na:<\/p><ul style=\"text-align: justify;\"><li><strong>Miestny n\u00e1rodn\u00fd v\u00fdbor<\/strong>, ktor\u00fd predov\u0161etk\u00fdm so s\u00fahlasom okresn\u00e9ho n\u00e1rodn\u00e9ho v\u00fdboru zria\u010fuje a zru\u0161uje jasle, matersk\u00fa \u0161kolu, spolo\u010dn\u00e9 zariadenie jasle a matersk\u00e1 \u0161kola, detsk\u00fd \u00fatulok, \u0161kolsk\u00fa jed\u00e1le\u0148 a miestny dom pionierov a\u00a0ml\u00e1de\u017ee (\u00a7 5 ods. 1 z\u00e1kona \u010d. 79\/1978).<\/li><\/ul><p style=\"text-align: justify;\">\u00a0<\/p><ul style=\"text-align: justify;\"><li><strong>Mestsk\u00fd n\u00e1rodn\u00fd v\u00fdbor<\/strong>, ktor\u00fd mal okrem kompetenci\u00ed miestneho n\u00e1rodn\u00e9ho v\u00fdboru aj niektor\u00e9 kompetencie, ktor\u00e9 patria okresn\u00e9mu n\u00e1rodn\u00e9mu v\u00fdboru (\u00a7 6 z\u00e1kona \u010d. 79\/1978).<\/li><\/ul><p style=\"text-align: justify;\">\u00a0<\/p><ul style=\"text-align: justify;\"><li><strong>Okresn\u00fd n\u00e1rodn\u00fd v\u00fdbor<\/strong>, ktor\u00fd zria\u010fuje a\u00a0zru\u0161uje: okresn\u00e9 pedagogick\u00e9 stredisko, okresn\u00fa pedagogicko-psychologick\u00fa porad\u0148u, okresn\u00fd dom pionierov a ml\u00e1de\u017ee, okresn\u00fa stanicu mlad\u00fdch technikou, mlad\u00fdch pr\u00edrodovedcov alebo mlad\u00fdch turistov, okresn\u00e9 stredisko \u0161kolsk\u00e9ho stravovania a technick\u00e9 a materi\u00e1lov\u00e9 stredisko; po prerokovan\u00ed s pr\u00edslu\u0161n\u00fdm miestnym n\u00e1rodn\u00fdm v\u00fdborom z\u00e1kladn\u00fa \u0161kolu, z\u00e1kladn\u00fa dev\u00e4\u0165ro\u010dn\u00fa \u0161kolu, osobitn\u00fa \u0161kolu, osobitn\u00fa matersk\u00fa \u0161kolu, \u013eudov\u00fa \u0161kolu umenia a \u013eudov\u00fa \u0161kolu jazykov; so s\u00fahlasom krajsk\u00e9ho n\u00e1rodn\u00e9ho v\u00fdboru z\u00e1kladn\u00fa \u0161kolu alebo z\u00e1kladn\u00fa dev\u00e4\u0165ro\u010dn\u00fa \u0161kolu pri zdravotn\u00edckych zariadeniach, \u0161kolu v pr\u00edrode a detsk\u00fd domov (\u00a7 7 ods. 1 z\u00e1kona \u010d. 79\/1978).<\/li><\/ul><p style=\"text-align: justify;\"><strong>\u00a0<\/strong><\/p><ul><li style=\"text-align: justify;\"><strong>Krajsk\u00fd n\u00e1rodn\u00fd v\u00fdbor<\/strong>, zria\u010fuje a\u00a0zru\u0161uje: stredn\u00e9 odborn\u00e9 u\u010dili\u0161te, odborn\u00e9 u\u010dili\u0161te a stredn\u00fa \u0161kolu pre pracuj\u00facich pre \u00faseky riaden\u00e9 alebo spravovan\u00e9 n\u00e1rodn\u00fdmi v\u00fdbormi; u\u010d\u0148ovsk\u00fa \u0161kolu, gymn\u00e1zium, stredn\u00fa odborn\u00fa \u0161kolu, konzervat\u00f3rium, odborn\u00fa \u0161kolu, jazykov\u00fa \u0161kolu, \u0161kolsk\u00fd \u00fastav umeleckej v\u00fdroby a stenografick\u00fd \u00fastav (\u00a7 11 ods. 1 z\u00e1kona \u010d. 79\/1978).<\/li><\/ul>\t\t\t\t\t\t\t\t<\/div>\n\t\t\t\t<\/div>\n\t\t\t\t\t<\/div>\n\t\t<\/div>\n\t\t\t\t\t<\/div>\n\t\t<\/section>\n\t\t\t\t\t<\/div>\n\t\t<\/div>\n\t\t\t\t\t<\/div>\n\t\t<\/section>\n\t\t\t\t<\/div>\n\t\t","protected":false},"excerpt":{"rendered":"<p>\u00daVOD DO EDUKA\u010cN\u00c9HO MANA\u017dMENTU \u0160t\u00e1tna spr\u00e1va v \u0161kolstve pod\u013ea z\u00e1kona z roku 1978 Pod\u013ea z\u00e1kona Slovenskej n\u00e1rodnej rady \u010d. 79 z 27. j\u00fana 1978 o \u0161t\u00e1tnej spr\u00e1ve v\u00a0\u0161kolstve, ktor\u00fdm sa riadilo \u0161kolstvo pred rokom 1989 boli org\u00e1nmi \u0161t\u00e1tnej spr\u00e1vy v\u00a0\u0161kolstve (\u00a7 2): N\u00e1rodn\u00e9 v\u00fdbory, ktor\u00e9 predov\u0161etk\u00fdm pri spr\u00e1ve \u0161k\u00f4l a \u0161kolsk\u00fdch zariaden\u00ed \u0161koly a \u0161kolsk\u00e9 [&hellip;]<\/p>\n","protected":false},"author":3,"featured_media":0,"parent":0,"menu_order":0,"comment_status":"closed","ping_status":"closed","template":"","meta":{"footnotes":""},"class_list":["post-2829","page","type-page","status-publish","hentry"],"_links":{"self":[{"href":"https:\/\/e-ucebnice.ff.ucm.sk\/index.php\/wp-json\/wp\/v2\/pages\/2829","targetHints":{"allow":["GET"]}}],"collection":[{"href":"https:\/\/e-ucebnice.ff.ucm.sk\/index.php\/wp-json\/wp\/v2\/pages"}],"about":[{"href":"https:\/\/e-ucebnice.ff.ucm.sk\/index.php\/wp-json\/wp\/v2\/types\/page"}],"author":[{"embeddable":true,"href":"https:\/\/e-ucebnice.ff.ucm.sk\/index.php\/wp-json\/wp\/v2\/users\/3"}],"replies":[{"embeddable":true,"href":"https:\/\/e-ucebnice.ff.ucm.sk\/index.php\/wp-json\/wp\/v2\/comments?post=2829"}],"version-history":[{"count":4,"href":"https:\/\/e-ucebnice.ff.ucm.sk\/index.php\/wp-json\/wp\/v2\/pages\/2829\/revisions"}],"predecessor-version":[{"id":2865,"href":"https:\/\/e-ucebnice.ff.ucm.sk\/index.php\/wp-json\/wp\/v2\/pages\/2829\/revisions\/2865"}],"wp:attachment":[{"href":"https:\/\/e-ucebnice.ff.ucm.sk\/index.php\/wp-json\/wp\/v2\/media?parent=2829"}],"curies":[{"name":"wp","href":"https:\/\/api.w.org\/{rel}","templated":true}]}}