{"id":2831,"date":"2023-03-04T09:25:35","date_gmt":"2023-03-04T08:25:35","guid":{"rendered":"https:\/\/e-ucebnice.ff.ucm.sk\/?page_id=2831"},"modified":"2023-03-04T09:44:55","modified_gmt":"2023-03-04T08:44:55","slug":"uvod-do-eduk-man-2-2-2","status":"publish","type":"page","link":"https:\/\/e-ucebnice.ff.ucm.sk\/index.php\/uvod-do-eduk-man-2-2-2\/","title":{"rendered":"\u00davod do eduk man-2-2-2"},"content":{"rendered":"\t\t<div data-elementor-type=\"wp-page\" data-elementor-id=\"2831\" class=\"elementor elementor-2831\" data-elementor-post-type=\"page\">\n\t\t\t\t\t\t<section class=\"elementor-section elementor-top-section elementor-element elementor-element-6f672ed elementor-section-height-min-height elementor-section-boxed elementor-section-height-default elementor-section-items-middle\" data-id=\"6f672ed\" data-element_type=\"section\" data-settings=\"{&quot;background_background&quot;:&quot;classic&quot;}\">\n\t\t\t\t\t\t\t<div class=\"elementor-background-overlay\"><\/div>\n\t\t\t\t\t\t\t<div class=\"elementor-container elementor-column-gap-default\">\n\t\t\t\t\t<div class=\"elementor-column elementor-col-100 elementor-top-column elementor-element elementor-element-bbeb470\" data-id=\"bbeb470\" data-element_type=\"column\">\n\t\t\t<div class=\"elementor-widget-wrap elementor-element-populated\">\n\t\t\t\t\t\t<div class=\"elementor-element elementor-element-d82f1ef elementor-widget elementor-widget-heading\" data-id=\"d82f1ef\" data-element_type=\"widget\" data-widget_type=\"heading.default\">\n\t\t\t\t<div class=\"elementor-widget-container\">\n\t\t\t\t\t<h1 class=\"elementor-heading-title elementor-size-default\">\u00daVOD DO EDUKA\u010cN\u00c9HO MANA\u017dMENTU <\/h1>\t\t\t\t<\/div>\n\t\t\t\t<\/div>\n\t\t\t\t\t<\/div>\n\t\t<\/div>\n\t\t\t\t\t<\/div>\n\t\t<\/section>\n\t\t\t\t<section class=\"elementor-section elementor-top-section elementor-element elementor-element-2858d6f elementor-section-boxed elementor-section-height-default elementor-section-height-default\" data-id=\"2858d6f\" data-element_type=\"section\">\n\t\t\t\t\t\t<div class=\"elementor-container elementor-column-gap-default\">\n\t\t\t\t\t<div class=\"elementor-column elementor-col-100 elementor-top-column elementor-element elementor-element-e63bd34\" data-id=\"e63bd34\" data-element_type=\"column\">\n\t\t\t<div class=\"elementor-widget-wrap elementor-element-populated\">\n\t\t\t\t\t\t<section class=\"elementor-section elementor-inner-section elementor-element elementor-element-0b79421 elementor-section-boxed elementor-section-height-default elementor-section-height-default\" data-id=\"0b79421\" data-element_type=\"section\">\n\t\t\t\t\t\t<div class=\"elementor-container elementor-column-gap-default\">\n\t\t\t\t\t<div class=\"elementor-column elementor-col-100 elementor-inner-column elementor-element elementor-element-bb0ded5\" data-id=\"bb0ded5\" data-element_type=\"column\">\n\t\t\t<div class=\"elementor-widget-wrap elementor-element-populated\">\n\t\t\t\t\t\t<div class=\"elementor-element elementor-element-759b076 elementor-widget elementor-widget-heading\" data-id=\"759b076\" data-element_type=\"widget\" data-widget_type=\"heading.default\">\n\t\t\t\t<div class=\"elementor-widget-container\">\n\t\t\t\t\t<h3 class=\"elementor-heading-title elementor-size-default\">\u0160t\u00e1tna spr\u00e1va v \u0161kolstve pod\u013ea z\u00e1kona z roku 1990<\/h3>\t\t\t\t<\/div>\n\t\t\t\t<\/div>\n\t\t\t\t<div class=\"elementor-element elementor-element-5aa9d5d elementor-widget elementor-widget-text-editor\" data-id=\"5aa9d5d\" data-element_type=\"widget\" data-widget_type=\"text-editor.default\">\n\t\t\t\t<div class=\"elementor-widget-container\">\n\t\t\t\t\t\t\t\t\t<p style=\"text-align: justify;\">Prijat\u00edm z\u00e1kona Slovenskej n\u00e1rodnej rady <em>\u010d. 542 z 26. novembra 1990 o \u0161t\u00e1tnej spr\u00e1ve v \u0161kolstve a \u0161kolskej samospr\u00e1ve<\/em> pri\u0161lo k\u00a0zmene riadenia \u0161kolstva na tzv. odvetvov\u00fd syst\u00e9m riadenia, ktor\u00fd fungoval v\u00a0rokoch 1990 a\u017e 1996. Odvetvov\u00fd syst\u00e9m riadenia je zalo\u017een\u00fd na riaden\u00ed v l\u00ednii odvetvia, resp. rezortu.<\/p><p style=\"text-align: justify;\">Pod\u013ea tohto z\u00e1kona \u0161t\u00e1tnu spr\u00e1vu na \u00faseku \u0161k\u00f4l a \u0161kolsk\u00fdch zariaden\u00ed vykon\u00e1vaj\u00fa tieto org\u00e1ny:<\/p><ul style=\"text-align: justify;\"><li><strong>Riadite\u013e \u0161koly a riadite\u013e (ved\u00faci) \u0161kolsk\u00e9ho zariadenia<\/strong>, ktor\u00ed riadi \u0161kolu a \u0161kolsk\u00e9 zariadenie). Riadite\u013ea \u0161koly a riadite\u013ea (ved\u00faceho) \u0161kolsk\u00e9ho zriaden\u00e9ho \u0161kolskou spr\u00e1vou vymen\u00fava a odvol\u00e1va riadite\u013e pr\u00edslu\u0161nej \u0161kolskej spr\u00e1vy. Riadite\u013ea strednej \u0161koly alebo riadite\u013ea \u0161kolsk\u00e9ho zariadenia, ktor\u00e9 nezriadila \u0161kolsk\u00e1 spr\u00e1va, vymen\u00fava a odvol\u00e1va zria\u010fovate\u013e. Riadite\u013e \u0161koly a riadite\u013e \u0161kolsk\u00e9ho zariadenia zodpoved\u00e1 za dodr\u017eiavanie v\u0161eobecne z\u00e1v\u00e4zn\u00fdch pr\u00e1vnych predpisov, u\u010debn\u00fdch pl\u00e1nov a u\u010debn\u00fdch osnov, za odborn\u00fa a pedagogick\u00fa \u00farove\u0148 v\u00fdchovno-vzdel\u00e1vacej pr\u00e1ce \u0161koly (\u0161kolsk\u00e9ho zariadenia) a za efekt\u00edvne vyu\u017e\u00edvanie prostriedkov ur\u010den\u00fdch na zabezpe\u010denie \u010dinnosti \u0161koly (\u0161kolsk\u00e9ho zariadenia); zodpoved\u00e1 za riadne hospod\u00e1renie s majetkom v u\u017e\u00edvan\u00ed alebo vo vlastn\u00edctve \u0161koly alebo \u0161kolsk\u00e9ho zariadenia (\u00a7 3 ods. 1, 2 z\u00e1kona \u010d. 542\/1990).<\/li><\/ul><p style=\"text-align: justify;\">\u00a0<\/p><ul style=\"text-align: justify;\"><li><strong>\u0160kolsk\u00e1 spr\u00e1va<\/strong>, ktor\u00e1 prevzala p\u00f4sobnos\u0165 b\u00fdval\u00fdch n\u00e1rodn\u00fdch v\u00fdborov.<\/li><\/ul><p style=\"text-align: justify;\">\u00a0<\/p><ul style=\"text-align: justify;\"><li><strong>Ministerstvo \u0161kolstva Slovenskej republiky. <\/strong><\/li><\/ul><p style=\"text-align: justify;\">\u00a0<\/p><ul style=\"text-align: justify;\"><li><strong>In\u00e9 \u00fastredn\u00e9 org\u00e1ny \u0161t\u00e1tnej spr\u00e1vy, ak tak ustanovuje osobitn\u00fd z\u00e1kon<\/strong>.<\/li><\/ul><p style=\"text-align: justify;\">\u00a0<\/p><p style=\"text-align: justify;\">\u0160kolsk\u00e9 spr\u00e1vy ako org\u00e1ny \u0161t\u00e1tnej spr\u00e1vy \u0161kolstva prevzali p\u00f4sobnos\u0165 b\u00fdval\u00fdch n\u00e1rodn\u00fdch v\u00fdborov, resp. boli zriaden\u00e9 z t\u00fdch org\u00e1nov krajsk\u00fdch n\u00e1rodn\u00fdch v\u00fdborov, okresn\u00fdch n\u00e1rodn\u00fdch v\u00fdborov, mestsk\u00fdch n\u00e1rodn\u00fdch v\u00fdborov, miestnych n\u00e1rodn\u00fdch v\u00fdborov a miestnych n\u00e1rodn\u00fdch v\u00fdborov v strediskov\u00fdch obciach, ktor\u00e9 do nadobudnutia \u00fa\u010dinnosti tohto z\u00e1kona vykon\u00e1vali p\u00f4sobnos\u0165 na \u00faseku \u0161kolstva (\u00a7 21, ods. 1 z\u00e1kona \u010d. 542\/1990). D\u0148om zriadenia \u0161kolsk\u00fdch spr\u00e1v prech\u00e1dzaj\u00fa pr\u00e1va a povinnosti zria\u010fovate\u013ea \u0161koly a \u0161kolsk\u00e9ho zariadenia z n\u00e1rodn\u00e9ho v\u00fdboru, ktor\u00fd \u0161kolu (\u0161kolsk\u00e9 zariadenie) zriadil, na t\u00fa \u0161kolsk\u00fa spr\u00e1vu, do p\u00f4sobnosti ktorej \u0161kola (\u0161kolsk\u00e9 zariadenie) prech\u00e1dza (\u00a7 21 ods. 3 z\u00e1kona \u010d. 542\/1990).<\/p><p style=\"text-align: justify;\">Medzi k\u013e\u00fa\u010dov\u00e9 kompetencie \u0161kolsk\u00fdch spr\u00e1v m\u00f4\u017eeme zaradi\u0165: utv\u00e1ra \u0161kol\u00e1m a \u0161kolsk\u00fdm zariadeniam potrebn\u00e9 materi\u00e1lne podmienky a zabezpe\u010duje starostlivos\u0165 o existuj\u00faci fond budov \u0161k\u00f4l a \u0161kolsk\u00fdch zariaden\u00ed vo svojej p\u00f4sobnosti; zabezpe\u010duje nov\u00fa investi\u010dn\u00fa v\u00fdstavbu \u0161k\u00f4l a \u0161kolsk\u00fdch zariaden\u00ed vo svojej p\u00f4sobnosti; zostavuje pl\u00e1n a rozpo\u010det pre \u0161kolsk\u00fa spr\u00e1vu, \u0161koly a \u0161kolsk\u00e9 zariadenia vo svojej p\u00f4sobnosti; rozde\u013euje finan\u010dn\u00e9 prostriedky pre \u0161koly vo svojej p\u00f4sobnosti; vykon\u00e1va finan\u010dn\u00e9 vyrovnanie so \u0161kolami a \u0161kolsk\u00fdmi zariadeniami vo svojej p\u00f4sobnosti; vykon\u00e1va komplexn\u00fa kontroln\u00fa \u010dinnos\u0165 na \u00faseku hospod\u00e1renia s pridelen\u00fdmi (poskytnut\u00fdmi) finan\u010dn\u00fdmi a materi\u00e1lnymi prostriedkami a\u00a0pod. (\u00a7 5 ods. 5 z\u00e1kona \u010d. 542\/1990).<\/p><p style=\"text-align: justify;\">Za v\u00fdhody tohto typu odvetvov\u00e9ho riadenia \u0161kolstva sa pova\u017eovalo predov\u0161etk\u00fdm: efekt\u00edvnej\u0161ie prerozde\u013eovanie finan\u010dn\u00fdch prostriedkov; odstr\u00e1nenie \u010dinnost\u00ed pre \u0161koly a\u00a0zamestnancov, ktor\u00e9 nes\u00faviseli so \u0161kolskou problematikou; pru\u017enej\u0161ie a\u00a0kvalifikovan\u00e9 rozhodovanie bez neprofesion\u00e1lnych z\u00e1sahov. Za nev\u00fdhody sa pova\u017euje: nedostato\u010dn\u00e1 koordin\u00e1cia medzi \u0161kolstvom a\u00a0ostatn\u00fdmi odvetviami verejnej spr\u00e1vy a zn\u00ed\u017een\u00e1 mo\u017enos\u0165 ovplyvni\u0165 \u0161kolstvo samospr\u00e1vnymi org\u00e1nmi regi\u00f3nu (OBDR\u017d\u00c1LEK, HORV\u00c1THOV\u00c1 a\u00a0kol., 2004, 213).<\/p>\t\t\t\t\t\t\t\t<\/div>\n\t\t\t\t<\/div>\n\t\t\t\t\t<\/div>\n\t\t<\/div>\n\t\t\t\t\t<\/div>\n\t\t<\/section>\n\t\t\t\t\t<\/div>\n\t\t<\/div>\n\t\t\t\t\t<\/div>\n\t\t<\/section>\n\t\t\t\t<\/div>\n\t\t","protected":false},"excerpt":{"rendered":"<p>\u00daVOD DO EDUKA\u010cN\u00c9HO MANA\u017dMENTU \u0160t\u00e1tna spr\u00e1va v \u0161kolstve pod\u013ea z\u00e1kona z roku 1990 Prijat\u00edm z\u00e1kona Slovenskej n\u00e1rodnej rady \u010d. 542 z 26. novembra 1990 o \u0161t\u00e1tnej spr\u00e1ve v \u0161kolstve a \u0161kolskej samospr\u00e1ve pri\u0161lo k\u00a0zmene riadenia \u0161kolstva na tzv. odvetvov\u00fd syst\u00e9m riadenia, ktor\u00fd fungoval v\u00a0rokoch 1990 a\u017e 1996. Odvetvov\u00fd syst\u00e9m riadenia je zalo\u017een\u00fd na riaden\u00ed v [&hellip;]<\/p>\n","protected":false},"author":3,"featured_media":0,"parent":0,"menu_order":0,"comment_status":"closed","ping_status":"closed","template":"","meta":{"footnotes":""},"class_list":["post-2831","page","type-page","status-publish","hentry"],"_links":{"self":[{"href":"https:\/\/e-ucebnice.ff.ucm.sk\/index.php\/wp-json\/wp\/v2\/pages\/2831","targetHints":{"allow":["GET"]}}],"collection":[{"href":"https:\/\/e-ucebnice.ff.ucm.sk\/index.php\/wp-json\/wp\/v2\/pages"}],"about":[{"href":"https:\/\/e-ucebnice.ff.ucm.sk\/index.php\/wp-json\/wp\/v2\/types\/page"}],"author":[{"embeddable":true,"href":"https:\/\/e-ucebnice.ff.ucm.sk\/index.php\/wp-json\/wp\/v2\/users\/3"}],"replies":[{"embeddable":true,"href":"https:\/\/e-ucebnice.ff.ucm.sk\/index.php\/wp-json\/wp\/v2\/comments?post=2831"}],"version-history":[{"count":4,"href":"https:\/\/e-ucebnice.ff.ucm.sk\/index.php\/wp-json\/wp\/v2\/pages\/2831\/revisions"}],"predecessor-version":[{"id":2868,"href":"https:\/\/e-ucebnice.ff.ucm.sk\/index.php\/wp-json\/wp\/v2\/pages\/2831\/revisions\/2868"}],"wp:attachment":[{"href":"https:\/\/e-ucebnice.ff.ucm.sk\/index.php\/wp-json\/wp\/v2\/media?parent=2831"}],"curies":[{"name":"wp","href":"https:\/\/api.w.org\/{rel}","templated":true}]}}