{"id":2833,"date":"2023-03-04T09:26:02","date_gmt":"2023-03-04T08:26:02","guid":{"rendered":"https:\/\/e-ucebnice.ff.ucm.sk\/?page_id=2833"},"modified":"2023-03-04T09:46:05","modified_gmt":"2023-03-04T08:46:05","slug":"uvod-do-eduk-man-2-2-3","status":"publish","type":"page","link":"https:\/\/e-ucebnice.ff.ucm.sk\/index.php\/uvod-do-eduk-man-2-2-3\/","title":{"rendered":"\u00davod do eduk man-2-2-3"},"content":{"rendered":"\t\t<div data-elementor-type=\"wp-page\" data-elementor-id=\"2833\" class=\"elementor elementor-2833\" data-elementor-post-type=\"page\">\n\t\t\t\t\t\t<section class=\"elementor-section elementor-top-section elementor-element elementor-element-6f672ed elementor-section-height-min-height elementor-section-boxed elementor-section-height-default elementor-section-items-middle\" data-id=\"6f672ed\" data-element_type=\"section\" data-settings=\"{&quot;background_background&quot;:&quot;classic&quot;}\">\n\t\t\t\t\t\t\t<div class=\"elementor-background-overlay\"><\/div>\n\t\t\t\t\t\t\t<div class=\"elementor-container elementor-column-gap-default\">\n\t\t\t\t\t<div class=\"elementor-column elementor-col-100 elementor-top-column elementor-element elementor-element-bbeb470\" data-id=\"bbeb470\" data-element_type=\"column\">\n\t\t\t<div class=\"elementor-widget-wrap elementor-element-populated\">\n\t\t\t\t\t\t<div class=\"elementor-element elementor-element-d82f1ef elementor-widget elementor-widget-heading\" data-id=\"d82f1ef\" data-element_type=\"widget\" data-widget_type=\"heading.default\">\n\t\t\t\t<div class=\"elementor-widget-container\">\n\t\t\t\t\t<h1 class=\"elementor-heading-title elementor-size-default\">\u00daVOD DO EDUKA\u010cN\u00c9HO MANA\u017dMENTU <\/h1>\t\t\t\t<\/div>\n\t\t\t\t<\/div>\n\t\t\t\t\t<\/div>\n\t\t<\/div>\n\t\t\t\t\t<\/div>\n\t\t<\/section>\n\t\t\t\t<section class=\"elementor-section elementor-top-section elementor-element elementor-element-2858d6f elementor-section-boxed elementor-section-height-default elementor-section-height-default\" data-id=\"2858d6f\" data-element_type=\"section\">\n\t\t\t\t\t\t<div class=\"elementor-container elementor-column-gap-default\">\n\t\t\t\t\t<div class=\"elementor-column elementor-col-100 elementor-top-column elementor-element elementor-element-e63bd34\" data-id=\"e63bd34\" data-element_type=\"column\">\n\t\t\t<div class=\"elementor-widget-wrap elementor-element-populated\">\n\t\t\t\t\t\t<section class=\"elementor-section elementor-inner-section elementor-element elementor-element-0b79421 elementor-section-boxed elementor-section-height-default elementor-section-height-default\" data-id=\"0b79421\" data-element_type=\"section\">\n\t\t\t\t\t\t<div class=\"elementor-container elementor-column-gap-default\">\n\t\t\t\t\t<div class=\"elementor-column elementor-col-100 elementor-inner-column elementor-element elementor-element-bb0ded5\" data-id=\"bb0ded5\" data-element_type=\"column\">\n\t\t\t<div class=\"elementor-widget-wrap elementor-element-populated\">\n\t\t\t\t\t\t<div class=\"elementor-element elementor-element-759b076 elementor-widget elementor-widget-heading\" data-id=\"759b076\" data-element_type=\"widget\" data-widget_type=\"heading.default\">\n\t\t\t\t<div class=\"elementor-widget-container\">\n\t\t\t\t\t<h3 class=\"elementor-heading-title elementor-size-default\">\u0160t\u00e1tna spr\u00e1va v \u0161kolstve pod\u013ea z\u00e1kona z roku 1996<\/h3>\t\t\t\t<\/div>\n\t\t\t\t<\/div>\n\t\t\t\t<div class=\"elementor-element elementor-element-5aa9d5d elementor-widget elementor-widget-text-editor\" data-id=\"5aa9d5d\" data-element_type=\"widget\" data-widget_type=\"text-editor.default\">\n\t\t\t\t<div class=\"elementor-widget-container\">\n\t\t\t\t\t\t\t\t\t<p style=\"text-align: justify;\">V\u00a0r\u00e1mci ve\u013ekej reformy verejnej spr\u00e1vy v\u00a0roku 1996 bol prijat\u00fd z\u00e1kon N\u00e1rodnej rady Slovenskej republiky <em>\u010d. 222 zo 4. j\u00fala 1996 o organiz\u00e1cii miestnej \u0161t\u00e1tnej spr\u00e1vy a o zmene a doplnen\u00ed niektor\u00fdch z\u00e1konov<\/em><em>, <\/em>ktor\u00fd reformoval aj riadenie \u0161k\u00f4l, pri\u010dom p\u00f4sobnos\u0165 b\u00fdval\u00fdch \u0161kolsk\u00fdch spr\u00e1v prevzali okresn\u00e9 a\u00a0krajsk\u00e9 \u00farady.<\/p>\n<p style=\"text-align: justify;\">Z\u00e1kon Slovenskej n\u00e1rodnej rady <em>\u010d. 542 z 26. novembra 1990 o \u0161t\u00e1tnej spr\u00e1ve v \u0161kolstve a \u0161kolskej samospr\u00e1ve<\/em> v\u00a0znen\u00ed z\u00e1kona N\u00e1rodnej rady Slovenskej republiky <em>\u010d. 222 zo 4. j\u00fala 1996 o organiz\u00e1cii miestnej \u0161t\u00e1tnej spr\u00e1vy a o zmene a doplnen\u00ed niektor\u00fdch z\u00e1konov<\/em> ur\u010dil nasledovn\u00fa \u0161trukt\u00faru \u0161t\u00e1tnej spr\u00e1vy na \u00faseku \u0161k\u00f4l a \u0161kolsk\u00fdch zariaden\u00ed (\u00a7 2 z\u00e1kona \u010d. 222\/1996):<\/p>\n<ul style=\"text-align: justify;\">\n<li><strong>Riadite\u013e \u0161koly a riadite\u013e (ved\u00faci) \u0161kolsk\u00e9ho zariadenia.<\/strong><\/li>\n<\/ul>\n<p style=\"text-align: justify;\"><strong>\u00a0<\/strong><\/p>\n<ul style=\"text-align: justify;\">\n<li><strong>Okresn\u00fd \u00farad<\/strong> \u2013 do jeho p\u00f4sobnosti patrili z\u00e1kladn\u00e9 \u0161koly, z\u00e1kladn\u00e9 umeleck\u00e9 \u0161koly a \u0161kolsk\u00e9 zariadenia okrem \u0161kolsk\u00fdch zariaden\u00ed, ktor\u00e9 patria do p\u00f4sobnosti krajsk\u00e9ho \u00faradu (\u00a7 4 ods. 2 z\u00e1kona \u010d. 222\/1996).<\/li>\n<\/ul>\n<p style=\"text-align: justify;\">\u00a0<\/p>\n<ul style=\"text-align: justify;\">\n<li><strong>Krajsk\u00fd \u00farad<\/strong> \u2013 do jeho p\u00f4sobnosti patrili: stredn\u00e9 \u0161koly a stredn\u00e9 odborn\u00e9 u\u010dili\u0161tia, \u0161peci\u00e1lne \u0161koly, \u0161peci\u00e1lne matersk\u00e9 \u0161koly (matersk\u00e9 \u0161koly pre deti ment\u00e1lne, zmyslovo alebo telesne postihnut\u00e9 a pre deti s naru\u0161enou komunika\u010dnou schopnos\u0165ou), \u0161peci\u00e1lne v\u00fdchovn\u00e9 zariadenia (reeduka\u010dn\u00e9 detsk\u00e9 domovy, reeduka\u010dn\u00e9 domovy pre ml\u00e1de\u017e, diagnostick\u00e9 centr\u00e1, lie\u010debno-v\u00fdchovn\u00e9 sanat\u00f3ri\u00e1), \u0161kolsk\u00e9 hospod\u00e1rstva pri stredn\u00fdch odborn\u00fdch \u0161kol\u00e1ch, z\u00e1ujmovo-vzdel\u00e1vacie zariadenia okrem jazykov\u00fdch \u0161k\u00f4l pri z\u00e1kladn\u00fdch \u0161kol\u00e1ch, domovy ml\u00e1de\u017ee, \u0161kolsk\u00e9 jed\u00e1lne a \u0161kolsk\u00e9 kuchyne, kuchyne a jed\u00e1lne v intern\u00e1tnych zariadeniach, ktor\u00e9 s\u00fa s\u00fa\u010das\u0165ou \u0161k\u00f4l a \u0161kolsk\u00fdch zariaden\u00ed, stredisk\u00e1 odbornej praxe, \u0161kolsk\u00e9 v\u00fdpo\u010dtov\u00e9 stredisk\u00e1, pedagogicko-psychologick\u00e9 poradne pre stredn\u00e9 \u0161koly, centr\u00e1lne v\u00fdrobne jed\u00e1l pre \u0161kolsk\u00e9 stravovanie a stredisk\u00e1 \u0161kolsk\u00e9ho stravovania (\u00a7 4 ods. 1 z\u00e1kona \u010d. 222\/1996).<\/li>\n<\/ul>\n<p style=\"text-align: justify;\"><strong>\u00a0<\/strong><\/p>\n<ul style=\"text-align: justify;\">\n<li><strong>Ministerstvo \u0161kolstva Slovenskej republiky. <\/strong><\/li>\n<\/ul>\n<p style=\"text-align: justify;\"><strong>\u00a0<\/strong><\/p>\n<ul>\n<li style=\"text-align: justify;\"><strong>In\u00e9 \u00fastredn\u00e9 org\u00e1ny \u0161t\u00e1tnej spr\u00e1vy, ak tak ustanovuje osobitn\u00fd z\u00e1kon.<\/strong><\/li>\n<\/ul>\t\t\t\t\t\t\t\t<\/div>\n\t\t\t\t<\/div>\n\t\t\t\t\t<\/div>\n\t\t<\/div>\n\t\t\t\t\t<\/div>\n\t\t<\/section>\n\t\t\t\t\t<\/div>\n\t\t<\/div>\n\t\t\t\t\t<\/div>\n\t\t<\/section>\n\t\t\t\t<\/div>\n\t\t","protected":false},"excerpt":{"rendered":"<p>\u00daVOD DO EDUKA\u010cN\u00c9HO MANA\u017dMENTU \u0160t\u00e1tna spr\u00e1va v \u0161kolstve pod\u013ea z\u00e1kona z roku 1996 V\u00a0r\u00e1mci ve\u013ekej reformy verejnej spr\u00e1vy v\u00a0roku 1996 bol prijat\u00fd z\u00e1kon N\u00e1rodnej rady Slovenskej republiky \u010d. 222 zo 4. j\u00fala 1996 o organiz\u00e1cii miestnej \u0161t\u00e1tnej spr\u00e1vy a o zmene a doplnen\u00ed niektor\u00fdch z\u00e1konov, ktor\u00fd reformoval aj riadenie \u0161k\u00f4l, pri\u010dom p\u00f4sobnos\u0165 b\u00fdval\u00fdch \u0161kolsk\u00fdch spr\u00e1v [&hellip;]<\/p>\n","protected":false},"author":3,"featured_media":0,"parent":0,"menu_order":0,"comment_status":"closed","ping_status":"closed","template":"","meta":{"footnotes":""},"class_list":["post-2833","page","type-page","status-publish","hentry"],"_links":{"self":[{"href":"https:\/\/e-ucebnice.ff.ucm.sk\/index.php\/wp-json\/wp\/v2\/pages\/2833","targetHints":{"allow":["GET"]}}],"collection":[{"href":"https:\/\/e-ucebnice.ff.ucm.sk\/index.php\/wp-json\/wp\/v2\/pages"}],"about":[{"href":"https:\/\/e-ucebnice.ff.ucm.sk\/index.php\/wp-json\/wp\/v2\/types\/page"}],"author":[{"embeddable":true,"href":"https:\/\/e-ucebnice.ff.ucm.sk\/index.php\/wp-json\/wp\/v2\/users\/3"}],"replies":[{"embeddable":true,"href":"https:\/\/e-ucebnice.ff.ucm.sk\/index.php\/wp-json\/wp\/v2\/comments?post=2833"}],"version-history":[{"count":4,"href":"https:\/\/e-ucebnice.ff.ucm.sk\/index.php\/wp-json\/wp\/v2\/pages\/2833\/revisions"}],"predecessor-version":[{"id":2871,"href":"https:\/\/e-ucebnice.ff.ucm.sk\/index.php\/wp-json\/wp\/v2\/pages\/2833\/revisions\/2871"}],"wp:attachment":[{"href":"https:\/\/e-ucebnice.ff.ucm.sk\/index.php\/wp-json\/wp\/v2\/media?parent=2833"}],"curies":[{"name":"wp","href":"https:\/\/api.w.org\/{rel}","templated":true}]}}