{"id":2835,"date":"2023-03-04T09:26:32","date_gmt":"2023-03-04T08:26:32","guid":{"rendered":"https:\/\/e-ucebnice.ff.ucm.sk\/?page_id=2835"},"modified":"2023-03-04T09:47:05","modified_gmt":"2023-03-04T08:47:05","slug":"uvod-do-eduk-man-2-2-4","status":"publish","type":"page","link":"https:\/\/e-ucebnice.ff.ucm.sk\/index.php\/uvod-do-eduk-man-2-2-4\/","title":{"rendered":"\u00davod do eduk man-2-2-4"},"content":{"rendered":"\t\t<div data-elementor-type=\"wp-page\" data-elementor-id=\"2835\" class=\"elementor elementor-2835\" data-elementor-post-type=\"page\">\n\t\t\t\t\t\t<section class=\"elementor-section elementor-top-section elementor-element elementor-element-6f672ed elementor-section-height-min-height elementor-section-boxed elementor-section-height-default elementor-section-items-middle\" data-id=\"6f672ed\" data-element_type=\"section\" data-settings=\"{&quot;background_background&quot;:&quot;classic&quot;}\">\n\t\t\t\t\t\t\t<div class=\"elementor-background-overlay\"><\/div>\n\t\t\t\t\t\t\t<div class=\"elementor-container elementor-column-gap-default\">\n\t\t\t\t\t<div class=\"elementor-column elementor-col-100 elementor-top-column elementor-element elementor-element-bbeb470\" data-id=\"bbeb470\" data-element_type=\"column\">\n\t\t\t<div class=\"elementor-widget-wrap elementor-element-populated\">\n\t\t\t\t\t\t<div class=\"elementor-element elementor-element-d82f1ef elementor-widget elementor-widget-heading\" data-id=\"d82f1ef\" data-element_type=\"widget\" data-widget_type=\"heading.default\">\n\t\t\t\t<div class=\"elementor-widget-container\">\n\t\t\t\t\t<h1 class=\"elementor-heading-title elementor-size-default\">\u00daVOD DO EDUKA\u010cN\u00c9HO MANA\u017dMENTU <\/h1>\t\t\t\t<\/div>\n\t\t\t\t<\/div>\n\t\t\t\t\t<\/div>\n\t\t<\/div>\n\t\t\t\t\t<\/div>\n\t\t<\/section>\n\t\t\t\t<section class=\"elementor-section elementor-top-section elementor-element elementor-element-2858d6f elementor-section-boxed elementor-section-height-default elementor-section-height-default\" data-id=\"2858d6f\" data-element_type=\"section\">\n\t\t\t\t\t\t<div class=\"elementor-container elementor-column-gap-default\">\n\t\t\t\t\t<div class=\"elementor-column elementor-col-100 elementor-top-column elementor-element elementor-element-e63bd34\" data-id=\"e63bd34\" data-element_type=\"column\">\n\t\t\t<div class=\"elementor-widget-wrap elementor-element-populated\">\n\t\t\t\t\t\t<section class=\"elementor-section elementor-inner-section elementor-element elementor-element-0b79421 elementor-section-boxed elementor-section-height-default elementor-section-height-default\" data-id=\"0b79421\" data-element_type=\"section\">\n\t\t\t\t\t\t<div class=\"elementor-container elementor-column-gap-default\">\n\t\t\t\t\t<div class=\"elementor-column elementor-col-100 elementor-inner-column elementor-element elementor-element-bb0ded5\" data-id=\"bb0ded5\" data-element_type=\"column\">\n\t\t\t<div class=\"elementor-widget-wrap elementor-element-populated\">\n\t\t\t\t\t\t<div class=\"elementor-element elementor-element-759b076 elementor-widget elementor-widget-heading\" data-id=\"759b076\" data-element_type=\"widget\" data-widget_type=\"heading.default\">\n\t\t\t\t<div class=\"elementor-widget-container\">\n\t\t\t\t\t<h3 class=\"elementor-heading-title elementor-size-default\">\u0160t\u00e1tna spr\u00e1va v \u0161kolstve po roku 2001<\/h3>\t\t\t\t<\/div>\n\t\t\t\t<\/div>\n\t\t\t\t<div class=\"elementor-element elementor-element-5aa9d5d elementor-widget elementor-widget-text-editor\" data-id=\"5aa9d5d\" data-element_type=\"widget\" data-widget_type=\"text-editor.default\">\n\t\t\t\t<div class=\"elementor-widget-container\">\n\t\t\t\t\t\t\t\t\t<p style=\"text-align: justify;\">V\u00a0tomto obdob\u00ed m\u00f4\u017eeme za k\u013e\u00fa\u010dov\u00e9 pova\u017eova\u0165 dva z\u00e1kony:<\/p>\n<ul style=\"text-align: justify;\">\n<li>Z\u00e1kon <em>\u010d. 575 z 12. decembra 2001 o organiz\u00e1cii \u010dinnosti vl\u00e1dy a organiz\u00e1cii \u00fastrednej \u0161t\u00e1tnej spr\u00e1vy<\/em><\/li>\n<li>Z\u00e1kon <em>\u010d. 596 z 5. novembra 2003 o \u0161t\u00e1tnej spr\u00e1ve v \u0161kolstve a \u0161kolskej samospr\u00e1ve a o zmene a doplnen\u00ed niektor\u00fdch z\u00e1konov<\/em><\/li>\n<\/ul>\n<p style=\"text-align: justify;\">Pod\u013ea z\u00e1kona <em>\u010d. 596 z 5. novembra 2003 o \u0161t\u00e1tnej spr\u00e1ve v \u0161kolstve a \u0161kolskej samospr\u00e1ve a o zmene a doplnen\u00ed niektor\u00fdch z\u00e1konov<\/em>, ktor\u00fd nahradil z\u00e1kon Slovenskej n\u00e1rodnej rady <em>\u010d. 542 z 26. novembra 1990 o \u0161t\u00e1tnej spr\u00e1ve v \u0161kolstve a \u0161kolskej samospr\u00e1ve<\/em>, v\u00fdkon \u0161t\u00e1tnej spr\u00e1vy zabezpe\u010duj\u00fa (\u00a7 2 ods. 1):<\/p>\n<ul style=\"text-align: justify;\">\n<li><strong>Riadite\u013e \u0161koly alebo riadite\u013e \u0161kolsk\u00e9ho zariadenia.<\/strong><\/li>\n<\/ul>\n<p style=\"text-align: justify;\">\u00a0<\/p>\n<ul style=\"text-align: justify;\">\n<li><strong>Obec<\/strong> pri prenesenom v\u00fdkone \u0161t\u00e1tnej spr\u00e1vy zria\u010fuje a zru\u0161uje z\u00e1kladn\u00e9 \u0161koly pod\u013ea siete (\u00a7 6 ods. 1 z\u00e1kona \u010d. 596\/2003); pri v\u00fdkone samospr\u00e1vy zria\u010fuje a zru\u0161uje pod\u013ea siete z\u00e1kladn\u00e9 umeleck\u00e9 \u0161koly, matersk\u00e9 \u0161koly, \u0161kolsk\u00e9 kluby det\u00ed, \u0161kolsk\u00e9 stredisk\u00e1 z\u00e1ujmovej \u010dinnosti, centr\u00e1 vo\u013en\u00e9ho \u010dasu, zariadenia \u0161kolsk\u00e9ho stravovania pre \u017eiakov z\u00e1kladn\u00fdch \u0161k\u00f4l a pre deti matersk\u00fdch \u0161k\u00f4l, jazykov\u00e9 \u0161koly pri z\u00e1kladn\u00fdch \u0161kol\u00e1ch, stredisk\u00e1 slu\u017eieb \u0161kole (\u00a7 6 ods. 2 z\u00e1kona \u010d. 596\/2003).<\/li>\n<\/ul>\n<p style=\"text-align: justify;\"><strong>\u00a0<\/strong><\/p>\n<ul style=\"text-align: justify;\">\n<li><strong>Samospr\u00e1vny kraj<\/strong> pri prenesenom v\u00fdkone \u0161t\u00e1tnej spr\u00e1vy zria\u010fuje a zru\u0161uje pod\u013ea siete stredn\u00e9 \u0161koly, u\u010dili\u0161tia, stredisk\u00e1 praktick\u00e9ho vyu\u010dovania (\u00a7 9 ods. 1 z\u00e1kona \u010d. 596\/2003); pri v\u00fdkone samospr\u00e1vy zria\u010fuje a zru\u0161uje pod\u013ea siete z\u00e1kladn\u00e9 umeleck\u00e9 \u0161koly, z\u00e1ujmovo-vzdel\u00e1vacie zariadenia okrem jazykov\u00fdch \u0161k\u00f4l pri z\u00e1kladn\u00fdch \u0161kol\u00e1ch, domovy ml\u00e1de\u017ee, zariadenia \u0161kolsk\u00e9ho stravovania, zariadenia praktick\u00e9ho vyu\u010dovania, stredisk\u00e1 slu\u017eieb \u0161koly, \u0161koly v pr\u00edrode, centr\u00e1 vo\u013en\u00e9ho \u010dasu s \u00fazemnou p\u00f4sobnos\u0165ou samospr\u00e1vneho kraja (\u00a7 9 ods. 2 z\u00e1kona \u010d. 596\/2003).<\/li>\n<\/ul>\n<p style=\"text-align: justify;\">\u00a0<\/p>\n<ul style=\"text-align: justify;\">\n<li><strong>Krajsk\u00fd \u0161kolsk\u00fd \u00farad<\/strong> zria\u010fuje a zru\u0161uje pod\u013ea siete matersk\u00e9 \u0161koly, ak to vy\u017eaduj\u00fa osobitn\u00e9 podmienky, z\u00e1kladn\u00e9 \u0161koly, ak to vy\u017eaduj\u00fa osobitn\u00e9 podmienky, stredn\u00e9 \u0161koly a stredisk\u00e1 praktick\u00e9ho vyu\u010dovania, ak to vy\u017eaduj\u00fa osobitn\u00e9 podmienky, \u0161peci\u00e1lne matersk\u00e9 \u0161koly, \u0161peci\u00e1lne z\u00e1kladn\u00e9 \u0161koly, \u0161peci\u00e1lne stredn\u00e9 \u0161koly, praktick\u00e9 \u0161koly, odborn\u00e9 u\u010dili\u0161tia, \u0161peci\u00e1lne v\u00fdchovn\u00e9 zariadenia, \u0161koly, v ktor\u00fdch sa v\u00fdchova a vzdel\u00e1vanie uskuto\u010d\u0148uj\u00fa v cudzom jazyku pod\u013ea osobitn\u00e9ho predpisu, zariadenia \u0161peci\u00e1lnopedagogick\u00e9ho poradenstva, pedagogicko-psychologick\u00e9 poradne pre pred\u0161kolsk\u00e9 zariadenia a z\u00e1kladn\u00e9 \u0161koly, pedagogicko-psychologick\u00e9 poradne pre stredn\u00e9 \u0161koly, \u0161kolsk\u00e9 zariadenia, ktor\u00e9 s\u00fa s\u00fa\u010das\u0165ou \u0161koly alebo \u0161kolsk\u00e9ho zariadenia (\u00a7 10 ods. 5 z\u00e1kona \u010d. 596\/2003).<\/li>\n<\/ul>\n<p style=\"text-align: justify;\">\u00a0<\/p>\n<ul style=\"text-align: justify;\">\n<li><strong>\u0160t\u00e1tna \u0161kolsk\u00e1 in\u0161pekcia<\/strong>, ktor\u00e1 pln\u00ed funkciu kontroly \u0161t\u00e1tu nad \u00farov\u0148ou pedagogick\u00e9ho riadenia, nad \u00farov\u0148ou v\u00fdchovy a vzdel\u00e1vania a materi\u00e1lno-technick\u00fdch podmienok vr\u00e1tane praktick\u00e9ho vyu\u010dovania v \u0161kol\u00e1ch a \u0161kolsk\u00fdch zariadeniach, v stredisk\u00e1ch praktick\u00e9ho vyu\u010dovania, na pracovisk\u00e1ch praktick\u00e9ho vyu\u010dovania a vo vzdel\u00e1vac\u00edch ustanovizniach (\u00a7 13 ods. 1 z\u00e1kona \u010d. 596\/2003).<\/li>\n<\/ul>\n<p style=\"text-align: justify;\">\u00a0<\/p>\n<ul style=\"text-align: justify;\">\n<li><strong>Ministerstvo \u0161kolstva Slovenskej republiky.<\/strong><\/li>\n<\/ul>\n<p style=\"text-align: justify;\"><strong>\u00a0<\/strong><\/p>\n<ul style=\"text-align: justify;\">\n<li><strong>In\u00e9 \u00fastredn\u00e9 org\u00e1ny \u0161t\u00e1tnej spr\u00e1vy, ak tak ustanovuje osobitn\u00fd predpis.<\/strong><\/li>\n<\/ul>\n<p style=\"text-align: justify;\">\u00a0<\/p>\n<p style=\"text-align: justify;\">\u0160kolsk\u00fa samospr\u00e1vu zabezpe\u010duj\u00fa (\u00a7 2 ods. 2 z\u00e1kona \u010d. 596\/2003):<\/p>\n<ul style=\"text-align: justify;\">\n<li><strong>Rada \u0161koly alebo rada \u0161kolsk\u00e9ho zariadenia (\u010falej len \u201erada \u0161koly\u201c).<\/strong><\/li>\n<li><strong>Obecn\u00e1 \u0161kolsk\u00e1 rada<\/strong>.<\/li>\n<li><strong>\u00dazemn\u00e1 \u0161kolsk\u00e1 rada<\/strong>.<\/li>\n<li><strong>\u017diacka \u0161kolsk\u00e1 rada<\/strong> (v s\u00fa\u010dasnosti \u0161kolsk\u00fd parlament).<\/li>\n<\/ul>\n<p style=\"text-align: justify;\">\u00a0<\/p>\n<p style=\"text-align: justify;\">Z\u00e1kon <em>\u010d. 345 z 18. okt\u00f3bra 2012 o niektor\u00fdch opatreniach v miestnej \u0161t\u00e1tnej spr\u00e1ve a o zmene a doplnen\u00ed niektor\u00fdch z\u00e1konov<\/em>, ktor\u00fd nadobudol \u00fa\u010dinnos\u0165 od 1.1.2013, zru\u0161il p\u00f4sobnos\u0165 krajsk\u00fdch \u0161kolsk\u00fdch \u00faradov, ktor\u00e1 pre\u0161la na <strong>obvodn\u00fd \u00farad v\u00a0s\u00eddle kraja<\/strong>.<\/p>\n<p style=\"text-align: justify;\">Z\u00e1kon <em>\u010d. 180 z 19. j\u00fana 2013 o organiz\u00e1cii miestnej \u0161t\u00e1tnej spr\u00e1vy a o zmene a doplnen\u00ed niektor\u00fdch z\u00e1konov<\/em>, ktor\u00fd nadobudol \u00fa\u010dinnos\u0165 1.10.2013 zru\u0161il obvodn\u00e9 \u00farady v\u00a0s\u00eddle kraja\u00a0 a ustanovil postavenie, s\u00eddla, \u00fazemn\u00e9 obvody a p\u00f4sobnos\u0165 miestnych org\u00e1nov \u0161t\u00e1tnej spr\u00e1vy: <strong>okresn\u00fdch \u00faradov<\/strong> a\u00a0<strong>okresn\u00fdch \u00faradov v\u00a0s\u00eddle kraja<\/strong>.<\/p>\t\t\t\t\t\t\t\t<\/div>\n\t\t\t\t<\/div>\n\t\t\t\t\t<\/div>\n\t\t<\/div>\n\t\t\t\t\t<\/div>\n\t\t<\/section>\n\t\t\t\t\t<\/div>\n\t\t<\/div>\n\t\t\t\t\t<\/div>\n\t\t<\/section>\n\t\t\t\t<\/div>\n\t\t","protected":false},"excerpt":{"rendered":"<p>\u00daVOD DO EDUKA\u010cN\u00c9HO MANA\u017dMENTU \u0160t\u00e1tna spr\u00e1va v \u0161kolstve po roku 2001 V\u00a0tomto obdob\u00ed m\u00f4\u017eeme za k\u013e\u00fa\u010dov\u00e9 pova\u017eova\u0165 dva z\u00e1kony: Z\u00e1kon \u010d. 575 z 12. decembra 2001 o organiz\u00e1cii \u010dinnosti vl\u00e1dy a organiz\u00e1cii \u00fastrednej \u0161t\u00e1tnej spr\u00e1vy Z\u00e1kon \u010d. 596 z 5. novembra 2003 o \u0161t\u00e1tnej spr\u00e1ve v \u0161kolstve a \u0161kolskej samospr\u00e1ve a o zmene a doplnen\u00ed [&hellip;]<\/p>\n","protected":false},"author":3,"featured_media":0,"parent":0,"menu_order":0,"comment_status":"closed","ping_status":"closed","template":"","meta":{"footnotes":""},"class_list":["post-2835","page","type-page","status-publish","hentry"],"_links":{"self":[{"href":"https:\/\/e-ucebnice.ff.ucm.sk\/index.php\/wp-json\/wp\/v2\/pages\/2835","targetHints":{"allow":["GET"]}}],"collection":[{"href":"https:\/\/e-ucebnice.ff.ucm.sk\/index.php\/wp-json\/wp\/v2\/pages"}],"about":[{"href":"https:\/\/e-ucebnice.ff.ucm.sk\/index.php\/wp-json\/wp\/v2\/types\/page"}],"author":[{"embeddable":true,"href":"https:\/\/e-ucebnice.ff.ucm.sk\/index.php\/wp-json\/wp\/v2\/users\/3"}],"replies":[{"embeddable":true,"href":"https:\/\/e-ucebnice.ff.ucm.sk\/index.php\/wp-json\/wp\/v2\/comments?post=2835"}],"version-history":[{"count":4,"href":"https:\/\/e-ucebnice.ff.ucm.sk\/index.php\/wp-json\/wp\/v2\/pages\/2835\/revisions"}],"predecessor-version":[{"id":2874,"href":"https:\/\/e-ucebnice.ff.ucm.sk\/index.php\/wp-json\/wp\/v2\/pages\/2835\/revisions\/2874"}],"wp:attachment":[{"href":"https:\/\/e-ucebnice.ff.ucm.sk\/index.php\/wp-json\/wp\/v2\/media?parent=2835"}],"curies":[{"name":"wp","href":"https:\/\/api.w.org\/{rel}","templated":true}]}}