{"id":2841,"date":"2023-03-04T09:27:54","date_gmt":"2023-03-04T08:27:54","guid":{"rendered":"https:\/\/e-ucebnice.ff.ucm.sk\/?page_id=2841"},"modified":"2023-03-04T09:51:47","modified_gmt":"2023-03-04T08:51:47","slug":"uvod-do-eduk-man-2-3-3","status":"publish","type":"page","link":"https:\/\/e-ucebnice.ff.ucm.sk\/index.php\/uvod-do-eduk-man-2-3-3\/","title":{"rendered":"\u00davod do eduk man-2-3-3"},"content":{"rendered":"\t\t<div data-elementor-type=\"wp-page\" data-elementor-id=\"2841\" class=\"elementor elementor-2841\" data-elementor-post-type=\"page\">\n\t\t\t\t\t\t<section class=\"elementor-section elementor-top-section elementor-element elementor-element-6f672ed elementor-section-height-min-height elementor-section-boxed elementor-section-height-default elementor-section-items-middle\" data-id=\"6f672ed\" data-element_type=\"section\" data-settings=\"{&quot;background_background&quot;:&quot;classic&quot;}\">\n\t\t\t\t\t\t\t<div class=\"elementor-background-overlay\"><\/div>\n\t\t\t\t\t\t\t<div class=\"elementor-container elementor-column-gap-default\">\n\t\t\t\t\t<div class=\"elementor-column elementor-col-100 elementor-top-column elementor-element elementor-element-bbeb470\" data-id=\"bbeb470\" data-element_type=\"column\">\n\t\t\t<div class=\"elementor-widget-wrap elementor-element-populated\">\n\t\t\t\t\t\t<div class=\"elementor-element elementor-element-d82f1ef elementor-widget elementor-widget-heading\" data-id=\"d82f1ef\" data-element_type=\"widget\" data-widget_type=\"heading.default\">\n\t\t\t\t<div class=\"elementor-widget-container\">\n\t\t\t\t\t<h1 class=\"elementor-heading-title elementor-size-default\">\u00daVOD DO EDUKA\u010cN\u00c9HO MANA\u017dMENTU <\/h1>\t\t\t\t<\/div>\n\t\t\t\t<\/div>\n\t\t\t\t\t<\/div>\n\t\t<\/div>\n\t\t\t\t\t<\/div>\n\t\t<\/section>\n\t\t\t\t<section class=\"elementor-section elementor-top-section elementor-element elementor-element-2858d6f elementor-section-boxed elementor-section-height-default elementor-section-height-default\" data-id=\"2858d6f\" data-element_type=\"section\">\n\t\t\t\t\t\t<div class=\"elementor-container elementor-column-gap-default\">\n\t\t\t\t\t<div class=\"elementor-column elementor-col-100 elementor-top-column elementor-element elementor-element-e63bd34\" data-id=\"e63bd34\" data-element_type=\"column\">\n\t\t\t<div class=\"elementor-widget-wrap elementor-element-populated\">\n\t\t\t\t\t\t<section class=\"elementor-section elementor-inner-section elementor-element elementor-element-0b79421 elementor-section-boxed elementor-section-height-default elementor-section-height-default\" data-id=\"0b79421\" data-element_type=\"section\">\n\t\t\t\t\t\t<div class=\"elementor-container elementor-column-gap-default\">\n\t\t\t\t\t<div class=\"elementor-column elementor-col-100 elementor-inner-column elementor-element elementor-element-bb0ded5\" data-id=\"bb0ded5\" data-element_type=\"column\">\n\t\t\t<div class=\"elementor-widget-wrap elementor-element-populated\">\n\t\t\t\t\t\t<div class=\"elementor-element elementor-element-759b076 elementor-widget elementor-widget-heading\" data-id=\"759b076\" data-element_type=\"widget\" data-widget_type=\"heading.default\">\n\t\t\t\t<div class=\"elementor-widget-container\">\n\t\t\t\t\t<h3 class=\"elementor-heading-title elementor-size-default\">Mil\u00e9nium - N\u00e1rodn\u00fd program v\u00fdchovy a vzdel\u00e1vania v Slovenskej republike na najbli\u017e\u0161\u00edch 15 a\u017e 20 rokov (1998)<\/h3>\t\t\t\t<\/div>\n\t\t\t\t<\/div>\n\t\t\t\t<div class=\"elementor-element elementor-element-5aa9d5d elementor-widget elementor-widget-text-editor\" data-id=\"5aa9d5d\" data-element_type=\"widget\" data-widget_type=\"text-editor.default\">\n\t\t\t\t<div class=\"elementor-widget-container\">\n\t\t\t\t\t\t\t\t\t<p style=\"text-align: justify;\">Tento reformn\u00fd dokument bol vypracovan\u00fd na z\u00e1klade programov\u00e9ho vyhl\u00e1senia vl\u00e1dy Slovenskej republiky z novembra 1998. Do jeho tvorby sa podarilo zapoji\u0165 u\u010dite\u013eov, pedagogick\u00e9 kolekt\u00edvy, rodi\u010dov, org\u00e1ny miestnej a \u0161kolskej samospr\u00e1vy, viacer\u00e9 ob\u010dianske zdru\u017eenia a nad\u00e1cie, ako aj org\u00e1ny \u0161t\u00e1tnej spr\u00e1vy v \u0161kolstve na okresnej a\u00a0krajskej \u00farovni.<\/p><p style=\"text-align: justify;\">Cie\u013eom (produktom) v\u00fdchovno-vzdel\u00e1vacieho syst\u00e9mu prezentovan\u00e9ho v\u00a0projekte Mil\u00e9nium s\u00fa \u013eudia schopn\u00ed vybudova\u0165 a udr\u017eiava\u0165 civilizovan\u00fd, demokratick\u00fd syst\u00e9m riadenia a organiz\u00e1cie verejn\u00fdch z\u00e1le\u017eitost\u00ed, kde vzdel\u00e1vanie a v\u00fdchova s\u00fa najroz\u0161\u00edrenej\u0161\u00edm verejn\u00fdm z\u00e1ujmom. Vzdelanie pom\u00f4\u017ee dosiahnu\u0165 aj zlep\u0161en\u00fa \u00farove\u0148 zdravia popul\u00e1cie a je opr\u00e1vnen\u00fd predpoklad, \u017ee pozit\u00edvne ovplyvn\u00ed mor\u00e1lku spolo\u010dnosti ako aj \u00farove\u0148 individu\u00e1lnej sebarealiz\u00e1cie. Vy\u0161\u0161ia vzdelanos\u0165 priamo s\u00favis\u00ed s trval\u00fdm udr\u017eate\u013en\u00fdm hospod\u00e1rskym progresom a soci\u00e1lnym rozvojom \u0161t\u00e1tu so zodpovednos\u0165ou vo\u010di \u017eivotn\u00e9mu prostrediu. N\u00e1rodn\u00fd program v\u00fdchovy a vzdel\u00e1vania v Slovenskej republike na najbli\u017e\u0161\u00edch 15 a\u017e 20 rokov umo\u017en\u00ed pozit\u00edvne spoluna\u017e\u00edvanie Slov\u00e1kov v spolo\u010dnosti vyspel\u00fdch kraj\u00edn Eur\u00f3py a sveta. Napokon \u0161\u0165astie, produktivita ka\u017ed\u00e9ho \u010dloveka a t\u00fdm aj v\u00fdkonnos\u0165 a soci\u00e1lny blahobyt spolo\u010dnosti, je ide\u00e1lom, ku ktor\u00e9mu smeruje \u00fasilie N\u00e1rodn\u00e9ho programu v\u00fdchovy a vzdel\u00e1vania v Slovenskej republike na najbli\u017e\u0161\u00edch 15 a\u017e 20 rokov (s. 53-54).<\/p><p style=\"text-align: justify;\">V\u00a0decembri 2001 vl\u00e1da schv\u00e1lila <em>N\u00e1rodn\u00fd program v\u00fdchovy a vzdel\u00e1vania v\u00a0<\/em><em>Slovenskej republike<\/em>, ktor\u00fd je rozpracovan\u00edm projektu Mil\u00e9nium, ktor\u00fd bol postaven\u00fd na 12 pilieroch (s. 22-25):<\/p><ol style=\"text-align: justify;\"><li>By\u0165 vo svete, Eur\u00f3pe, na pulze modern\u00e9ho \u010dasu, vedy, v\u00fdskumov, poznatkov a pritom osta\u0165 sebou.<\/li><li>Zavies\u0165 do praxe te\u00f3riu tvorivo \u2013 hum\u00e1nnej v\u00fdchovy.<\/li><li>Zmeni\u0165 obsah u\u010diva, redukova\u0165 ho, urobi\u0165 ho funk\u010dnej\u0161\u00edm, kontrolovate\u013enej\u0161\u00edm a \u017eivotnej\u0161\u00edm.<\/li><li>Diverzifik\u00e1cia ciest, sp\u00f4sobov, met\u00f3d a foriem vzdel\u00e1vania a v\u00fdchovy.<\/li><li>Profesionaliz\u00e1cia a decentraliz\u00e1cia riadenia.<\/li><li>U\u010dite\u013e \u2013 rozhoduj\u00faci \u010dinite\u013e vo v\u00fdchove.<\/li><li>Finan\u010dn\u00e9 zabezpe\u010denie modern\u00e9ho v\u00fdchovno\u2013vzdel\u00e1vacieho syst\u00e9mu.<\/li><li>Podporn\u00e9 slu\u017eby \u0161kole.<\/li><li>Informa\u010dn\u00e9 technol\u00f3gie.<\/li><li>Ovl\u00e1danie cudz\u00edch jazykov.<\/li><li>Odborn\u00e9 a celo\u017eivotn\u00e9 vzdel\u00e1vanie.<\/li><li>Zabezpe\u010denie transform\u00e1cie \u0161kolstva.<\/li><\/ol><p style=\"text-align: justify;\">Nedostatkom reformn\u00e9ho procesu s\u00favisiaceho s\u00a0projektom Mil\u00e9nium bolo jeho nedotiahnutie do podoby konkr\u00e9tnej reformnej strat\u00e9gie, \u010do mo\u017eno pova\u017eova\u0165 za z\u00e1va\u017en\u00fa, ba a\u017e z\u00e1sadn\u00fa chybu v\u00a0rezortnom dizajnovan\u00ed procesu reformy vzdel\u00e1vania (PUPALA, KA\u0160\u010c\u00c1K, HUMAJOV\u00c1, 2007, 24-25).<\/p>\t\t\t\t\t\t\t\t<\/div>\n\t\t\t\t<\/div>\n\t\t\t\t\t<\/div>\n\t\t<\/div>\n\t\t\t\t\t<\/div>\n\t\t<\/section>\n\t\t\t\t\t<\/div>\n\t\t<\/div>\n\t\t\t\t\t<\/div>\n\t\t<\/section>\n\t\t\t\t<\/div>\n\t\t","protected":false},"excerpt":{"rendered":"<p>\u00daVOD DO EDUKA\u010cN\u00c9HO MANA\u017dMENTU Mil\u00e9nium &#8211; N\u00e1rodn\u00fd program v\u00fdchovy a vzdel\u00e1vania v Slovenskej republike na najbli\u017e\u0161\u00edch 15 a\u017e 20 rokov (1998) Tento reformn\u00fd dokument bol vypracovan\u00fd na z\u00e1klade programov\u00e9ho vyhl\u00e1senia vl\u00e1dy Slovenskej republiky z novembra 1998. Do jeho tvorby sa podarilo zapoji\u0165 u\u010dite\u013eov, pedagogick\u00e9 kolekt\u00edvy, rodi\u010dov, org\u00e1ny miestnej a \u0161kolskej samospr\u00e1vy, viacer\u00e9 ob\u010dianske zdru\u017eenia a [&hellip;]<\/p>\n","protected":false},"author":3,"featured_media":0,"parent":0,"menu_order":0,"comment_status":"closed","ping_status":"closed","template":"","meta":{"footnotes":""},"class_list":["post-2841","page","type-page","status-publish","hentry"],"_links":{"self":[{"href":"https:\/\/e-ucebnice.ff.ucm.sk\/index.php\/wp-json\/wp\/v2\/pages\/2841","targetHints":{"allow":["GET"]}}],"collection":[{"href":"https:\/\/e-ucebnice.ff.ucm.sk\/index.php\/wp-json\/wp\/v2\/pages"}],"about":[{"href":"https:\/\/e-ucebnice.ff.ucm.sk\/index.php\/wp-json\/wp\/v2\/types\/page"}],"author":[{"embeddable":true,"href":"https:\/\/e-ucebnice.ff.ucm.sk\/index.php\/wp-json\/wp\/v2\/users\/3"}],"replies":[{"embeddable":true,"href":"https:\/\/e-ucebnice.ff.ucm.sk\/index.php\/wp-json\/wp\/v2\/comments?post=2841"}],"version-history":[{"count":4,"href":"https:\/\/e-ucebnice.ff.ucm.sk\/index.php\/wp-json\/wp\/v2\/pages\/2841\/revisions"}],"predecessor-version":[{"id":2886,"href":"https:\/\/e-ucebnice.ff.ucm.sk\/index.php\/wp-json\/wp\/v2\/pages\/2841\/revisions\/2886"}],"wp:attachment":[{"href":"https:\/\/e-ucebnice.ff.ucm.sk\/index.php\/wp-json\/wp\/v2\/media?parent=2841"}],"curies":[{"name":"wp","href":"https:\/\/api.w.org\/{rel}","templated":true}]}}