{"id":2895,"date":"2023-03-04T10:00:20","date_gmt":"2023-03-04T09:00:20","guid":{"rendered":"https:\/\/e-ucebnice.ff.ucm.sk\/?page_id=2895"},"modified":"2023-03-04T10:20:06","modified_gmt":"2023-03-04T09:20:06","slug":"uvod-do-eduk-man-3-2","status":"publish","type":"page","link":"https:\/\/e-ucebnice.ff.ucm.sk\/index.php\/uvod-do-eduk-man-3-2\/","title":{"rendered":"\u00davod do eduk man-3-2"},"content":{"rendered":"\t\t<div data-elementor-type=\"wp-page\" data-elementor-id=\"2895\" class=\"elementor elementor-2895\" data-elementor-post-type=\"page\">\n\t\t\t\t\t\t<section class=\"elementor-section elementor-top-section elementor-element elementor-element-6f672ed elementor-section-height-min-height elementor-section-boxed elementor-section-height-default elementor-section-items-middle\" data-id=\"6f672ed\" data-element_type=\"section\" data-settings=\"{&quot;background_background&quot;:&quot;classic&quot;}\">\n\t\t\t\t\t\t\t<div class=\"elementor-background-overlay\"><\/div>\n\t\t\t\t\t\t\t<div class=\"elementor-container elementor-column-gap-default\">\n\t\t\t\t\t<div class=\"elementor-column elementor-col-100 elementor-top-column elementor-element elementor-element-bbeb470\" data-id=\"bbeb470\" data-element_type=\"column\">\n\t\t\t<div class=\"elementor-widget-wrap elementor-element-populated\">\n\t\t\t\t\t\t<div class=\"elementor-element elementor-element-d82f1ef elementor-widget elementor-widget-heading\" data-id=\"d82f1ef\" data-element_type=\"widget\" data-widget_type=\"heading.default\">\n\t\t\t\t<div class=\"elementor-widget-container\">\n\t\t\t\t\t<h1 class=\"elementor-heading-title elementor-size-default\">\u00daVOD DO EDUKA\u010cN\u00c9HO MANA\u017dMENTU <\/h1>\t\t\t\t<\/div>\n\t\t\t\t<\/div>\n\t\t\t\t\t<\/div>\n\t\t<\/div>\n\t\t\t\t\t<\/div>\n\t\t<\/section>\n\t\t\t\t<section class=\"elementor-section elementor-top-section elementor-element elementor-element-2858d6f elementor-section-boxed elementor-section-height-default elementor-section-height-default\" data-id=\"2858d6f\" data-element_type=\"section\">\n\t\t\t\t\t\t<div class=\"elementor-container elementor-column-gap-default\">\n\t\t\t\t\t<div class=\"elementor-column elementor-col-100 elementor-top-column elementor-element elementor-element-e63bd34\" data-id=\"e63bd34\" data-element_type=\"column\">\n\t\t\t<div class=\"elementor-widget-wrap elementor-element-populated\">\n\t\t\t\t\t\t<section class=\"elementor-section elementor-inner-section elementor-element elementor-element-0b79421 elementor-section-boxed elementor-section-height-default elementor-section-height-default\" data-id=\"0b79421\" data-element_type=\"section\">\n\t\t\t\t\t\t<div class=\"elementor-container elementor-column-gap-default\">\n\t\t\t\t\t<div class=\"elementor-column elementor-col-100 elementor-inner-column elementor-element elementor-element-bb0ded5\" data-id=\"bb0ded5\" data-element_type=\"column\">\n\t\t\t<div class=\"elementor-widget-wrap elementor-element-populated\">\n\t\t\t\t\t\t<div class=\"elementor-element elementor-element-759b076 elementor-widget elementor-widget-heading\" data-id=\"759b076\" data-element_type=\"widget\" data-widget_type=\"heading.default\">\n\t\t\t\t<div class=\"elementor-widget-container\">\n\t\t\t\t\t<h3 class=\"elementor-heading-title elementor-size-default\">\u0160t\u00e1tna spr\u00e1va na \u00faseku \u0161kolstva<\/h3>\t\t\t\t<\/div>\n\t\t\t\t<\/div>\n\t\t\t\t<div class=\"elementor-element elementor-element-5aa9d5d elementor-widget elementor-widget-text-editor\" data-id=\"5aa9d5d\" data-element_type=\"widget\" data-widget_type=\"text-editor.default\">\n\t\t\t\t<div class=\"elementor-widget-container\">\n\t\t\t\t\t\t\t\t\t<p style=\"text-align: justify;\">Pod\u013ea aktu\u00e1lne platn\u00e9ho z\u00e1kona <em>\u010d. 596\/2003 <\/em><em>o \u0161t\u00e1tnej spr\u00e1ve v \u0161kolstve a \u0161kolskej samospr\u00e1ve a o zmene a doplnen\u00ed niektor\u00fdch z\u00e1konov<\/em> \u0161t\u00e1tnu spr\u00e1vu a \u00faseku \u0161k\u00f4l a \u0161kolsk\u00fdch zariaden\u00ed vykon\u00e1vaj\u00fa (\u00a7 2 ods. 1):<\/p><ul style=\"text-align: justify;\"><li>riadite\u013e \u0161koly alebo riadite\u013e \u0161kolsk\u00e9ho zariadenia,<\/li><li>obec,<\/li><li>samospr\u00e1vny kraj,<\/li><li>region\u00e1lny \u00farad \u0161kolskej spr\u00e1vy,<\/li><li>\u0160t\u00e1tna \u0161kolsk\u00e1 in\u0161pekcia,<\/li><li>Ministerstvo \u0161kolstva, vedy, v\u00fdskumu a \u0161portu Slovenskej republiky,<\/li><li>in\u00e9 \u00fastredn\u00e9 org\u00e1ny \u0161t\u00e1tnej spr\u00e1vy, ak tak ustanovuje osobitn\u00fd predpis.<\/li><\/ul><p style=\"text-align: justify;\">\u00a0<\/p><p style=\"text-align: justify;\">V\u00a0pr\u00edpade obc\u00ed a\u00a0samospr\u00e1vnych krajov ako jednotiek \u00fazemnej samospr\u00e1vy je potrebn\u00e9 zd\u00f4razni\u0165, \u017ee pri v\u00fdkone spr\u00e1vy na \u00faseku \u0161kolstva konaj\u00fa v\u00a0r\u00e1mci:<\/p><ul style=\"text-align: justify;\"><li><strong>origin\u00e1lnych kompetenci\u00ed<\/strong>, ktor\u00e9 s\u00favisia s\u00a0v\u00fdkonom \u00fazemnej samospr\u00e1vy, t.j. vlastnej p\u00f4sobnosti (tzv. v\u00fdkon samospr\u00e1vy),<\/li><li><strong>prenesen\u00fdch kompetenci\u00ed<\/strong>, ktor\u00e9 s\u00favisia s\u00a0v\u00fdkonom delegovan\u00fdch \u00faloh \u0161t\u00e1tnej spr\u00e1vy na \u00fazemn\u00fa samospr\u00e1vu (tzv. prenesen\u00fd v\u00fdkon \u0161t\u00e1tnej spr\u00e1vy).<\/li><\/ul><p style=\"text-align: justify;\"><strong>Obec:<\/strong><\/p><ul style=\"text-align: justify;\"><li><em>pri prenesenom v\u00fdkone \u0161t\u00e1tnej spr\u00e1vy<\/em> zria\u010fuje a zru\u0161uje v\u0161eobecne z\u00e1v\u00e4zn\u00fdm nariaden\u00edm z\u00e1kladn\u00e9 \u0161koly (\u00a7 6 ods. 1 z\u00e1kona \u010d. 596\/2003),<\/li><li><em>pri v\u00fdkone samospr\u00e1vy<\/em> zria\u010fuje a zru\u0161uje v\u0161eobecne z\u00e1v\u00e4zn\u00fdm nariaden\u00edm (\u00a7 6 ods. 2 z\u00e1kona \u010d. 596\/2003): z\u00e1kladn\u00e9 umeleck\u00e9 \u0161koly; matersk\u00e9 \u0161koly; \u0161kolsk\u00e9 kluby det\u00ed, ktor\u00e9 s\u00fa s\u00fa\u010das\u0165ou z\u00e1kladnej \u0161koly; centr\u00e1 vo\u013en\u00e9ho \u010dasu; zariadenia \u0161kolsk\u00e9ho stravovania pre \u017eiakov z\u00e1kladn\u00fdch \u0161k\u00f4l a pre deti matersk\u00fdch \u0161k\u00f4l; jazykov\u00e9 \u0161koly pri z\u00e1kladn\u00fdch \u0161kol\u00e1ch; stredisk\u00e1 slu\u017eieb \u0161kole; \u0161kolsk\u00e9 intern\u00e1ty.<\/li><\/ul><p style=\"text-align: justify;\"><strong>Samospr\u00e1vny kraj:<\/strong><\/p><ul style=\"text-align: justify;\"><li><em>pri prenesenom v\u00fdkone \u0161t\u00e1tnej spr\u00e1vy<\/em> zria\u010fuje a zru\u0161uje v\u0161eobecne z\u00e1v\u00e4zn\u00fdm nariaden\u00edm stredn\u00e9 \u0161koly; ur\u010duje pre ka\u017ed\u00fa stredn\u00fa \u0161kolu vo svojej \u00fazemnej p\u00f4sobnosti najvy\u0161\u0161\u00ed po\u010det \u017eiakov prv\u00e9ho ro\u010dn\u00edka v dennej forme \u0161t\u00fadia (\u00a7 9 ods. 1 z\u00e1kona \u010d. 596\/2003),<\/li><li><em>pri v\u00fdkone samospr\u00e1vy<\/em> zria\u010fuje a zru\u0161uje v\u0161eobecne z\u00e1v\u00e4zn\u00fdm nariaden\u00edm (\u00a7 9 ods. 2 z\u00e1kona \u010d. 596\/2003): z\u00e1kladn\u00e9 umeleck\u00e9 \u0161koly; jazykov\u00e9 \u0161koly okrem jazykov\u00fdch \u0161k\u00f4l pri z\u00e1kladn\u00fdch \u0161kol\u00e1ch; \u0161kolsk\u00e9 intern\u00e1ty; zariadenia \u0161kolsk\u00e9ho stravovania; stredisk\u00e1 slu\u017eieb \u0161koly; \u0161koly v pr\u00edrode; centr\u00e1 vo\u013en\u00e9ho \u010dasu s \u00fazemnou p\u00f4sobnos\u0165ou samospr\u00e1vneho kraja; matersk\u00e9 \u0161koly, ak ide o jednu pr\u00e1vnick\u00fa osobu zriaden\u00fa ako kombin\u00e1cia strednej \u0161koly a materskej \u0161koly alebo kombin\u00e1cia strednej \u0161koly, materskej \u0161koly a z\u00e1kladnej \u0161koly; z\u00e1kladn\u00e9 \u0161koly, ak ide o jednu pr\u00e1vnick\u00fa osobu zriaden\u00fa ako kombin\u00e1cia strednej \u0161koly a z\u00e1kladnej \u0161koly alebo kombin\u00e1cia strednej \u0161koly, materskej \u0161koly a z\u00e1kladnej \u0161koly.<\/li><\/ul><p style=\"text-align: justify;\"><strong>\u00a0<\/strong><\/p><p style=\"text-align: justify;\"><strong>Region\u00e1lny \u00farad \u0161kolskej spr\u00e1vy:<\/strong><\/p><ul style=\"text-align: justify;\"><li>region\u00e1lne \u00farady \u0161kolskej spr\u00e1vy boli zriaden\u00e9 k\u00a01.1.2022 v\u00a0s\u00eddle ka\u017ed\u00e9ho kraja a\u00a0prevzali agendu doteraj\u0161\u00edch odborov \u0161kolstva okresn\u00fdch \u00faradov v\u00a0s\u00eddle kraja,<\/li><li>je org\u00e1nom miestnej \u0161t\u00e1tnej spr\u00e1vy v\u00a0\u0161kolstve (\u00a7 9a ods. 1 z\u00e1kona \u010d. 596\/2003),<\/li><li>medzi jeho najd\u00f4le\u017eitej\u0161ie kompetencie patr\u00ed (\u00a7 10 a\u00a011 z\u00e1kona \u010d. 596\/2003): zria\u010fuje a\u00a0zru\u0161uje matersk\u00e9, z\u00e1kladn\u00e9 a\u00a0stredn\u00e9 \u0161koly (ak to vy\u017eaduj\u00fa osobitn\u00e9 podmienky), odborn\u00e9 \u0161koly, odborn\u00e9 u\u010dili\u0161tia, \u0161kolsk\u00fd intern\u00e1t, praktick\u00e9 \u0161koly a\u00a0pod.; vykon\u00e1va kontrolu vo veci zabezpe\u010dovania \u010dinnost\u00ed a \u00faloh obc\u00ed a samospr\u00e1vnych krajov v oblasti \u0161kolstva, ml\u00e1de\u017ee a telesnej kult\u00fary; pln\u00ed \u00falohy v oblasti financovania \u0161k\u00f4l a \u0161kolsk\u00fdch zariaden\u00ed; poskytuje odborn\u00fa poradensk\u00fa \u010dinnos\u0165 obciam, samospr\u00e1vnym krajom, zria\u010fovate\u013eom cirkevn\u00fdch \u0161k\u00f4l a \u0161kolsk\u00fdch zariaden\u00ed, zria\u010fovate\u013eom s\u00fakromn\u00fdch \u0161k\u00f4l a \u0161kolsk\u00fdch zariaden\u00ed a riadite\u013eom \u0161k\u00f4l a \u0161kolsk\u00fdch zariaden\u00ed, ktor\u00fdch je zria\u010fovate\u013eom; organizuje, koordinuje a finan\u010dne zabezpe\u010duje okresn\u00e9 a krajsk\u00e9 kol\u00e1 s\u00fa\u0165a\u017e\u00ed det\u00ed a \u017eiakov \u0161k\u00f4l a \u0161kolsk\u00fdch zariaden\u00ed vo svojej \u00fazemnej p\u00f4sobnosti a predmetov\u00e9 olympi\u00e1dy \u017eiakov \u0161k\u00f4l a \u0161kolsk\u00fdch zariaden\u00ed vo svojej \u00fazemnej p\u00f4sobnosti a\u00a0\u010fal\u0161ie.<\/li><\/ul><p style=\"text-align: justify;\"><strong>\u00a0<\/strong><\/p><p style=\"text-align: justify;\"><strong>\u0160t\u00e1tna \u0161kolsk\u00e1 in\u0161pekcia:<\/strong><\/p><ul style=\"text-align: justify;\"><li>je to org\u00e1n \u0161t\u00e1tnej spr\u00e1vy v\u00a0\u0161kolstve so s\u00eddlom v\u00a0Bratislave a\u00a0riadi ju hlavn\u00fd \u0161kolsk\u00fd in\u0161pektor, ktor\u00e9ho vymen\u00fava a odvol\u00e1va minister (\u00a7 12 ods. 1, 2 z\u00e1kona \u010d. 596\/2003),<\/li><li>pln\u00ed funkciu kontroly \u0161t\u00e1tu nad \u00farov\u0148ou pedagogick\u00e9ho riadenia, nad \u00farov\u0148ou v\u00fdchovy a vzdel\u00e1vania a materi\u00e1lno-technick\u00fdch podmienok vr\u00e1tane praktick\u00e9ho vyu\u010dovania v \u0161kol\u00e1ch a \u0161kolsk\u00fdch zariadeniach, na pracovisk\u00e1ch praktick\u00e9ho vyu\u010dovania a nad \u00farov\u0148ou \u010dinnost\u00ed v \u0161peci\u00e1lnych v\u00fdchovn\u00fdch zariadeniach a \u0161kolsk\u00fdch zariadeniach v\u00fdchovn\u00e9ho poradenstva a\u00a0prevencie (\u00a7 13 ods. 1 z\u00e1kona \u010d. 596\/2003) a\u00a0kontroluje vhodnos\u0165 a \u00fa\u010delnos\u0165 priestorov, materi\u00e1lno-technick\u00e9ho zabezpe\u010denia a didaktickej techniky pou\u017e\u00edvan\u00fdch vo v\u00fdchovno-vzdel\u00e1vacom procese (\u00a7 13 ods. 2 z\u00e1kona \u010d. 596\/2003),<\/li><li>okrem toho vykon\u00e1va nasledovn\u00e9 \u010dinnosti (\u00a7 13 ods. 14 z\u00e1kona \u010d. 596\/2003): kontroluje s\u00falad \u0161kolsk\u00e9ho vzdel\u00e1vacieho programu so \u0161t\u00e1tnym vzdel\u00e1vac\u00edm programom, s cie\u013emi a princ\u00edpmi v\u00fdchovy a vzdel\u00e1vania; kontroluje s\u00falad medzin\u00e1rodn\u00e9ho programu s princ\u00edpmi a cie\u013emi v\u00fdchovy a vzdel\u00e1vania; kontroluje s\u00falad v\u00fdchovn\u00e9ho programu s cie\u013emi a princ\u00edpmi v\u00fdchovy a vzdel\u00e1vania; kontroluje \u00farove\u0148 kvality v\u00fdchovy a vzdel\u00e1vania pri individu\u00e1lnom vzdel\u00e1van\u00ed; monitoruje a hodnot\u00ed kvalitu v\u00fdchovy a vzdel\u00e1vania; poskytuje kontrolovan\u00e9mu subjektu poradensk\u00fa pomoc pri odstra\u0148ovan\u00ed zisten\u00fdch nedostatkov; poskytuje \u0161kol\u00e1m a \u0161kolsk\u00fdm zariadeniam odborn\u00fa a poradensk\u00fa \u010dinnos\u0165 v rozsahu svojej p\u00f4sobnosti.<\/li><\/ul><p style=\"text-align: justify;\">\u00a0<\/p><p style=\"text-align: justify;\"><strong>Ministerstvo \u0161kolstva, vedy, v\u00fdskumu a \u0161portu Slovenskej republiky: <\/strong><\/p><ul><li style=\"text-align: justify;\">ako \u00fastredn\u00fd org\u00e1n \u0161t\u00e1tnej spr\u00e1vy riadi v\u00fdkon \u0161t\u00e1tnej spr\u00e1vy na \u00faseku \u0161kolstva vypracov\u00e1van\u00edm koncepci\u00ed a vyd\u00e1van\u00edm v\u0161eobecne z\u00e1v\u00e4zn\u00fdch pr\u00e1vnych predpisov, smern\u00edc a pokynov, zjednocovan\u00edm postupu pri ich pou\u017e\u00edvan\u00ed vr\u00e1tane kontroly (\u00a7 14 ods. 1 z\u00e1kona \u010d. 596\/2003),<\/li><li style=\"text-align: justify;\">medzi hlavn\u00e9 kompetencie ministerstva patr\u00ed (\u00a7 14 ods. 6 z\u00e1kona \u010d. 596\/2003): spravuje sie\u0165 \u0161k\u00f4l a \u0161kolsk\u00fdch zariaden\u00ed Slovenskej republiky; rozhoduje o zaraden\u00ed \u0161k\u00f4l a \u0161kolsk\u00fdch zariaden\u00ed do siete, vyraden\u00ed \u0161k\u00f4l, \u0161kolsk\u00fdch zariaden\u00ed, stred\u00edsk praktick\u00e9ho vyu\u010dovania a pracov\u00edsk praktick\u00e9ho vyu\u010dovania zo siete a o zmen\u00e1ch v sieti; pri svojom rozhodovan\u00ed o zmen\u00e1ch v sieti prihliada na vyjadrenie pr\u00edslu\u0161n\u00e9ho region\u00e1lneho \u00faradu; sprac\u00fava koncepciu rozvoja v\u00fdchovy a vzdel\u00e1vania v Slovenskej republike; vyd\u00e1va a zverej\u0148uje na svojom webovom s\u00eddle normat\u00edvy materi\u00e1lno-technick\u00e9ho a priestorov\u00e9ho zabezpe\u010denia; ur\u010duje pravidl\u00e1 na akredit\u00e1ciu vzdel\u00e1vac\u00edch projektov a organiz\u00e1ci\u00ed poskytuj\u00facich \u010fal\u0161ie vzdel\u00e1vanie pedagogick\u00fdch zamestnancov; schva\u013euje u\u010debnice, u\u010debn\u00e9 texty a pracovn\u00e9 zo\u0161ity a odpor\u00fa\u010da u\u010debnice na pou\u017e\u00edvanie v \u0161kol\u00e1ch; vyd\u00e1va v\u00fdkonov\u00e9 a obsahov\u00e9 \u0161tandardy v\u00fdchovn\u00e9ho poradenstva a\u00a0\u010fal\u0161ie.<\/li><\/ul>\t\t\t\t\t\t\t\t<\/div>\n\t\t\t\t<\/div>\n\t\t\t\t\t<\/div>\n\t\t<\/div>\n\t\t\t\t\t<\/div>\n\t\t<\/section>\n\t\t\t\t\t<\/div>\n\t\t<\/div>\n\t\t\t\t\t<\/div>\n\t\t<\/section>\n\t\t\t\t<\/div>\n\t\t","protected":false},"excerpt":{"rendered":"<p>\u00daVOD DO EDUKA\u010cN\u00c9HO MANA\u017dMENTU \u0160t\u00e1tna spr\u00e1va na \u00faseku \u0161kolstva Pod\u013ea aktu\u00e1lne platn\u00e9ho z\u00e1kona \u010d. 596\/2003 o \u0161t\u00e1tnej spr\u00e1ve v \u0161kolstve a \u0161kolskej samospr\u00e1ve a o zmene a doplnen\u00ed niektor\u00fdch z\u00e1konov \u0161t\u00e1tnu spr\u00e1vu a \u00faseku \u0161k\u00f4l a \u0161kolsk\u00fdch zariaden\u00ed vykon\u00e1vaj\u00fa (\u00a7 2 ods. 1): riadite\u013e \u0161koly alebo riadite\u013e \u0161kolsk\u00e9ho zariadenia, obec, samospr\u00e1vny kraj, region\u00e1lny \u00farad \u0161kolskej [&hellip;]<\/p>\n","protected":false},"author":3,"featured_media":0,"parent":0,"menu_order":0,"comment_status":"closed","ping_status":"closed","template":"","meta":{"footnotes":""},"class_list":["post-2895","page","type-page","status-publish","hentry"],"_links":{"self":[{"href":"https:\/\/e-ucebnice.ff.ucm.sk\/index.php\/wp-json\/wp\/v2\/pages\/2895","targetHints":{"allow":["GET"]}}],"collection":[{"href":"https:\/\/e-ucebnice.ff.ucm.sk\/index.php\/wp-json\/wp\/v2\/pages"}],"about":[{"href":"https:\/\/e-ucebnice.ff.ucm.sk\/index.php\/wp-json\/wp\/v2\/types\/page"}],"author":[{"embeddable":true,"href":"https:\/\/e-ucebnice.ff.ucm.sk\/index.php\/wp-json\/wp\/v2\/users\/3"}],"replies":[{"embeddable":true,"href":"https:\/\/e-ucebnice.ff.ucm.sk\/index.php\/wp-json\/wp\/v2\/comments?post=2895"}],"version-history":[{"count":4,"href":"https:\/\/e-ucebnice.ff.ucm.sk\/index.php\/wp-json\/wp\/v2\/pages\/2895\/revisions"}],"predecessor-version":[{"id":2932,"href":"https:\/\/e-ucebnice.ff.ucm.sk\/index.php\/wp-json\/wp\/v2\/pages\/2895\/revisions\/2932"}],"wp:attachment":[{"href":"https:\/\/e-ucebnice.ff.ucm.sk\/index.php\/wp-json\/wp\/v2\/media?parent=2895"}],"curies":[{"name":"wp","href":"https:\/\/api.w.org\/{rel}","templated":true}]}}