{"id":2897,"date":"2023-03-04T10:00:49","date_gmt":"2023-03-04T09:00:49","guid":{"rendered":"https:\/\/e-ucebnice.ff.ucm.sk\/?page_id=2897"},"modified":"2023-03-04T10:21:19","modified_gmt":"2023-03-04T09:21:19","slug":"uvod-do-eduk-man-3-3","status":"publish","type":"page","link":"https:\/\/e-ucebnice.ff.ucm.sk\/index.php\/uvod-do-eduk-man-3-3\/","title":{"rendered":"\u00davod do eduk man-3-3"},"content":{"rendered":"\t\t<div data-elementor-type=\"wp-page\" data-elementor-id=\"2897\" class=\"elementor elementor-2897\" data-elementor-post-type=\"page\">\n\t\t\t\t\t\t<section class=\"elementor-section elementor-top-section elementor-element elementor-element-6f672ed elementor-section-height-min-height elementor-section-boxed elementor-section-height-default elementor-section-items-middle\" data-id=\"6f672ed\" data-element_type=\"section\" data-settings=\"{&quot;background_background&quot;:&quot;classic&quot;}\">\n\t\t\t\t\t\t\t<div class=\"elementor-background-overlay\"><\/div>\n\t\t\t\t\t\t\t<div class=\"elementor-container elementor-column-gap-default\">\n\t\t\t\t\t<div class=\"elementor-column elementor-col-100 elementor-top-column elementor-element elementor-element-bbeb470\" data-id=\"bbeb470\" data-element_type=\"column\">\n\t\t\t<div class=\"elementor-widget-wrap elementor-element-populated\">\n\t\t\t\t\t\t<div class=\"elementor-element elementor-element-d82f1ef elementor-widget elementor-widget-heading\" data-id=\"d82f1ef\" data-element_type=\"widget\" data-widget_type=\"heading.default\">\n\t\t\t\t<div class=\"elementor-widget-container\">\n\t\t\t\t\t<h1 class=\"elementor-heading-title elementor-size-default\">\u00daVOD DO EDUKA\u010cN\u00c9HO MANA\u017dMENTU <\/h1>\t\t\t\t<\/div>\n\t\t\t\t<\/div>\n\t\t\t\t\t<\/div>\n\t\t<\/div>\n\t\t\t\t\t<\/div>\n\t\t<\/section>\n\t\t\t\t<section class=\"elementor-section elementor-top-section elementor-element elementor-element-2858d6f elementor-section-boxed elementor-section-height-default elementor-section-height-default\" data-id=\"2858d6f\" data-element_type=\"section\">\n\t\t\t\t\t\t<div class=\"elementor-container elementor-column-gap-default\">\n\t\t\t\t\t<div class=\"elementor-column elementor-col-100 elementor-top-column elementor-element elementor-element-e63bd34\" data-id=\"e63bd34\" data-element_type=\"column\">\n\t\t\t<div class=\"elementor-widget-wrap elementor-element-populated\">\n\t\t\t\t\t\t<section class=\"elementor-section elementor-inner-section elementor-element elementor-element-0b79421 elementor-section-boxed elementor-section-height-default elementor-section-height-default\" data-id=\"0b79421\" data-element_type=\"section\">\n\t\t\t\t\t\t<div class=\"elementor-container elementor-column-gap-default\">\n\t\t\t\t\t<div class=\"elementor-column elementor-col-100 elementor-inner-column elementor-element elementor-element-bb0ded5\" data-id=\"bb0ded5\" data-element_type=\"column\">\n\t\t\t<div class=\"elementor-widget-wrap elementor-element-populated\">\n\t\t\t\t\t\t<div class=\"elementor-element elementor-element-759b076 elementor-widget elementor-widget-heading\" data-id=\"759b076\" data-element_type=\"widget\" data-widget_type=\"heading.default\">\n\t\t\t\t<div class=\"elementor-widget-container\">\n\t\t\t\t\t<h3 class=\"elementor-heading-title elementor-size-default\">S\u00fastava \u0161k\u00f4l a \u0161kolsk\u00fdch zariaden\u00ed v Slovenskej republike <\/h3>\t\t\t\t<\/div>\n\t\t\t\t<\/div>\n\t\t\t\t<div class=\"elementor-element elementor-element-5aa9d5d elementor-widget elementor-widget-text-editor\" data-id=\"5aa9d5d\" data-element_type=\"widget\" data-widget_type=\"text-editor.default\">\n\t\t\t\t<div class=\"elementor-widget-container\">\n\t\t\t\t\t\t\t\t\t<p style=\"text-align: justify;\">Pod\u013ea <em>z\u00e1kona \u010d. 245\/2008 <\/em><em>o v\u00fdchove a vzdel\u00e1van\u00ed (\u0161kolsk\u00fd z\u00e1kon) a o zmene a doplnen\u00ed niektor\u00fdch z\u00e1konov<\/em> s\u00fastavu \u0161k\u00f4l a\u00a0\u0161kolsk\u00fdch zariaden\u00ed v\u00a0Slovenskej republike tvoria \u0161koly a\u00a0\u0161kolsk\u00e9 zariadenia zaraden\u00e9 do siete \u0161k\u00f4l a \u0161kolsk\u00fdch zariaden\u00ed, ktor\u00e9 zabezpe\u010duj\u00fa v\u00fdchovu a vzdel\u00e1vanie prostredn\u00edctvom vzdel\u00e1vac\u00edch programov odborov vzdel\u00e1vania poskytuj\u00facich na seba nadv\u00e4zuj\u00face stupne vzdelania (\u00a7 27 ods. 1 z\u00e1kona \u010d. 245\/2008).<\/p>\n<p style=\"text-align: justify;\">\u0160kolu mo\u017eno zriadi\u0165 a\u017e po jej zaraden\u00ed do <strong>Siete \u0161k\u00f4l a \u0161kolsk\u00fdch zariaden\u00ed Slovenskej republiky<\/strong> \u2013 ide o\u00a0zoznam \u0161k\u00f4l a\u00a0\u0161kolsk\u00fdch zariaden\u00ed, ktor\u00e9 maj\u00fa opr\u00e1vnenie uskuto\u010d\u0148ova\u0165 v\u00fdchovu a\u00a0vzdel\u00e1vanie a\u00a0ktor\u00fd vedie Ministerstvo \u0161kolstva, vedy, v\u00fdskumu a\u00a0\u0161portu s\u00a0v\u00fdnimkou <strong>Siete stredn\u00fdch zdravotn\u00edckych \u0161k\u00f4l a \u0161tudijn\u00fdch odborov stredn\u00fdch zdravotn\u00edckych \u0161k\u00f4l<\/strong>, ktor\u00fa vedie Ministerstvo zdravotn\u00edctva SR. Zaraden\u00edm do siete z\u00edskava \u0161kola pr\u00e1vo aj na zabezpe\u010denie financovania.<\/p>\n<p style=\"text-align: justify;\">S\u00fastavu \u0161k\u00f4l tvoria tieto druhy \u0161k\u00f4l (\u00a7 27, ods. 2 z\u00e1kona \u010d. 245\/2008):<\/p>\n<ul style=\"text-align: justify;\">\n<li><strong>Matersk\u00e1 \u0161kola<\/strong>, ktor\u00e1 podporuje osobnostn\u00fd rozvoj det\u00ed v oblasti soci\u00e1lno-emocion\u00e1lnej, intelektu\u00e1lnej, telesnej, mor\u00e1lnej, estetickej, rozv\u00edja schopnosti a zru\u010dnosti, utv\u00e1ra predpoklady na \u010fal\u0161ie vzdel\u00e1vanie. Pripravuje na \u017eivot v spolo\u010dnosti v s\u00falade s individu\u00e1lnymi a vekov\u00fdmi osobitos\u0165ami det\u00ed (\u00a7 28, ods. 1).<\/li>\n<\/ul>\n<p style=\"text-align: justify;\">\u00a0<\/p>\n<ul style=\"text-align: justify;\">\n<li><strong>Z\u00e1kladn\u00e1 \u0161kola<\/strong>, ktor\u00e1 v s\u00falade s princ\u00edpmi a cie\u013emi v\u00fdchovy a vzdel\u00e1vania podporuje rozvoj osobnosti \u017eiaka vych\u00e1dzaj\u00fac zo z\u00e1sad humanizmu, rovnak\u00e9ho zaobch\u00e1dzania, tolerancie, demokracie a vlastenectva, a to po str\u00e1nke rozumovej, mravnej, etickej, estetickej, pracovnej a telesnej. Poskytuje \u017eiakovi z\u00e1kladn\u00e9 poznatky, zru\u010dnosti a schopnosti v oblasti jazykovej, pr\u00edrodovednej, spolo\u010denskovednej, umeleckej, \u0161portovej, zdravotnej, dopravnej a \u010fal\u0161ie poznatky a zru\u010dnosti potrebn\u00e9 na jeho orient\u00e1ciu v \u017eivote a v spolo\u010dnosti a na jeho \u010fal\u0161iu v\u00fdchovu a\u00a0vzdel\u00e1vanie (\u00a7 29 ods. 1 z\u00e1kona \u010d. 245\/2008).<\/li>\n<\/ul>\n<p style=\"text-align: justify;\">\u00a0<\/p>\n<ul style=\"text-align: justify;\">\n<li><strong>Gymn\u00e1zium<\/strong>, ktor\u00e9 je definovan\u00e9 ako v\u0161eobecnovzdel\u00e1vacia, vn\u00fatorne diferencovan\u00e1 stredn\u00e1 \u0161kola, ktor\u00e1 pripravuje \u017eiakov vo \u0161tvorro\u010dnom, v p\u00e4\u0165ro\u010dnom alebo v osemro\u010dnom vzdel\u00e1vacom programe a poskytuje \u00fapln\u00e9 stredn\u00e9 v\u0161eobecn\u00e9 vzdelanie. Vzdel\u00e1vacie programy gymn\u00e1zia s\u00fa zameran\u00e9 predov\u0161etk\u00fdm na pr\u00edpravu pre \u0161t\u00fadium na vysok\u00fdch \u0161kol\u00e1ch, m\u00f4\u017eu pripravova\u0165 aj na v\u00fdkon niektor\u00fdch \u010dinnost\u00ed vo verejnej spr\u00e1ve, kult\u00fare a\u00a0\u0161porte (\u00a7 41 z\u00e1kona \u010d. 245\/2008).<\/li>\n<\/ul>\n<p style=\"text-align: justify;\">\u00a0<\/p>\n<ul style=\"text-align: justify;\">\n<li><strong>Stredn\u00e1 odborn\u00e1 \u0161kola<\/strong> je vn\u00fatorne diferencovan\u00e1 stredn\u00e1 \u0161kola, ktor\u00e1 pripravuje \u017eiakov v najmenej dvojro\u010dnom a najviac p\u00e4\u0165ro\u010dnom vzdel\u00e1vacom programe pr\u00edslu\u0161n\u00e9ho odboru vzdel\u00e1vania. Vzdel\u00e1vacie programy strednej odbornej \u0161koly s\u00fa zameran\u00e9 predov\u0161etk\u00fdm na v\u00fdkon povolan\u00ed a odborn\u00fdch \u010dinnost\u00ed v n\u00e1rodnom hospod\u00e1rstve, zdravotn\u00edctve, verejnej spr\u00e1ve, kult\u00fare, umen\u00ed a v ostatn\u00fdch oblastiach a m\u00f4\u017eu pripravova\u0165 aj na \u010fal\u0161ie \u0161t\u00fadium (\u00a7 42 ods. 1 z\u00e1kona \u010d. 245\/2008).<\/li>\n<\/ul>\n<p style=\"text-align: justify;\">\u00a0<\/p>\n<ul style=\"text-align: justify;\">\n<li><strong>Konzervat\u00f3rium<\/strong>, ktor\u00e9 poskytuje komplexn\u00e9 umeleck\u00e9 a umelecko-pedagogick\u00e9 vzdelanie. Pripravuje \u017eiakov na profesion\u00e1lne umeleck\u00e9 uplatnenie a na vyu\u010dovanie umeleck\u00fdch a odborn\u00fdch predmetov vo vzdel\u00e1vac\u00edch programoch umeleck\u00e9ho zamerania (\u00a7 44 ods. 1 z\u00e1kona \u010d. 245\/2008).<\/li>\n<\/ul>\n<p style=\"text-align: justify;\">\u00a0<\/p>\n<ul style=\"text-align: justify;\">\n<li><strong>\u0160koly pre deti a \u017eiakov so \u0161peci\u00e1lnymi v\u00fdchovno-vzdel\u00e1vac\u00edmi potrebami, <\/strong>kde sa uskuto\u010d\u0148uje v\u00fdchova a vzdel\u00e1vanie det\u00ed so zdravotn\u00fdm znev\u00fdhodnen\u00edm a \u017eiakov so zdravotn\u00fdm znev\u00fdhodnen\u00edm (\u00a7 94 ods. 1 z\u00e1kona \u010d. 245\/2008).<\/li>\n<\/ul>\n<p style=\"text-align: justify;\">\u00a0<\/p>\n<ul style=\"text-align: justify;\">\n<li><strong>Z\u00e1kladn\u00e1 umeleck\u00e1 \u0161kola<\/strong> zabezpe\u010duje umeleck\u00fa v\u00fdchovu a vzdel\u00e1vanie pod\u013ea vzdel\u00e1vacieho programu odboru vzdel\u00e1vania preva\u017ene pre \u017eiakov z\u00e1kladnej \u0161koly. Z\u00e1kladn\u00e1 umeleck\u00e1 \u0161kola m\u00f4\u017ee organizova\u0165 aj \u0161t\u00fadium pre deti vo veku pred plnen\u00edm povinnej \u0161kolskej doch\u00e1dzky, \u017eiakov stredn\u00fdch \u0161k\u00f4l a\u00a0dospel\u00fdch (\u00a7 49 ods. 1 z\u00e1kona \u010d. 245\/2008).<\/li>\n<\/ul>\n<p style=\"text-align: justify;\">\u00a0<\/p>\n<ul style=\"text-align: justify;\">\n<li><strong>Jazykov\u00e1 \u0161kola<\/strong> poskytuje jazykov\u00e9 vzdel\u00e1vanie v cudz\u00edch jazykoch pod\u013ea vzdel\u00e1vacieho programu, organizuje aj vyu\u010dovanie cudz\u00edch jazykov s odborn\u00fdm zameran\u00edm a pripravuje na prekladate\u013esk\u00fa a tlmo\u010dn\u00edcku \u010dinnos\u0165. Vzdel\u00e1vanie v jazykovej \u0161kole sa uskuto\u010d\u0148uje v\u00a0kurzoch (\u00a7 53 ods. 1 z\u00e1kona \u010d. 245\/2008).<\/li>\n<\/ul>\n<p style=\"text-align: justify;\">Uveden\u00e9 druhy \u0161k\u00f4l sa \u010dlenia na typy, pri\u010dom typ \u0161koly bli\u017e\u0161ie ur\u010duje, na ak\u00fd odbor vzdel\u00e1vania je \u0161kola zameran\u00e1, ak\u00e1 je organiz\u00e1cia \u0161koly alebo ak\u00fdm de\u0165om alebo \u017eiakom sa vzdel\u00e1vanie zabezpe\u010duje (\u00a7 27 ods. 5 z\u00e1kona \u010d. 245\/2008).<\/p>\n<p style=\"text-align: justify;\"><strong>Stredn\u00e9 \u0161koly<\/strong>, ktor\u00fdmi s\u00fa gymn\u00e1zi\u00e1, stredn\u00e9 odborn\u00e9 \u0161koly a\u00a0konzervat\u00f3ri\u00e1, po zaraden\u00ed do Siete \u0161k\u00f4l a\u00a0\u0161kolsk\u00fdch zariaden\u00ed SR m\u00f4\u017ee zriadi\u0165 (VEVERKOV\u00c1, 2015, 7-8):<\/p>\n<ul style=\"text-align: justify;\">\n<li><strong>samospr\u00e1vny kraj<\/strong> ako prenesen\u00fd v\u00fdkon \u0161t\u00e1tnej spr\u00e1vy formou v\u0161eobecne z\u00e1v\u00e4zn\u00e9ho nariadenia, ktor\u00e9 schva\u013euje <em>zastupite\u013estvo<\/em>,<\/li>\n<li><strong>region\u00e1lny \u00farad<\/strong> <strong>\u0161kolskej spr\u00e1vy<\/strong> v\u00a0pr\u00edpade, ak si to vy\u017eaduj\u00fa osobitn\u00e9 podmienky, pod\u013ea ktor\u00fdch, ak samospr\u00e1vny kraj nezabezpe\u010d\u00ed v\u00fdchovu a vzdel\u00e1vanie v \u0161tudijnom alebo u\u010debnom odbore s nedostato\u010dn\u00fdm po\u010dtom absolventov pre potreby trhu pr\u00e1ce, alebo ide o \u0161kolu alebo triedu, ktor\u00e1 m\u00e1 vznikn\u00fa\u0165 na z\u00e1klade medzin\u00e1rodnej zmluvy, taktie\u017e zria\u010fuje aj stredn\u00e9 \u0161koly pre \u017eiakov so \u0161peci\u00e1lnymi v\u00fdchovno\u2013vzdel\u00e1vac\u00edmi potrebami,<\/li>\n<li><strong>\u0161t\u00e1tom uznan\u00e1 cirkev alebo n\u00e1bo\u017eensk\u00e1 spolo\u010dnos\u0165<\/strong> zria\u010fuje cirkevn\u00fa stredn\u00fa \u0161kolu prostredn\u00edctvom rozhodnutia \u0161tatut\u00e1rneho org\u00e1nu uznanej cirkvi alebo n\u00e1bo\u017eenskej spolo\u010dnosti,<\/li>\n<li><strong>in\u00e1 pr\u00e1vnick\u00e1 osoba alebo fyzick\u00e1 osoba <\/strong>zria\u010fuje s\u00fakromn\u00fa stredn\u00fa \u0161kolu prostredn\u00edctvom rozhodnutia \u0161tatut\u00e1rneho org\u00e1nu inej pr\u00e1vnickej osoby.<\/li>\n<\/ul>\n<p style=\"text-align: justify;\">\u00a0<\/p>\n<p style=\"text-align: justify;\"><strong>Z\u00e1kladn\u00e9 \u0161koly <\/strong>po zaraden\u00ed do Siete \u0161k\u00f4l a\u00a0\u0161kolsk\u00fdch zariaden\u00ed SR m\u00f4\u017ee zriadi\u0165 (VEVERKOV\u00c1, 2014, 7-8):<\/p>\n<ul style=\"text-align: justify;\">\n<li><strong>obec<\/strong> ako prenesen\u00fd v\u00fdkon \u0161t\u00e1tnej spr\u00e1vy formou v\u0161eobecne z\u00e1v\u00e4zn\u00e9ho nariadenia, ktor\u00e9 schva\u013euje <em>zastupite\u013estvo<\/em>,<\/li>\n<li><strong>region\u00e1lny \u00farad<\/strong> <strong>\u0161kolskej spr\u00e1vy <\/strong>v\u00a0pr\u00edpade, ak si to vy\u017eaduj\u00fa osobitn\u00e9 podmienky, pod\u013ea ktor\u00fdch, ak obec nezabezpe\u010d\u00ed plnenie povinnej \u0161kolskej doch\u00e1dzky z\u00e1konn\u00fdm sp\u00f4sobom a\u00a0nemo\u017eno ur\u010di\u0165 spolo\u010dn\u00fd \u0161kolsk\u00fd obvod, v\u00a0tak\u00fdch pr\u00edpadoch \u017eiak nav\u0161tevuje z\u00e1kladn\u00fa \u0161kolu, ktor\u00fa zriadi okresn\u00fd \u00farad v\u00a0s\u00eddle kraja,<\/li>\n<li><strong>\u0161t\u00e1tom uznan\u00e1 cirkev alebo n\u00e1bo\u017eensk\u00e1 spolo\u010dnos\u0165<\/strong> zria\u010fuje cirkevn\u00fa z\u00e1kladn\u00fa \u0161kolu prostredn\u00edctvom rozhodnutia \u0161tatut\u00e1rneho org\u00e1nu uznanej cirkvi alebo n\u00e1bo\u017eenskej spolo\u010dnosti,<\/li>\n<li><strong>in\u00e1 pr\u00e1vnick\u00e1 osoba alebo fyzick\u00e1 osoba <\/strong>zria\u010fuje s\u00fakromn\u00fa z\u00e1kladn\u00fa \u0161kolu prostredn\u00edctvom rozhodnutia \u0161tatut\u00e1rneho org\u00e1nu inej pr\u00e1vnickej osoby.<\/li>\n<\/ul>\n<p style=\"text-align: justify;\"><strong>\u00a0<\/strong><\/p>\n<p style=\"text-align: justify;\">Po zaraden\u00ed z\u00e1kladnej a\u00a0strednej \u0161koly do siete a\u00a0jej zriaden\u00ed zria\u010fovate\u013eom (obcou, samospr\u00e1vnym krajom, region\u00e1lnym \u00faradom \u0161kolskej spr\u00e1vy, \u0161t\u00e1tom uznanou cirkvou alebo n\u00e1bo\u017eenskou spolo\u010dnos\u0165ou, inou pr\u00e1vnickou alebo fyzickou osobou), zria\u010fovate\u013e vyd\u00e1va \u0161kole <strong>zria\u010fovaciu listinu<\/strong>. Zria\u010fovacia listina obsahuje (\u00a7 22 ods. 2 z\u00e1kona \u010d. 245\/2008): ozna\u010denie zria\u010fovate\u013ea; n\u00e1zov \u0161koly alebo \u0161kolsk\u00e9ho zariadenia vylu\u010duj\u00faci mo\u017enos\u0165 z\u00e1meny s n\u00e1zvom in\u00fdch pr\u00e1vnick\u00fdch os\u00f4b, druh a typ, jej s\u00eddlo (adresa) a identifika\u010dn\u00e9 \u010d\u00edslo; n\u00e1zov a adresu subjektu, ktor\u00fd je s\u00fa\u010das\u0165ou \u0161koly alebo \u0161kolsk\u00e9ho zariadenia; v\u00fdchovn\u00fd jazyk alebo vyu\u010dovac\u00ed jazyk; formu hospod\u00e1renia; d\u00e1tum zriadenia \u0161koly alebo \u0161kolsk\u00e9ho zariadenia; vymedzenie z\u00e1kladn\u00fdch verejnoprospe\u0161n\u00fdch \u010dinnost\u00ed alebo verejn\u00fdch funkci\u00ed, pre ktor\u00e9 sa \u0161kola alebo \u0161kolsk\u00e9 zariadenie zria\u010fuje, a tomu zodpovedaj\u00faci predmet \u010dinnosti; ozna\u010denie \u0161tatut\u00e1rneho org\u00e1nu; vecn\u00e9 a finan\u010dn\u00e9 vymedzenie majetku, ktor\u00fd \u0161kola alebo \u0161kolsk\u00e9 zariadenie spravuje; ur\u010denie \u010dasu, na ktor\u00fd sa \u0161kola alebo \u0161kolsk\u00e9 zariadenie zria\u010fuje; d\u00e1tum a \u010d\u00edslo rozhodnutia ministerstva o zaraden\u00ed do siete.<\/p>\n<p style=\"text-align: justify;\">S\u00fa\u010das\u0165ou siete \u0161k\u00f4l a\u00a0\u0161kolsk\u00fdch zariaden\u00ed s\u00fa aj <strong>\u0161kolsk\u00e9 zariadenia<\/strong>, v\u00a0ktor\u00fdch sa uskuto\u010d\u0148uje v\u00fdchovno-vzdel\u00e1vac\u00ed proces v\u00a0s\u00falade s\u00a0princ\u00edpmi a\u00a0cie\u013emi v\u00fdchovy a\u00a0vzdel\u00e1vania. Medzi \u0161kolsk\u00e9 zariadenia patria (\u00a7 112 ods. 1 z\u00e1kona \u010d. 245\/2008):<\/p>\n<ul>\n<li style=\"text-align: justify;\"><strong>\u0161kolsk\u00e9 v\u00fdchovno-vzdel\u00e1vacie zariadenia<\/strong> (\u0161kolsk\u00fd klub det\u00ed, centrum vo\u013en\u00e9ho \u010dasu, \u0161kolsk\u00fd intern\u00e1t),<\/li>\n<li style=\"text-align: justify;\"><strong>\u0161peci\u00e1lne v\u00fdchovn\u00e9 zariadenia <\/strong>(diagnostick\u00e9 centrum, reeduka\u010dn\u00e9 centrum, lie\u010debno-v\u00fdchovn\u00e9 sanat\u00f3rium),<\/li>\n<li style=\"text-align: justify;\"><strong>zariadenia poradenstva a\u00a0prevencie<\/strong> (centrum poradenstva a prevencie, \u0161pecializovan\u00e9 centrum poradenstva a\u00a0prevencie),<\/li>\n<li style=\"text-align: justify;\"><strong>\u0161kolsk\u00e9 \u00fa\u010delov\u00e9 zariadenia <\/strong>(\u0161kola v pr\u00edrode, zariadenia \u0161kolsk\u00e9ho stravovania, stredisko slu\u017eieb \u0161kole).<\/li>\n<\/ul>\t\t\t\t\t\t\t\t<\/div>\n\t\t\t\t<\/div>\n\t\t\t\t\t<\/div>\n\t\t<\/div>\n\t\t\t\t\t<\/div>\n\t\t<\/section>\n\t\t\t\t\t<\/div>\n\t\t<\/div>\n\t\t\t\t\t<\/div>\n\t\t<\/section>\n\t\t\t\t<\/div>\n\t\t","protected":false},"excerpt":{"rendered":"<p>\u00daVOD DO EDUKA\u010cN\u00c9HO MANA\u017dMENTU S\u00fastava \u0161k\u00f4l a \u0161kolsk\u00fdch zariaden\u00ed v Slovenskej republike Pod\u013ea z\u00e1kona \u010d. 245\/2008 o v\u00fdchove a vzdel\u00e1van\u00ed (\u0161kolsk\u00fd z\u00e1kon) a o zmene a doplnen\u00ed niektor\u00fdch z\u00e1konov s\u00fastavu \u0161k\u00f4l a\u00a0\u0161kolsk\u00fdch zariaden\u00ed v\u00a0Slovenskej republike tvoria \u0161koly a\u00a0\u0161kolsk\u00e9 zariadenia zaraden\u00e9 do siete \u0161k\u00f4l a \u0161kolsk\u00fdch zariaden\u00ed, ktor\u00e9 zabezpe\u010duj\u00fa v\u00fdchovu a vzdel\u00e1vanie prostredn\u00edctvom vzdel\u00e1vac\u00edch programov odborov [&hellip;]<\/p>\n","protected":false},"author":3,"featured_media":0,"parent":0,"menu_order":0,"comment_status":"closed","ping_status":"closed","template":"","meta":{"footnotes":""},"class_list":["post-2897","page","type-page","status-publish","hentry"],"_links":{"self":[{"href":"https:\/\/e-ucebnice.ff.ucm.sk\/index.php\/wp-json\/wp\/v2\/pages\/2897","targetHints":{"allow":["GET"]}}],"collection":[{"href":"https:\/\/e-ucebnice.ff.ucm.sk\/index.php\/wp-json\/wp\/v2\/pages"}],"about":[{"href":"https:\/\/e-ucebnice.ff.ucm.sk\/index.php\/wp-json\/wp\/v2\/types\/page"}],"author":[{"embeddable":true,"href":"https:\/\/e-ucebnice.ff.ucm.sk\/index.php\/wp-json\/wp\/v2\/users\/3"}],"replies":[{"embeddable":true,"href":"https:\/\/e-ucebnice.ff.ucm.sk\/index.php\/wp-json\/wp\/v2\/comments?post=2897"}],"version-history":[{"count":4,"href":"https:\/\/e-ucebnice.ff.ucm.sk\/index.php\/wp-json\/wp\/v2\/pages\/2897\/revisions"}],"predecessor-version":[{"id":2935,"href":"https:\/\/e-ucebnice.ff.ucm.sk\/index.php\/wp-json\/wp\/v2\/pages\/2897\/revisions\/2935"}],"wp:attachment":[{"href":"https:\/\/e-ucebnice.ff.ucm.sk\/index.php\/wp-json\/wp\/v2\/media?parent=2897"}],"curies":[{"name":"wp","href":"https:\/\/api.w.org\/{rel}","templated":true}]}}