{"id":2954,"date":"2023-03-04T10:35:18","date_gmt":"2023-03-04T09:35:18","guid":{"rendered":"https:\/\/e-ucebnice.ff.ucm.sk\/?page_id=2954"},"modified":"2023-03-04T10:48:36","modified_gmt":"2023-03-04T09:48:36","slug":"uvod-do-eduk-man-5-1","status":"publish","type":"page","link":"https:\/\/e-ucebnice.ff.ucm.sk\/index.php\/uvod-do-eduk-man-5-1\/","title":{"rendered":"\u00davod do eduk man-5-1"},"content":{"rendered":"\t\t<div data-elementor-type=\"wp-page\" data-elementor-id=\"2954\" class=\"elementor elementor-2954\" data-elementor-post-type=\"page\">\n\t\t\t\t\t\t<section class=\"elementor-section elementor-top-section elementor-element elementor-element-6f672ed elementor-section-height-min-height elementor-section-boxed elementor-section-height-default elementor-section-items-middle\" data-id=\"6f672ed\" data-element_type=\"section\" data-settings=\"{&quot;background_background&quot;:&quot;classic&quot;}\">\n\t\t\t\t\t\t\t<div class=\"elementor-background-overlay\"><\/div>\n\t\t\t\t\t\t\t<div class=\"elementor-container elementor-column-gap-default\">\n\t\t\t\t\t<div class=\"elementor-column elementor-col-100 elementor-top-column elementor-element elementor-element-bbeb470\" data-id=\"bbeb470\" data-element_type=\"column\">\n\t\t\t<div class=\"elementor-widget-wrap elementor-element-populated\">\n\t\t\t\t\t\t<div class=\"elementor-element elementor-element-d82f1ef elementor-widget elementor-widget-heading\" data-id=\"d82f1ef\" data-element_type=\"widget\" data-widget_type=\"heading.default\">\n\t\t\t\t<div class=\"elementor-widget-container\">\n\t\t\t\t\t<h1 class=\"elementor-heading-title elementor-size-default\">\u00daVOD DO EDUKA\u010cN\u00c9HO MANA\u017dMENTU <\/h1>\t\t\t\t<\/div>\n\t\t\t\t<\/div>\n\t\t\t\t\t<\/div>\n\t\t<\/div>\n\t\t\t\t\t<\/div>\n\t\t<\/section>\n\t\t\t\t<section class=\"elementor-section elementor-top-section elementor-element elementor-element-2858d6f elementor-section-boxed elementor-section-height-default elementor-section-height-default\" data-id=\"2858d6f\" data-element_type=\"section\">\n\t\t\t\t\t\t<div class=\"elementor-container elementor-column-gap-default\">\n\t\t\t\t\t<div class=\"elementor-column elementor-col-100 elementor-top-column elementor-element elementor-element-e63bd34\" data-id=\"e63bd34\" data-element_type=\"column\">\n\t\t\t<div class=\"elementor-widget-wrap elementor-element-populated\">\n\t\t\t\t\t\t<section class=\"elementor-section elementor-inner-section elementor-element elementor-element-0b79421 elementor-section-boxed elementor-section-height-default elementor-section-height-default\" data-id=\"0b79421\" data-element_type=\"section\">\n\t\t\t\t\t\t<div class=\"elementor-container elementor-column-gap-default\">\n\t\t\t\t\t<div class=\"elementor-column elementor-col-100 elementor-inner-column elementor-element elementor-element-bb0ded5\" data-id=\"bb0ded5\" data-element_type=\"column\">\n\t\t\t<div class=\"elementor-widget-wrap elementor-element-populated\">\n\t\t\t\t\t\t<div class=\"elementor-element elementor-element-759b076 elementor-widget elementor-widget-heading\" data-id=\"759b076\" data-element_type=\"widget\" data-widget_type=\"heading.default\">\n\t\t\t\t<div class=\"elementor-widget-container\">\n\t\t\t\t\t<h3 class=\"elementor-heading-title elementor-size-default\">Rada \u0161koly, obecn\u00e1 \u0161kolsk\u00e1 rada, \u00fazemn\u00e1 \u0161kolsk\u00e1 rada<\/h3>\t\t\t\t<\/div>\n\t\t\t\t<\/div>\n\t\t\t\t<div class=\"elementor-element elementor-element-5aa9d5d elementor-widget elementor-widget-text-editor\" data-id=\"5aa9d5d\" data-element_type=\"widget\" data-widget_type=\"text-editor.default\">\n\t\t\t\t<div class=\"elementor-widget-container\">\n\t\t\t\t\t\t\t\t\t<p style=\"text-align: justify;\">Rada \u0161koly, obecn\u00e1 \u0161kolsk\u00e1 rada a \u00fazemn\u00e1 \u0161kolsk\u00e1 rada s\u00fa iniciat\u00edvne a poradn\u00e9 samospr\u00e1vne org\u00e1ny, ktor\u00e9 vyjadruj\u00fa a presadzuj\u00fa verejn\u00e9 z\u00e1ujmy a z\u00e1ujmy \u017eiakov, rodi\u010dov, pedagogick\u00fdch zamestnancov a ostatn\u00fdch zamestnancov v oblasti v\u00fdchovy a vzdel\u00e1vania. Plnia funkciu verejnej kontroly, posudzuj\u00fa a vyjadruj\u00fa sa k \u010dinnosti \u0161k\u00f4l, \u0161kolsk\u00fdch zariaden\u00ed, org\u00e1nov miestnej \u0161t\u00e1tnej spr\u00e1vy, org\u00e1nov obc\u00ed a samospr\u00e1vnych krajov z poh\u013eadu \u0161kolskej problematiky (\u00a7 24 ods. 1 z\u00e1kona \u010d. 596\/2003).<\/p><p style=\"text-align: justify;\">Z\u00a0vy\u0161\u0161ie uvedenej defin\u00edcie vypl\u00fdva, \u017ee nejde o\u00a0org\u00e1ny \u0161koly a\u00a0\u0161kolsk\u00e9ho zariadenia (ako v\u00a0pr\u00edpade riadite\u013ea), ale ide o\u00a0samospr\u00e1vne org\u00e1ny, ktor\u00e9 s\u00fa od ved\u00facich zamestnancov \u0161koly a\u00a0\u0161kolsk\u00e9ho zariadenia, ale aj od zria\u010fovate\u013ea nez\u00e1visl\u00e9. Nez\u00e1vislos\u0165 v\u00a0tomto pr\u00edpade znamen\u00e1, \u017ee org\u00e1ny \u0161koly ani\u00a0zria\u010fovate\u013e nesm\u00fa zasahova\u0165 do ich \u010dinnosti, ale iba vytv\u00e1ra\u0165 a\u00a0zabezpe\u010dova\u0165 podmienky pre ich nez\u00e1visl\u00e9 fungovanie. \u0160pecifikum t\u00fdchto samospr\u00e1vnych org\u00e1nov spo\u010d\u00edva aj v\u00a0tom, \u017ee si samostatne riadia svoju \u010dinnos\u0165: schva\u013euj\u00fa svoj \u0161tat\u00fat, rokovac\u00ed poriadok, term\u00edny a\u00a0frekvenciu zasadnut\u00ed, volia si svojho predsedu a\u00a0podpredsedu a\u00a0ur\u010duj\u00fa ich kompetencie.<\/p><p style=\"text-align: justify;\">Zasadnutia t\u00fdchto samospr\u00e1vnych org\u00e1nov s\u00fa verejn\u00e9, ak \u010dlenovia uznesen\u00edm nerozhodn\u00fa inak. Funk\u010dn\u00e9 obdobie je 4 roky.<\/p><p style=\"text-align: justify;\">Podrobnej\u0161ie sa problematike ustanovenia, zlo\u017eenia a\u00a0kompetenci\u00ed t\u00fdchto samospr\u00e1vnych org\u00e1nov venuje <em>vyhl\u00e1\u0161ka Ministerstva \u0161kolstva Slovenskej republiky \u010d. 591\/2004, ktorou sa ur\u010duj\u00fa podrobnosti o sp\u00f4sobe ustanovenia org\u00e1nov \u0161kolskej samospr\u00e1vy, o ich zlo\u017een\u00ed, o ich organiza\u010dnom a finan\u010dnom zabezpe\u010den\u00ed.<\/em><\/p>\t\t\t\t\t\t\t\t<\/div>\n\t\t\t\t<\/div>\n\t\t\t\t\t<\/div>\n\t\t<\/div>\n\t\t\t\t\t<\/div>\n\t\t<\/section>\n\t\t\t\t\t<\/div>\n\t\t<\/div>\n\t\t\t\t\t<\/div>\n\t\t<\/section>\n\t\t\t\t<\/div>\n\t\t","protected":false},"excerpt":{"rendered":"<p>\u00daVOD DO EDUKA\u010cN\u00c9HO MANA\u017dMENTU Rada \u0161koly, obecn\u00e1 \u0161kolsk\u00e1 rada, \u00fazemn\u00e1 \u0161kolsk\u00e1 rada Rada \u0161koly, obecn\u00e1 \u0161kolsk\u00e1 rada a \u00fazemn\u00e1 \u0161kolsk\u00e1 rada s\u00fa iniciat\u00edvne a poradn\u00e9 samospr\u00e1vne org\u00e1ny, ktor\u00e9 vyjadruj\u00fa a presadzuj\u00fa verejn\u00e9 z\u00e1ujmy a z\u00e1ujmy \u017eiakov, rodi\u010dov, pedagogick\u00fdch zamestnancov a ostatn\u00fdch zamestnancov v oblasti v\u00fdchovy a vzdel\u00e1vania. Plnia funkciu verejnej kontroly, posudzuj\u00fa a vyjadruj\u00fa sa [&hellip;]<\/p>\n","protected":false},"author":3,"featured_media":0,"parent":0,"menu_order":0,"comment_status":"closed","ping_status":"closed","template":"","meta":{"footnotes":""},"class_list":["post-2954","page","type-page","status-publish","hentry"],"_links":{"self":[{"href":"https:\/\/e-ucebnice.ff.ucm.sk\/index.php\/wp-json\/wp\/v2\/pages\/2954","targetHints":{"allow":["GET"]}}],"collection":[{"href":"https:\/\/e-ucebnice.ff.ucm.sk\/index.php\/wp-json\/wp\/v2\/pages"}],"about":[{"href":"https:\/\/e-ucebnice.ff.ucm.sk\/index.php\/wp-json\/wp\/v2\/types\/page"}],"author":[{"embeddable":true,"href":"https:\/\/e-ucebnice.ff.ucm.sk\/index.php\/wp-json\/wp\/v2\/users\/3"}],"replies":[{"embeddable":true,"href":"https:\/\/e-ucebnice.ff.ucm.sk\/index.php\/wp-json\/wp\/v2\/comments?post=2954"}],"version-history":[{"count":4,"href":"https:\/\/e-ucebnice.ff.ucm.sk\/index.php\/wp-json\/wp\/v2\/pages\/2954\/revisions"}],"predecessor-version":[{"id":2981,"href":"https:\/\/e-ucebnice.ff.ucm.sk\/index.php\/wp-json\/wp\/v2\/pages\/2954\/revisions\/2981"}],"wp:attachment":[{"href":"https:\/\/e-ucebnice.ff.ucm.sk\/index.php\/wp-json\/wp\/v2\/media?parent=2954"}],"curies":[{"name":"wp","href":"https:\/\/api.w.org\/{rel}","templated":true}]}}