{"id":2956,"date":"2023-03-04T10:35:56","date_gmt":"2023-03-04T09:35:56","guid":{"rendered":"https:\/\/e-ucebnice.ff.ucm.sk\/?page_id=2956"},"modified":"2023-03-04T10:57:11","modified_gmt":"2023-03-04T09:57:11","slug":"uvod-do-eduk-man-5-2","status":"publish","type":"page","link":"https:\/\/e-ucebnice.ff.ucm.sk\/index.php\/uvod-do-eduk-man-5-2\/","title":{"rendered":"\u00davod do eduk man-5-2"},"content":{"rendered":"\t\t<div data-elementor-type=\"wp-page\" data-elementor-id=\"2956\" class=\"elementor elementor-2956\" data-elementor-post-type=\"page\">\n\t\t\t\t\t\t<section class=\"elementor-section elementor-top-section elementor-element elementor-element-6f672ed elementor-section-height-min-height elementor-section-boxed elementor-section-height-default elementor-section-items-middle\" data-id=\"6f672ed\" data-element_type=\"section\" data-settings=\"{&quot;background_background&quot;:&quot;classic&quot;}\">\n\t\t\t\t\t\t\t<div class=\"elementor-background-overlay\"><\/div>\n\t\t\t\t\t\t\t<div class=\"elementor-container elementor-column-gap-default\">\n\t\t\t\t\t<div class=\"elementor-column elementor-col-100 elementor-top-column elementor-element elementor-element-bbeb470\" data-id=\"bbeb470\" data-element_type=\"column\">\n\t\t\t<div class=\"elementor-widget-wrap elementor-element-populated\">\n\t\t\t\t\t\t<div class=\"elementor-element elementor-element-d82f1ef elementor-widget elementor-widget-heading\" data-id=\"d82f1ef\" data-element_type=\"widget\" data-widget_type=\"heading.default\">\n\t\t\t\t<div class=\"elementor-widget-container\">\n\t\t\t\t\t<h1 class=\"elementor-heading-title elementor-size-default\">\u00daVOD DO EDUKA\u010cN\u00c9HO MANA\u017dMENTU <\/h1>\t\t\t\t<\/div>\n\t\t\t\t<\/div>\n\t\t\t\t\t<\/div>\n\t\t<\/div>\n\t\t\t\t\t<\/div>\n\t\t<\/section>\n\t\t\t\t<section class=\"elementor-section elementor-top-section elementor-element elementor-element-2858d6f elementor-section-boxed elementor-section-height-default elementor-section-height-default\" data-id=\"2858d6f\" data-element_type=\"section\">\n\t\t\t\t\t\t<div class=\"elementor-container elementor-column-gap-default\">\n\t\t\t\t\t<div class=\"elementor-column elementor-col-100 elementor-top-column elementor-element elementor-element-e63bd34\" data-id=\"e63bd34\" data-element_type=\"column\">\n\t\t\t<div class=\"elementor-widget-wrap elementor-element-populated\">\n\t\t\t\t\t\t<section class=\"elementor-section elementor-inner-section elementor-element elementor-element-0b79421 elementor-section-boxed elementor-section-height-default elementor-section-height-default\" data-id=\"0b79421\" data-element_type=\"section\">\n\t\t\t\t\t\t<div class=\"elementor-container elementor-column-gap-default\">\n\t\t\t\t\t<div class=\"elementor-column elementor-col-100 elementor-inner-column elementor-element elementor-element-bb0ded5\" data-id=\"bb0ded5\" data-element_type=\"column\">\n\t\t\t<div class=\"elementor-widget-wrap elementor-element-populated\">\n\t\t\t\t\t\t<div class=\"elementor-element elementor-element-759b076 elementor-widget elementor-widget-heading\" data-id=\"759b076\" data-element_type=\"widget\" data-widget_type=\"heading.default\">\n\t\t\t\t<div class=\"elementor-widget-container\">\n\t\t\t\t\t<h3 class=\"elementor-heading-title elementor-size-default\">\u0160kolsk\u00fd parlament<\/h3>\t\t\t\t<\/div>\n\t\t\t\t<\/div>\n\t\t\t\t<div class=\"elementor-element elementor-element-5aa9d5d elementor-widget elementor-widget-text-editor\" data-id=\"5aa9d5d\" data-element_type=\"widget\" data-widget_type=\"text-editor.default\">\n\t\t\t\t<div class=\"elementor-widget-container\">\n\t\t\t\t\t\t\t\t\t<p style=\"text-align: justify;\">Osobitn\u00fdm org\u00e1nom \u0161kolskej samospr\u00e1vy je \u0161kolsk\u00fd parlament, ktor\u00fd na rozdiel od predch\u00e1dzaj\u00facich reprezentuje z\u00e1ujmy \u017eiakov \u0161koly vo vz\u0165ahu k\u00a0riadite\u013eovi, ved\u00facim pedagogick\u00fdm zamestnancom, ved\u00facim odborn\u00fdm zamestnancom a\u00a0navonok.<\/p><p style=\"text-align: justify;\">\u0160kolsk\u00fd parlament je fakultat\u00edvny org\u00e1n, teda jeho zriadenie nie je povinn\u00e9. Zria\u010fuje sa v\u00a0dvoch pr\u00edpadoch: 1. \u017eiados\u0165 o jeho ustanovenie pod\u00e1 riadite\u013eovi \u0161koly najmenej 30 % \u017eiakov \u0161koly, 2. jeho ustanovenie schv\u00e1li rada \u0161koly (\u00a7 26 ods. 2 z\u00e1kona \u010d. 596\/2003).<\/p><p style=\"text-align: justify;\">Medzi z\u00e1konn\u00e9 kompetencie \u0161kolsk\u00e9ho parlamentu patr\u00ed (\u00a7 26 ods. 7 z\u00e1kona \u010d. 596\/2003):<\/p><ul style=\"text-align: justify;\"><li>vyjadrova\u0165 sa k podstatn\u00fdm ot\u00e1zkam, n\u00e1vrhom a opatreniam \u0161koly v oblasti v\u00fdchovy a vzdel\u00e1vania,<\/li><li>podie\u013ea\u0165 sa na tvorbe a zabezpe\u010den\u00ed dodr\u017eiavania \u0161kolsk\u00e9ho poriadku,<\/li><li>zastupova\u0165 \u017eiakov vo vz\u0165ahu k riadite\u013eovi a vedeniu \u0161koly a predklada\u0165 im svoje stanovisk\u00e1 a n\u00e1vrhy,<\/li><li>voli\u0165 z\u00e1stupcu \u017eiakov do rady \u0161koly, ak ide o stredn\u00fa \u0161kolu a stredn\u00fa \u0161kolu pre \u017eiakov so \u0161peci\u00e1lnymi v\u00fdchovno-vzdel\u00e1vac\u00edmi potrebami,<\/li><li>spolupracova\u0165 s obecn\u00fdm ml\u00e1de\u017en\u00edckym parlamentom a radou seniorov, ak s\u00fa v obci zriaden\u00e9,<\/li><li>odpor\u00fa\u010da\u0165 obecn\u00e9mu ml\u00e1de\u017en\u00edckemu parlamentu svojich \u010dlenov, ktor\u00ed m\u00f4\u017eu zastupova\u0165 \u0161kolu v obecnom ml\u00e1de\u017en\u00edckom parlamente, ak je v obci zriaden\u00fd,<\/li><li>prostredn\u00edctvom obecn\u00e9ho ml\u00e1de\u017en\u00edckeho parlamentu spolupracuje s \u010fal\u0161\u00edmi \u0161kolsk\u00fdmi parlamentmi,<\/li><li>podporuje rozvoj \u017eiakov podie\u013ean\u00edm sa na pr\u00edprave neform\u00e1lnych aktiv\u00edt a podujat\u00ed.<\/li><\/ul><p style=\"text-align: justify;\">\u0160kolsk\u00fd parlament sa sklad\u00e1 z\u00a05 a\u017e 17 \u010dlenov. \u017diaci sa st\u00e1vaj\u00fa \u010dlenmi \u0161kolsk\u00e9ho parlamentu prostredn\u00edctvom volieb. V\u00a0pr\u00edpade, ak sa na \u0161kole ustanovuje parlament prv\u00fdkr\u00e1t, po\u010det jeho \u010dlenov ur\u010dia t\u00ed, ktor\u00ed po\u017eaduj\u00fa jeho ustanovenie (rada \u0161koly alebo 30% \u017eiakov). V\u00a0pr\u00edpade \u010fal\u0161\u00edch volieb je po\u010det \u010dlenov ur\u010den\u00fd v\u00a0\u0161tat\u00fate \u0161kolsk\u00e9ho parlamentu, ktor\u00fd sa schva\u013euje na ustanovuj\u00facej sch\u00f4dzi.\u00a0<\/p><p style=\"text-align: justify;\">Zasadnutia \u0161kolsk\u00e9ho parlamentu zvol\u00e1va a\u00a0vedie predseda \u0161kolsk\u00e9ho parlamentu, ktor\u00fd je zvolen\u00fd na prvom zasadnut\u00ed tajn\u00fdm hlasovan\u00edm. Na zasadnut\u00ed \u0161kolsk\u00e9ho parlamentu sa z\u00fa\u010dast\u0148uje aj pedagogick\u00fd zamestnanec ur\u010den\u00fd riadite\u013eom \u0161koly, ktor\u00fd nem\u00e1 hlasovacie pr\u00e1vo. \u00dalohou ur\u010den\u00e9ho pedagogick\u00e9ho zamestnanca je dohliada\u0165 na riadny priebeh zasadnut\u00ed a dodr\u017eiavanie \u0161tat\u00fatu \u0161kolsk\u00e9ho parlamentu a informova\u0165 spolu s predsedom \u0161kolsk\u00e9ho parlamentu ved\u00facich zamestnancov \u0161koly o z\u00e1veroch zasadnutia \u0161kolsk\u00e9ho parlamentu (\u00a7 26 ods. 3 z\u00e1kona \u010d. 596\/2003).<\/p><p style=\"text-align: justify;\">Funk\u010dn\u00e9 obdobie predsedu a \u010dlenov \u0161kolsk\u00e9ho parlamentu ur\u010duje \u0161tat\u00fat \u0161kolsk\u00e9ho parlamentu. Funk\u010dn\u00e9 obdobie nesmie by\u0165 dlh\u0161ie ako 18 mesiacov (\u00a7 26 ods. 8 z\u00e1kona \u010d. 596\/2003).<\/p>\t\t\t\t\t\t\t\t<\/div>\n\t\t\t\t<\/div>\n\t\t\t\t\t<\/div>\n\t\t<\/div>\n\t\t\t\t\t<\/div>\n\t\t<\/section>\n\t\t\t\t\t<\/div>\n\t\t<\/div>\n\t\t\t\t\t<\/div>\n\t\t<\/section>\n\t\t\t\t<\/div>\n\t\t","protected":false},"excerpt":{"rendered":"<p>\u00daVOD DO EDUKA\u010cN\u00c9HO MANA\u017dMENTU \u0160kolsk\u00fd parlament Osobitn\u00fdm org\u00e1nom \u0161kolskej samospr\u00e1vy je \u0161kolsk\u00fd parlament, ktor\u00fd na rozdiel od predch\u00e1dzaj\u00facich reprezentuje z\u00e1ujmy \u017eiakov \u0161koly vo vz\u0165ahu k\u00a0riadite\u013eovi, ved\u00facim pedagogick\u00fdm zamestnancom, ved\u00facim odborn\u00fdm zamestnancom a\u00a0navonok. \u0160kolsk\u00fd parlament je fakultat\u00edvny org\u00e1n, teda jeho zriadenie nie je povinn\u00e9. Zria\u010fuje sa v\u00a0dvoch pr\u00edpadoch: 1. \u017eiados\u0165 o jeho ustanovenie pod\u00e1 riadite\u013eovi \u0161koly [&hellip;]<\/p>\n","protected":false},"author":3,"featured_media":0,"parent":0,"menu_order":0,"comment_status":"closed","ping_status":"closed","template":"","meta":{"footnotes":""},"class_list":["post-2956","page","type-page","status-publish","hentry"],"_links":{"self":[{"href":"https:\/\/e-ucebnice.ff.ucm.sk\/index.php\/wp-json\/wp\/v2\/pages\/2956","targetHints":{"allow":["GET"]}}],"collection":[{"href":"https:\/\/e-ucebnice.ff.ucm.sk\/index.php\/wp-json\/wp\/v2\/pages"}],"about":[{"href":"https:\/\/e-ucebnice.ff.ucm.sk\/index.php\/wp-json\/wp\/v2\/types\/page"}],"author":[{"embeddable":true,"href":"https:\/\/e-ucebnice.ff.ucm.sk\/index.php\/wp-json\/wp\/v2\/users\/3"}],"replies":[{"embeddable":true,"href":"https:\/\/e-ucebnice.ff.ucm.sk\/index.php\/wp-json\/wp\/v2\/comments?post=2956"}],"version-history":[{"count":4,"href":"https:\/\/e-ucebnice.ff.ucm.sk\/index.php\/wp-json\/wp\/v2\/pages\/2956\/revisions"}],"predecessor-version":[{"id":2993,"href":"https:\/\/e-ucebnice.ff.ucm.sk\/index.php\/wp-json\/wp\/v2\/pages\/2956\/revisions\/2993"}],"wp:attachment":[{"href":"https:\/\/e-ucebnice.ff.ucm.sk\/index.php\/wp-json\/wp\/v2\/media?parent=2956"}],"curies":[{"name":"wp","href":"https:\/\/api.w.org\/{rel}","templated":true}]}}