{"id":2960,"date":"2023-03-04T10:36:55","date_gmt":"2023-03-04T09:36:55","guid":{"rendered":"https:\/\/e-ucebnice.ff.ucm.sk\/?page_id=2960"},"modified":"2023-03-04T11:01:47","modified_gmt":"2023-03-04T10:01:47","slug":"uvod-do-eduk-man-5-4","status":"publish","type":"page","link":"https:\/\/e-ucebnice.ff.ucm.sk\/index.php\/uvod-do-eduk-man-5-4\/","title":{"rendered":"\u00davod do eduk man-5-4"},"content":{"rendered":"\t\t<div data-elementor-type=\"wp-page\" data-elementor-id=\"2960\" class=\"elementor elementor-2960\" data-elementor-post-type=\"page\">\n\t\t\t\t\t\t<section class=\"elementor-section elementor-top-section elementor-element elementor-element-6f672ed elementor-section-height-min-height elementor-section-boxed elementor-section-height-default elementor-section-items-middle\" data-id=\"6f672ed\" data-element_type=\"section\" data-settings=\"{&quot;background_background&quot;:&quot;classic&quot;}\">\n\t\t\t\t\t\t\t<div class=\"elementor-background-overlay\"><\/div>\n\t\t\t\t\t\t\t<div class=\"elementor-container elementor-column-gap-default\">\n\t\t\t\t\t<div class=\"elementor-column elementor-col-100 elementor-top-column elementor-element elementor-element-bbeb470\" data-id=\"bbeb470\" data-element_type=\"column\">\n\t\t\t<div class=\"elementor-widget-wrap elementor-element-populated\">\n\t\t\t\t\t\t<div class=\"elementor-element elementor-element-d82f1ef elementor-widget elementor-widget-heading\" data-id=\"d82f1ef\" data-element_type=\"widget\" data-widget_type=\"heading.default\">\n\t\t\t\t<div class=\"elementor-widget-container\">\n\t\t\t\t\t<h1 class=\"elementor-heading-title elementor-size-default\">\u00daVOD DO EDUKA\u010cN\u00c9HO MANA\u017dMENTU <\/h1>\t\t\t\t<\/div>\n\t\t\t\t<\/div>\n\t\t\t\t\t<\/div>\n\t\t<\/div>\n\t\t\t\t\t<\/div>\n\t\t<\/section>\n\t\t\t\t<section class=\"elementor-section elementor-top-section elementor-element elementor-element-2858d6f elementor-section-boxed elementor-section-height-default elementor-section-height-default\" data-id=\"2858d6f\" data-element_type=\"section\">\n\t\t\t\t\t\t<div class=\"elementor-container elementor-column-gap-default\">\n\t\t\t\t\t<div class=\"elementor-column elementor-col-100 elementor-top-column elementor-element elementor-element-e63bd34\" data-id=\"e63bd34\" data-element_type=\"column\">\n\t\t\t<div class=\"elementor-widget-wrap elementor-element-populated\">\n\t\t\t\t\t\t<section class=\"elementor-section elementor-inner-section elementor-element elementor-element-0b79421 elementor-section-boxed elementor-section-height-default elementor-section-height-default\" data-id=\"0b79421\" data-element_type=\"section\">\n\t\t\t\t\t\t<div class=\"elementor-container elementor-column-gap-default\">\n\t\t\t\t\t<div class=\"elementor-column elementor-col-100 elementor-inner-column elementor-element elementor-element-bb0ded5\" data-id=\"bb0ded5\" data-element_type=\"column\">\n\t\t\t<div class=\"elementor-widget-wrap elementor-element-populated\">\n\t\t\t\t\t\t<div class=\"elementor-element elementor-element-759b076 elementor-widget elementor-widget-heading\" data-id=\"759b076\" data-element_type=\"widget\" data-widget_type=\"heading.default\">\n\t\t\t\t<div class=\"elementor-widget-container\">\n\t\t\t\t\t<h3 class=\"elementor-heading-title elementor-size-default\">Literat\u00fara<\/h3>\t\t\t\t<\/div>\n\t\t\t\t<\/div>\n\t\t\t\t<div class=\"elementor-element elementor-element-5aa9d5d elementor-widget elementor-widget-text-editor\" data-id=\"5aa9d5d\" data-element_type=\"widget\" data-widget_type=\"text-editor.default\">\n\t\t\t\t<div class=\"elementor-widget-container\">\n\t\t\t\t\t\t\t\t\t<p>Vyhl\u00e1\u0161ka Ministerstva \u0161kolstva Slovenskej republiky \u010d. 291\/2004, ktorou sa ur\u010duj\u00fa podrobnosti o sp\u00f4sobe ustanovenia org\u00e1nov \u0161kolskej samospr\u00e1vy, o ich zlo\u017een\u00ed, o ich organiza\u010dnom a finan\u010dnom zabezpe\u010den\u00ed.<\/p>\n<p>Z\u00e1kon \u010d. 596\/2003 o \u0161t\u00e1tnej spr\u00e1ve v \u0161kolstve a \u0161kolskej samospr\u00e1ve a o zmene a doplnen\u00ed niektor\u00fdch z\u00e1konov.<\/p>\n<p>DROT\u00c1R, M. 2022. <em>Z\u00e1kon o \u0161t\u00e1tnej spr\u00e1ve v \u0161kolstve a \u0161kolskej samospr\u00e1ve, Koment\u00e1r<\/em>. Bratislava: Wolters Kluwer SR s.r.o. ISBN 978-80-571-0479-7.<\/p>\n<p>STANISLAVOV\u00c1, M.: <em>Rada \u0161koly, \u0160kolsk\u00e1 samospr\u00e1va. Bratislava<\/em>: Wolters Kluwer SR s.r.o. ISBN 978-80-571-0191-8.<\/p>\n<p>VEVERKOV\u00c1, I. 2014. <em>Z\u00e1kladn\u00e1 \u0161kola. Organiz\u00e1cia a mana\u017ement<\/em>. Bratislava: Wolters Kluwer. ISBN 978-80-8168-101-1.<\/p>\n<p>VEVERKOV\u00c1, I. 2015. <em>Stredn\u00e1 \u0161kola. Organiz\u00e1cia a mana\u017ement<\/em>. Bratislava: Wolters Kluwer. ISBN 978-80-8168-203-2.<\/p>\t\t\t\t\t\t\t\t<\/div>\n\t\t\t\t<\/div>\n\t\t\t\t\t<\/div>\n\t\t<\/div>\n\t\t\t\t\t<\/div>\n\t\t<\/section>\n\t\t\t\t\t<\/div>\n\t\t<\/div>\n\t\t\t\t\t<\/div>\n\t\t<\/section>\n\t\t\t\t<\/div>\n\t\t","protected":false},"excerpt":{"rendered":"<p>\u00daVOD DO EDUKA\u010cN\u00c9HO MANA\u017dMENTU Literat\u00fara Vyhl\u00e1\u0161ka Ministerstva \u0161kolstva Slovenskej republiky \u010d. 291\/2004, ktorou sa ur\u010duj\u00fa podrobnosti o sp\u00f4sobe ustanovenia org\u00e1nov \u0161kolskej samospr\u00e1vy, o ich zlo\u017een\u00ed, o ich organiza\u010dnom a finan\u010dnom zabezpe\u010den\u00ed. Z\u00e1kon \u010d. 596\/2003 o \u0161t\u00e1tnej spr\u00e1ve v \u0161kolstve a \u0161kolskej samospr\u00e1ve a o zmene a doplnen\u00ed niektor\u00fdch z\u00e1konov. DROT\u00c1R, M. 2022. Z\u00e1kon o \u0161t\u00e1tnej [&hellip;]<\/p>\n","protected":false},"author":3,"featured_media":0,"parent":0,"menu_order":0,"comment_status":"closed","ping_status":"closed","template":"","meta":{"footnotes":""},"class_list":["post-2960","page","type-page","status-publish","hentry"],"_links":{"self":[{"href":"https:\/\/e-ucebnice.ff.ucm.sk\/index.php\/wp-json\/wp\/v2\/pages\/2960","targetHints":{"allow":["GET"]}}],"collection":[{"href":"https:\/\/e-ucebnice.ff.ucm.sk\/index.php\/wp-json\/wp\/v2\/pages"}],"about":[{"href":"https:\/\/e-ucebnice.ff.ucm.sk\/index.php\/wp-json\/wp\/v2\/types\/page"}],"author":[{"embeddable":true,"href":"https:\/\/e-ucebnice.ff.ucm.sk\/index.php\/wp-json\/wp\/v2\/users\/3"}],"replies":[{"embeddable":true,"href":"https:\/\/e-ucebnice.ff.ucm.sk\/index.php\/wp-json\/wp\/v2\/comments?post=2960"}],"version-history":[{"count":4,"href":"https:\/\/e-ucebnice.ff.ucm.sk\/index.php\/wp-json\/wp\/v2\/pages\/2960\/revisions"}],"predecessor-version":[{"id":2999,"href":"https:\/\/e-ucebnice.ff.ucm.sk\/index.php\/wp-json\/wp\/v2\/pages\/2960\/revisions\/2999"}],"wp:attachment":[{"href":"https:\/\/e-ucebnice.ff.ucm.sk\/index.php\/wp-json\/wp\/v2\/media?parent=2960"}],"curies":[{"name":"wp","href":"https:\/\/api.w.org\/{rel}","templated":true}]}}