{"id":2966,"date":"2023-03-04T10:38:38","date_gmt":"2023-03-04T09:38:38","guid":{"rendered":"https:\/\/e-ucebnice.ff.ucm.sk\/?page_id=2966"},"modified":"2023-03-04T10:56:15","modified_gmt":"2023-03-04T09:56:15","slug":"uvod-do-eduk-man-5-1-3","status":"publish","type":"page","link":"https:\/\/e-ucebnice.ff.ucm.sk\/index.php\/uvod-do-eduk-man-5-1-3\/","title":{"rendered":"\u00davod do eduk man-5-1-3"},"content":{"rendered":"\t\t<div data-elementor-type=\"wp-page\" data-elementor-id=\"2966\" class=\"elementor elementor-2966\" data-elementor-post-type=\"page\">\n\t\t\t\t\t\t<section class=\"elementor-section elementor-top-section elementor-element elementor-element-6f672ed elementor-section-height-min-height elementor-section-boxed elementor-section-height-default elementor-section-items-middle\" data-id=\"6f672ed\" data-element_type=\"section\" data-settings=\"{&quot;background_background&quot;:&quot;classic&quot;}\">\n\t\t\t\t\t\t\t<div class=\"elementor-background-overlay\"><\/div>\n\t\t\t\t\t\t\t<div class=\"elementor-container elementor-column-gap-default\">\n\t\t\t\t\t<div class=\"elementor-column elementor-col-100 elementor-top-column elementor-element elementor-element-bbeb470\" data-id=\"bbeb470\" data-element_type=\"column\">\n\t\t\t<div class=\"elementor-widget-wrap elementor-element-populated\">\n\t\t\t\t\t\t<div class=\"elementor-element elementor-element-d82f1ef elementor-widget elementor-widget-heading\" data-id=\"d82f1ef\" data-element_type=\"widget\" data-widget_type=\"heading.default\">\n\t\t\t\t<div class=\"elementor-widget-container\">\n\t\t\t\t\t<h1 class=\"elementor-heading-title elementor-size-default\">\u00daVOD DO EDUKA\u010cN\u00c9HO MANA\u017dMENTU <\/h1>\t\t\t\t<\/div>\n\t\t\t\t<\/div>\n\t\t\t\t\t<\/div>\n\t\t<\/div>\n\t\t\t\t\t<\/div>\n\t\t<\/section>\n\t\t\t\t<section class=\"elementor-section elementor-top-section elementor-element elementor-element-2858d6f elementor-section-boxed elementor-section-height-default elementor-section-height-default\" data-id=\"2858d6f\" data-element_type=\"section\">\n\t\t\t\t\t\t<div class=\"elementor-container elementor-column-gap-default\">\n\t\t\t\t\t<div class=\"elementor-column elementor-col-100 elementor-top-column elementor-element elementor-element-e63bd34\" data-id=\"e63bd34\" data-element_type=\"column\">\n\t\t\t<div class=\"elementor-widget-wrap elementor-element-populated\">\n\t\t\t\t\t\t<section class=\"elementor-section elementor-inner-section elementor-element elementor-element-0b79421 elementor-section-boxed elementor-section-height-default elementor-section-height-default\" data-id=\"0b79421\" data-element_type=\"section\">\n\t\t\t\t\t\t<div class=\"elementor-container elementor-column-gap-default\">\n\t\t\t\t\t<div class=\"elementor-column elementor-col-100 elementor-inner-column elementor-element elementor-element-bb0ded5\" data-id=\"bb0ded5\" data-element_type=\"column\">\n\t\t\t<div class=\"elementor-widget-wrap elementor-element-populated\">\n\t\t\t\t\t\t<div class=\"elementor-element elementor-element-759b076 elementor-widget elementor-widget-heading\" data-id=\"759b076\" data-element_type=\"widget\" data-widget_type=\"heading.default\">\n\t\t\t\t<div class=\"elementor-widget-container\">\n\t\t\t\t\t<h3 class=\"elementor-heading-title elementor-size-default\">\u00dazemn\u00e1 \u0161kolsk\u00e1 rada<\/h3>\t\t\t\t<\/div>\n\t\t\t\t<\/div>\n\t\t\t\t<div class=\"elementor-element elementor-element-5aa9d5d elementor-widget elementor-widget-text-editor\" data-id=\"5aa9d5d\" data-element_type=\"widget\" data-widget_type=\"text-editor.default\">\n\t\t\t\t<div class=\"elementor-widget-container\">\n\t\t\t\t\t\t\t\t\t<p style=\"text-align: justify;\">\u00dazemn\u00e1 \u0161kolsk\u00e1 rada je samospr\u00e1vnym org\u00e1nom, ktor\u00fd sa zria\u010fuje v\u00a0\u00fazemnej p\u00f4sobnosti samospr\u00e1vneho kraja.<\/p><p style=\"text-align: justify;\">Medzi z\u00e1konn\u00e9 kompetencie obecnej \u0161kolskej rady patr\u00ed vyjadrova\u0165 sa k (\u00a7 24 ods. 10 z\u00e1kona \u010d. 596\/2003):<\/p><ul style=\"text-align: justify;\"><li>k \u010dinnosti pr\u00edslu\u0161n\u00e9ho region\u00e1lneho \u00faradu,<\/li><li>k \u010dinnosti org\u00e1nov pr\u00edslu\u0161n\u00e9ho samospr\u00e1vneho kraja na \u00faseku \u0161kolstva,<\/li><li>ku koncepcii rozvoja \u0161k\u00f4l a \u0161kolsk\u00fdch zariaden\u00ed v \u00fazemnej p\u00f4sobnosti samospr\u00e1vneho kraja,<\/li><li>k rozpisu finan\u010dn\u00fdch prostriedkov poskytnut\u00fdch \u0161kol\u00e1m a \u0161kolsk\u00fdm zariadeniam zriaden\u00fdm na \u00fazem\u00ed samospr\u00e1vneho kraja z prostriedkov \u0161t\u00e1tneho rozpo\u010dtu a materi\u00e1lnym podmienkam na \u010dinnos\u0165 \u0161k\u00f4l a \u0161kolsk\u00fdch zariaden\u00ed zriaden\u00fdch samospr\u00e1vnym krajom alebo region\u00e1lnym \u00faradom,<\/li><li>k person\u00e1lnym a soci\u00e1lnym podmienkam zamestnancov \u0161k\u00f4l a \u0161kolsk\u00fdch zariaden\u00ed,<\/li><li>k po\u017eiadavk\u00e1m samospr\u00e1vneho kraja na skvalitnenie starostlivosti a v\u00fdchovno-vzdel\u00e1vac\u00edch slu\u017eieb poskytovan\u00fdch v \u0161kol\u00e1ch alebo v \u0161kolsk\u00fdch zariadeniach a k sp\u00f4sobu \u00fahrady n\u00e1kladov zv\u00fd\u0161en\u00fdch z tohto d\u00f4vodu,<\/li><li>k n\u00e1vrhom na zavedenie \u0161tudijn\u00fdch a u\u010debn\u00fdch odborov a zameran\u00ed,<\/li><li>k spr\u00e1ve o v\u00fdsledkoch v\u00fdchovno-vzdel\u00e1vacieho procesu v \u0161kol\u00e1ch a v \u0161kolsk\u00fdch zariadeniach.<\/li><\/ul><p style=\"text-align: justify;\">Za ustanovenie \u00fazemnej \u0161kolskej rady je zodpovedn\u00fd samospr\u00e1vny kraj. Z\u00e1konn\u00fd po\u010det \u010dlenov \u00fazemnej \u0161kolskej rady je 11, to v nasledovnom zlo\u017een\u00ed (\u00a7 25 ods. 10 z\u00e1kona \u010d. 596\/2003):<\/p><ul style=\"text-align: justify;\"><li>traja zvolen\u00ed z\u00e1stupcovia z riadite\u013eov,<\/li><li>dvaja zvolen\u00ed z\u00e1stupcovia z\u00a0rodi\u010dov,<\/li><li>\u0161tyria zvolen\u00ed z\u00e1stupcovia z predsedov r\u00e1d \u0161k\u00f4l a \u0161kolsk\u00fdch zariaden\u00ed, ktor\u00fdch zria\u010fovate\u013eom je region\u00e1lny \u00farad alebo samospr\u00e1vny kraj,<\/li><li>jeden delegovan\u00fd z\u00e1stupca samospr\u00e1vneho kraja a<\/li><li>jeden delegovan\u00fd z\u00e1stupca region\u00e1lneho \u00faradu.<\/li><\/ul><p style=\"text-align: justify;\">\u00a0<\/p>\t\t\t\t\t\t\t\t<\/div>\n\t\t\t\t<\/div>\n\t\t\t\t\t<\/div>\n\t\t<\/div>\n\t\t\t\t\t<\/div>\n\t\t<\/section>\n\t\t\t\t\t<\/div>\n\t\t<\/div>\n\t\t\t\t\t<\/div>\n\t\t<\/section>\n\t\t\t\t<\/div>\n\t\t","protected":false},"excerpt":{"rendered":"<p>\u00daVOD DO EDUKA\u010cN\u00c9HO MANA\u017dMENTU \u00dazemn\u00e1 \u0161kolsk\u00e1 rada \u00dazemn\u00e1 \u0161kolsk\u00e1 rada je samospr\u00e1vnym org\u00e1nom, ktor\u00fd sa zria\u010fuje v\u00a0\u00fazemnej p\u00f4sobnosti samospr\u00e1vneho kraja. Medzi z\u00e1konn\u00e9 kompetencie obecnej \u0161kolskej rady patr\u00ed vyjadrova\u0165 sa k (\u00a7 24 ods. 10 z\u00e1kona \u010d. 596\/2003): k \u010dinnosti pr\u00edslu\u0161n\u00e9ho region\u00e1lneho \u00faradu, k \u010dinnosti org\u00e1nov pr\u00edslu\u0161n\u00e9ho samospr\u00e1vneho kraja na \u00faseku \u0161kolstva, ku koncepcii rozvoja \u0161k\u00f4l [&hellip;]<\/p>\n","protected":false},"author":3,"featured_media":0,"parent":0,"menu_order":0,"comment_status":"closed","ping_status":"closed","template":"","meta":{"footnotes":""},"class_list":["post-2966","page","type-page","status-publish","hentry"],"_links":{"self":[{"href":"https:\/\/e-ucebnice.ff.ucm.sk\/index.php\/wp-json\/wp\/v2\/pages\/2966","targetHints":{"allow":["GET"]}}],"collection":[{"href":"https:\/\/e-ucebnice.ff.ucm.sk\/index.php\/wp-json\/wp\/v2\/pages"}],"about":[{"href":"https:\/\/e-ucebnice.ff.ucm.sk\/index.php\/wp-json\/wp\/v2\/types\/page"}],"author":[{"embeddable":true,"href":"https:\/\/e-ucebnice.ff.ucm.sk\/index.php\/wp-json\/wp\/v2\/users\/3"}],"replies":[{"embeddable":true,"href":"https:\/\/e-ucebnice.ff.ucm.sk\/index.php\/wp-json\/wp\/v2\/comments?post=2966"}],"version-history":[{"count":4,"href":"https:\/\/e-ucebnice.ff.ucm.sk\/index.php\/wp-json\/wp\/v2\/pages\/2966\/revisions"}],"predecessor-version":[{"id":2990,"href":"https:\/\/e-ucebnice.ff.ucm.sk\/index.php\/wp-json\/wp\/v2\/pages\/2966\/revisions\/2990"}],"wp:attachment":[{"href":"https:\/\/e-ucebnice.ff.ucm.sk\/index.php\/wp-json\/wp\/v2\/media?parent=2966"}],"curies":[{"name":"wp","href":"https:\/\/api.w.org\/{rel}","templated":true}]}}