{"id":3002,"date":"2023-03-04T11:03:57","date_gmt":"2023-03-04T10:03:57","guid":{"rendered":"https:\/\/e-ucebnice.ff.ucm.sk\/?page_id=3002"},"modified":"2023-03-04T11:16:07","modified_gmt":"2023-03-04T10:16:07","slug":"uvod-do-eduk-man-6-2","status":"publish","type":"page","link":"https:\/\/e-ucebnice.ff.ucm.sk\/index.php\/uvod-do-eduk-man-6-2\/","title":{"rendered":"\u00davod do eduk man-6-2"},"content":{"rendered":"\t\t<div data-elementor-type=\"wp-page\" data-elementor-id=\"3002\" class=\"elementor elementor-3002\" data-elementor-post-type=\"page\">\n\t\t\t\t\t\t<section class=\"elementor-section elementor-top-section elementor-element elementor-element-6f672ed elementor-section-height-min-height elementor-section-boxed elementor-section-height-default elementor-section-items-middle\" data-id=\"6f672ed\" data-element_type=\"section\" data-settings=\"{&quot;background_background&quot;:&quot;classic&quot;}\">\n\t\t\t\t\t\t\t<div class=\"elementor-background-overlay\"><\/div>\n\t\t\t\t\t\t\t<div class=\"elementor-container elementor-column-gap-default\">\n\t\t\t\t\t<div class=\"elementor-column elementor-col-100 elementor-top-column elementor-element elementor-element-bbeb470\" data-id=\"bbeb470\" data-element_type=\"column\">\n\t\t\t<div class=\"elementor-widget-wrap elementor-element-populated\">\n\t\t\t\t\t\t<div class=\"elementor-element elementor-element-d82f1ef elementor-widget elementor-widget-heading\" data-id=\"d82f1ef\" data-element_type=\"widget\" data-widget_type=\"heading.default\">\n\t\t\t\t<div class=\"elementor-widget-container\">\n\t\t\t\t\t<h1 class=\"elementor-heading-title elementor-size-default\">\u00daVOD DO EDUKA\u010cN\u00c9HO MANA\u017dMENTU <\/h1>\t\t\t\t<\/div>\n\t\t\t\t<\/div>\n\t\t\t\t\t<\/div>\n\t\t<\/div>\n\t\t\t\t\t<\/div>\n\t\t<\/section>\n\t\t\t\t<section class=\"elementor-section elementor-top-section elementor-element elementor-element-2858d6f elementor-section-boxed elementor-section-height-default elementor-section-height-default\" data-id=\"2858d6f\" data-element_type=\"section\">\n\t\t\t\t\t\t<div class=\"elementor-container elementor-column-gap-default\">\n\t\t\t\t\t<div class=\"elementor-column elementor-col-100 elementor-top-column elementor-element elementor-element-e63bd34\" data-id=\"e63bd34\" data-element_type=\"column\">\n\t\t\t<div class=\"elementor-widget-wrap elementor-element-populated\">\n\t\t\t\t\t\t<section class=\"elementor-section elementor-inner-section elementor-element elementor-element-0b79421 elementor-section-boxed elementor-section-height-default elementor-section-height-default\" data-id=\"0b79421\" data-element_type=\"section\">\n\t\t\t\t\t\t<div class=\"elementor-container elementor-column-gap-default\">\n\t\t\t\t\t<div class=\"elementor-column elementor-col-100 elementor-inner-column elementor-element elementor-element-bb0ded5\" data-id=\"bb0ded5\" data-element_type=\"column\">\n\t\t\t<div class=\"elementor-widget-wrap elementor-element-populated\">\n\t\t\t\t\t\t<div class=\"elementor-element elementor-element-759b076 elementor-widget elementor-widget-heading\" data-id=\"759b076\" data-element_type=\"widget\" data-widget_type=\"heading.default\">\n\t\t\t\t<div class=\"elementor-widget-container\">\n\t\t\t\t\t<h3 class=\"elementor-heading-title elementor-size-default\">Metodick\u00e9 zdru\u017eenie<\/h3>\t\t\t\t<\/div>\n\t\t\t\t<\/div>\n\t\t\t\t<div class=\"elementor-element elementor-element-5aa9d5d elementor-widget elementor-widget-text-editor\" data-id=\"5aa9d5d\" data-element_type=\"widget\" data-widget_type=\"text-editor.default\">\n\t\t\t\t<div class=\"elementor-widget-container\">\n\t\t\t\t\t\t\t\t\t<p style=\"text-align: justify;\">Metodick\u00e9 zdru\u017eenie je \u0161pecifick\u00fdm poradn\u00fdm org\u00e1nom riadite\u013ea, preto\u017ee sa zria\u010fuje spravidla na prvom stupni z\u00e1kladnej \u0161koly (1.- 4. ro\u010dn\u00edk). Av\u0161ak \u010dlenovia metodick\u00e9ho zdru\u017eenia sa m\u00f4\u017eu organizova\u0165 aj na inom stupni vzdel\u00e1vania, na ktorom eduka\u010dne p\u00f4sobia.<\/p><p style=\"text-align: justify;\">Vznik\u00e1 na z\u00e1klade rozhodnutia riadite\u013ea \u0161koly s\u00a0cie\u013eom plni\u0165 vecn\u00e9 \u00falohy a\u00a0realizova\u0165 ciele v\u00fdchovy a\u00a0vzdel\u00e1vania. Vytv\u00e1ra sa v\u00a0z\u00e1vislosti od po\u010dtu u\u010dite\u013eov vyu\u010duj\u00facich na danom stupni \u0161koly a\u00a0v\u00a0z\u00e1vislosti od mo\u017enost\u00ed a\u00a0podmienok \u0161koly. M\u00e1 svojho ved\u00faceho, ktor\u00e9ho poveruje riadite\u013e \u0161koly (OBDR\u017d\u00c1LEK, HORV\u00c1THOV\u00c1 a\u00a0kol., 2004, 186). \u010clenmi s\u00fa v\u0161etci pedagogick\u00ed zamestnanci 1. a\u017e 4. ro\u010dn\u00edka, vr\u00e1tane asistentov u\u010dite\u013ea, ak na 1. stupni p\u00f4sobia.<\/p><p style=\"text-align: justify;\">Metodick\u00e9 zdru\u017eenie na z\u00e1kladnej \u0161kole m\u00e1 predov\u0161etk\u00fdm nasledovn\u00e9 \u00falohy (VEVERKOV\u00c1, 2014, 71-72):<\/p><ul><li style=\"text-align: justify;\">sledova\u0165 pedagogicko-organiza\u010dn\u00e9 pokyny ministerstva pre \u0161koly a\u00a0\u0161kolsk\u00e9 zariadenia na dan\u00fd \u0161kolsk\u00fd rok, a\u00a0tieto premietnu\u0165 do pl\u00e1nov \u010dinnosti metodick\u00e9ho zdru\u017eenia a\u00a0dodr\u017eiava\u0165 ich,<\/li><li style=\"text-align: justify;\">z\u00fa\u010dast\u0148ova\u0165 sa na odbornom pedagogickom riaden\u00ed z\u00e1kladnej \u0161koly,<\/li><li style=\"text-align: justify;\">prij\u00edma\u0165 vlastn\u00e9 opatrenia na zabezpe\u010denie plnenia cie\u013eov a\u00a0\u00faloh pl\u00e1nu pr\u00e1ce z\u00e1kladnej \u0161koly,<\/li><li style=\"text-align: justify;\">poskytova\u0165 odborn\u00fa pomoc za\u010d\u00ednaj\u00facim u\u010dite\u013eom v\u00a0r\u00e1mci adapta\u010dn\u00e9ho vzdel\u00e1vania,<\/li><li style=\"text-align: justify;\">poskytova\u0165 odborn\u00fa pomoc pri pr\u00edprave intern\u00fdch projektov z\u00e1kladn\u00e9 \u0161koly,<\/li><li style=\"text-align: justify;\">poskytova\u0165 odborn\u00fa pomoc pri pr\u00edprave prezenta\u010dn\u00fdch materi\u00e1lov z\u00e1kladnej \u0161koly,<\/li><li style=\"text-align: justify;\">predklada\u0165 iniciat\u00edvne n\u00e1vrhy na rie\u0161enie odborn\u00fdch pedagogick\u00fdch probl\u00e9mov,<\/li><li style=\"text-align: justify;\">prerok\u00fava\u0165 a\u00a0posudzova\u0165 n\u00e1vrhy na skvalitnenie v\u00fdchovy a\u00a0vzdel\u00e1vania v\u00a0z\u00e1kladnej \u0161kole,<\/li><li style=\"text-align: justify;\">hodnoti\u0165 v\u00fdchovno-vzdel\u00e1vacie v\u00fdsledky \u017eiakov z\u00e1kladnej \u0161koly,<\/li><li style=\"text-align: justify;\">sledova\u0165 \u00farove\u0148 materi\u00e1lno-technick\u00e9ho vybavenia z\u00e1kladnej \u0161koly,<\/li><li style=\"text-align: justify;\">vies\u0165 a archivova\u0165 dokument\u00e1ciu do zasadnut\u00ed metodick\u00e9ho zdru\u017eenia.<\/li><\/ul>\t\t\t\t\t\t\t\t<\/div>\n\t\t\t\t<\/div>\n\t\t\t\t\t<\/div>\n\t\t<\/div>\n\t\t\t\t\t<\/div>\n\t\t<\/section>\n\t\t\t\t\t<\/div>\n\t\t<\/div>\n\t\t\t\t\t<\/div>\n\t\t<\/section>\n\t\t\t\t<\/div>\n\t\t","protected":false},"excerpt":{"rendered":"<p>\u00daVOD DO EDUKA\u010cN\u00c9HO MANA\u017dMENTU Metodick\u00e9 zdru\u017eenie Metodick\u00e9 zdru\u017eenie je \u0161pecifick\u00fdm poradn\u00fdm org\u00e1nom riadite\u013ea, preto\u017ee sa zria\u010fuje spravidla na prvom stupni z\u00e1kladnej \u0161koly (1.- 4. ro\u010dn\u00edk). Av\u0161ak \u010dlenovia metodick\u00e9ho zdru\u017eenia sa m\u00f4\u017eu organizova\u0165 aj na inom stupni vzdel\u00e1vania, na ktorom eduka\u010dne p\u00f4sobia. Vznik\u00e1 na z\u00e1klade rozhodnutia riadite\u013ea \u0161koly s\u00a0cie\u013eom plni\u0165 vecn\u00e9 \u00falohy a\u00a0realizova\u0165 ciele v\u00fdchovy a\u00a0vzdel\u00e1vania. [&hellip;]<\/p>\n","protected":false},"author":3,"featured_media":0,"parent":0,"menu_order":0,"comment_status":"closed","ping_status":"closed","template":"","meta":{"footnotes":""},"class_list":["post-3002","page","type-page","status-publish","hentry"],"_links":{"self":[{"href":"https:\/\/e-ucebnice.ff.ucm.sk\/index.php\/wp-json\/wp\/v2\/pages\/3002","targetHints":{"allow":["GET"]}}],"collection":[{"href":"https:\/\/e-ucebnice.ff.ucm.sk\/index.php\/wp-json\/wp\/v2\/pages"}],"about":[{"href":"https:\/\/e-ucebnice.ff.ucm.sk\/index.php\/wp-json\/wp\/v2\/types\/page"}],"author":[{"embeddable":true,"href":"https:\/\/e-ucebnice.ff.ucm.sk\/index.php\/wp-json\/wp\/v2\/users\/3"}],"replies":[{"embeddable":true,"href":"https:\/\/e-ucebnice.ff.ucm.sk\/index.php\/wp-json\/wp\/v2\/comments?post=3002"}],"version-history":[{"count":4,"href":"https:\/\/e-ucebnice.ff.ucm.sk\/index.php\/wp-json\/wp\/v2\/pages\/3002\/revisions"}],"predecessor-version":[{"id":3030,"href":"https:\/\/e-ucebnice.ff.ucm.sk\/index.php\/wp-json\/wp\/v2\/pages\/3002\/revisions\/3030"}],"wp:attachment":[{"href":"https:\/\/e-ucebnice.ff.ucm.sk\/index.php\/wp-json\/wp\/v2\/media?parent=3002"}],"curies":[{"name":"wp","href":"https:\/\/api.w.org\/{rel}","templated":true}]}}