{"id":3004,"date":"2023-03-04T11:04:20","date_gmt":"2023-03-04T10:04:20","guid":{"rendered":"https:\/\/e-ucebnice.ff.ucm.sk\/?page_id=3004"},"modified":"2023-03-04T11:17:08","modified_gmt":"2023-03-04T10:17:08","slug":"uvod-do-eduk-man-6-3","status":"publish","type":"page","link":"https:\/\/e-ucebnice.ff.ucm.sk\/index.php\/uvod-do-eduk-man-6-3\/","title":{"rendered":"\u00davod do eduk man-6-3"},"content":{"rendered":"\t\t<div data-elementor-type=\"wp-page\" data-elementor-id=\"3004\" class=\"elementor elementor-3004\" data-elementor-post-type=\"page\">\n\t\t\t\t\t\t<section class=\"elementor-section elementor-top-section elementor-element elementor-element-6f672ed elementor-section-height-min-height elementor-section-boxed elementor-section-height-default elementor-section-items-middle\" data-id=\"6f672ed\" data-element_type=\"section\" data-settings=\"{&quot;background_background&quot;:&quot;classic&quot;}\">\n\t\t\t\t\t\t\t<div class=\"elementor-background-overlay\"><\/div>\n\t\t\t\t\t\t\t<div class=\"elementor-container elementor-column-gap-default\">\n\t\t\t\t\t<div class=\"elementor-column elementor-col-100 elementor-top-column elementor-element elementor-element-bbeb470\" data-id=\"bbeb470\" data-element_type=\"column\">\n\t\t\t<div class=\"elementor-widget-wrap elementor-element-populated\">\n\t\t\t\t\t\t<div class=\"elementor-element elementor-element-d82f1ef elementor-widget elementor-widget-heading\" data-id=\"d82f1ef\" data-element_type=\"widget\" data-widget_type=\"heading.default\">\n\t\t\t\t<div class=\"elementor-widget-container\">\n\t\t\t\t\t<h1 class=\"elementor-heading-title elementor-size-default\">\u00daVOD DO EDUKA\u010cN\u00c9HO MANA\u017dMENTU <\/h1>\t\t\t\t<\/div>\n\t\t\t\t<\/div>\n\t\t\t\t\t<\/div>\n\t\t<\/div>\n\t\t\t\t\t<\/div>\n\t\t<\/section>\n\t\t\t\t<section class=\"elementor-section elementor-top-section elementor-element elementor-element-2858d6f elementor-section-boxed elementor-section-height-default elementor-section-height-default\" data-id=\"2858d6f\" data-element_type=\"section\">\n\t\t\t\t\t\t<div class=\"elementor-container elementor-column-gap-default\">\n\t\t\t\t\t<div class=\"elementor-column elementor-col-100 elementor-top-column elementor-element elementor-element-e63bd34\" data-id=\"e63bd34\" data-element_type=\"column\">\n\t\t\t<div class=\"elementor-widget-wrap elementor-element-populated\">\n\t\t\t\t\t\t<section class=\"elementor-section elementor-inner-section elementor-element elementor-element-0b79421 elementor-section-boxed elementor-section-height-default elementor-section-height-default\" data-id=\"0b79421\" data-element_type=\"section\">\n\t\t\t\t\t\t<div class=\"elementor-container elementor-column-gap-default\">\n\t\t\t\t\t<div class=\"elementor-column elementor-col-100 elementor-inner-column elementor-element elementor-element-bb0ded5\" data-id=\"bb0ded5\" data-element_type=\"column\">\n\t\t\t<div class=\"elementor-widget-wrap elementor-element-populated\">\n\t\t\t\t\t\t<div class=\"elementor-element elementor-element-759b076 elementor-widget elementor-widget-heading\" data-id=\"759b076\" data-element_type=\"widget\" data-widget_type=\"heading.default\">\n\t\t\t\t<div class=\"elementor-widget-container\">\n\t\t\t\t\t<h3 class=\"elementor-heading-title elementor-size-default\">Predmetov\u00e1 a metodick\u00e1 komisia<\/h3>\t\t\t\t<\/div>\n\t\t\t\t<\/div>\n\t\t\t\t<div class=\"elementor-element elementor-element-5aa9d5d elementor-widget elementor-widget-text-editor\" data-id=\"5aa9d5d\" data-element_type=\"widget\" data-widget_type=\"text-editor.default\">\n\t\t\t\t<div class=\"elementor-widget-container\">\n\t\t\t\t\t\t\t\t\t<p style=\"text-align: justify;\">Predmetov\u00e1 komisia a\u00a0metodick\u00e1 komisia je podobne ako metodick\u00e9 zdru\u017eenie poradn\u00fdm org\u00e1nom riadite\u013ea \u0161koly a\u00a0\u0161kolsk\u00e9ho zariadenia.<\/p><p style=\"text-align: justify;\">Predmetov\u00e1 komisia vznik\u00e1 na z\u00e1klade rozhodnutia riadite\u013ea \u0161koly s\u00a0cie\u013eom plni\u0165 vecn\u00e9 \u00falohy a\u00a0realizova\u0165 ciele v\u00fdchovy a\u00a0vzdel\u00e1vania \u0161koly. Tvoria ju u\u010ditelia z\u00e1kladnej \u0161koly. Vytv\u00e1ra sa v\u00a0z\u00e1vislosti od po\u010dtu u\u010dite\u013eov a\u00a0v\u00a0z\u00e1vislosti od mo\u017enost\u00ed a\u00a0podmienok \u0161koly. Ka\u017ed\u00e1 predmetov\u00e1 komisia m\u00e1 svojho ved\u00faceho, ktor\u00e9ho poveruje riadite\u013e \u0161koly (OBDR\u017d\u00c1LEK, HORV\u00c1THOV\u00c1 a\u00a0kol., 2004, 186). \u010clenovia predmetov\u00fdch komisi\u00ed sa zdru\u017euj\u00fa v\u00a0komisii pod\u013ea vyu\u010dovacieho predmetu alebo skupiny pr\u00edbuzn\u00fdch vyu\u010dovac\u00edch predmetov.<\/p><p style=\"text-align: justify;\">Metodick\u00e1 komisia vznik\u00e1 na z\u00e1klade rozhodnutia riadite\u013ea strednej \u0161koly, kde sa zria\u010fuje na zlep\u0161enie vz\u00e1jomnej spolupr\u00e1ce medzi u\u010dite\u013emi, majstrami odbornej v\u00fdchovy a\u00a0vychov\u00e1vate\u013emi. Metodick\u00e1 komisia zjednocuje v\u00fdchovn\u00fa \u010dinnos\u0165 pedagogick\u00fdch pracovn\u00edkov, hodnotenie v\u00fdchovn\u00fdch v\u00fdsledkov a\u00a0ovplyv\u0148uje v\u00fdmenu poznatkov a\u00a0sk\u00fasenost\u00ed. Ot\u00e1zky s\u00favisiace s v\u00fdchovnou \u010dinnos\u0165ou, zhodnoten\u00edm v\u00fdchovn\u00fdch v\u00fdsledkov, v\u00fdmenou poznatkov a\u00a0sk\u00fasenost\u00ed a\u00a0ot\u00e1zky t\u00fdkaj\u00face sa spolupr\u00e1ce s\u00a0rodi\u010dmi sa rie\u0161ia v\u00a0\u00fazkej s\u00fa\u010dinnosti triedneho u\u010dite\u013ea, majstra odbornej v\u00fdchovy a\u00a0vychov\u00e1vate\u013ea (OBDR\u017d\u00c1LEK, HORV\u00c1THOV\u00c1 a\u00a0kol., 2004, 184).<\/p><p style=\"text-align: justify;\">\u00dalohy predmetovej komisie a\u00a0metodickej komisie s\u00fa podobn\u00e9 \u00faloh\u00e1m metodick\u00e9ho zdru\u017eenia, nako\u013eko v\u00a0oboch pr\u00edpadoch ide o\u00a0metodick\u00e9 org\u00e1ny. Princ\u00edpy fungovania metodick\u00fdch org\u00e1nov m\u00f4\u017eeme uvies\u0165 nasledovne (DRAVECK\u00dd, 2011, 86):<\/p><ul style=\"text-align: justify;\"><li>realiz\u00e1cia \u00faloh strat\u00e9gie a\u00a0koncepcie \u0161koly,<\/li><li>realiz\u00e1cia profesijn\u00e9ho a\u00a0osobnostn\u00e9ho rastu pedagogick\u00fdch zamestnancov a\u00a0t\u00fdm aj skvalit\u0148ovanie v\u00fdchovno-vzdel\u00e1vacieho procesu \u0161koly,<\/li><li>n\u00e1zorov\u00e1 pluralita pri rie\u0161en\u00ed odborn\u00fdch pedagogick\u00fdch probl\u00e9mov,<\/li><li>vedeckos\u0165 a\u00a0odbornos\u0165,<\/li><li>permanentn\u00e1 inov\u00e1cia obsahu, met\u00f3d a\u00a0foriem \u010dinnosti,<\/li><li>syst\u00e9movos\u0165, komplexnos\u0165 a\u00a0sp\u00e4tn\u00e1 v\u00e4zba,<\/li><li>individu\u00e1lny rozvoj pedagogick\u00fdch zamestnancov pod\u013ea profesijn\u00fdch a\u00a0osobnostn\u00fdch predpokladov.<\/li><\/ul><p style=\"text-align: justify;\">\u00a0<\/p>\t\t\t\t\t\t\t\t<\/div>\n\t\t\t\t<\/div>\n\t\t\t\t\t<\/div>\n\t\t<\/div>\n\t\t\t\t\t<\/div>\n\t\t<\/section>\n\t\t\t\t\t<\/div>\n\t\t<\/div>\n\t\t\t\t\t<\/div>\n\t\t<\/section>\n\t\t\t\t<\/div>\n\t\t","protected":false},"excerpt":{"rendered":"<p>\u00daVOD DO EDUKA\u010cN\u00c9HO MANA\u017dMENTU Predmetov\u00e1 a metodick\u00e1 komisia Predmetov\u00e1 komisia a\u00a0metodick\u00e1 komisia je podobne ako metodick\u00e9 zdru\u017eenie poradn\u00fdm org\u00e1nom riadite\u013ea \u0161koly a\u00a0\u0161kolsk\u00e9ho zariadenia. Predmetov\u00e1 komisia vznik\u00e1 na z\u00e1klade rozhodnutia riadite\u013ea \u0161koly s\u00a0cie\u013eom plni\u0165 vecn\u00e9 \u00falohy a\u00a0realizova\u0165 ciele v\u00fdchovy a\u00a0vzdel\u00e1vania \u0161koly. Tvoria ju u\u010ditelia z\u00e1kladnej \u0161koly. Vytv\u00e1ra sa v\u00a0z\u00e1vislosti od po\u010dtu u\u010dite\u013eov a\u00a0v\u00a0z\u00e1vislosti od mo\u017enost\u00ed a\u00a0podmienok [&hellip;]<\/p>\n","protected":false},"author":3,"featured_media":0,"parent":0,"menu_order":0,"comment_status":"closed","ping_status":"closed","template":"","meta":{"footnotes":""},"class_list":["post-3004","page","type-page","status-publish","hentry"],"_links":{"self":[{"href":"https:\/\/e-ucebnice.ff.ucm.sk\/index.php\/wp-json\/wp\/v2\/pages\/3004","targetHints":{"allow":["GET"]}}],"collection":[{"href":"https:\/\/e-ucebnice.ff.ucm.sk\/index.php\/wp-json\/wp\/v2\/pages"}],"about":[{"href":"https:\/\/e-ucebnice.ff.ucm.sk\/index.php\/wp-json\/wp\/v2\/types\/page"}],"author":[{"embeddable":true,"href":"https:\/\/e-ucebnice.ff.ucm.sk\/index.php\/wp-json\/wp\/v2\/users\/3"}],"replies":[{"embeddable":true,"href":"https:\/\/e-ucebnice.ff.ucm.sk\/index.php\/wp-json\/wp\/v2\/comments?post=3004"}],"version-history":[{"count":4,"href":"https:\/\/e-ucebnice.ff.ucm.sk\/index.php\/wp-json\/wp\/v2\/pages\/3004\/revisions"}],"predecessor-version":[{"id":3033,"href":"https:\/\/e-ucebnice.ff.ucm.sk\/index.php\/wp-json\/wp\/v2\/pages\/3004\/revisions\/3033"}],"wp:attachment":[{"href":"https:\/\/e-ucebnice.ff.ucm.sk\/index.php\/wp-json\/wp\/v2\/media?parent=3004"}],"curies":[{"name":"wp","href":"https:\/\/api.w.org\/{rel}","templated":true}]}}