{"id":3008,"date":"2023-03-04T11:05:31","date_gmt":"2023-03-04T10:05:31","guid":{"rendered":"https:\/\/e-ucebnice.ff.ucm.sk\/?page_id=3008"},"modified":"2023-03-04T11:18:59","modified_gmt":"2023-03-04T10:18:59","slug":"uvod-do-eduk-man-6-5","status":"publish","type":"page","link":"https:\/\/e-ucebnice.ff.ucm.sk\/index.php\/uvod-do-eduk-man-6-5\/","title":{"rendered":"\u00davod do eduk man-6-5"},"content":{"rendered":"\t\t<div data-elementor-type=\"wp-page\" data-elementor-id=\"3008\" class=\"elementor elementor-3008\" data-elementor-post-type=\"page\">\n\t\t\t\t\t\t<section class=\"elementor-section elementor-top-section elementor-element elementor-element-6f672ed elementor-section-height-min-height elementor-section-boxed elementor-section-height-default elementor-section-items-middle\" data-id=\"6f672ed\" data-element_type=\"section\" data-settings=\"{&quot;background_background&quot;:&quot;classic&quot;}\">\n\t\t\t\t\t\t\t<div class=\"elementor-background-overlay\"><\/div>\n\t\t\t\t\t\t\t<div class=\"elementor-container elementor-column-gap-default\">\n\t\t\t\t\t<div class=\"elementor-column elementor-col-100 elementor-top-column elementor-element elementor-element-bbeb470\" data-id=\"bbeb470\" data-element_type=\"column\">\n\t\t\t<div class=\"elementor-widget-wrap elementor-element-populated\">\n\t\t\t\t\t\t<div class=\"elementor-element elementor-element-d82f1ef elementor-widget elementor-widget-heading\" data-id=\"d82f1ef\" data-element_type=\"widget\" data-widget_type=\"heading.default\">\n\t\t\t\t<div class=\"elementor-widget-container\">\n\t\t\t\t\t<h1 class=\"elementor-heading-title elementor-size-default\">\u00daVOD DO EDUKA\u010cN\u00c9HO MANA\u017dMENTU <\/h1>\t\t\t\t<\/div>\n\t\t\t\t<\/div>\n\t\t\t\t\t<\/div>\n\t\t<\/div>\n\t\t\t\t\t<\/div>\n\t\t<\/section>\n\t\t\t\t<section class=\"elementor-section elementor-top-section elementor-element elementor-element-2858d6f elementor-section-boxed elementor-section-height-default elementor-section-height-default\" data-id=\"2858d6f\" data-element_type=\"section\">\n\t\t\t\t\t\t<div class=\"elementor-container elementor-column-gap-default\">\n\t\t\t\t\t<div class=\"elementor-column elementor-col-100 elementor-top-column elementor-element elementor-element-e63bd34\" data-id=\"e63bd34\" data-element_type=\"column\">\n\t\t\t<div class=\"elementor-widget-wrap elementor-element-populated\">\n\t\t\t\t\t\t<section class=\"elementor-section elementor-inner-section elementor-element elementor-element-0b79421 elementor-section-boxed elementor-section-height-default elementor-section-height-default\" data-id=\"0b79421\" data-element_type=\"section\">\n\t\t\t\t\t\t<div class=\"elementor-container elementor-column-gap-default\">\n\t\t\t\t\t<div class=\"elementor-column elementor-col-100 elementor-inner-column elementor-element elementor-element-bb0ded5\" data-id=\"bb0ded5\" data-element_type=\"column\">\n\t\t\t<div class=\"elementor-widget-wrap elementor-element-populated\">\n\t\t\t\t\t\t<div class=\"elementor-element elementor-element-759b076 elementor-widget elementor-widget-heading\" data-id=\"759b076\" data-element_type=\"widget\" data-widget_type=\"heading.default\">\n\t\t\t\t<div class=\"elementor-widget-container\">\n\t\t\t\t\t<h3 class=\"elementor-heading-title elementor-size-default\">Rada rodi\u010dov<\/h3>\t\t\t\t<\/div>\n\t\t\t\t<\/div>\n\t\t\t\t<div class=\"elementor-element elementor-element-5aa9d5d elementor-widget elementor-widget-text-editor\" data-id=\"5aa9d5d\" data-element_type=\"widget\" data-widget_type=\"text-editor.default\">\n\t\t\t\t<div class=\"elementor-widget-container\">\n\t\t\t\t\t\t\t\t\t<p style=\"text-align: justify;\">Rada rodi\u010dov alebo rodi\u010dovsk\u00e9 zdru\u017eenie je dobrovo\u013en\u00e9 ob\u010dianske zdru\u017eenie rodi\u010dov alebo z\u00e1konn\u00fdch z\u00e1stupcov \u017eiakov \u0161koly alebo \u0161kolsk\u00e9ho zariadenia, ktor\u00e9 ako soci\u00e1lny partner \u0161koly spolupracuje so \u0161kolou pri rie\u0161en\u00ed probl\u00e9mov v\u00fdchovy a\u00a0vzdel\u00e1vania. \u010ealej spolupracuje pri organizovan\u00ed z\u00e1ujmovej \u010dinnosti \u017eiakov, zabezpe\u010dovan\u00ed verejn\u00fdch, kult\u00farnych alebo \u0161portov\u00fdch podujat\u00ed, aktivizuje vz\u0165ah rodi\u010dov k\u00a0\u0161kole, posudzuje v\u00fdsledky v\u00fdchovno-vzdel\u00e1vacej \u010dinnosti \u0161koly a \u0161kolsk\u00e9ho zariadenia, poskytuje \u0161kole materi\u00e1lnu, organiza\u010dn\u00fa a person\u00e1lnu pomoc, zabezpe\u010duje ochranu pr\u00e1v det\u00ed a\u00a0pod. (OBDR\u017d\u00c1LEK, HORV\u00c1THOV\u00c1 a kol., 2004, 285).<\/p>\t\t\t\t\t\t\t\t<\/div>\n\t\t\t\t<\/div>\n\t\t\t\t\t<\/div>\n\t\t<\/div>\n\t\t\t\t\t<\/div>\n\t\t<\/section>\n\t\t\t\t\t<\/div>\n\t\t<\/div>\n\t\t\t\t\t<\/div>\n\t\t<\/section>\n\t\t\t\t<\/div>\n\t\t","protected":false},"excerpt":{"rendered":"<p>\u00daVOD DO EDUKA\u010cN\u00c9HO MANA\u017dMENTU Rada rodi\u010dov Rada rodi\u010dov alebo rodi\u010dovsk\u00e9 zdru\u017eenie je dobrovo\u013en\u00e9 ob\u010dianske zdru\u017eenie rodi\u010dov alebo z\u00e1konn\u00fdch z\u00e1stupcov \u017eiakov \u0161koly alebo \u0161kolsk\u00e9ho zariadenia, ktor\u00e9 ako soci\u00e1lny partner \u0161koly spolupracuje so \u0161kolou pri rie\u0161en\u00ed probl\u00e9mov v\u00fdchovy a\u00a0vzdel\u00e1vania. \u010ealej spolupracuje pri organizovan\u00ed z\u00e1ujmovej \u010dinnosti \u017eiakov, zabezpe\u010dovan\u00ed verejn\u00fdch, kult\u00farnych alebo \u0161portov\u00fdch podujat\u00ed, aktivizuje vz\u0165ah rodi\u010dov k\u00a0\u0161kole, posudzuje [&hellip;]<\/p>\n","protected":false},"author":3,"featured_media":0,"parent":0,"menu_order":0,"comment_status":"closed","ping_status":"closed","template":"","meta":{"footnotes":""},"class_list":["post-3008","page","type-page","status-publish","hentry"],"_links":{"self":[{"href":"https:\/\/e-ucebnice.ff.ucm.sk\/index.php\/wp-json\/wp\/v2\/pages\/3008","targetHints":{"allow":["GET"]}}],"collection":[{"href":"https:\/\/e-ucebnice.ff.ucm.sk\/index.php\/wp-json\/wp\/v2\/pages"}],"about":[{"href":"https:\/\/e-ucebnice.ff.ucm.sk\/index.php\/wp-json\/wp\/v2\/types\/page"}],"author":[{"embeddable":true,"href":"https:\/\/e-ucebnice.ff.ucm.sk\/index.php\/wp-json\/wp\/v2\/users\/3"}],"replies":[{"embeddable":true,"href":"https:\/\/e-ucebnice.ff.ucm.sk\/index.php\/wp-json\/wp\/v2\/comments?post=3008"}],"version-history":[{"count":4,"href":"https:\/\/e-ucebnice.ff.ucm.sk\/index.php\/wp-json\/wp\/v2\/pages\/3008\/revisions"}],"predecessor-version":[{"id":3039,"href":"https:\/\/e-ucebnice.ff.ucm.sk\/index.php\/wp-json\/wp\/v2\/pages\/3008\/revisions\/3039"}],"wp:attachment":[{"href":"https:\/\/e-ucebnice.ff.ucm.sk\/index.php\/wp-json\/wp\/v2\/media?parent=3008"}],"curies":[{"name":"wp","href":"https:\/\/api.w.org\/{rel}","templated":true}]}}