{"id":3012,"date":"2023-03-04T11:06:26","date_gmt":"2023-03-04T10:06:26","guid":{"rendered":"https:\/\/e-ucebnice.ff.ucm.sk\/?page_id=3012"},"modified":"2023-03-04T11:22:38","modified_gmt":"2023-03-04T10:22:38","slug":"uvod-do-eduk-man-6-7","status":"publish","type":"page","link":"https:\/\/e-ucebnice.ff.ucm.sk\/index.php\/uvod-do-eduk-man-6-7\/","title":{"rendered":"\u00davod do eduk man-6-7"},"content":{"rendered":"\t\t<div data-elementor-type=\"wp-page\" data-elementor-id=\"3012\" class=\"elementor elementor-3012\" data-elementor-post-type=\"page\">\n\t\t\t\t\t\t<section class=\"elementor-section elementor-top-section elementor-element elementor-element-6f672ed elementor-section-height-min-height elementor-section-boxed elementor-section-height-default elementor-section-items-middle\" data-id=\"6f672ed\" data-element_type=\"section\" data-settings=\"{&quot;background_background&quot;:&quot;classic&quot;}\">\n\t\t\t\t\t\t\t<div class=\"elementor-background-overlay\"><\/div>\n\t\t\t\t\t\t\t<div class=\"elementor-container elementor-column-gap-default\">\n\t\t\t\t\t<div class=\"elementor-column elementor-col-100 elementor-top-column elementor-element elementor-element-bbeb470\" data-id=\"bbeb470\" data-element_type=\"column\">\n\t\t\t<div class=\"elementor-widget-wrap elementor-element-populated\">\n\t\t\t\t\t\t<div class=\"elementor-element elementor-element-d82f1ef elementor-widget elementor-widget-heading\" data-id=\"d82f1ef\" data-element_type=\"widget\" data-widget_type=\"heading.default\">\n\t\t\t\t<div class=\"elementor-widget-container\">\n\t\t\t\t\t<h1 class=\"elementor-heading-title elementor-size-default\">\u00daVOD DO EDUKA\u010cN\u00c9HO MANA\u017dMENTU <\/h1>\t\t\t\t<\/div>\n\t\t\t\t<\/div>\n\t\t\t\t\t<\/div>\n\t\t<\/div>\n\t\t\t\t\t<\/div>\n\t\t<\/section>\n\t\t\t\t<section class=\"elementor-section elementor-top-section elementor-element elementor-element-2858d6f elementor-section-boxed elementor-section-height-default elementor-section-height-default\" data-id=\"2858d6f\" data-element_type=\"section\">\n\t\t\t\t\t\t<div class=\"elementor-container elementor-column-gap-default\">\n\t\t\t\t\t<div class=\"elementor-column elementor-col-100 elementor-top-column elementor-element elementor-element-e63bd34\" data-id=\"e63bd34\" data-element_type=\"column\">\n\t\t\t<div class=\"elementor-widget-wrap elementor-element-populated\">\n\t\t\t\t\t\t<section class=\"elementor-section elementor-inner-section elementor-element elementor-element-0b79421 elementor-section-boxed elementor-section-height-default elementor-section-height-default\" data-id=\"0b79421\" data-element_type=\"section\">\n\t\t\t\t\t\t<div class=\"elementor-container elementor-column-gap-default\">\n\t\t\t\t\t<div class=\"elementor-column elementor-col-100 elementor-inner-column elementor-element elementor-element-bb0ded5\" data-id=\"bb0ded5\" data-element_type=\"column\">\n\t\t\t<div class=\"elementor-widget-wrap elementor-element-populated\">\n\t\t\t\t\t\t<div class=\"elementor-element elementor-element-759b076 elementor-widget elementor-widget-heading\" data-id=\"759b076\" data-element_type=\"widget\" data-widget_type=\"heading.default\">\n\t\t\t\t<div class=\"elementor-widget-container\">\n\t\t\t\t\t<h3 class=\"elementor-heading-title elementor-size-default\">Literat\u00fara<\/h3>\t\t\t\t<\/div>\n\t\t\t\t<\/div>\n\t\t\t\t<div class=\"elementor-element elementor-element-5aa9d5d elementor-widget elementor-widget-text-editor\" data-id=\"5aa9d5d\" data-element_type=\"widget\" data-widget_type=\"text-editor.default\">\n\t\t\t\t<div class=\"elementor-widget-container\">\n\t\t\t\t\t\t\t\t\t<p>DRAVECK\u00dd, J. 2011. <em>\u0160kolsk\u00fd mana\u017ement<\/em>. Ru\u017eomberok: Katol\u00edcka univerzita v Ru\u017eomberku.<\/p><p>OBDR\u017d\u00c1LEK, Z., HORV\u00c1THOV\u00c1, K. a kol. 2004. <em>Organiz\u00e1cia a mana\u017ement \u0161kolstva<\/em>. Bratislava: SPN, ISBN 80-10-00022-1.<\/p><p>VEVERKOV\u00c1, I. 2014. <em>Z\u00e1kladn\u00e1 \u0161kola. Organiz\u00e1cia a mana\u017ement<\/em>. Bratislava: Wolters Kluwer. ISBN 978-80-8168-101-1.<\/p><p>VEVERKOV\u00c1, I. 2015. <em>Stredn\u00e1 \u0161kola. Organiz\u00e1cia a mana\u017ement<\/em>. Bratislava: Wolters Kluwer. ISBN 978-80-8168-203-2.<\/p><p>Vyhl\u00e1\u0161ka Ministerstva \u0161kolstva, vedy, v\u00fdskumu a \u0161portu Slovenskej republiky \u010d. 223\/2022 Z. z. o z\u00e1kladnej \u0161kole.<\/p><p>Z\u00e1kon \u010d. 245\/2008 o v\u00fdchove a vzdel\u00e1van\u00ed (\u0161kolsk\u00fd z\u00e1kon) a o zmene a doplnen\u00ed niektor\u00fdch z\u00e1konov.<\/p>\t\t\t\t\t\t\t\t<\/div>\n\t\t\t\t<\/div>\n\t\t\t\t\t<\/div>\n\t\t<\/div>\n\t\t\t\t\t<\/div>\n\t\t<\/section>\n\t\t\t\t\t<\/div>\n\t\t<\/div>\n\t\t\t\t\t<\/div>\n\t\t<\/section>\n\t\t\t\t<\/div>\n\t\t","protected":false},"excerpt":{"rendered":"<p>\u00daVOD DO EDUKA\u010cN\u00c9HO MANA\u017dMENTU Literat\u00fara DRAVECK\u00dd, J. 2011. \u0160kolsk\u00fd mana\u017ement. Ru\u017eomberok: Katol\u00edcka univerzita v Ru\u017eomberku. OBDR\u017d\u00c1LEK, Z., HORV\u00c1THOV\u00c1, K. a kol. 2004. Organiz\u00e1cia a mana\u017ement \u0161kolstva. Bratislava: SPN, ISBN 80-10-00022-1. VEVERKOV\u00c1, I. 2014. Z\u00e1kladn\u00e1 \u0161kola. Organiz\u00e1cia a mana\u017ement. Bratislava: Wolters Kluwer. ISBN 978-80-8168-101-1. VEVERKOV\u00c1, I. 2015. Stredn\u00e1 \u0161kola. Organiz\u00e1cia a mana\u017ement. Bratislava: Wolters Kluwer. ISBN [&hellip;]<\/p>\n","protected":false},"author":3,"featured_media":0,"parent":0,"menu_order":0,"comment_status":"closed","ping_status":"closed","template":"","meta":{"footnotes":""},"class_list":["post-3012","page","type-page","status-publish","hentry"],"_links":{"self":[{"href":"https:\/\/e-ucebnice.ff.ucm.sk\/index.php\/wp-json\/wp\/v2\/pages\/3012","targetHints":{"allow":["GET"]}}],"collection":[{"href":"https:\/\/e-ucebnice.ff.ucm.sk\/index.php\/wp-json\/wp\/v2\/pages"}],"about":[{"href":"https:\/\/e-ucebnice.ff.ucm.sk\/index.php\/wp-json\/wp\/v2\/types\/page"}],"author":[{"embeddable":true,"href":"https:\/\/e-ucebnice.ff.ucm.sk\/index.php\/wp-json\/wp\/v2\/users\/3"}],"replies":[{"embeddable":true,"href":"https:\/\/e-ucebnice.ff.ucm.sk\/index.php\/wp-json\/wp\/v2\/comments?post=3012"}],"version-history":[{"count":4,"href":"https:\/\/e-ucebnice.ff.ucm.sk\/index.php\/wp-json\/wp\/v2\/pages\/3012\/revisions"}],"predecessor-version":[{"id":3045,"href":"https:\/\/e-ucebnice.ff.ucm.sk\/index.php\/wp-json\/wp\/v2\/pages\/3012\/revisions\/3045"}],"wp:attachment":[{"href":"https:\/\/e-ucebnice.ff.ucm.sk\/index.php\/wp-json\/wp\/v2\/media?parent=3012"}],"curies":[{"name":"wp","href":"https:\/\/api.w.org\/{rel}","templated":true}]}}