{"id":3046,"date":"2023-03-04T11:24:15","date_gmt":"2023-03-04T10:24:15","guid":{"rendered":"https:\/\/e-ucebnice.ff.ucm.sk\/?page_id=3046"},"modified":"2023-03-04T11:38:11","modified_gmt":"2023-03-04T10:38:11","slug":"uvod-do-eduk-man-7-1","status":"publish","type":"page","link":"https:\/\/e-ucebnice.ff.ucm.sk\/index.php\/uvod-do-eduk-man-7-1\/","title":{"rendered":"\u00davod do eduk man-7-1"},"content":{"rendered":"\t\t<div data-elementor-type=\"wp-page\" data-elementor-id=\"3046\" class=\"elementor elementor-3046\" data-elementor-post-type=\"page\">\n\t\t\t\t\t\t<section class=\"elementor-section elementor-top-section elementor-element elementor-element-6f672ed elementor-section-height-min-height elementor-section-boxed elementor-section-height-default elementor-section-items-middle\" data-id=\"6f672ed\" data-element_type=\"section\" data-settings=\"{&quot;background_background&quot;:&quot;classic&quot;}\">\n\t\t\t\t\t\t\t<div class=\"elementor-background-overlay\"><\/div>\n\t\t\t\t\t\t\t<div class=\"elementor-container elementor-column-gap-default\">\n\t\t\t\t\t<div class=\"elementor-column elementor-col-100 elementor-top-column elementor-element elementor-element-bbeb470\" data-id=\"bbeb470\" data-element_type=\"column\">\n\t\t\t<div class=\"elementor-widget-wrap elementor-element-populated\">\n\t\t\t\t\t\t<div class=\"elementor-element elementor-element-d82f1ef elementor-widget elementor-widget-heading\" data-id=\"d82f1ef\" data-element_type=\"widget\" data-widget_type=\"heading.default\">\n\t\t\t\t<div class=\"elementor-widget-container\">\n\t\t\t\t\t<h1 class=\"elementor-heading-title elementor-size-default\">\u00daVOD DO EDUKA\u010cN\u00c9HO MANA\u017dMENTU <\/h1>\t\t\t\t<\/div>\n\t\t\t\t<\/div>\n\t\t\t\t\t<\/div>\n\t\t<\/div>\n\t\t\t\t\t<\/div>\n\t\t<\/section>\n\t\t\t\t<section class=\"elementor-section elementor-top-section elementor-element elementor-element-2858d6f elementor-section-boxed elementor-section-height-default elementor-section-height-default\" data-id=\"2858d6f\" data-element_type=\"section\">\n\t\t\t\t\t\t<div class=\"elementor-container elementor-column-gap-default\">\n\t\t\t\t\t<div class=\"elementor-column elementor-col-100 elementor-top-column elementor-element elementor-element-e63bd34\" data-id=\"e63bd34\" data-element_type=\"column\">\n\t\t\t<div class=\"elementor-widget-wrap elementor-element-populated\">\n\t\t\t\t\t\t<section class=\"elementor-section elementor-inner-section elementor-element elementor-element-0b79421 elementor-section-boxed elementor-section-height-default elementor-section-height-default\" data-id=\"0b79421\" data-element_type=\"section\">\n\t\t\t\t\t\t<div class=\"elementor-container elementor-column-gap-default\">\n\t\t\t\t\t<div class=\"elementor-column elementor-col-100 elementor-inner-column elementor-element elementor-element-bb0ded5\" data-id=\"bb0ded5\" data-element_type=\"column\">\n\t\t\t<div class=\"elementor-widget-wrap elementor-element-populated\">\n\t\t\t\t\t\t<div class=\"elementor-element elementor-element-759b076 elementor-widget elementor-widget-heading\" data-id=\"759b076\" data-element_type=\"widget\" data-widget_type=\"heading.default\">\n\t\t\t\t<div class=\"elementor-widget-container\">\n\t\t\t\t\t<h3 class=\"elementor-heading-title elementor-size-default\">\u0160t\u00e1tne vzdel\u00e1vacie programy <\/h3>\t\t\t\t<\/div>\n\t\t\t\t<\/div>\n\t\t\t\t<div class=\"elementor-element elementor-element-5aa9d5d elementor-widget elementor-widget-text-editor\" data-id=\"5aa9d5d\" data-element_type=\"widget\" data-widget_type=\"text-editor.default\">\n\t\t\t\t<div class=\"elementor-widget-container\">\n\t\t\t\t\t\t\t\t\t<p style=\"text-align: justify;\">\u0160t\u00e1tne vzdel\u00e1vanie programy m\u00f4\u017eeme pova\u017eova\u0165 za k\u013e\u00fa\u010dov\u00e9 dokumenty, ktor\u00e9 vymedzuj\u00fa ciele a\u00a0\u0161tandardy vzdel\u00e1vania.<\/p><p style=\"text-align: justify;\"><em>Z\u00e1kon<\/em> <em>\u010d. 245\/2008 o v\u00fdchove a vzdel\u00e1van\u00ed (\u0161kolsk\u00fd z\u00e1kon) a o zmene a doplnen\u00ed niektor\u00fdch z\u00e1konov<\/em> v \u00a7 6 definuje \u0161t\u00e1tne vzdel\u00e1vacie programy ako dokumenty, ktor\u00e9 vymedzuj\u00fa najm\u00e4 ciele vzdel\u00e1vania a vzdel\u00e1vacie \u0161tandardy pre predprim\u00e1rne vzdel\u00e1vanie a ciele vzdel\u00e1vania, r\u00e1mcov\u00e9 u\u010debn\u00e9 pl\u00e1ny a vzdel\u00e1vacie \u0161tandardy pre z\u00e1kladn\u00e9 vzdel\u00e1vanie, stredn\u00e9 vzdel\u00e1vanie a vy\u0161\u0161ie odborn\u00e9 vzdel\u00e1vanie. \u0160t\u00e1tne vzdel\u00e1vacie programy sa m\u00f4\u017eu \u010dleni\u0165 na vzdel\u00e1vacie cykly. \u0160t\u00e1tne vzdel\u00e1vacie programy vyd\u00e1va a zverej\u0148uje ministerstvo \u0161kolstva, vedy, v\u00fdskumu a\u00a0\u0161portu SR.<\/p><p style=\"text-align: justify;\">\u0160t\u00e1tny vzdel\u00e1vac\u00ed program obsahuje nasledovn\u00e9 inform\u00e1cie (\u00a7 6, ods. 4 z\u00e1kona \u010d. 245\/2008):<\/p><ul style=\"text-align: justify;\"><li>n\u00e1zov vzdel\u00e1vacieho programu, ktor\u00fd obsahuje aj odbor vzdel\u00e1vania; v stredn\u00fdch odborn\u00fdch \u0161kol\u00e1ch aj skupinu odborov vzdel\u00e1vania,<\/li><li>konkr\u00e9tne ciele v\u00fdchovy a vzdel\u00e1vania,<\/li><li>stupne vzdelania, ktor\u00e9 sa dosiahnu absolvovan\u00edm vzdel\u00e1vacieho programu a pr\u00edslu\u0161n\u00fa \u00farove\u0148 Slovensk\u00e9ho kvalifika\u010dn\u00e9ho r\u00e1mca a Eur\u00f3pskeho kvalifika\u010dn\u00e9ho r\u00e1mca,<\/li><li>profil absolventa,<\/li><li>charakteristiku odboru vzdel\u00e1vania a jeho d\u013a\u017eku,<\/li><li>formu v\u00fdchovy a vzdel\u00e1vania,<\/li><li>formy praktick\u00e9ho vyu\u010dovania v stredn\u00fdch \u0161kol\u00e1ch,<\/li><li>vzdel\u00e1vacie oblasti,<\/li><li>vzdel\u00e1vacie \u0161tandardy,<\/li><li>r\u00e1mcov\u00e9 u\u010debn\u00e9 pl\u00e1ny okrem matersk\u00fdch \u0161k\u00f4l,<\/li><li>vyu\u010dovac\u00ed jazyk,<\/li><li>osobitosti v\u00fdchovy a vzdel\u00e1vania det\u00ed so \u0161peci\u00e1lnymi v\u00fdchovno-vzdel\u00e1vac\u00edmi potrebami a \u017eiakov so \u0161peci\u00e1lnymi v\u00fdchovno-vzdel\u00e1vac\u00edmi potrebami v s\u00falade s princ\u00edpmi inkluz\u00edvneho vzdel\u00e1vania,<\/li><li>osobitosti v\u00fdchovy a vzdel\u00e1vania cudzincov,<\/li><li>osobitosti v\u00fdchovy a vzdel\u00e1vania det\u00ed a \u017eiakov v n\u00e1rodnostn\u00fdch \u0161kol\u00e1ch a n\u00e1rodnostn\u00fdch triedach.<\/li><\/ul><p style=\"text-align: justify;\">\u00da\u010delom stanovenia \u0161t\u00e1tneho vzdel\u00e1vacieho programu pre jednotliv\u00e9 \u00farovne vzdel\u00e1vania je dodr\u017eanie princ\u00edpu rovnocennosti z\u00edskan\u00fdch stup\u0148ov vzdelania vo v\u0161etk\u00fdch \u0161kol\u00e1ch pod\u013ea \u0161kolsk\u00e9ho z\u00e1kona, a to bez rozdielu zria\u010fovate\u013ea. \u0160t\u00e1tny vzdel\u00e1vac\u00ed program je tak z\u00e1v\u00e4zn\u00fd pre \u0161koly zriaden\u00e9 obcou, samospr\u00e1vnym krajom, region\u00e1lnym \u00faradom \u0161kolskej spr\u00e1vy, ako aj pre cirkevn\u00e9 \u0161koly a s\u00fakromn\u00e9 \u0161koly. Pri tvorbe \u0161t\u00e1tneho vzdel\u00e1vacieho programu mus\u00ed ministerstvo re\u0161pektova\u0165 \u0161t\u00e1tnu vzdel\u00e1vaciu politiku, princ\u00edpy a ciele v\u00fdchovy a\u00a0vzdel\u00e1vania (KRAJ\u010c\u00cdR, MLSNOV\u00c1, SURMAJOV\u00c1, 2016, 47).<\/p><p style=\"text-align: justify;\">Ministerstvo \u0161kolstva, vedy, v\u00fdskumu a\u00a0\u0161portu SR vydalo nasledovn\u00e9 \u0161t\u00e1tne vzdel\u00e1vacie programy (stav k\u00a01.1.2023):<\/p><ul style=\"text-align: justify;\"><li>\u0160t\u00e1tny vzdel\u00e1vac\u00ed program pre predprim\u00e1rne vzdel\u00e1vanie v matersk\u00fdch \u0161kol\u00e1ch,<\/li><li>Inovovan\u00fd \u0160t\u00e1tny vzdel\u00e1vac\u00ed program pre 1. a 2. stupe\u0148 z\u00e1kladn\u00fdch \u0161k\u00f4l (ISCED 1 a 2),<\/li><li>\u0160t\u00e1tny vzdel\u00e1vac\u00ed program pre 1. stupe\u0148 z\u00e1kladn\u00fdch \u0161k\u00f4l (ISCED 1),<\/li><li>\u0160t\u00e1tny vzdel\u00e1vac\u00ed program pre 2. stupe\u0148 z\u00e1kladn\u00fdch \u0161k\u00f4l (ISCED 2),<\/li><li>Inovovan\u00fd \u0160t\u00e1tny vzdel\u00e1vac\u00ed program pre gymn\u00e1zi\u00e1 so \u0161tvorro\u010dn\u00fdm a p\u00e4\u0165ro\u010dn\u00fdm vzdel\u00e1vac\u00edm programom<\/li><li>Inovovan\u00fd \u0160t\u00e1tny vzdel\u00e1vac\u00ed program pre gymn\u00e1zi\u00e1 s osemro\u010dn\u00fdm vzdel\u00e1vac\u00edm programom<\/li><li>\u0160t\u00e1tne vzdel\u00e1vacie programy pre odborn\u00e9 vzdel\u00e1vanie a pr\u00edpravu,<\/li><li>Inovovan\u00fd \u0160t\u00e1tny vzdel\u00e1vac\u00ed program pre z\u00e1kladn\u00e9 umeleck\u00e9 \u0161koly,<\/li><li>\u0160t\u00e1tny vzdel\u00e1vac\u00ed program pre z\u00e1kladn\u00e9 umeleck\u00e9 \u0161koly (ISCED 1B, ISCED 2B),<\/li><li>\u0160t\u00e1tny vzdel\u00e1vac\u00ed program pre konzervat\u00f3ri\u00e1 (ISCED 5B),<\/li><li>Inovovan\u00e9 vzdel\u00e1vacie programy pre \u017eiakov so zdravotn\u00fdm znev\u00fdhodnen\u00edm a \u017eiakov so v\u0161eobecn\u00fdm intelektov\u00fdm nadan\u00edm<\/li><li>\u0160t\u00e1tny vzdel\u00e1vac\u00ed program pre deti a \u017eiakov so zdravotn\u00fdm znev\u00fdhodnen\u00edm<\/li><li>\u0160t\u00e1tny vzdel\u00e1vac\u00ed program a pre \u017eiakov so v\u0161eobecn\u00fdm intelektov\u00fdm nadan\u00edm<\/li><\/ul><p style=\"text-align: justify;\">(Dostupn\u00e9 na: https:\/\/www.minedu.sk\/8387-sk\/statne-vzdelavacie-programy\/)<\/p>\t\t\t\t\t\t\t\t<\/div>\n\t\t\t\t<\/div>\n\t\t\t\t\t<\/div>\n\t\t<\/div>\n\t\t\t\t\t<\/div>\n\t\t<\/section>\n\t\t\t\t\t<\/div>\n\t\t<\/div>\n\t\t\t\t\t<\/div>\n\t\t<\/section>\n\t\t\t\t<\/div>\n\t\t","protected":false},"excerpt":{"rendered":"<p>\u00daVOD DO EDUKA\u010cN\u00c9HO MANA\u017dMENTU \u0160t\u00e1tne vzdel\u00e1vacie programy \u0160t\u00e1tne vzdel\u00e1vanie programy m\u00f4\u017eeme pova\u017eova\u0165 za k\u013e\u00fa\u010dov\u00e9 dokumenty, ktor\u00e9 vymedzuj\u00fa ciele a\u00a0\u0161tandardy vzdel\u00e1vania. Z\u00e1kon \u010d. 245\/2008 o v\u00fdchove a vzdel\u00e1van\u00ed (\u0161kolsk\u00fd z\u00e1kon) a o zmene a doplnen\u00ed niektor\u00fdch z\u00e1konov v \u00a7 6 definuje \u0161t\u00e1tne vzdel\u00e1vacie programy ako dokumenty, ktor\u00e9 vymedzuj\u00fa najm\u00e4 ciele vzdel\u00e1vania a vzdel\u00e1vacie \u0161tandardy pre predprim\u00e1rne [&hellip;]<\/p>\n","protected":false},"author":3,"featured_media":0,"parent":0,"menu_order":0,"comment_status":"closed","ping_status":"closed","template":"","meta":{"footnotes":""},"class_list":["post-3046","page","type-page","status-publish","hentry"],"_links":{"self":[{"href":"https:\/\/e-ucebnice.ff.ucm.sk\/index.php\/wp-json\/wp\/v2\/pages\/3046","targetHints":{"allow":["GET"]}}],"collection":[{"href":"https:\/\/e-ucebnice.ff.ucm.sk\/index.php\/wp-json\/wp\/v2\/pages"}],"about":[{"href":"https:\/\/e-ucebnice.ff.ucm.sk\/index.php\/wp-json\/wp\/v2\/types\/page"}],"author":[{"embeddable":true,"href":"https:\/\/e-ucebnice.ff.ucm.sk\/index.php\/wp-json\/wp\/v2\/users\/3"}],"replies":[{"embeddable":true,"href":"https:\/\/e-ucebnice.ff.ucm.sk\/index.php\/wp-json\/wp\/v2\/comments?post=3046"}],"version-history":[{"count":4,"href":"https:\/\/e-ucebnice.ff.ucm.sk\/index.php\/wp-json\/wp\/v2\/pages\/3046\/revisions"}],"predecessor-version":[{"id":3079,"href":"https:\/\/e-ucebnice.ff.ucm.sk\/index.php\/wp-json\/wp\/v2\/pages\/3046\/revisions\/3079"}],"wp:attachment":[{"href":"https:\/\/e-ucebnice.ff.ucm.sk\/index.php\/wp-json\/wp\/v2\/media?parent=3046"}],"curies":[{"name":"wp","href":"https:\/\/api.w.org\/{rel}","templated":true}]}}