{"id":3048,"date":"2023-03-04T11:24:37","date_gmt":"2023-03-04T10:24:37","guid":{"rendered":"https:\/\/e-ucebnice.ff.ucm.sk\/?page_id=3048"},"modified":"2023-03-04T11:39:09","modified_gmt":"2023-03-04T10:39:09","slug":"uvod-do-eduk-man-7-2","status":"publish","type":"page","link":"https:\/\/e-ucebnice.ff.ucm.sk\/index.php\/uvod-do-eduk-man-7-2\/","title":{"rendered":"\u00davod do eduk man-7-2"},"content":{"rendered":"\t\t<div data-elementor-type=\"wp-page\" data-elementor-id=\"3048\" class=\"elementor elementor-3048\" data-elementor-post-type=\"page\">\n\t\t\t\t\t\t<section class=\"elementor-section elementor-top-section elementor-element elementor-element-6f672ed elementor-section-height-min-height elementor-section-boxed elementor-section-height-default elementor-section-items-middle\" data-id=\"6f672ed\" data-element_type=\"section\" data-settings=\"{&quot;background_background&quot;:&quot;classic&quot;}\">\n\t\t\t\t\t\t\t<div class=\"elementor-background-overlay\"><\/div>\n\t\t\t\t\t\t\t<div class=\"elementor-container elementor-column-gap-default\">\n\t\t\t\t\t<div class=\"elementor-column elementor-col-100 elementor-top-column elementor-element elementor-element-bbeb470\" data-id=\"bbeb470\" data-element_type=\"column\">\n\t\t\t<div class=\"elementor-widget-wrap elementor-element-populated\">\n\t\t\t\t\t\t<div class=\"elementor-element elementor-element-d82f1ef elementor-widget elementor-widget-heading\" data-id=\"d82f1ef\" data-element_type=\"widget\" data-widget_type=\"heading.default\">\n\t\t\t\t<div class=\"elementor-widget-container\">\n\t\t\t\t\t<h1 class=\"elementor-heading-title elementor-size-default\">\u00daVOD DO EDUKA\u010cN\u00c9HO MANA\u017dMENTU <\/h1>\t\t\t\t<\/div>\n\t\t\t\t<\/div>\n\t\t\t\t\t<\/div>\n\t\t<\/div>\n\t\t\t\t\t<\/div>\n\t\t<\/section>\n\t\t\t\t<section class=\"elementor-section elementor-top-section elementor-element elementor-element-2858d6f elementor-section-boxed elementor-section-height-default elementor-section-height-default\" data-id=\"2858d6f\" data-element_type=\"section\">\n\t\t\t\t\t\t<div class=\"elementor-container elementor-column-gap-default\">\n\t\t\t\t\t<div class=\"elementor-column elementor-col-100 elementor-top-column elementor-element elementor-element-e63bd34\" data-id=\"e63bd34\" data-element_type=\"column\">\n\t\t\t<div class=\"elementor-widget-wrap elementor-element-populated\">\n\t\t\t\t\t\t<section class=\"elementor-section elementor-inner-section elementor-element elementor-element-0b79421 elementor-section-boxed elementor-section-height-default elementor-section-height-default\" data-id=\"0b79421\" data-element_type=\"section\">\n\t\t\t\t\t\t<div class=\"elementor-container elementor-column-gap-default\">\n\t\t\t\t\t<div class=\"elementor-column elementor-col-100 elementor-inner-column elementor-element elementor-element-bb0ded5\" data-id=\"bb0ded5\" data-element_type=\"column\">\n\t\t\t<div class=\"elementor-widget-wrap elementor-element-populated\">\n\t\t\t\t\t\t<div class=\"elementor-element elementor-element-759b076 elementor-widget elementor-widget-heading\" data-id=\"759b076\" data-element_type=\"widget\" data-widget_type=\"heading.default\">\n\t\t\t\t<div class=\"elementor-widget-container\">\n\t\t\t\t\t<h3 class=\"elementor-heading-title elementor-size-default\">\u0160kolsk\u00fd vzdel\u00e1vac\u00ed program<\/h3>\t\t\t\t<\/div>\n\t\t\t\t<\/div>\n\t\t\t\t<div class=\"elementor-element elementor-element-5aa9d5d elementor-widget elementor-widget-text-editor\" data-id=\"5aa9d5d\" data-element_type=\"widget\" data-widget_type=\"text-editor.default\">\n\t\t\t\t<div class=\"elementor-widget-container\">\n\t\t\t\t\t\t\t\t\t<p style=\"text-align: justify;\">\u0160kolsk\u00fd vzdel\u00e1vac\u00ed program je dokumentom \u0161koly a\u00a0\u0161kolsk\u00e9ho zariadenia, ktor\u00fd je zostaven\u00fd na z\u00e1klade \u0161t\u00e1tneho vzdel\u00e1vacieho programu.<\/p><p style=\"text-align: justify;\">V <em>z\u00e1kone \u010d. 245\/2008 o v\u00fdchove a vzdel\u00e1van\u00ed (\u0161kolsk\u00fd z\u00e1kon) a o zmene a doplnen\u00ed niektor\u00fdch <\/em>sa v \u00a7 1 a\u017e 3 uv\u00e1dza, \u017ee \u0161kolsk\u00fd vzdel\u00e1vac\u00ed program je z\u00e1kladn\u00fdm dokumentom \u0161koly, pod\u013ea ktor\u00e9ho sa uskuto\u010d\u0148uje v\u00fdchova a vzdel\u00e1vanie v\u00a0\u0161kol\u00e1ch. \u0160kolsk\u00fd vzdel\u00e1vac\u00ed program mus\u00ed by\u0165 vypracovan\u00fd v s\u00falade s princ\u00edpmi a cie\u013emi v\u00fdchovy a vzdel\u00e1vania a pr\u00edslu\u0161n\u00fdm \u0161t\u00e1tnym vzdel\u00e1vac\u00edm programom. Ak \u0161kola poskytuje vzdelanie viacer\u00fdch stup\u0148ov, m\u00f4\u017ee vypracova\u0165 pre v\u0161etky stupne vzdelania jeden s\u00fahrnn\u00fd \u0161kolsk\u00fd vzdel\u00e1vac\u00ed program, ktor\u00fd je v s\u00falade so \u0161t\u00e1tnymi vzdel\u00e1vac\u00edmi programami pre pr\u00edslu\u0161n\u00e9 stupne vzdelania a pr\u00edslu\u0161n\u00e9 odbory vzdel\u00e1vania. \u0160kolsk\u00fd vzdel\u00e1vac\u00ed program vyd\u00e1va riadite\u013e \u0161koly po prerokovan\u00ed v pedagogickej rade \u0161koly a v rade \u0161koly.<\/p><p style=\"text-align: justify;\">\u0160t\u00e1tny vzdel\u00e1vac\u00ed program obsahuje nasledovn\u00e9 inform\u00e1cie (\u00a7 7 ods. 4 z\u00e1kona \u010d. 245\/2008):<\/p><ul style=\"text-align: justify;\"><li>n\u00e1zov vzdel\u00e1vacieho programu,<\/li><li>vymedzenie cie\u013eov a poslania v\u00fdchovy a vzdel\u00e1vania a zameranie \u0161koly; v stredn\u00fdch \u0161kol\u00e1ch aj profil absolventa,<\/li><li>stupe\u0148 vzdelania, ktor\u00fd sa dosiahne absolvovan\u00edm \u0161kolsk\u00e9ho vzdel\u00e1vacieho programu a pr\u00edslu\u0161n\u00fa \u00farove\u0148 Slovensk\u00e9ho kvalifika\u010dn\u00e9ho r\u00e1mca a Eur\u00f3pskeho kvalifika\u010dn\u00e9ho r\u00e1mca,<\/li><li>d\u013a\u017eku \u0161t\u00fadia a formy v\u00fdchovy a vzdel\u00e1vania,<\/li><li>u\u010debn\u00fd pl\u00e1n okrem matersk\u00fdch \u0161k\u00f4l,<\/li><li>u\u010debn\u00e9 osnovy,<\/li><li>vyu\u010dovac\u00ed jazyk,<\/li><li>hodnotenie det\u00ed a \u017eiakov.<\/li><\/ul><p style=\"text-align: justify;\">\u0160kolsk\u00fd vzdel\u00e1vac\u00ed program predstavuje legislat\u00edvny n\u00e1stroj riadite\u013ea \u0161koly, prostredn\u00edctvom ktor\u00e9ho m\u00f4\u017ee nap\u013a\u0148a\u0165 ciele svojej koncepcie rozvoja \u0161koly alebo \u0161kolsk\u00e9ho zariadenia, ktor\u00fa predkladal do v\u00fdberov\u00e9ho konania na funkciu riadite\u013ea \u0161koly (KRAJ\u010c\u00cdR, MLSNOV\u00c1, SURMAJOV\u00c1, 2016, 51). Od \u0161kolsk\u00e9ho vzdel\u00e1vacieho programu sa odv\u00edja aj \u010fal\u0161ia pedagogick\u00e1 dokument\u00e1cia.<\/p>\t\t\t\t\t\t\t\t<\/div>\n\t\t\t\t<\/div>\n\t\t\t\t\t<\/div>\n\t\t<\/div>\n\t\t\t\t\t<\/div>\n\t\t<\/section>\n\t\t\t\t\t<\/div>\n\t\t<\/div>\n\t\t\t\t\t<\/div>\n\t\t<\/section>\n\t\t\t\t<\/div>\n\t\t","protected":false},"excerpt":{"rendered":"<p>\u00daVOD DO EDUKA\u010cN\u00c9HO MANA\u017dMENTU \u0160kolsk\u00fd vzdel\u00e1vac\u00ed program \u0160kolsk\u00fd vzdel\u00e1vac\u00ed program je dokumentom \u0161koly a\u00a0\u0161kolsk\u00e9ho zariadenia, ktor\u00fd je zostaven\u00fd na z\u00e1klade \u0161t\u00e1tneho vzdel\u00e1vacieho programu. V z\u00e1kone \u010d. 245\/2008 o v\u00fdchove a vzdel\u00e1van\u00ed (\u0161kolsk\u00fd z\u00e1kon) a o zmene a doplnen\u00ed niektor\u00fdch sa v \u00a7 1 a\u017e 3 uv\u00e1dza, \u017ee \u0161kolsk\u00fd vzdel\u00e1vac\u00ed program je z\u00e1kladn\u00fdm dokumentom \u0161koly, pod\u013ea [&hellip;]<\/p>\n","protected":false},"author":3,"featured_media":0,"parent":0,"menu_order":0,"comment_status":"closed","ping_status":"closed","template":"","meta":{"footnotes":""},"class_list":["post-3048","page","type-page","status-publish","hentry"],"_links":{"self":[{"href":"https:\/\/e-ucebnice.ff.ucm.sk\/index.php\/wp-json\/wp\/v2\/pages\/3048","targetHints":{"allow":["GET"]}}],"collection":[{"href":"https:\/\/e-ucebnice.ff.ucm.sk\/index.php\/wp-json\/wp\/v2\/pages"}],"about":[{"href":"https:\/\/e-ucebnice.ff.ucm.sk\/index.php\/wp-json\/wp\/v2\/types\/page"}],"author":[{"embeddable":true,"href":"https:\/\/e-ucebnice.ff.ucm.sk\/index.php\/wp-json\/wp\/v2\/users\/3"}],"replies":[{"embeddable":true,"href":"https:\/\/e-ucebnice.ff.ucm.sk\/index.php\/wp-json\/wp\/v2\/comments?post=3048"}],"version-history":[{"count":4,"href":"https:\/\/e-ucebnice.ff.ucm.sk\/index.php\/wp-json\/wp\/v2\/pages\/3048\/revisions"}],"predecessor-version":[{"id":3082,"href":"https:\/\/e-ucebnice.ff.ucm.sk\/index.php\/wp-json\/wp\/v2\/pages\/3048\/revisions\/3082"}],"wp:attachment":[{"href":"https:\/\/e-ucebnice.ff.ucm.sk\/index.php\/wp-json\/wp\/v2\/media?parent=3048"}],"curies":[{"name":"wp","href":"https:\/\/api.w.org\/{rel}","templated":true}]}}