{"id":3050,"date":"2023-03-04T11:25:03","date_gmt":"2023-03-04T10:25:03","guid":{"rendered":"https:\/\/e-ucebnice.ff.ucm.sk\/?page_id=3050"},"modified":"2023-03-04T11:40:32","modified_gmt":"2023-03-04T10:40:32","slug":"uvod-do-eduk-man-7-3","status":"publish","type":"page","link":"https:\/\/e-ucebnice.ff.ucm.sk\/index.php\/uvod-do-eduk-man-7-3\/","title":{"rendered":"\u00davod do eduk man-7-3"},"content":{"rendered":"\t\t<div data-elementor-type=\"wp-page\" data-elementor-id=\"3050\" class=\"elementor elementor-3050\" data-elementor-post-type=\"page\">\n\t\t\t\t\t\t<section class=\"elementor-section elementor-top-section elementor-element elementor-element-6f672ed elementor-section-height-min-height elementor-section-boxed elementor-section-height-default elementor-section-items-middle\" data-id=\"6f672ed\" data-element_type=\"section\" data-settings=\"{&quot;background_background&quot;:&quot;classic&quot;}\">\n\t\t\t\t\t\t\t<div class=\"elementor-background-overlay\"><\/div>\n\t\t\t\t\t\t\t<div class=\"elementor-container elementor-column-gap-default\">\n\t\t\t\t\t<div class=\"elementor-column elementor-col-100 elementor-top-column elementor-element elementor-element-bbeb470\" data-id=\"bbeb470\" data-element_type=\"column\">\n\t\t\t<div class=\"elementor-widget-wrap elementor-element-populated\">\n\t\t\t\t\t\t<div class=\"elementor-element elementor-element-d82f1ef elementor-widget elementor-widget-heading\" data-id=\"d82f1ef\" data-element_type=\"widget\" data-widget_type=\"heading.default\">\n\t\t\t\t<div class=\"elementor-widget-container\">\n\t\t\t\t\t<h1 class=\"elementor-heading-title elementor-size-default\">\u00daVOD DO EDUKA\u010cN\u00c9HO MANA\u017dMENTU <\/h1>\t\t\t\t<\/div>\n\t\t\t\t<\/div>\n\t\t\t\t\t<\/div>\n\t\t<\/div>\n\t\t\t\t\t<\/div>\n\t\t<\/section>\n\t\t\t\t<section class=\"elementor-section elementor-top-section elementor-element elementor-element-2858d6f elementor-section-boxed elementor-section-height-default elementor-section-height-default\" data-id=\"2858d6f\" data-element_type=\"section\">\n\t\t\t\t\t\t<div class=\"elementor-container elementor-column-gap-default\">\n\t\t\t\t\t<div class=\"elementor-column elementor-col-100 elementor-top-column elementor-element elementor-element-e63bd34\" data-id=\"e63bd34\" data-element_type=\"column\">\n\t\t\t<div class=\"elementor-widget-wrap elementor-element-populated\">\n\t\t\t\t\t\t<section class=\"elementor-section elementor-inner-section elementor-element elementor-element-0b79421 elementor-section-boxed elementor-section-height-default elementor-section-height-default\" data-id=\"0b79421\" data-element_type=\"section\">\n\t\t\t\t\t\t<div class=\"elementor-container elementor-column-gap-default\">\n\t\t\t\t\t<div class=\"elementor-column elementor-col-100 elementor-inner-column elementor-element elementor-element-bb0ded5\" data-id=\"bb0ded5\" data-element_type=\"column\">\n\t\t\t<div class=\"elementor-widget-wrap elementor-element-populated\">\n\t\t\t\t\t\t<div class=\"elementor-element elementor-element-759b076 elementor-widget elementor-widget-heading\" data-id=\"759b076\" data-element_type=\"widget\" data-widget_type=\"heading.default\">\n\t\t\t\t<div class=\"elementor-widget-container\">\n\t\t\t\t\t<h3 class=\"elementor-heading-title elementor-size-default\">Pedagogick\u00e1 a \u010fal\u0161ia dokument\u00e1cia \u0161koly<\/h3>\t\t\t\t<\/div>\n\t\t\t\t<\/div>\n\t\t\t\t<div class=\"elementor-element elementor-element-5aa9d5d elementor-widget elementor-widget-text-editor\" data-id=\"5aa9d5d\" data-element_type=\"widget\" data-widget_type=\"text-editor.default\">\n\t\t\t\t<div class=\"elementor-widget-container\">\n\t\t\t\t\t\t\t\t\t<p>Pedagogick\u00e1 dokument\u00e1cia \u0161koly alebo \u0161kolsk\u00e9ho zariadenia je s\u00fabor dokumentov, ktor\u00fdmi sa riadi v\u00fdchovno-vzdel\u00e1vac\u00ed proces, a pod\u013ea ktor\u00fdch \u0161kola alebo \u0161kolsk\u00e9 zariadenie vyd\u00e1va verejn\u00e9 listiny a rozhodnutia. Pedagogick\u00e1 dokument\u00e1cia sa v \u0161kol\u00e1ch a \u0161kolsk\u00fdch zariadeniach vedie v \u0161t\u00e1tnom jazyku. V n\u00e1rodnostn\u00fdch \u0161kol\u00e1ch a n\u00e1rodnostn\u00fdch \u0161kolsk\u00fdch zariadeniach sa pedagogick\u00e1 dokument\u00e1cia \u0161koly vedie dvojjazy\u010dne, a to v \u0161t\u00e1tnom jazyku a jazyku pr\u00edslu\u0161nej n\u00e1rodnostnej men\u0161iny. V \u0161kol\u00e1ch a \u0161kolsk\u00fdch zariadeniach s medzin\u00e1rodn\u00fdm programom sa pedagogick\u00e1 dokument\u00e1cia vedie v \u0161t\u00e1tnom jazyku a jazyku, v ktorom sa uskuto\u010d\u0148uje medzin\u00e1rodn\u00fd program (\u00a7 11 ods. 1, 2 z\u00e1kona \u010d. 245\/2008).<\/p>\n<p>\u010eal\u0161ia dokument\u00e1cia \u0161koly alebo \u0161kolsk\u00e9ho zariadenia je s\u00fabor dokumentov, ktor\u00fdmi sa zabezpe\u010duje organiz\u00e1cia a riadenie \u0161k\u00f4l a \u0161kolsk\u00fdch zariaden\u00ed (\u00a7 11 ods. 3 z\u00e1kona \u010d. 245\/2008).<\/p>\n<p>Problematike pedagogickej a\u00a0\u010fal\u0161ej dokument\u00e1cie sa osobitne venuje <em>vyhl\u00e1\u0161ka Ministerstva \u0161kolstva, vedy, v\u00fdskumu a \u0161portu Slovenskej republiky \u010d. 21\/2022 Z.z.\u00a0 o pedagogickej dokument\u00e1cii a \u010fal\u0161ej dokument\u00e1cii.<\/em><\/p>\n<p><strong>Pedagogick\u00fa dokument\u00e1ciu z\u00e1kladnej \u0161koly<\/strong> tvor\u00ed (\u00a7 1 ods. 2 vyhl\u00e1\u0161ky \u010d. 21\/2022):<\/p>\n<ul>\n<li>triedna kniha,<\/li>\n<li>triedny v\u00fdkaz,<\/li>\n<li>katal\u00f3gov\u00fd list \u017eiaka,<\/li>\n<li>protokol o komision\u00e1lnej sk\u00fa\u0161ke,<\/li>\n<li>rozvrh hod\u00edn.<\/li>\n<\/ul>\n<p><strong>Pedagogick\u00fa dokument\u00e1ciu strednej \u0161koly<\/strong> tvor\u00ed (\u00a7 1 ods. 3 vyhl\u00e1\u0161ky \u010d. 21\/2022):<\/p>\n<ul>\n<li>triedna kniha,<\/li>\n<li>triedny v\u00fdkaz,<\/li>\n<li>denn\u00edk evidencie odborn\u00e9ho v\u00fdcviku, ak ide o stredn\u00fa odborn\u00fa \u0161kolu,<\/li>\n<li>katal\u00f3gov\u00fd list \u017eiaka,<\/li>\n<li>protokol o maturitnej sk\u00fa\u0161ke,<\/li>\n<li>protokol o z\u00e1vere\u010dnej sk\u00fa\u0161ke, ak ide o stredn\u00fa odborn\u00fa \u0161kolu,<\/li>\n<li>protokol o absolventskej sk\u00fa\u0161ke, ak ide o stredn\u00fa odborn\u00fa \u0161kolu, konzervat\u00f3rium alebo o \u0161kolu umeleck\u00e9ho priemyslu,<\/li>\n<li>protokol o komision\u00e1lnej sk\u00fa\u0161ke,<\/li>\n<li>rozvrh hod\u00edn.<\/li>\n<\/ul>\n<p>D\u00f4le\u017eit\u00fdm dokumentom, ktor\u00fd je s\u00fa\u010das\u0165ou pedagogickej dokument\u00e1cie je <strong>\u0161kolsk\u00fd poriadok<\/strong>, ktor\u00fd vyd\u00e1va riadite\u013e \u0161koly alebo \u0161kolsk\u00e9ho zariadenia po prerokovan\u00ed v\u00a0pedagogickej rade a\u00a0v\u00a0org\u00e1noch \u0161kolskej samospr\u00e1vy. Obsahovo \u0161kolsk\u00fd poriadok upravuje podrobnosti o (\u00a7 153 ods. 1 z\u00e1kona \u010d. 245\/2008):<\/p>\n<ul>\n<li>v\u00fdkone pr\u00e1v a povinnost\u00ed det\u00ed, \u017eiakov a ich z\u00e1konn\u00fdch z\u00e1stupcov v \u0161kole alebo v \u0161kolskom zariaden\u00ed, pravidl\u00e1 vz\u00e1jomn\u00fdch vz\u0165ahov a vz\u0165ahov s pedagogick\u00fdmi zamestnancami a \u010fal\u0161\u00edmi zamestnancami \u0161koly,<\/li>\n<li>prev\u00e1dzke a vn\u00fatornom re\u017eime \u0161koly alebo \u0161kolsk\u00e9ho zariadenia,<\/li>\n<li>podmienkach na zaistenie bezpe\u010dnosti a ochrany zdravia det\u00ed a \u017eiakov a ich ochrany pred soci\u00e1lnopatologick\u00fdmi javmi, diskrimin\u00e1ciou alebo n\u00e1sil\u00edm,<\/li>\n<li>podmienkach nakladania s majetkom, ktor\u00fd \u0161kola alebo \u0161kolsk\u00e9 zariadenie spravuje, ak tak rozhodne zria\u010fovate\u013e.<\/li>\n<\/ul>\n<p><strong>\u00a0<\/strong><\/p>\n<p><strong>\u010eal\u0161iu dokument\u00e1ciu z\u00e1kladnej \u0161koly<\/strong> tvor\u00ed (\u00a7 4 ods. 2 vyhl\u00e1\u0161ky \u010d. 21\/2022):<\/p>\n<ul>\n<li>z\u00e1pisnica z rokovania pedagogickej rady,<\/li>\n<li>z\u00e1pisnica z rokovania predmetovej komisie, ak je zriaden\u00e1,<\/li>\n<li>z\u00e1pisnica z rokovania metodick\u00e9ho zdru\u017eenia, ak je zriaden\u00e9,<\/li>\n<li>dokument\u00e1cia o z\u00e1ujmovej \u010dinnosti \u0161koly,<\/li>\n<li>dokument\u00e1cia o aktivit\u00e1ch (napr. v\u00fdlety, exkurzie, jazykov\u00e9 kurzy, \u0161portov\u00fd v\u00fdcvik, pobyty \u017eiakov v \u0161kole v\u00a0pr\u00edrode a\u00a0pod.).<\/li>\n<\/ul>\n<p><strong>\u010eal\u0161iu dokument\u00e1ciu strednej \u0161koly <\/strong>tvor\u00ed (\u00a7 4 ods. 3 vyhl\u00e1\u0161ky \u010d. 21\/2022):<\/p>\n<ul>\n<li>z\u00e1pisnica z rokovania pedagogickej rady,<\/li>\n<li>z\u00e1pisnica z rokovania predmetovej komisie, ak je zriaden\u00e1,<\/li>\n<li>dokument\u00e1cia o z\u00e1ujmovej \u010dinnosti \u0161koly,<\/li>\n<li>dokument\u00e1cia o aktivit\u00e1ch (napr. kurz na ochranu \u017eivota a zdravia a m\u00f4\u017ee organizova\u0165 kurz pohybov\u00fdch aktiv\u00edt v pr\u00edrode, exkurzie, \u0161kolsk\u00e9 v\u00fdlety a\u00a0pod.).<\/li>\n<\/ul>\n<p>Medzi \u010fal\u0161iu dokument\u00e1ciu \u0161koly patr\u00ed aj: organiza\u010dn\u00fd poriadok, pracovn\u00fd poriadok, registrat\u00farny poriadok, evidencia o \u0161kolsk\u00fdch \u00farazoch \u017eiakov, kolekt\u00edvna zmluva, evidencia pracovn\u00e9ho \u010dasu, \u00a0ro\u010dn\u00fd pl\u00e1n kontrolnej \u010dinnosti riadite\u013ea a z\u00e1stupcu riadite\u013ea a\u00a0\u010fal\u0161ie.<\/p>\t\t\t\t\t\t\t\t<\/div>\n\t\t\t\t<\/div>\n\t\t\t\t\t<\/div>\n\t\t<\/div>\n\t\t\t\t\t<\/div>\n\t\t<\/section>\n\t\t\t\t\t<\/div>\n\t\t<\/div>\n\t\t\t\t\t<\/div>\n\t\t<\/section>\n\t\t\t\t<\/div>\n\t\t","protected":false},"excerpt":{"rendered":"<p>\u00daVOD DO EDUKA\u010cN\u00c9HO MANA\u017dMENTU Pedagogick\u00e1 a \u010fal\u0161ia dokument\u00e1cia \u0161koly Pedagogick\u00e1 dokument\u00e1cia \u0161koly alebo \u0161kolsk\u00e9ho zariadenia je s\u00fabor dokumentov, ktor\u00fdmi sa riadi v\u00fdchovno-vzdel\u00e1vac\u00ed proces, a pod\u013ea ktor\u00fdch \u0161kola alebo \u0161kolsk\u00e9 zariadenie vyd\u00e1va verejn\u00e9 listiny a rozhodnutia. Pedagogick\u00e1 dokument\u00e1cia sa v \u0161kol\u00e1ch a \u0161kolsk\u00fdch zariadeniach vedie v \u0161t\u00e1tnom jazyku. V n\u00e1rodnostn\u00fdch \u0161kol\u00e1ch a n\u00e1rodnostn\u00fdch \u0161kolsk\u00fdch zariadeniach sa [&hellip;]<\/p>\n","protected":false},"author":3,"featured_media":0,"parent":0,"menu_order":0,"comment_status":"closed","ping_status":"closed","template":"","meta":{"footnotes":""},"class_list":["post-3050","page","type-page","status-publish","hentry"],"_links":{"self":[{"href":"https:\/\/e-ucebnice.ff.ucm.sk\/index.php\/wp-json\/wp\/v2\/pages\/3050","targetHints":{"allow":["GET"]}}],"collection":[{"href":"https:\/\/e-ucebnice.ff.ucm.sk\/index.php\/wp-json\/wp\/v2\/pages"}],"about":[{"href":"https:\/\/e-ucebnice.ff.ucm.sk\/index.php\/wp-json\/wp\/v2\/types\/page"}],"author":[{"embeddable":true,"href":"https:\/\/e-ucebnice.ff.ucm.sk\/index.php\/wp-json\/wp\/v2\/users\/3"}],"replies":[{"embeddable":true,"href":"https:\/\/e-ucebnice.ff.ucm.sk\/index.php\/wp-json\/wp\/v2\/comments?post=3050"}],"version-history":[{"count":4,"href":"https:\/\/e-ucebnice.ff.ucm.sk\/index.php\/wp-json\/wp\/v2\/pages\/3050\/revisions"}],"predecessor-version":[{"id":3085,"href":"https:\/\/e-ucebnice.ff.ucm.sk\/index.php\/wp-json\/wp\/v2\/pages\/3050\/revisions\/3085"}],"wp:attachment":[{"href":"https:\/\/e-ucebnice.ff.ucm.sk\/index.php\/wp-json\/wp\/v2\/media?parent=3050"}],"curies":[{"name":"wp","href":"https:\/\/api.w.org\/{rel}","templated":true}]}}