{"id":3062,"date":"2023-03-04T11:27:54","date_gmt":"2023-03-04T10:27:54","guid":{"rendered":"https:\/\/e-ucebnice.ff.ucm.sk\/?page_id=3062"},"modified":"2023-03-04T11:54:57","modified_gmt":"2023-03-04T10:54:57","slug":"uvod-do-eduk-man-8-4","status":"publish","type":"page","link":"https:\/\/e-ucebnice.ff.ucm.sk\/index.php\/uvod-do-eduk-man-8-4\/","title":{"rendered":"\u00davod do eduk man-8-4"},"content":{"rendered":"\t\t<div data-elementor-type=\"wp-page\" data-elementor-id=\"3062\" class=\"elementor elementor-3062\" data-elementor-post-type=\"page\">\n\t\t\t\t\t\t<section class=\"elementor-section elementor-top-section elementor-element elementor-element-6f672ed elementor-section-height-min-height elementor-section-boxed elementor-section-height-default elementor-section-items-middle\" data-id=\"6f672ed\" data-element_type=\"section\" data-settings=\"{&quot;background_background&quot;:&quot;classic&quot;}\">\n\t\t\t\t\t\t\t<div class=\"elementor-background-overlay\"><\/div>\n\t\t\t\t\t\t\t<div class=\"elementor-container elementor-column-gap-default\">\n\t\t\t\t\t<div class=\"elementor-column elementor-col-100 elementor-top-column elementor-element elementor-element-bbeb470\" data-id=\"bbeb470\" data-element_type=\"column\">\n\t\t\t<div class=\"elementor-widget-wrap elementor-element-populated\">\n\t\t\t\t\t\t<div class=\"elementor-element elementor-element-d82f1ef elementor-widget elementor-widget-heading\" data-id=\"d82f1ef\" data-element_type=\"widget\" data-widget_type=\"heading.default\">\n\t\t\t\t<div class=\"elementor-widget-container\">\n\t\t\t\t\t<h1 class=\"elementor-heading-title elementor-size-default\">\u00daVOD DO EDUKA\u010cN\u00c9HO MANA\u017dMENTU <\/h1>\t\t\t\t<\/div>\n\t\t\t\t<\/div>\n\t\t\t\t\t<\/div>\n\t\t<\/div>\n\t\t\t\t\t<\/div>\n\t\t<\/section>\n\t\t\t\t<section class=\"elementor-section elementor-top-section elementor-element elementor-element-2858d6f elementor-section-boxed elementor-section-height-default elementor-section-height-default\" data-id=\"2858d6f\" data-element_type=\"section\">\n\t\t\t\t\t\t<div class=\"elementor-container elementor-column-gap-default\">\n\t\t\t\t\t<div class=\"elementor-column elementor-col-100 elementor-top-column elementor-element elementor-element-e63bd34\" data-id=\"e63bd34\" data-element_type=\"column\">\n\t\t\t<div class=\"elementor-widget-wrap elementor-element-populated\">\n\t\t\t\t\t\t<section class=\"elementor-section elementor-inner-section elementor-element elementor-element-0b79421 elementor-section-boxed elementor-section-height-default elementor-section-height-default\" data-id=\"0b79421\" data-element_type=\"section\">\n\t\t\t\t\t\t<div class=\"elementor-container elementor-column-gap-default\">\n\t\t\t\t\t<div class=\"elementor-column elementor-col-100 elementor-inner-column elementor-element elementor-element-bb0ded5\" data-id=\"bb0ded5\" data-element_type=\"column\">\n\t\t\t<div class=\"elementor-widget-wrap elementor-element-populated\">\n\t\t\t\t\t\t<div class=\"elementor-element elementor-element-759b076 elementor-widget elementor-widget-heading\" data-id=\"759b076\" data-element_type=\"widget\" data-widget_type=\"heading.default\">\n\t\t\t\t<div class=\"elementor-widget-container\">\n\t\t\t\t\t<h3 class=\"elementor-heading-title elementor-size-default\">Literat\u00fara<\/h3>\t\t\t\t<\/div>\n\t\t\t\t<\/div>\n\t\t\t\t<div class=\"elementor-element elementor-element-5aa9d5d elementor-widget elementor-widget-text-editor\" data-id=\"5aa9d5d\" data-element_type=\"widget\" data-widget_type=\"text-editor.default\">\n\t\t\t\t<div class=\"elementor-widget-container\">\n\t\t\t\t\t\t\t\t\t<p>\u010cERETKOV\u00c1 a\u00a0kol. 2019. <em>Kompetencie u\u010dite\u013ea: hodnotenie, sebahodnotenie<\/em>. Praha: Verbum. ISBN 978-80-87800-54-6.<\/p><p>MAJT\u00c1N, M. a kol. 2016. <em>Mana\u017ement<\/em>. Bratislava: Sprint 2 s.r.o., ISBN 978-80-89710-27-0.<\/p><p>PAVLOV, I. a\u00a0kol. 2018. <em>Kari\u00e9rov\u00fd syst\u00e9m profesijn\u00e9ho rozvoja u\u010dite\u013eov a\u00a0model podpory profesijn\u00e9ho u\u010denia v\u00a0\u0161kole<\/em>. Bansk\u00e1 Bystrica: Belianum. ISBN 978-80-557-1513-1.<\/p><p>PAVLOV, I. 2013. <em>\u0160tandardiz\u00e1cia profesijn\u00fdch kompetenci\u00ed u\u010dite\u013eov (v\u00fdchodisk\u00e1 a\u00a0perspekt\u00edvy).<\/em> Pre\u0161ov: \u0160kola plus. ISBN 978-80-970275-5-1.<\/p><p>PISO\u0147OV\u00c1, M. a\u00a0kol. 2021. <em>Mana\u017ement vzdel\u00e1vania.<\/em> Bratislava: Wolters Kluwer, ISBN 978-80-571-0382-0.<\/p><p>\u0160UKALOV\u00c1, M. 2015. <em>Person\u00e1lny mana\u017ement<\/em>. Bratislava: Dolis, s.r.o., ISBN 978-80-8181-033-6.<\/p><p>Z\u00e1kon \u010d. 596\/2003 Z. z. o \u0161t\u00e1tnej spr\u00e1ve v \u0161kolstve a \u0161kolskej samospr\u00e1ve a o zmene a doplnen\u00ed niektor\u00fdch z\u00e1konov.<\/p><p>Z\u00e1kon \u010d. 138\/2019 o pedagogick\u00fdch zamestnancoch a odborn\u00fdch zamestnancoch a o zmene a doplnen\u00ed niektor\u00fdch z\u00e1konov.<\/p>\t\t\t\t\t\t\t\t<\/div>\n\t\t\t\t<\/div>\n\t\t\t\t\t<\/div>\n\t\t<\/div>\n\t\t\t\t\t<\/div>\n\t\t<\/section>\n\t\t\t\t\t<\/div>\n\t\t<\/div>\n\t\t\t\t\t<\/div>\n\t\t<\/section>\n\t\t\t\t<\/div>\n\t\t","protected":false},"excerpt":{"rendered":"<p>\u00daVOD DO EDUKA\u010cN\u00c9HO MANA\u017dMENTU Literat\u00fara \u010cERETKOV\u00c1 a\u00a0kol. 2019. Kompetencie u\u010dite\u013ea: hodnotenie, sebahodnotenie. Praha: Verbum. ISBN 978-80-87800-54-6. MAJT\u00c1N, M. a kol. 2016. Mana\u017ement. Bratislava: Sprint 2 s.r.o., ISBN 978-80-89710-27-0. PAVLOV, I. a\u00a0kol. 2018. Kari\u00e9rov\u00fd syst\u00e9m profesijn\u00e9ho rozvoja u\u010dite\u013eov a\u00a0model podpory profesijn\u00e9ho u\u010denia v\u00a0\u0161kole. Bansk\u00e1 Bystrica: Belianum. ISBN 978-80-557-1513-1. PAVLOV, I. 2013. \u0160tandardiz\u00e1cia profesijn\u00fdch kompetenci\u00ed u\u010dite\u013eov (v\u00fdchodisk\u00e1 [&hellip;]<\/p>\n","protected":false},"author":3,"featured_media":0,"parent":0,"menu_order":0,"comment_status":"closed","ping_status":"closed","template":"","meta":{"footnotes":""},"class_list":["post-3062","page","type-page","status-publish","hentry"],"_links":{"self":[{"href":"https:\/\/e-ucebnice.ff.ucm.sk\/index.php\/wp-json\/wp\/v2\/pages\/3062","targetHints":{"allow":["GET"]}}],"collection":[{"href":"https:\/\/e-ucebnice.ff.ucm.sk\/index.php\/wp-json\/wp\/v2\/pages"}],"about":[{"href":"https:\/\/e-ucebnice.ff.ucm.sk\/index.php\/wp-json\/wp\/v2\/types\/page"}],"author":[{"embeddable":true,"href":"https:\/\/e-ucebnice.ff.ucm.sk\/index.php\/wp-json\/wp\/v2\/users\/3"}],"replies":[{"embeddable":true,"href":"https:\/\/e-ucebnice.ff.ucm.sk\/index.php\/wp-json\/wp\/v2\/comments?post=3062"}],"version-history":[{"count":4,"href":"https:\/\/e-ucebnice.ff.ucm.sk\/index.php\/wp-json\/wp\/v2\/pages\/3062\/revisions"}],"predecessor-version":[{"id":3109,"href":"https:\/\/e-ucebnice.ff.ucm.sk\/index.php\/wp-json\/wp\/v2\/pages\/3062\/revisions\/3109"}],"wp:attachment":[{"href":"https:\/\/e-ucebnice.ff.ucm.sk\/index.php\/wp-json\/wp\/v2\/media?parent=3062"}],"curies":[{"name":"wp","href":"https:\/\/api.w.org\/{rel}","templated":true}]}}