{"id":3110,"date":"2023-03-04T11:56:20","date_gmt":"2023-03-04T10:56:20","guid":{"rendered":"https:\/\/e-ucebnice.ff.ucm.sk\/?page_id=3110"},"modified":"2023-03-04T12:09:18","modified_gmt":"2023-03-04T11:09:18","slug":"uvod-do-eduk-man-9-1","status":"publish","type":"page","link":"https:\/\/e-ucebnice.ff.ucm.sk\/index.php\/uvod-do-eduk-man-9-1\/","title":{"rendered":"\u00davod do eduk man-9-1"},"content":{"rendered":"\t\t<div data-elementor-type=\"wp-page\" data-elementor-id=\"3110\" class=\"elementor elementor-3110\" data-elementor-post-type=\"page\">\n\t\t\t\t\t\t<section class=\"elementor-section elementor-top-section elementor-element elementor-element-6f672ed elementor-section-height-min-height elementor-section-boxed elementor-section-height-default elementor-section-items-middle\" data-id=\"6f672ed\" data-element_type=\"section\" data-settings=\"{&quot;background_background&quot;:&quot;classic&quot;}\">\n\t\t\t\t\t\t\t<div class=\"elementor-background-overlay\"><\/div>\n\t\t\t\t\t\t\t<div class=\"elementor-container elementor-column-gap-default\">\n\t\t\t\t\t<div class=\"elementor-column elementor-col-100 elementor-top-column elementor-element elementor-element-bbeb470\" data-id=\"bbeb470\" data-element_type=\"column\">\n\t\t\t<div class=\"elementor-widget-wrap elementor-element-populated\">\n\t\t\t\t\t\t<div class=\"elementor-element elementor-element-d82f1ef elementor-widget elementor-widget-heading\" data-id=\"d82f1ef\" data-element_type=\"widget\" data-widget_type=\"heading.default\">\n\t\t\t\t<div class=\"elementor-widget-container\">\n\t\t\t\t\t<h1 class=\"elementor-heading-title elementor-size-default\">\u00daVOD DO EDUKA\u010cN\u00c9HO MANA\u017dMENTU <\/h1>\t\t\t\t<\/div>\n\t\t\t\t<\/div>\n\t\t\t\t\t<\/div>\n\t\t<\/div>\n\t\t\t\t\t<\/div>\n\t\t<\/section>\n\t\t\t\t<section class=\"elementor-section elementor-top-section elementor-element elementor-element-2858d6f elementor-section-boxed elementor-section-height-default elementor-section-height-default\" data-id=\"2858d6f\" data-element_type=\"section\">\n\t\t\t\t\t\t<div class=\"elementor-container elementor-column-gap-default\">\n\t\t\t\t\t<div class=\"elementor-column elementor-col-100 elementor-top-column elementor-element elementor-element-e63bd34\" data-id=\"e63bd34\" data-element_type=\"column\">\n\t\t\t<div class=\"elementor-widget-wrap elementor-element-populated\">\n\t\t\t\t\t\t<section class=\"elementor-section elementor-inner-section elementor-element elementor-element-0b79421 elementor-section-boxed elementor-section-height-default elementor-section-height-default\" data-id=\"0b79421\" data-element_type=\"section\">\n\t\t\t\t\t\t<div class=\"elementor-container elementor-column-gap-default\">\n\t\t\t\t\t<div class=\"elementor-column elementor-col-100 elementor-inner-column elementor-element elementor-element-bb0ded5\" data-id=\"bb0ded5\" data-element_type=\"column\">\n\t\t\t<div class=\"elementor-widget-wrap elementor-element-populated\">\n\t\t\t\t\t\t<div class=\"elementor-element elementor-element-759b076 elementor-widget elementor-widget-heading\" data-id=\"759b076\" data-element_type=\"widget\" data-widget_type=\"heading.default\">\n\t\t\t\t<div class=\"elementor-widget-container\">\n\t\t\t\t\t<h3 class=\"elementor-heading-title elementor-size-default\">Zdroje financovania region\u00e1lneho \u0161kolstva<\/h3>\t\t\t\t<\/div>\n\t\t\t\t<\/div>\n\t\t\t\t<div class=\"elementor-element elementor-element-5aa9d5d elementor-widget elementor-widget-text-editor\" data-id=\"5aa9d5d\" data-element_type=\"widget\" data-widget_type=\"text-editor.default\">\n\t\t\t\t<div class=\"elementor-widget-container\">\n\t\t\t\t\t\t\t\t\t<p style=\"text-align: justify;\">Financovanie \u0161kolstva je legislat\u00edvne upraven\u00e9 v\u00a0<em>z\u00e1kone \u010d.<\/em> <em>597\/2003 o financovan\u00ed z\u00e1kladn\u00fdch \u0161k\u00f4l, stredn\u00fdch \u0161k\u00f4l a \u0161kolsk\u00fdch zariaden\u00ed<\/em> a\u00a0v <em>nariaden\u00ed vl\u00e1dy Slovenskej republiky \u010d. 630\/2008, ktor\u00fdm sa ustanovuj\u00fa podrobnosti rozpisu finan\u010dn\u00fdch prostriedkov zo \u0161t\u00e1tneho rozpo\u010dtu pre \u0161koly a \u0161kolsk\u00e9 zariadenia<\/em><em>.<\/em><\/p><p style=\"text-align: justify;\">Syst\u00e9m financovania \u0161kolstva na Slovensku ozna\u010dujeme za viaczdrojov\u00fd, pri\u010dom zdroje financovania sa l\u00ed\u0161ia v z\u00e1vislosti od toho, \u010di ide o verejn\u00fa \u0161kolu, \u0161t\u00e1tnu matersk\u00fa \u0161kolu a \u0161t\u00e1tne \u0161kolsk\u00e9 zariadenie alebo ide o cirkevn\u00fa alebo s\u00fakromn\u00fa \u0161kolu.<\/p><p style=\"text-align: justify;\">Zdroje financovania <strong>verejn\u00fdch \u0161k\u00f4l, \u0161t\u00e1tnych matersk\u00fdch \u0161k\u00f4l a \u0161t\u00e1tnych \u0161kolsk\u00fdch zariaden\u00ed<\/strong> s\u00fa (\u00a7 2 ods. 1 z\u00e1kona \u010d. 597\/2003):<\/p><ul style=\"text-align: justify;\"><li>prostriedky zo \u0161t\u00e1tneho rozpo\u010dtu v rozpo\u010dtovej kapitole Ministerstva \u0161kolstva, vedy, v\u00fdskumu a \u0161portu Slovenskej republiky,<\/li><li>prostriedky z rozpo\u010dtov obc\u00ed a prostriedky z rozpo\u010dtov samospr\u00e1vnych krajov,<\/li><li>prostriedky od in\u00fdch fyzick\u00fdch os\u00f4b a pr\u00e1vnick\u00fdch os\u00f4b za pren\u00e1jom priestorov a zariadenia \u0161k\u00f4l alebo \u0161kolsk\u00fdch zariaden\u00ed v \u010dase, ke\u010f sa nevyu\u017e\u00edvaj\u00fa na v\u00fdchovno-vzdel\u00e1vac\u00ed proces,<\/li><li>zisk z podnikate\u013eskej \u010dinnosti,<\/li><li>pr\u00edspevky od \u017eiakov, rodi\u010dov alebo inej osoby, ktor\u00e1 m\u00e1 vo\u010di \u017eiakovi vy\u017eivovaciu povinnos\u0165, na \u010diasto\u010dn\u00fa \u00fahradu n\u00e1kladov na v\u00fdchovu a vzdelanie v matersk\u00fdch \u0161kol\u00e1ch, \u0161kolsk\u00fdch kluboch det\u00ed a centr\u00e1ch vo\u013en\u00e9ho \u010dasu,<\/li><li>pr\u00edspevky od \u017eiakov, rodi\u010dov alebo inej osoby, ktor\u00e1 m\u00e1 vo\u010di \u017eiakovi vy\u017eivovaciu povinnos\u0165, na \u010diasto\u010dn\u00fa \u00fahradu n\u00e1kladov spojen\u00fdch s v\u00fdchovou, pobytom, ubytovan\u00edm a stravovan\u00edm v \u0161kolsk\u00fdch intern\u00e1toch, \u0161peci\u00e1lnych v\u00fdchovn\u00fdch zariadeniach a zariadeniach \u0161kolsk\u00e9ho stravovania,<\/li><li>pr\u00edspevky od zamestn\u00e1vate\u013eov a zamestn\u00e1vate\u013esk\u00fdch zv\u00e4zov,<\/li><li>pr\u00edspevky a dary,<\/li><li>in\u00e9 zdroje pod\u013ea osobitn\u00e9ho predpisu.<\/li><\/ul><p style=\"text-align: justify;\">\u00a0<\/p><p style=\"text-align: justify;\">Zdroje financovania <strong>cirkevn\u00fdch \u0161k\u00f4l a s\u00fakromn\u00fdch \u0161k\u00f4l<\/strong> s\u00fa (\u00a7 2 ods. 2 z\u00e1kona \u010d. 597\/2003):<\/p><ul><li style=\"text-align: justify;\">prostriedky zo \u0161t\u00e1tneho rozpo\u010dtu v kapitole ministerstva,<\/li><li style=\"text-align: justify;\">prostriedky od in\u00fdch fyzick\u00fdch os\u00f4b a pr\u00e1vnick\u00fdch os\u00f4b za pren\u00e1jom priestorov a zariadenia \u0161k\u00f4l v \u010dase, ke\u010f sa nevyu\u017e\u00edvaj\u00fa na v\u00fdchovno-vzdel\u00e1vac\u00ed proces,<\/li><li style=\"text-align: justify;\">zisk z podnikate\u013eskej \u010dinnosti,<\/li><li style=\"text-align: justify;\">pr\u00edspevky od zria\u010fovate\u013eov,<\/li><li style=\"text-align: justify;\">pr\u00edspevky od \u017eiakov, rodi\u010dov alebo inej osoby, ktor\u00e1 m\u00e1 vo\u010di \u017eiakovi vy\u017eivovaciu povinnos\u0165, na \u00fahradu n\u00e1kladov na v\u00fdchovu a vzdelanie,<\/li><li style=\"text-align: justify;\">pr\u00edspevky od zamestn\u00e1vate\u013eov a zamestn\u00e1vate\u013esk\u00fdch zv\u00e4zov,<\/li><li style=\"text-align: justify;\">pr\u00edspevky a dary,<\/li><li style=\"text-align: justify;\">in\u00e9 zdroje pod\u013ea osobitn\u00e9ho predpisu.<\/li><\/ul>\t\t\t\t\t\t\t\t<\/div>\n\t\t\t\t<\/div>\n\t\t\t\t\t<\/div>\n\t\t<\/div>\n\t\t\t\t\t<\/div>\n\t\t<\/section>\n\t\t\t\t\t<\/div>\n\t\t<\/div>\n\t\t\t\t\t<\/div>\n\t\t<\/section>\n\t\t\t\t<\/div>\n\t\t","protected":false},"excerpt":{"rendered":"<p>\u00daVOD DO EDUKA\u010cN\u00c9HO MANA\u017dMENTU Zdroje financovania region\u00e1lneho \u0161kolstva Financovanie \u0161kolstva je legislat\u00edvne upraven\u00e9 v\u00a0z\u00e1kone \u010d. 597\/2003 o financovan\u00ed z\u00e1kladn\u00fdch \u0161k\u00f4l, stredn\u00fdch \u0161k\u00f4l a \u0161kolsk\u00fdch zariaden\u00ed a\u00a0v nariaden\u00ed vl\u00e1dy Slovenskej republiky \u010d. 630\/2008, ktor\u00fdm sa ustanovuj\u00fa podrobnosti rozpisu finan\u010dn\u00fdch prostriedkov zo \u0161t\u00e1tneho rozpo\u010dtu pre \u0161koly a \u0161kolsk\u00e9 zariadenia. Syst\u00e9m financovania \u0161kolstva na Slovensku ozna\u010dujeme za viaczdrojov\u00fd, [&hellip;]<\/p>\n","protected":false},"author":3,"featured_media":0,"parent":0,"menu_order":0,"comment_status":"closed","ping_status":"closed","template":"","meta":{"footnotes":""},"class_list":["post-3110","page","type-page","status-publish","hentry"],"_links":{"self":[{"href":"https:\/\/e-ucebnice.ff.ucm.sk\/index.php\/wp-json\/wp\/v2\/pages\/3110","targetHints":{"allow":["GET"]}}],"collection":[{"href":"https:\/\/e-ucebnice.ff.ucm.sk\/index.php\/wp-json\/wp\/v2\/pages"}],"about":[{"href":"https:\/\/e-ucebnice.ff.ucm.sk\/index.php\/wp-json\/wp\/v2\/types\/page"}],"author":[{"embeddable":true,"href":"https:\/\/e-ucebnice.ff.ucm.sk\/index.php\/wp-json\/wp\/v2\/users\/3"}],"replies":[{"embeddable":true,"href":"https:\/\/e-ucebnice.ff.ucm.sk\/index.php\/wp-json\/wp\/v2\/comments?post=3110"}],"version-history":[{"count":4,"href":"https:\/\/e-ucebnice.ff.ucm.sk\/index.php\/wp-json\/wp\/v2\/pages\/3110\/revisions"}],"predecessor-version":[{"id":3143,"href":"https:\/\/e-ucebnice.ff.ucm.sk\/index.php\/wp-json\/wp\/v2\/pages\/3110\/revisions\/3143"}],"wp:attachment":[{"href":"https:\/\/e-ucebnice.ff.ucm.sk\/index.php\/wp-json\/wp\/v2\/media?parent=3110"}],"curies":[{"name":"wp","href":"https:\/\/api.w.org\/{rel}","templated":true}]}}