{"id":3112,"date":"2023-03-04T11:56:48","date_gmt":"2023-03-04T10:56:48","guid":{"rendered":"https:\/\/e-ucebnice.ff.ucm.sk\/?page_id=3112"},"modified":"2023-03-04T12:10:24","modified_gmt":"2023-03-04T11:10:24","slug":"uvod-do-eduk-man-9-2","status":"publish","type":"page","link":"https:\/\/e-ucebnice.ff.ucm.sk\/index.php\/uvod-do-eduk-man-9-2\/","title":{"rendered":"\u00davod do eduk man-9-2"},"content":{"rendered":"\t\t<div data-elementor-type=\"wp-page\" data-elementor-id=\"3112\" class=\"elementor elementor-3112\" data-elementor-post-type=\"page\">\n\t\t\t\t\t\t<section class=\"elementor-section elementor-top-section elementor-element elementor-element-6f672ed elementor-section-height-min-height elementor-section-boxed elementor-section-height-default elementor-section-items-middle\" data-id=\"6f672ed\" data-element_type=\"section\" data-settings=\"{&quot;background_background&quot;:&quot;classic&quot;}\">\n\t\t\t\t\t\t\t<div class=\"elementor-background-overlay\"><\/div>\n\t\t\t\t\t\t\t<div class=\"elementor-container elementor-column-gap-default\">\n\t\t\t\t\t<div class=\"elementor-column elementor-col-100 elementor-top-column elementor-element elementor-element-bbeb470\" data-id=\"bbeb470\" data-element_type=\"column\">\n\t\t\t<div class=\"elementor-widget-wrap elementor-element-populated\">\n\t\t\t\t\t\t<div class=\"elementor-element elementor-element-d82f1ef elementor-widget elementor-widget-heading\" data-id=\"d82f1ef\" data-element_type=\"widget\" data-widget_type=\"heading.default\">\n\t\t\t\t<div class=\"elementor-widget-container\">\n\t\t\t\t\t<h1 class=\"elementor-heading-title elementor-size-default\">\u00daVOD DO EDUKA\u010cN\u00c9HO MANA\u017dMENTU <\/h1>\t\t\t\t<\/div>\n\t\t\t\t<\/div>\n\t\t\t\t\t<\/div>\n\t\t<\/div>\n\t\t\t\t\t<\/div>\n\t\t<\/section>\n\t\t\t\t<section class=\"elementor-section elementor-top-section elementor-element elementor-element-2858d6f elementor-section-boxed elementor-section-height-default elementor-section-height-default\" data-id=\"2858d6f\" data-element_type=\"section\">\n\t\t\t\t\t\t<div class=\"elementor-container elementor-column-gap-default\">\n\t\t\t\t\t<div class=\"elementor-column elementor-col-100 elementor-top-column elementor-element elementor-element-e63bd34\" data-id=\"e63bd34\" data-element_type=\"column\">\n\t\t\t<div class=\"elementor-widget-wrap elementor-element-populated\">\n\t\t\t\t\t\t<section class=\"elementor-section elementor-inner-section elementor-element elementor-element-0b79421 elementor-section-boxed elementor-section-height-default elementor-section-height-default\" data-id=\"0b79421\" data-element_type=\"section\">\n\t\t\t\t\t\t<div class=\"elementor-container elementor-column-gap-default\">\n\t\t\t\t\t<div class=\"elementor-column elementor-col-100 elementor-inner-column elementor-element elementor-element-bb0ded5\" data-id=\"bb0ded5\" data-element_type=\"column\">\n\t\t\t<div class=\"elementor-widget-wrap elementor-element-populated\">\n\t\t\t\t\t\t<div class=\"elementor-element elementor-element-759b076 elementor-widget elementor-widget-heading\" data-id=\"759b076\" data-element_type=\"widget\" data-widget_type=\"heading.default\">\n\t\t\t\t<div class=\"elementor-widget-container\">\n\t\t\t\t\t<h3 class=\"elementor-heading-title elementor-size-default\">Financovanie region\u00e1lneho \u0161kolstva<\/h3>\t\t\t\t<\/div>\n\t\t\t\t<\/div>\n\t\t\t\t<div class=\"elementor-element elementor-element-5aa9d5d elementor-widget elementor-widget-text-editor\" data-id=\"5aa9d5d\" data-element_type=\"widget\" data-widget_type=\"text-editor.default\">\n\t\t\t\t<div class=\"elementor-widget-container\">\n\t\t\t\t\t\t\t\t\t<p style=\"text-align: justify;\">V\u00fdchodiskom syst\u00e9mu financovania region\u00e1lneho \u0161kolstva je decentraliz\u00e1cia verejnej spr\u00e1vy a\u00a0viaczdrojov\u00e9 financovanie. Decentraliz\u00e1cia verejnej spr\u00e1vy znamen\u00e1 presun riadenia, kompetenci\u00ed a\u00a0zodpovednosti z\u00a0centr\u00e1lnej vl\u00e1dy na ni\u017e\u0161ie \u00farovne riadenia. Aj v\u00a0oblasti financovania \u0161kolstva je d\u00f4le\u017eit\u00fdm v\u00fdchodiskom uvedomenie si u\u017e spom\u00ednan\u00e9ho rozdielu medzi prenesen\u00fdmi kompetenciami (prenesen\u00fd v\u00fdkon \u0161t\u00e1tnej spr\u00e1vy na obce a\u00a0samospr\u00e1vne kraje) \u2013 financovanie zo \u0161t\u00e1tneho rozpo\u010dtu a\u00a0origin\u00e1lnymi kompetenciami (v\u00fdkon samospr\u00e1vnych kompetenci\u00ed samospr\u00e1vnymi krajmi a\u00a0obcami) &#8211; financovanie z\u00a0rozpo\u010dtov samospr\u00e1vnych krajov a obc\u00ed.<\/p><p style=\"text-align: justify;\">Z h\u013eadiska \u0161t\u00e1tneho rozpo\u010dtu sa prostriedky na zabezpe\u010denie v\u00fdchovno-vzdel\u00e1vacieho procesu rozpo\u010dtuj\u00fa v kapitole Ministerstva \u0161kolstva, vedy, v\u00fdskumu a \u0161portu SR pre zria\u010fovate\u013eov, ktor\u00fdmi s\u00fa obce, samospr\u00e1vne kraje, \u0161t\u00e1tom uznan\u00e1 cirkev alebo n\u00e1bo\u017eensk\u00e1 spolo\u010dnos\u0165, in\u00e1 pr\u00e1vnick\u00e1 osoba alebo fyzick\u00e1 osoba a region\u00e1lny \u00farad. Prostriedky s\u00fa poskytovan\u00e9 prostredn\u00edctvom region\u00e1lneho \u00faradu pod\u013ea s\u00eddla zria\u010fovate\u013ea v objeme ur\u010denom ministerstvom, pri\u010dom tieto prostriedky sa rozpo\u010dtuj\u00fa najm\u00e4 na (\u00a7 3 ods. 2 z\u00e1kona \u010d. 597\/2003):<\/p><ul style=\"text-align: justify;\"><li>v\u00fdchovno-vzdel\u00e1vac\u00ed proces a prev\u00e1dzku \u0161k\u00f4l, v ktor\u00fdch sa vzdel\u00e1vanie pova\u017euje za s\u00fastavn\u00fa pr\u00edpravu na povolanie, \u0161t\u00e1tnych matersk\u00fdch \u0161k\u00f4l a \u0161t\u00e1tnych \u0161kolsk\u00fdch zariaden\u00ed,<\/li><li>osobn\u00e9 n\u00e1klady asistentov u\u010dite\u013ea pre \u017eiakov so zdravotn\u00fdm znev\u00fdhodnen\u00edm,<\/li><li>pr\u00edspevok na dopravu,<\/li><li>pr\u00edspevok na kurz pohybov\u00fdch aktiv\u00edt v pr\u00edrode,<\/li><li>pr\u00edspevok na \u0161kolu v\u00a0pr\u00edrode,<\/li><li>pr\u00edspevok na z\u00e1ujmov\u00e9 vzdel\u00e1vanie,<\/li><li>pr\u00edspevok na \u0161pecifik\u00e1,<\/li><li>financovanie mimoriadnych v\u00fdsledkov \u017eiaka,<\/li><li>rie\u0161enie havarijn\u00fdch situ\u00e1ci\u00ed,<\/li><li>rozvojov\u00e9 projekty,<\/li><li>financovanie n\u00e1kladov na \u017eiakov zo soci\u00e1lne znev\u00fdhodnen\u00e9ho prostredia,<\/li><li>pr\u00edspevok na v\u00fdchovu a vzdel\u00e1vanie det\u00ed matersk\u00fdch \u0161k\u00f4l,<\/li><li>kapit\u00e1lov\u00e9 v\u00fddavky,<\/li><li>odchodn\u00e9,<\/li><li>\u00fahradu n\u00e1kladov s\u00favisiacich so starostlivos\u0165ou o pedagogick\u00e9ho zamestnanca a odborn\u00e9ho zamestnanca \u0161koly na \u00fahradu vakc\u00edny proti chr\u00edpke a vakc\u00edny proti hepatit\u00edde typu A a typu B,<\/li><li>dohodovacie konanie,<\/li><li>na dot\u00e1cie (rozvoj a podporu v\u00fdchovy a vzdel\u00e1vania v \u0161kol\u00e1ch a \u0161kolsk\u00fdch zariadeniach, rozvoj a podporu slu\u017eieb spojen\u00fdch s v\u00fdchovou a vzdel\u00e1van\u00edm poskytovan\u00fdch \u0161kolsk\u00fdmi \u00fa\u010delov\u00fdmi zariadeniami, pr\u00edpravu na v\u00fdchovu a vzdel\u00e1vanie v \u0161kol\u00e1ch a \u0161kolsk\u00fdch zariadeniach alebo na v\u00fdstavbu, pr\u00edstavbu, moderniz\u00e1ciu alebo rekon\u0161trukciu \u0161kolsk\u00fdch objektov),<\/li><li>pr\u00edspevok na eduka\u010dn\u00e9 publik\u00e1cie,<\/li><li>zabezpe\u010denie okresn\u00fdch k\u00f4l, krajsk\u00fdch k\u00f4l a celo\u0161t\u00e1tnych k\u00f4l s\u00fa\u0165a\u017e\u00ed a predmetov\u00fdch olympi\u00e1d det\u00ed a \u017eiakov \u0161k\u00f4l a \u0161kolsk\u00fdch zariaden\u00ed,<\/li><li>pre zria\u010fovate\u013eov matersk\u00fdch \u0161k\u00f4l, ktor\u00fdmi s\u00fa vysok\u00e9 \u0161koly a \u00fastredn\u00e9 org\u00e1ny \u0161t\u00e1tnej spr\u00e1vy, na pr\u00edspevok na v\u00fdchovu a vzdel\u00e1vanie<\/li><\/ul><p style=\"text-align: justify;\">Financovanie verejn\u00fdch \u0161k\u00f4l (\u0161t\u00e1tnych) je zalo\u017een\u00e9 na tzv. <strong>normat\u00edvnom princ\u00edpe<\/strong>. Znamen\u00e1 to, \u017ee rozpis finan\u010dn\u00fdch prostriedkov na kalend\u00e1rny rok vych\u00e1dza z\u00a0normat\u00edvne ur\u010den\u00fdch objemov finan\u010dn\u00fdch prostriedkov pre jednotliv\u00e9 \u0161koly v\u00a0p\u00f4sobnosti zria\u010fovate\u013ea. Ide o\u00a0 pr\u00edspevok pre \u0161kolu na kalend\u00e1rny rok, ktor\u00fd je ur\u010den\u00fd po\u010dtom jej \u017eiakov a\u00a0normat\u00edvnym objemom finan\u010dn\u00fdch prostriedkov patriacim na jedn\u00e9ho \u017eiaka \u0161koly na be\u017en\u00fd kalend\u00e1rny rok (DUDOV\u00c1, 2013, 251).<\/p><p style=\"text-align: justify;\">V\u00fdpo\u010det normat\u00edvneho pr\u00edspevku zo \u0161t\u00e1tneho rozpo\u010dtu je tvoren\u00fd s\u00fa\u010dtom (\u00a7 4, ods. 3 z\u00e1kona \u010d. 597\/2003):<\/p><ul style=\"text-align: justify;\"><li>normat\u00edvneho pr\u00edspevku pre \u0161kolu na be\u017en\u00fd \u0161kolsk\u00fd rok, ktor\u00fd sa ur\u010d\u00ed ako dve tretiny s\u00fa\u010dinu normat\u00edvu a po\u010dtu \u017eiakov \u0161koly v \u0161kolskom roku (k 15.9.), ktor\u00fd sa za\u010dal v predch\u00e1dzaj\u00facom kalend\u00e1rnom roku,<\/li><li>normat\u00edvny pr\u00edspevok pre \u0161kolu na nov\u00fd \u0161kolsk\u00fd rok sa ur\u010d\u00ed ako jedna tretina s\u00fa\u010dinu normat\u00edvu a po\u010dtu \u017eiakov \u0161koly (k 15.9.) v \u0161kolskom roku, ktor\u00fd sa za\u010d\u00edna v be\u017enom kalend\u00e1rnom roku.<\/li><\/ul><p style=\"text-align: justify;\">\u00a0<\/p><p style=\"text-align: justify;\">Normat\u00edv sa sklad\u00e1 zo <strong>mzdov\u00e9ho normat\u00edvu<\/strong>, ktor\u00fd vyjadruje normovan\u00e9 ro\u010dn\u00e9 n\u00e1klady na mzdy a platy vr\u00e1tane poistn\u00e9ho a pr\u00edspevku zamestn\u00e1vate\u013ea do pois\u0165ovn\u00ed zamestnancov, ktor\u00ed zabezpe\u010duj\u00fa v\u00fdchovno-vzdel\u00e1vac\u00ed proces a zamestnancov, ktor\u00ed zabezpe\u010duj\u00fa prev\u00e1dzku \u0161koly, pripadaj\u00face na jedn\u00e9ho \u017eiaka a\u00a0<strong>prev\u00e1dzkov\u00e9ho normat\u00edvu<\/strong>, ktor\u00fd vyjadruje normovan\u00e9 ro\u010dn\u00e9 n\u00e1klady na v\u00fdchovno-vzdel\u00e1vac\u00ed proces a prev\u00e1dzku \u0161koly bez osobn\u00fdch n\u00e1kladov pripadaj\u00face na jedn\u00e9ho \u017eiaka (\u00a7 4 ods. 6 z\u00e1kona \u010d. 597\/2003).<\/p><p style=\"text-align: justify;\">Ostatn\u00e9 finan\u010dn\u00e9 zdroje zo \u0161t\u00e1tneho rozpo\u010dtu s\u00fa <strong>nenormat\u00edvne<\/strong>. Patria sem napr. v\u00fddavky na financovanie havarijn\u00fdch situ\u00e1ci\u00ed, na odchodn\u00e9, na rozvojov\u00e9 projekty a\u00a0pod.<\/p><p style=\"text-align: justify;\">Zo \u0161t\u00e1tneho rozpo\u010dtu, z\u00a0rozpo\u010dtovej kapitoly Ministerstva \u0161kolstva, vedy, v\u00fdskumu a\u00a0\u0161portu s\u00fa financovan\u00e9 v\u0161etky \u0161koly, v ktor\u00fdch sa vzdel\u00e1vanie pova\u017euje za s\u00fastavn\u00fa pr\u00edpravu na povolanie v zria\u010fovate\u013eskej p\u00f4sobnosti obce (prenesen\u00fd v\u00fdkon \u0161t\u00e1tnej spr\u00e1vy), samospr\u00e1vneho kraja (prenesen\u00fd v\u00fdkon \u0161t\u00e1tnej spr\u00e1vy), cirkevn\u00e9ho zria\u010fovate\u013ea, s\u00fakromn\u00e9ho zria\u010fovate\u013ea a region\u00e1lneho \u00faradu \u0161kolskej spr\u00e1vy a matersk\u00e9 \u0161koly pre deti so \u0161peci\u00e1lnymi v\u00fdchovno-vzdel\u00e1vac\u00edmi potrebami\u00a0 a \u0161kolsk\u00e9 zariadenia v zria\u010fovate\u013eskej p\u00f4sobnosti region\u00e1lneho \u00faradu \u0161kolskej spr\u00e1vy.<\/p><p style=\"text-align: justify;\">Z\u00a0rozpo\u010dtov obc\u00ed a\u00a0samospr\u00e1vnych krajov, presnej\u0161ie z v\u00fdnosu dane z\u00a0pr\u00edjmov fyzick\u00fdch os\u00f4b (tzv. podielov\u00e9 dane), s\u00fa v\u00a0r\u00e1mci origin\u00e1lnych kompetenci\u00ed poskytovan\u00e9 finan\u010dn\u00e9 prostriedky:<\/p><ul style=\"text-align: justify;\"><li><strong>v\u00a0pr\u00edpade obce:<\/strong>) zria\u010fovate\u013eovi cirkevnej z\u00e1kladnej umeleckej \u0161koly, zria\u010fovate\u013eovi cirkevnej jazykovej \u0161koly, zria\u010fovate\u013eovi cirkevnej materskej \u0161koly, zria\u010fovate\u013eovi cirkevn\u00e9ho \u0161kolsk\u00e9ho zariadenia, zria\u010fovate\u013eovi s\u00fakromnej z\u00e1kladnej umeleckej \u0161koly, zria\u010fovate\u013eovi s\u00fakromnej jazykovej \u0161koly, zria\u010fovate\u013eovi s\u00fakromnej materskej \u0161koly a zria\u010fovate\u013eovi s\u00fakromn\u00e9ho \u0161kolsk\u00e9ho zariadenia, ktor\u00e9 s\u00fa zriaden\u00e9 na \u00fazem\u00ed obce na mzdy a prev\u00e1dzku na die\u0165a, \u017eiaka alebo na posluch\u00e1\u010da; 2.) pre z\u00e1kladn\u00e9 umeleck\u00e9 \u0161koly, jazykov\u00e9 \u0161koly, matersk\u00e9 \u0161koly a \u0161kolsk\u00e9 zariadenia vo svojej zria\u010fovate\u013eskej p\u00f4sobnosti (\u00a7 6 ods. 12 p\u00edsm. b) a\u00a0c) z\u00e1kona \u010d. 596\/2003),<\/li><\/ul><p style=\"text-align: justify;\">\u00a0<\/p><ul><li style=\"text-align: justify;\"><strong>v\u00a0pr\u00edpade samospr\u00e1vneho kraja: <\/strong>) zria\u010fovate\u013eovi cirkevnej jazykovej \u0161koly, zria\u010fovate\u013eovi cirkevn\u00e9ho \u0161kolsk\u00e9ho zariadenia, zria\u010fovate\u013eovi s\u00fakromnej jazykovej \u0161koly a zria\u010fovate\u013eovi s\u00fakromn\u00e9ho \u0161kolsk\u00e9ho zariadenia, ktor\u00e9 s\u00fa zriaden\u00e9 na \u00fazem\u00ed samospr\u00e1vneho kraja, na mzdy a prev\u00e1dzku na die\u0165a, \u017eiaka alebo na posluch\u00e1\u010da; pre z\u00e1kladn\u00e9 umeleck\u00e9 \u0161koly, jazykov\u00e9 \u0161koly, matersk\u00e9 \u0161koly a \u0161kolsk\u00e9 zariadenia vo svojej zria\u010fovate\u013eskej p\u00f4sobnosti (\u00a7 9 ods. 12 p\u00edsm. b) a c) z\u00e1kona \u010d. 596\/2003).<\/li><\/ul>\t\t\t\t\t\t\t\t<\/div>\n\t\t\t\t<\/div>\n\t\t\t\t\t<\/div>\n\t\t<\/div>\n\t\t\t\t\t<\/div>\n\t\t<\/section>\n\t\t\t\t\t<\/div>\n\t\t<\/div>\n\t\t\t\t\t<\/div>\n\t\t<\/section>\n\t\t\t\t<\/div>\n\t\t","protected":false},"excerpt":{"rendered":"<p>\u00daVOD DO EDUKA\u010cN\u00c9HO MANA\u017dMENTU Financovanie region\u00e1lneho \u0161kolstva V\u00fdchodiskom syst\u00e9mu financovania region\u00e1lneho \u0161kolstva je decentraliz\u00e1cia verejnej spr\u00e1vy a\u00a0viaczdrojov\u00e9 financovanie. Decentraliz\u00e1cia verejnej spr\u00e1vy znamen\u00e1 presun riadenia, kompetenci\u00ed a\u00a0zodpovednosti z\u00a0centr\u00e1lnej vl\u00e1dy na ni\u017e\u0161ie \u00farovne riadenia. Aj v\u00a0oblasti financovania \u0161kolstva je d\u00f4le\u017eit\u00fdm v\u00fdchodiskom uvedomenie si u\u017e spom\u00ednan\u00e9ho rozdielu medzi prenesen\u00fdmi kompetenciami (prenesen\u00fd v\u00fdkon \u0161t\u00e1tnej spr\u00e1vy na obce a\u00a0samospr\u00e1vne kraje) [&hellip;]<\/p>\n","protected":false},"author":3,"featured_media":0,"parent":0,"menu_order":0,"comment_status":"closed","ping_status":"closed","template":"","meta":{"footnotes":""},"class_list":["post-3112","page","type-page","status-publish","hentry"],"_links":{"self":[{"href":"https:\/\/e-ucebnice.ff.ucm.sk\/index.php\/wp-json\/wp\/v2\/pages\/3112","targetHints":{"allow":["GET"]}}],"collection":[{"href":"https:\/\/e-ucebnice.ff.ucm.sk\/index.php\/wp-json\/wp\/v2\/pages"}],"about":[{"href":"https:\/\/e-ucebnice.ff.ucm.sk\/index.php\/wp-json\/wp\/v2\/types\/page"}],"author":[{"embeddable":true,"href":"https:\/\/e-ucebnice.ff.ucm.sk\/index.php\/wp-json\/wp\/v2\/users\/3"}],"replies":[{"embeddable":true,"href":"https:\/\/e-ucebnice.ff.ucm.sk\/index.php\/wp-json\/wp\/v2\/comments?post=3112"}],"version-history":[{"count":4,"href":"https:\/\/e-ucebnice.ff.ucm.sk\/index.php\/wp-json\/wp\/v2\/pages\/3112\/revisions"}],"predecessor-version":[{"id":3146,"href":"https:\/\/e-ucebnice.ff.ucm.sk\/index.php\/wp-json\/wp\/v2\/pages\/3112\/revisions\/3146"}],"wp:attachment":[{"href":"https:\/\/e-ucebnice.ff.ucm.sk\/index.php\/wp-json\/wp\/v2\/media?parent=3112"}],"curies":[{"name":"wp","href":"https:\/\/api.w.org\/{rel}","templated":true}]}}