{"id":3275,"date":"2023-03-07T19:08:06","date_gmt":"2023-03-07T18:08:06","guid":{"rendered":"https:\/\/e-ucebnice.ff.ucm.sk\/?page_id=3275"},"modified":"2023-03-07T19:39:09","modified_gmt":"2023-03-07T18:39:09","slug":"ausgewkapitausdersyntax-u","status":"publish","type":"page","link":"https:\/\/e-ucebnice.ff.ucm.sk\/index.php\/ausgewkapitausdersyntax-u\/","title":{"rendered":"AusgewKapitAusDerSyntax-U"},"content":{"rendered":"\t\t<div data-elementor-type=\"wp-page\" data-elementor-id=\"3275\" class=\"elementor elementor-3275\" data-elementor-post-type=\"page\">\n\t\t\t\t\t\t<section class=\"elementor-section elementor-top-section elementor-element elementor-element-6f672ed elementor-section-height-min-height elementor-section-boxed elementor-section-height-default elementor-section-items-middle\" data-id=\"6f672ed\" data-element_type=\"section\" data-settings=\"{&quot;background_background&quot;:&quot;classic&quot;}\">\n\t\t\t\t\t\t\t<div class=\"elementor-background-overlay\"><\/div>\n\t\t\t\t\t\t\t<div class=\"elementor-container elementor-column-gap-default\">\n\t\t\t\t\t<div class=\"elementor-column elementor-col-100 elementor-top-column elementor-element elementor-element-bbeb470\" data-id=\"bbeb470\" data-element_type=\"column\">\n\t\t\t<div class=\"elementor-widget-wrap elementor-element-populated\">\n\t\t\t\t\t\t<div class=\"elementor-element elementor-element-d82f1ef elementor-widget elementor-widget-heading\" data-id=\"d82f1ef\" data-element_type=\"widget\" data-widget_type=\"heading.default\">\n\t\t\t\t<div class=\"elementor-widget-container\">\n\t\t\t\t\t<h1 class=\"elementor-heading-title elementor-size-default\">AUSGEW\u00c4HLTE KAPITEL AUS DER SYNTAX<\/h1>\t\t\t\t<\/div>\n\t\t\t\t<\/div>\n\t\t\t\t\t<\/div>\n\t\t<\/div>\n\t\t\t\t\t<\/div>\n\t\t<\/section>\n\t\t\t\t<section class=\"elementor-section elementor-top-section elementor-element elementor-element-2858d6f elementor-section-boxed elementor-section-height-default elementor-section-height-default\" data-id=\"2858d6f\" data-element_type=\"section\">\n\t\t\t\t\t\t<div class=\"elementor-container elementor-column-gap-default\">\n\t\t\t\t\t<div class=\"elementor-column elementor-col-100 elementor-top-column elementor-element elementor-element-e63bd34\" data-id=\"e63bd34\" data-element_type=\"column\">\n\t\t\t<div class=\"elementor-widget-wrap elementor-element-populated\">\n\t\t\t\t\t\t<section class=\"elementor-section elementor-inner-section elementor-element elementor-element-0b79421 elementor-section-boxed elementor-section-height-default elementor-section-height-default\" data-id=\"0b79421\" data-element_type=\"section\">\n\t\t\t\t\t\t<div class=\"elementor-container elementor-column-gap-default\">\n\t\t\t\t\t<div class=\"elementor-column elementor-col-100 elementor-inner-column elementor-element elementor-element-bb0ded5\" data-id=\"bb0ded5\" data-element_type=\"column\">\n\t\t\t<div class=\"elementor-widget-wrap elementor-element-populated\">\n\t\t\t\t\t\t<div class=\"elementor-element elementor-element-759b076 elementor-widget elementor-widget-heading\" data-id=\"759b076\" data-element_type=\"widget\" data-widget_type=\"heading.default\">\n\t\t\t\t<div class=\"elementor-widget-container\">\n\t\t\t\t\t<h3 class=\"elementor-heading-title elementor-size-default\">Vorwort<\/h3>\t\t\t\t<\/div>\n\t\t\t\t<\/div>\n\t\t\t\t<div class=\"elementor-element elementor-element-5aa9d5d elementor-widget elementor-widget-text-editor\" data-id=\"5aa9d5d\" data-element_type=\"widget\" data-widget_type=\"text-editor.default\">\n\t\t\t\t<div class=\"elementor-widget-container\">\n\t\t\t\t\t\t\t\t\t<p style=\"text-align: justify;\">Das vorliegende Lehrbuch wurde im Rahmen des Projekts &#8222;Inov\u00e1cia a digitaliz\u00e1cia dopl\u0148uj\u00faceho pedagogick\u00e9ho \u0161t\u00fadia a roz\u0161iruj\u00faceho \u0161t\u00fadia na FF UCM v Trnave (001UCM-2-1\/2022)&#8220; erstellt und richtet sich in erster Linie an Studierende des Erweiterungsstudiums der deutschen Sprache und Literatur am Lehrstuhl f\u00fcr Germanistik der Philosophischen Fakult\u00e4t an der Universit\u00e4t der hl. Cyrill und Method in Trnava (Slowakei). Es kann sowohl als Begleitmaterial zum Kurs &#8222;Syntax der deutschen Sprache&#8220; als auch zum Selbststudium benutzt werden.<\/p><p style=\"text-align: justify;\">Unter dem Titel &#8222;Ausgew\u00e4hlte Kapitel aus der Syntax&#8220; werden in sieben Einheiten die einzelnen Satzfunktionen der prim\u00e4ren und sekund\u00e4ren Ebene behandelt. Der Schwerpunkt liegt also auf den prim\u00e4ren und sekund\u00e4ren Satzgliedern sowie auf den Gliedteilen innerhalb der Struktur eines einfachen Satzes. Ziel des Lehrbuchs ist es, die Studierenden mit den einzelnen Funktionen des Satzes vertraut zu machen, und zwar sowohl hinsichtlich ihrer Grundmerkmale (theoretische Betrachtung) als auch hinsichtlich ihrer Realisierung in konkreten Kontexten (realer Sprachgebrauch).<\/p><p style=\"text-align: justify;\">Auch die Struktur der einzelnen Einheiten entspricht weitgehend dem verfolgten Ziel. Jede Einheit beginnt mit einer Aufz\u00e4hlung der wichtigsten Merkmale des Satzglieds oder eines Teils davon, die eine zusammenfassende \u00dcbersicht auf der Grundlage der betrachteten Quellen darstellt. Obwohl einige der behandelten Grammatiken auf einer anderen syntaktischen Konzeption beruhen (z.\u00a0B. dependentielle Syntax), orientiert sich die in diesem Lehrbuch verwendete Terminologie und das theoretische Wissen in erster Linie am traditionellen syntaktischen Mosfdell; auf den einleitenden theoretischen Teil folgt eine Erl\u00e4uterung der einzelnen Merkmale und ihre Veranschaulichung anhand von Beispiels\u00e4tzen; daran schlie\u00dfen sich &#8222;Wichtige Begriffe&#8220; und ihre \u00dcbersetzung ins Slowakische an; der mehr oder weniger theoretische Teil wird durch einen Literaturverzeichnis abgeschlossen. Jede Einheit hat auch einen praktischen Teil mit Aufgaben, um das erworbene Wissen zu pr\u00fcfen. Typologisch gesehen sind die Aufgaben meist offen und zielen darauf ab, die F\u00e4higkeit zu entwickeln, das erworbene Wissen bei der Analyse von S\u00e4tzen anzuwenden, d.\u00a0h. m\u00f6glichst selbstst\u00e4ndig Beziehungen und Verbindungen zwischen syntaktischen Kategorien zu finden und daraus Schl\u00fcsse zu ziehen. Am Ende haben die Studierenden Platz f\u00fcr ihre eigenen Notizen.<\/p><p style=\"text-align: justify;\">Ein besonderer Vorteil ist, dass sowohl im theoretischen Teil als auch in den Aufgaben ausschlie\u00dflich reale Kontexte verwendet werden. Sie sind dem German Web Corpus 2020 (deTenTen20) entnommen und weder inhaltlich noch strukturell ver\u00e4ndert, allenfalls gek\u00fcrzt. Die Studierenden arbeiten also mit realen Kontexten, die f\u00fcr die allt\u00e4gliche Kommunikation typisch sind.<\/p><p style=\"text-align: justify;\">Als Begleitmaterial zum Kurs &#8222;Syntax der deutschen Sprache&#8220; ist das Lehrbuch sowohl f\u00fcr Vorlesungen als auch f\u00fcr praxisorientierte Seminare geeignet. Im ersten Fall bietet es eine gute Einf\u00fchrung in das Thema, die weiter vertieft werden kann, im zweiten Fall ist es eine gute theoretische Grundlage f\u00fcr das praktische \u00dcben der untersuchten Ph\u00e4nomene.<\/p>\t\t\t\t\t\t\t\t<\/div>\n\t\t\t\t<\/div>\n\t\t\t\t<div class=\"elementor-element elementor-element-3b1f571 elementor-widget elementor-widget-text-editor\" data-id=\"3b1f571\" data-element_type=\"widget\" data-widget_type=\"text-editor.default\">\n\t\t\t\t<div class=\"elementor-widget-container\">\n\t\t\t\t\t\t\t\t\t<p style=\"text-align: right;\">Simona Fra\u0161t\u00edkov\u00e1<\/p>\t\t\t\t\t\t\t\t<\/div>\n\t\t\t\t<\/div>\n\t\t\t\t\t<\/div>\n\t\t<\/div>\n\t\t\t\t\t<\/div>\n\t\t<\/section>\n\t\t\t\t\t<\/div>\n\t\t<\/div>\n\t\t\t\t\t<\/div>\n\t\t<\/section>\n\t\t\t\t<\/div>\n\t\t","protected":false},"excerpt":{"rendered":"<p>AUSGEW\u00c4HLTE KAPITEL AUS DER SYNTAX Vorwort Das vorliegende Lehrbuch wurde im Rahmen des Projekts &#8222;Inov\u00e1cia a digitaliz\u00e1cia dopl\u0148uj\u00faceho pedagogick\u00e9ho \u0161t\u00fadia a roz\u0161iruj\u00faceho \u0161t\u00fadia na FF UCM v Trnave (001UCM-2-1\/2022)&#8220; erstellt und richtet sich in erster Linie an Studierende des Erweiterungsstudiums der deutschen Sprache und Literatur am Lehrstuhl f\u00fcr Germanistik der Philosophischen Fakult\u00e4t an der Universit\u00e4t [&hellip;]<\/p>\n","protected":false},"author":3,"featured_media":0,"parent":0,"menu_order":0,"comment_status":"closed","ping_status":"closed","template":"","meta":{"footnotes":""},"class_list":["post-3275","page","type-page","status-publish","hentry"],"_links":{"self":[{"href":"https:\/\/e-ucebnice.ff.ucm.sk\/index.php\/wp-json\/wp\/v2\/pages\/3275","targetHints":{"allow":["GET"]}}],"collection":[{"href":"https:\/\/e-ucebnice.ff.ucm.sk\/index.php\/wp-json\/wp\/v2\/pages"}],"about":[{"href":"https:\/\/e-ucebnice.ff.ucm.sk\/index.php\/wp-json\/wp\/v2\/types\/page"}],"author":[{"embeddable":true,"href":"https:\/\/e-ucebnice.ff.ucm.sk\/index.php\/wp-json\/wp\/v2\/users\/3"}],"replies":[{"embeddable":true,"href":"https:\/\/e-ucebnice.ff.ucm.sk\/index.php\/wp-json\/wp\/v2\/comments?post=3275"}],"version-history":[{"count":10,"href":"https:\/\/e-ucebnice.ff.ucm.sk\/index.php\/wp-json\/wp\/v2\/pages\/3275\/revisions"}],"predecessor-version":[{"id":3313,"href":"https:\/\/e-ucebnice.ff.ucm.sk\/index.php\/wp-json\/wp\/v2\/pages\/3275\/revisions\/3313"}],"wp:attachment":[{"href":"https:\/\/e-ucebnice.ff.ucm.sk\/index.php\/wp-json\/wp\/v2\/media?parent=3275"}],"curies":[{"name":"wp","href":"https:\/\/api.w.org\/{rel}","templated":true}]}}