{"id":3699,"date":"2023-03-11T10:07:07","date_gmt":"2023-03-11T09:07:07","guid":{"rendered":"https:\/\/e-ucebnice.ff.ucm.sk\/?page_id=3699"},"modified":"2023-03-12T09:26:02","modified_gmt":"2023-03-12T08:26:02","slug":"phonetics-and-phonology-lists","status":"publish","type":"page","link":"https:\/\/e-ucebnice.ff.ucm.sk\/index.php\/phonetics-and-phonology-lists\/","title":{"rendered":"Phonetics and phonology-lists"},"content":{"rendered":"\t\t<div data-elementor-type=\"wp-page\" data-elementor-id=\"3699\" class=\"elementor elementor-3699\" data-elementor-post-type=\"page\">\n\t\t\t\t\t\t<section class=\"elementor-section elementor-top-section elementor-element elementor-element-b2eeed8 elementor-section-height-min-height elementor-section-boxed elementor-section-height-default elementor-section-items-middle\" data-id=\"b2eeed8\" data-element_type=\"section\" data-settings=\"{&quot;background_background&quot;:&quot;classic&quot;}\">\n\t\t\t\t\t\t\t<div class=\"elementor-background-overlay\"><\/div>\n\t\t\t\t\t\t\t<div class=\"elementor-container elementor-column-gap-default\">\n\t\t\t\t\t<div class=\"elementor-column elementor-col-100 elementor-top-column elementor-element elementor-element-91ce5cd\" data-id=\"91ce5cd\" data-element_type=\"column\">\n\t\t\t<div class=\"elementor-widget-wrap elementor-element-populated\">\n\t\t\t\t\t\t<div class=\"elementor-element elementor-element-1c6da3b elementor-widget elementor-widget-heading\" data-id=\"1c6da3b\" data-element_type=\"widget\" data-widget_type=\"heading.default\">\n\t\t\t\t<div class=\"elementor-widget-container\">\n\t\t\t\t\t<h1 class=\"elementor-heading-title elementor-size-default\">PHONETICS AND PHONOLOGY\n<br>\nSegmental Aspects<\/h1>\t\t\t\t<\/div>\n\t\t\t\t<\/div>\n\t\t\t\t\t<\/div>\n\t\t<\/div>\n\t\t\t\t\t<\/div>\n\t\t<\/section>\n\t\t\t\t<section class=\"elementor-section elementor-top-section elementor-element elementor-element-9f9a241 elementor-section-boxed elementor-section-height-default elementor-section-height-default\" data-id=\"9f9a241\" data-element_type=\"section\">\n\t\t\t\t\t\t<div class=\"elementor-container elementor-column-gap-default\">\n\t\t\t\t\t<div class=\"elementor-column elementor-col-100 elementor-top-column elementor-element elementor-element-36e8d15\" data-id=\"36e8d15\" data-element_type=\"column\">\n\t\t\t<div class=\"elementor-widget-wrap elementor-element-populated\">\n\t\t\t\t\t\t<section class=\"elementor-section elementor-inner-section elementor-element elementor-element-0f7453d elementor-section-boxed elementor-section-height-default elementor-section-height-default\" data-id=\"0f7453d\" data-element_type=\"section\">\n\t\t\t\t\t\t<div class=\"elementor-container elementor-column-gap-default\">\n\t\t\t\t\t<div class=\"elementor-column elementor-col-100 elementor-inner-column elementor-element elementor-element-4973de6\" data-id=\"4973de6\" data-element_type=\"column\">\n\t\t\t<div class=\"elementor-widget-wrap elementor-element-populated\">\n\t\t\t\t\t\t<div class=\"elementor-element elementor-element-198bac6 elementor-widget__width-initial elementor-fixed elementor-widget elementor-widget-button\" data-id=\"198bac6\" data-element_type=\"widget\" data-settings=\"{&quot;_position&quot;:&quot;fixed&quot;}\" data-widget_type=\"button.default\">\n\t\t\t\t<div class=\"elementor-widget-container\">\n\t\t\t\t\t\t\t\t\t<div class=\"elementor-button-wrapper\">\n\t\t\t\t\t<a class=\"elementor-button elementor-button-link elementor-size-sm\" href=\"#Kapitola1\">\n\t\t\t\t\t\t<span class=\"elementor-button-content-wrapper\">\n\t\t\t\t\t\t<span class=\"elementor-button-icon\">\n\t\t\t\t<i aria-hidden=\"true\" class=\"fas fa-arrow-up\"><\/i>\t\t\t<\/span>\n\t\t\t\t\t\t\t\t<\/span>\n\t\t\t\t\t<\/a>\n\t\t\t\t<\/div>\n\t\t\t\t\t\t\t\t<\/div>\n\t\t\t\t<\/div>\n\t\t\t\t\t<\/div>\n\t\t<\/div>\n\t\t\t\t\t<\/div>\n\t\t<\/section>\n\t\t\t\t\t<\/div>\n\t\t<\/div>\n\t\t\t\t\t<\/div>\n\t\t<\/section>\n\t\t\t\t<section class=\"elementor-section elementor-top-section elementor-element elementor-element-2858d6f elementor-section-boxed elementor-section-height-default elementor-section-height-default\" data-id=\"2858d6f\" data-element_type=\"section\">\n\t\t\t\t\t\t<div class=\"elementor-container elementor-column-gap-default\">\n\t\t\t\t\t<div class=\"elementor-column elementor-col-100 elementor-top-column elementor-element elementor-element-e63bd34\" data-id=\"e63bd34\" data-element_type=\"column\">\n\t\t\t<div class=\"elementor-widget-wrap elementor-element-populated\">\n\t\t\t\t\t\t<section class=\"elementor-section elementor-inner-section elementor-element elementor-element-0b79421 elementor-section-boxed elementor-section-height-default elementor-section-height-default\" data-id=\"0b79421\" data-element_type=\"section\">\n\t\t\t\t\t\t<div class=\"elementor-container elementor-column-gap-default\">\n\t\t\t\t\t<div class=\"elementor-column elementor-col-100 elementor-inner-column elementor-element elementor-element-bb0ded5\" data-id=\"bb0ded5\" data-element_type=\"column\">\n\t\t\t<div class=\"elementor-widget-wrap elementor-element-populated\">\n\t\t\t\t\t\t<div class=\"elementor-element elementor-element-759b076 elementor-widget elementor-widget-heading\" data-id=\"759b076\" data-element_type=\"widget\" data-widget_type=\"heading.default\">\n\t\t\t\t<div class=\"elementor-widget-container\">\n\t\t\t\t\t<h3 class=\"elementor-heading-title elementor-size-default\">List of abbreviations:<\/h3>\t\t\t\t<\/div>\n\t\t\t\t<\/div>\n\t\t\t\t<div class=\"elementor-element elementor-element-5aa9d5d elementor-widget elementor-widget-text-editor\" data-id=\"5aa9d5d\" data-element_type=\"widget\" data-widget_type=\"text-editor.default\">\n\t\t\t\t<div class=\"elementor-widget-container\">\n\t\t\t\t\t\t\t\t\t<h1><a name=\"_Toc127312483\"><\/a><\/h1><p><em>cf (confer) &#8211; compare <\/em><\/p><p><em>e.g. (exempli gratia) \u2013 for example<\/em><\/p><p><em>ELT \u2013 English Language Teaching<\/em><\/p><p><em>GA &#8211; General American<\/em><\/p><p><em>GB \u2013 General British<\/em><\/p><p><em>i.e. (id est) \u2013 it means<\/em><\/p><p><em>IPA \u2013 International Phonetic Alphabet\/ International Phonetic Association<\/em><\/p><p><em>MLE \u2013 Multicultural London English<\/em><\/p><p><em>PI \u2013 Phonemic Inventory<\/em><\/p><p><em>PIE \u2013 Proto-Indo-European<\/em><\/p><p><em>PSP \u2013 Public School Pronunciation<\/em><\/p><p><em>RP \u2013 Received Pronunciation<\/em><\/p><p><em>SE \u2013 Standard English<\/em><\/p><p><em>UK \u2013 United Kingdom<\/em><\/p>\t\t\t\t\t\t\t\t<\/div>\n\t\t\t\t<\/div>\n\t\t\t\t<div class=\"elementor-element elementor-element-485e2e3 elementor-widget elementor-widget-heading\" data-id=\"485e2e3\" data-element_type=\"widget\" data-widget_type=\"heading.default\">\n\t\t\t\t<div class=\"elementor-widget-container\">\n\t\t\t\t\t<h3 class=\"elementor-heading-title elementor-size-default\">List of figures:<\/h3>\t\t\t\t<\/div>\n\t\t\t\t<\/div>\n\t\t\t\t<div class=\"elementor-element elementor-element-2472940 elementor-widget elementor-widget-text-editor\" data-id=\"2472940\" data-element_type=\"widget\" data-widget_type=\"text-editor.default\">\n\t\t\t\t<div class=\"elementor-widget-container\">\n\t\t\t\t\t\t\t\t\t<p><em>Figure 1: Speech chain, ROACH, P.<\/em> <em>2009.<\/em> <em>English Phonetics and Phonology. Cambridge University Press, 2009, p. 185<\/em><\/p><p><em>Figure 2: The International Phonetic Alphabet \u2013 transcription symbols, JONES, D.<\/em> <em>2003.<\/em> <em>Cambridge<\/em> <em>English Pronouncing Dictionary. Cambridge University Press, 2003, p. xx<\/em><\/p><p><em>Figure 3: Organs of speech, GIMSON, A.C. 1970. An Introduction to the Pronunciation of English. England: Edward Arnold, 1970, p. 8<\/em><\/p><p><em>Figure 4: Regional Accents of the UK. https:\/\/www.universitytranscriptions.co.uk\/top-10-difficult-uk-regional-accents-for-transcription\/<\/em><\/p><p><em>Figure 5: British and American vowels, JONES, D.<\/em> <em>2003.<\/em> <em>Cambridge<\/em> <em>English Pronouncing Dictionary. Cambridge University Press, 2003, p. 583<\/em><\/p><p><em>Figure 6: English distinctive vowels, PAVL\u00cdK, R. 2000. Phonetics and Phonology of English. Bratislava: PdFUK, 2000, p. 66<\/em><\/p><p><em>Figure 7: Slovak distinctive vowels, KR\u00c1\u013d, \u00c1. \u2013 SABOL, J. 1989. Fonetika a fonol\u00f3gia. Bratislava: SPN, 1989, p. 126<\/em><\/p><p><em>Figure 8: The cardinal vowels, HANDKE, J. 2013. The Virtual Linguistics Campus. ActiveBoard by Promethean, 2013<\/em><\/p><p><em>Figure 9: Primary and secondary cardinal vowels, ROACH, P. 1996. English Phonetics and Phonology. Cambridge University Press, 1996, p. 13 \u00a0<\/em><\/p><p><em>Figure 10: British English diphthongs, CRYSTAL, D. 2011. The Cambridge Encyclopedia of the English Language. New York: Cambridge University Press, 2011, p. 241<\/em><em> \u00a0<\/em><\/p><p><em>Figure 11: American English diphthongs &#8211; https:\/\/www.researchgate.net\/figure\/American-English-vowels-and-diphthongs-29_fig3_339016220<\/em><\/p><p><em>Figure 12: Slovak diphthongs, PAVL\u00cdK, R. 2000. Phonetics and Phonology of English. Bratislava: PdF UK, 2000, p. 258<\/em><em> \u00a0<\/em><\/p><p><em>Figure 13: English consonants, www.languagebasecamp.com<\/em><em> \u00a0<\/em><\/p><p><em>Figure 14: https:\/\/sandiegovoiceandaccent.com\/videos\/how-to-pronounce-the-l-sound-light-l-vs-dark-l<\/em><\/p><p><em>Figure 15: Kiki and bouba experiment, RAMACHANDRAN, V. S., HUBBARD, E. M. 2001. Synaesthesia \u2013 A Window into Perception, Thought and Language. In: Journal of Consciousness Studies, 8.12, 2001, pp. 3 \u2013 34\u00a0 <\/em><\/p><p><em>Figure 16: Symbolic Scales, NEWMAN, S. S. 1933. Further Experiments in Phonetic Symbolism. In: The American Journal of Psychology, 45.1.1933, pp. 53 &#8211; 75<\/em><\/p><p><em>Figure 17: Spectrogram presenting vowel formants, LADEFOGED, P. 2000. Vowels and Consonants: An Introduction to the Sounds of Languages. Oxford: Blackwell Publishers Inc., 2000, p. 37) <\/em><\/p><p><em>Figure 18: Oscillogram and spectrogram as compared in the article: https:\/\/www.researchgate.net\/publication\/265939965_DO_FRENCH-SPEAKING_LEARNERS_SIMPLY_OMIT_THE_ENGLISH_h<\/em><a name=\"_Toc127312485\"><\/a><\/p>\t\t\t\t\t\t\t\t<\/div>\n\t\t\t\t<\/div>\n\t\t\t\t<div class=\"elementor-element elementor-element-67becd3 elementor-widget elementor-widget-heading\" data-id=\"67becd3\" data-element_type=\"widget\" data-widget_type=\"heading.default\">\n\t\t\t\t<div class=\"elementor-widget-container\">\n\t\t\t\t\t<h3 class=\"elementor-heading-title elementor-size-default\">List of tables:<\/h3>\t\t\t\t<\/div>\n\t\t\t\t<\/div>\n\t\t\t\t<div class=\"elementor-element elementor-element-9605d0f elementor-widget elementor-widget-text-editor\" data-id=\"9605d0f\" data-element_type=\"widget\" data-widget_type=\"text-editor.default\">\n\t\t\t\t<div class=\"elementor-widget-container\">\n\t\t\t\t\t\t\t\t\t<p><em>Table 1: Phonemic chart, adapted by AlbaEnglish.co.uk<\/em><\/p><p><em>Table 2: <\/em><em>The chart of English consonant phonemes<\/em><em>, ROACH, P.<\/em> <em>1996.<\/em> <em>English Phonetics and Phonology. Cambridge University Press, 1996, p. 62<\/em><\/p><p><em>Table 3: <\/em><em>The chart of Slovak consonant phonemes \u2013 adapted by the author according to<\/em><em> SI\u010c\u00c1KOV\u00c1, \u013d. 2002. <\/em><em>Fonetika a fonol\u00f3gia pre elementaristov. Pre\u0161ov: N\u00e1uka, 2002, p. 50<\/em><\/p><p><em>Table 4: Average formant frequencies of English vowels pronounced by an adult male, WELLS, J. C. 1962. <\/em><em>A\u00a0Study of the Formants of the Pure Vowels of British English. University of London, U.K., available at http:\/\/www.phon.ucl.ac.uk\/home\/wells\/formants\/index. Html<\/em><\/p><p><em>Table 5: Average formant frequencies of Slovak vowels, KR\u00c1\u013d, \u00c1. &#8211; SABOL, J. 1989. <\/em><em>Fonetika a\u00a0fonol\u00f3gia. Bratislava: SPN, 1989, pp. 204 \u2013 209<\/em><\/p><p><em>Table 6: Face-to-face communication, PAVL\u00cdK, R. 2000. Phonetics and Phonology of English. Bratislava: PdFUK, 2000, p. 13<\/em><\/p>\t\t\t\t\t\t\t\t<\/div>\n\t\t\t\t<\/div>\n\t\t\t\t<div class=\"elementor-element elementor-element-87a3ee4 elementor-widget elementor-widget-image\" data-id=\"87a3ee4\" data-element_type=\"widget\" data-widget_type=\"image.default\">\n\t\t\t\t<div class=\"elementor-widget-container\">\n\t\t\t\t\t\t\t\t\t\t\t\t\t\t\t<img fetchpriority=\"high\" decoding=\"async\" width=\"800\" height=\"587\" src=\"https:\/\/e-ucebnice.ff.ucm.sk\/wp-content\/uploads\/2023\/03\/phonetics-obr1-1024x751.jpg\" class=\"attachment-large size-large wp-image-3821\" alt=\"\" srcset=\"https:\/\/e-ucebnice.ff.ucm.sk\/wp-content\/uploads\/2023\/03\/phonetics-obr1-1024x751.jpg 1024w, https:\/\/e-ucebnice.ff.ucm.sk\/wp-content\/uploads\/2023\/03\/phonetics-obr1-300x220.jpg 300w, https:\/\/e-ucebnice.ff.ucm.sk\/wp-content\/uploads\/2023\/03\/phonetics-obr1-768x564.jpg 768w, https:\/\/e-ucebnice.ff.ucm.sk\/wp-content\/uploads\/2023\/03\/phonetics-obr1.jpg 1225w\" sizes=\"(max-width: 800px) 100vw, 800px\" \/>\t\t\t\t\t\t\t\t\t\t\t\t\t\t\t<\/div>\n\t\t\t\t<\/div>\n\t\t\t\t\t<\/div>\n\t\t<\/div>\n\t\t\t\t\t<\/div>\n\t\t<\/section>\n\t\t\t\t\t<\/div>\n\t\t<\/div>\n\t\t\t\t\t<\/div>\n\t\t<\/section>\n\t\t\t\t<\/div>\n\t\t","protected":false},"excerpt":{"rendered":"<p>PHONETICS AND PHONOLOGY Segmental Aspects List of abbreviations: cf (confer) &#8211; compare e.g. (exempli gratia) \u2013 for example ELT \u2013 English Language Teaching GA &#8211; General American GB \u2013 General British i.e. (id est) \u2013 it means IPA \u2013 International Phonetic Alphabet\/ International Phonetic Association MLE \u2013 Multicultural London English PI \u2013 Phonemic Inventory PIE [&hellip;]<\/p>\n","protected":false},"author":3,"featured_media":0,"parent":0,"menu_order":0,"comment_status":"closed","ping_status":"closed","template":"","meta":{"footnotes":""},"class_list":["post-3699","page","type-page","status-publish","hentry"],"_links":{"self":[{"href":"https:\/\/e-ucebnice.ff.ucm.sk\/index.php\/wp-json\/wp\/v2\/pages\/3699","targetHints":{"allow":["GET"]}}],"collection":[{"href":"https:\/\/e-ucebnice.ff.ucm.sk\/index.php\/wp-json\/wp\/v2\/pages"}],"about":[{"href":"https:\/\/e-ucebnice.ff.ucm.sk\/index.php\/wp-json\/wp\/v2\/types\/page"}],"author":[{"embeddable":true,"href":"https:\/\/e-ucebnice.ff.ucm.sk\/index.php\/wp-json\/wp\/v2\/users\/3"}],"replies":[{"embeddable":true,"href":"https:\/\/e-ucebnice.ff.ucm.sk\/index.php\/wp-json\/wp\/v2\/comments?post=3699"}],"version-history":[{"count":16,"href":"https:\/\/e-ucebnice.ff.ucm.sk\/index.php\/wp-json\/wp\/v2\/pages\/3699\/revisions"}],"predecessor-version":[{"id":3827,"href":"https:\/\/e-ucebnice.ff.ucm.sk\/index.php\/wp-json\/wp\/v2\/pages\/3699\/revisions\/3827"}],"wp:attachment":[{"href":"https:\/\/e-ucebnice.ff.ucm.sk\/index.php\/wp-json\/wp\/v2\/media?parent=3699"}],"curies":[{"name":"wp","href":"https:\/\/api.w.org\/{rel}","templated":true}]}}