{"id":3751,"date":"2023-03-12T07:48:35","date_gmt":"2023-03-12T06:48:35","guid":{"rendered":"https:\/\/e-ucebnice.ff.ucm.sk\/?page_id=3751"},"modified":"2023-03-12T10:28:11","modified_gmt":"2023-03-12T09:28:11","slug":"phonetics-and-phonology-6-4","status":"publish","type":"page","link":"https:\/\/e-ucebnice.ff.ucm.sk\/index.php\/phonetics-and-phonology-6-4\/","title":{"rendered":"Phonetics and phonology-6-4"},"content":{"rendered":"\t\t<div data-elementor-type=\"wp-page\" data-elementor-id=\"3751\" class=\"elementor elementor-3751\" data-elementor-post-type=\"page\">\n\t\t\t\t\t\t<section class=\"elementor-section elementor-top-section elementor-element elementor-element-b2eeed8 elementor-section-height-min-height elementor-section-boxed elementor-section-height-default elementor-section-items-middle\" data-id=\"b2eeed8\" data-element_type=\"section\" data-settings=\"{&quot;background_background&quot;:&quot;classic&quot;}\">\n\t\t\t\t\t\t\t<div class=\"elementor-background-overlay\"><\/div>\n\t\t\t\t\t\t\t<div class=\"elementor-container elementor-column-gap-default\">\n\t\t\t\t\t<div class=\"elementor-column elementor-col-100 elementor-top-column elementor-element elementor-element-91ce5cd\" data-id=\"91ce5cd\" data-element_type=\"column\">\n\t\t\t<div class=\"elementor-widget-wrap elementor-element-populated\">\n\t\t\t\t\t\t<div class=\"elementor-element elementor-element-1c6da3b elementor-widget elementor-widget-heading\" data-id=\"1c6da3b\" data-element_type=\"widget\" data-widget_type=\"heading.default\">\n\t\t\t\t<div class=\"elementor-widget-container\">\n\t\t\t\t\t<h1 class=\"elementor-heading-title elementor-size-default\">PHONETICS AND PHONOLOGY\n<br>\nSegmental Aspects<\/h1>\t\t\t\t<\/div>\n\t\t\t\t<\/div>\n\t\t\t\t\t<\/div>\n\t\t<\/div>\n\t\t\t\t\t<\/div>\n\t\t<\/section>\n\t\t\t\t<section class=\"elementor-section elementor-top-section elementor-element elementor-element-9f9a241 elementor-section-boxed elementor-section-height-default elementor-section-height-default\" data-id=\"9f9a241\" data-element_type=\"section\">\n\t\t\t\t\t\t<div class=\"elementor-container elementor-column-gap-default\">\n\t\t\t\t\t<div class=\"elementor-column elementor-col-100 elementor-top-column elementor-element elementor-element-36e8d15\" data-id=\"36e8d15\" data-element_type=\"column\">\n\t\t\t<div class=\"elementor-widget-wrap elementor-element-populated\">\n\t\t\t\t\t\t<section class=\"elementor-section elementor-inner-section elementor-element elementor-element-0f7453d elementor-section-boxed elementor-section-height-default elementor-section-height-default\" data-id=\"0f7453d\" data-element_type=\"section\">\n\t\t\t\t\t\t<div class=\"elementor-container elementor-column-gap-default\">\n\t\t\t\t\t<div class=\"elementor-column elementor-col-100 elementor-inner-column elementor-element elementor-element-4973de6\" data-id=\"4973de6\" data-element_type=\"column\">\n\t\t\t<div class=\"elementor-widget-wrap elementor-element-populated\">\n\t\t\t\t\t\t<div class=\"elementor-element elementor-element-198bac6 elementor-widget__width-initial elementor-fixed elementor-widget elementor-widget-button\" data-id=\"198bac6\" data-element_type=\"widget\" data-settings=\"{&quot;_position&quot;:&quot;fixed&quot;}\" data-widget_type=\"button.default\">\n\t\t\t\t<div class=\"elementor-widget-container\">\n\t\t\t\t\t\t\t\t\t<div class=\"elementor-button-wrapper\">\n\t\t\t\t\t<a class=\"elementor-button elementor-button-link elementor-size-sm\" href=\"#Kapitola1\">\n\t\t\t\t\t\t<span class=\"elementor-button-content-wrapper\">\n\t\t\t\t\t\t<span class=\"elementor-button-icon\">\n\t\t\t\t<i aria-hidden=\"true\" class=\"fas fa-arrow-up\"><\/i>\t\t\t<\/span>\n\t\t\t\t\t\t\t\t<\/span>\n\t\t\t\t\t<\/a>\n\t\t\t\t<\/div>\n\t\t\t\t\t\t\t\t<\/div>\n\t\t\t\t<\/div>\n\t\t\t\t\t<\/div>\n\t\t<\/div>\n\t\t\t\t\t<\/div>\n\t\t<\/section>\n\t\t\t\t\t<\/div>\n\t\t<\/div>\n\t\t\t\t\t<\/div>\n\t\t<\/section>\n\t\t\t\t<section class=\"elementor-section elementor-top-section elementor-element elementor-element-2858d6f elementor-section-boxed elementor-section-height-default elementor-section-height-default\" data-id=\"2858d6f\" data-element_type=\"section\">\n\t\t\t\t\t\t<div class=\"elementor-container elementor-column-gap-default\">\n\t\t\t\t\t<div class=\"elementor-column elementor-col-100 elementor-top-column elementor-element elementor-element-e63bd34\" data-id=\"e63bd34\" data-element_type=\"column\">\n\t\t\t<div class=\"elementor-widget-wrap elementor-element-populated\">\n\t\t\t\t\t\t<section class=\"elementor-section elementor-inner-section elementor-element elementor-element-0b79421 elementor-section-boxed elementor-section-height-default elementor-section-height-default\" data-id=\"0b79421\" data-element_type=\"section\">\n\t\t\t\t\t\t<div class=\"elementor-container elementor-column-gap-default\">\n\t\t\t\t\t<div class=\"elementor-column elementor-col-100 elementor-inner-column elementor-element elementor-element-bb0ded5\" data-id=\"bb0ded5\" data-element_type=\"column\">\n\t\t\t<div class=\"elementor-widget-wrap elementor-element-populated\">\n\t\t\t\t\t\t<div class=\"elementor-element elementor-element-759b076 elementor-widget elementor-widget-heading\" data-id=\"759b076\" data-element_type=\"widget\" data-widget_type=\"heading.default\">\n\t\t\t\t<div class=\"elementor-widget-container\">\n\t\t\t\t\t<h3 class=\"elementor-heading-title elementor-size-default\">GLIDES - DIPHTHONGS<\/h3>\t\t\t\t<\/div>\n\t\t\t\t<\/div>\n\t\t\t\t<div class=\"elementor-element elementor-element-5aa9d5d elementor-widget elementor-widget-text-editor\" data-id=\"5aa9d5d\" data-element_type=\"widget\" data-widget_type=\"text-editor.default\">\n\t\t\t\t<div class=\"elementor-widget-container\">\n\t\t\t\t\t\t\t\t\t<p style=\"text-align: justify;\"><u>British English diphthongs: <\/u><strong><em>e\u026a <\/em><\/strong><strong>a<em>\u026a \u037b\u026a \u0259\u028a <\/em>a<em>\u028a \u026a\u0259 e\u0259 \u028a\u0259<\/em> <\/strong><\/p>\n<p style=\"text-align: justify;\"><u>American English diphthongs: <\/u><strong><em>e\u026a <\/em><\/strong><strong>a<em>\u026a \u037b\u026a o\u028a <\/em>a<em>\u028a j\u028a<\/em><\/strong><\/p>\n<p style=\"text-align: justify;\"><u>Slovak diphthongs: <\/u><strong><em>\u012da \u012de \u012du<\/em><\/strong><strong> <em>\u016do<\/em><\/strong><\/p>\n<p style=\"text-align: justify;\"><strong>\u00a0<\/strong><\/p>\n<p style=\"text-align: justify;\">The smallest segments of speech are vowels and consonants. All vowels, it means monophthongs, diphthongs and triphthongs, share the same characteristic features defined from the point of view of phonetics and phonology.<\/p>\n<p style=\"text-align: justify;\">From the <strong>phonetic point of view<\/strong>, when pronouncing vowels, the airstream passes from the larynx to the lips unobstructed. Diphthongs are complex monosyllabic speech sounds, <strong>glides<\/strong>, beginning with one vowel sound and moving to another vowel <strong>within the same syllable<\/strong><strong> rapidly and without interruption<\/strong>. If two vowels follow one another in a\u00a0vowel-group (vowel cluster) and each of them is pronounced in a\u00a0different syllable, these vowels form <strong>a\u00a0hiatus<\/strong>, not a\u00a0diphthong. Compare, for instance, the Slovak words <em>die\u0165a<\/em> and <em>di\u00e9ta<\/em>. While the word <em>die\u0165a<\/em> includes two syllables, <em>die-\u0165a<\/em>, the word <em>di\u00e9ta<\/em> comprises three syllables <em>di-\u00e9-ta<\/em>. There is a\u00a0syllable boundary between the two vowels in the word <em>d<strong>i-\u00e9<\/strong>ta<\/em>, so this word includes a\u00a0hiatus, not a\u00a0diphthong. Other examples for <strong>a hiatus<\/strong> are, for example, <em>r<strong>e-a<\/strong>lize<\/em>, <em>th<strong>e-a<\/strong>tre, <\/em><em>d<strong>o-i<\/strong>ng, <\/em><em>p<strong>i-o<\/strong>nier, n<strong>a-o<\/strong>pak, <\/em><em>vi-d<strong>e-o<\/strong><\/em>. The Slovak word <em>pionier<\/em> comprises both a\u00a0hiatus consisting of <em>i <\/em>+ <em>o,<\/em> and a\u00a0diphthong <em>\u012de.<\/em><\/p>\n<p style=\"text-align: justify;\">From the <strong>phonological point of view<\/strong>, diphthongs function as distinctive sound units which form <strong>the centre of syllables<\/strong>, it means one syllable nucleus (peak of sonority).<\/p>\n<p style=\"text-align: justify;\">\u00a0<\/p>\n<p style=\"text-align: justify;\">All diphthongs in both English and Slovak are voiced (the vocal folds are active) and oral (the soft palate is raised), they are defined as sonorants and tones. English diphthongs as well as Slovak diphthongs last approximately twice as long as short vowels. Diphthong quantity in English words is influenced by their position in syllables \u2013 if diphthongs are followed by voiceless consonants in syllables, their length is reduced.<\/p>\t\t\t\t\t\t\t\t<\/div>\n\t\t\t\t<\/div>\n\t\t\t\t\t<\/div>\n\t\t<\/div>\n\t\t\t\t\t<\/div>\n\t\t<\/section>\n\t\t\t\t\t<\/div>\n\t\t<\/div>\n\t\t\t\t\t<\/div>\n\t\t<\/section>\n\t\t\t\t<\/div>\n\t\t","protected":false},"excerpt":{"rendered":"<p>PHONETICS AND PHONOLOGY Segmental Aspects GLIDES &#8211; DIPHTHONGS British English diphthongs: e\u026a a\u026a \u037b\u026a \u0259\u028a a\u028a \u026a\u0259 e\u0259 \u028a\u0259 American English diphthongs: e\u026a a\u026a \u037b\u026a o\u028a a\u028a j\u028a Slovak diphthongs: \u012da \u012de \u012du \u016do \u00a0 The smallest segments of speech are vowels and consonants. All vowels, it means monophthongs, diphthongs and triphthongs, share the same [&hellip;]<\/p>\n","protected":false},"author":3,"featured_media":0,"parent":0,"menu_order":0,"comment_status":"closed","ping_status":"closed","template":"","meta":{"footnotes":""},"class_list":["post-3751","page","type-page","status-publish","hentry"],"_links":{"self":[{"href":"https:\/\/e-ucebnice.ff.ucm.sk\/index.php\/wp-json\/wp\/v2\/pages\/3751","targetHints":{"allow":["GET"]}}],"collection":[{"href":"https:\/\/e-ucebnice.ff.ucm.sk\/index.php\/wp-json\/wp\/v2\/pages"}],"about":[{"href":"https:\/\/e-ucebnice.ff.ucm.sk\/index.php\/wp-json\/wp\/v2\/types\/page"}],"author":[{"embeddable":true,"href":"https:\/\/e-ucebnice.ff.ucm.sk\/index.php\/wp-json\/wp\/v2\/users\/3"}],"replies":[{"embeddable":true,"href":"https:\/\/e-ucebnice.ff.ucm.sk\/index.php\/wp-json\/wp\/v2\/comments?post=3751"}],"version-history":[{"count":4,"href":"https:\/\/e-ucebnice.ff.ucm.sk\/index.php\/wp-json\/wp\/v2\/pages\/3751\/revisions"}],"predecessor-version":[{"id":3927,"href":"https:\/\/e-ucebnice.ff.ucm.sk\/index.php\/wp-json\/wp\/v2\/pages\/3751\/revisions\/3927"}],"wp:attachment":[{"href":"https:\/\/e-ucebnice.ff.ucm.sk\/index.php\/wp-json\/wp\/v2\/media?parent=3751"}],"curies":[{"name":"wp","href":"https:\/\/api.w.org\/{rel}","templated":true}]}}